{"id":16357,"date":"2023-06-03T16:52:21","date_gmt":"2023-06-03T14:52:21","guid":{"rendered":"https:\/\/www.dottorgiorgini.it\/prodotto\/resveratrolo-plus-a-125-pastiglie-dr-giorgini\/"},"modified":"2026-01-30T12:26:42","modified_gmt":"2026-01-30T11:26:42","slug":"resveratrolo-plus-a-125-pastiglie-dr-giorgini","status":"publish","type":"product","link":"https:\/\/www.dottorgiorgini.it\/en\/prodotto\/resveratrolo-plus-a-125-pastiglie-dr-giorgini\/","title":{"rendered":"Resveratrolo Plus A 125 pastiglie dr.Giorgini"},"content":{"rendered":"<p><strong>Resveratrolo Plus A 125 pastiglie &#8211; dr.Giorgini<\/strong><\/p>\n<p>Integratore a base di estratto di poligono, ricco di resveratrolo glucoside, e vitamina A.<\/p>\n<p>Il poligono (Poligonum cuspidatum) ha molteplici propriet\u00e0: favorisce le funzioni depurative, il drenaggio dei liquidi corporei, la fluidit\u00e0 delle secrezioni bronchiali, la regolarit\u00e0 del ciclo mestruale e la normale funzionalit\u00e0 dell\u2019apparato cardiovascolare; esercita, inoltre, un\u2019azione antiossidante e un\u2019azione tonica, utile quest\u2019ultima a contrastare la stanchezza fisica e mentale.<\/p>\n<p>La vitamina A, invece, interviene nel processo di specializzazione delle cellule, contribuisce al mantenimento di pelle, membrane mucose e capacit\u00e0 visiva normali e sostiene la regolare funzione del sistema immunitario.<\/p>\n<p><strong>Consigli d&#8217;uso<\/strong><\/p>\n<p>Si consiglia l\u2019assunzione di 1 pastiglia due volte al giorno in qualunque momento (per un totale di 2 pastiglie al giorno). Richiudere accuratamente dopo l\u2019utilizzo.<\/p>\n<p><strong>Ingredienti<\/strong><\/p>\n<p>Poligono (Poligonum cuspidatum) radici E.S. (titolato al 98% in resveratrolo glucoside o polidatina), cellulosa microcristallina\u00b0, gomma arabica\u00b0, silicio biossido\u00b0\u00b0, vitamina A (acetato di retinile 500.000 U.I.\/g), magnesio stearato di origine vegetale\u00b0\u00b0.<br \/>\n\u00b0Agente di carica.<br \/>\n\u00b0\u00b0Antiagglomerante<br \/>\nE.S.= Estratto secco.\u00a0 RDA= Quantit\u00e0 alimentare giornaliera raccomandata.<\/p>\n<p><strong>Senza ingredienti derivati da animali.<\/strong><\/p>\n<p><strong>Non contiene conservanti, coloranti, aromi ed edulcoranti di sintesi.<\/strong><\/p>\n","protected":false},"excerpt":{"rendered":"<p>Resveratrolo Plus A 125 pastiglie &#8211; dr.Giorgini Integratore a base di estratto di poligono, ricco di resveratrolo glucoside, e vitamina A. Il poligono (Poligonum cuspidatum) ha molteplici propriet\u00e0: favorisce le funzioni depurative, il drenaggio dei liquidi corporei, la fluidit\u00e0 delle secrezioni bronchiali, la regolarit\u00e0 del&#8230;<\/p>\n","protected":false},"featured_media":1000000121808,"template":"","meta":{"_acf_changed":false},"product_brand":[],"product_cat":[4042,4171],"product_tag":[85,331,295],"giftcard-category":[],"class_list":{"0":"post-16357","1":"product","2":"type-product","3":"status-publish","4":"has-post-thumbnail","6":"product_cat-dr-antiossidanti","7":"product_cat-linea-oro-classica","8":"product_tag-pastiglie","9":"product_tag-resveratrolo-2","10":"product_tag-supremo-2","11":"pa_formato-125-pastiglie","12":"pa_linea-linea-oro","13":"pa_marca-dr-giorgini","14":"pa_tipologia-compresse","16":"first","17":"instock","18":"sale","19":"taxable","20":"shipping-taxable","21":"purchasable","22":"product-type-simple"},"acf":[],"yoast_head":"<!-- This site is optimized with the Yoast SEO plugin v24.9 - https:\/\/yoast.com\/wordpress\/plugins\/seo\/ -->\n<title>Resveratrolo Plus A 125 pastiglie dr.Giorgini - Dottor Giorgini<\/title>\n<meta name=\"description\" content=\"Il poligono (Poligonum cuspidatum) ha molteplici propriet\u00e0: favorisce le funzioni depurative, il drenaggio dei liquidi corporei\" \/>\n<meta name=\"robots\" content=\"index, follow, max-snippet:-1, max-image-preview:large, max-video-preview:-1\" \/>\n<link rel=\"canonical\" href=\"https:\/\/www.dottorgiorgini.it\/it\/prodotto\/resveratrolo-plus-a-125-pastiglie-dr-giorgini\/\" \/>\n<meta property=\"og:locale\" content=\"en_US\" \/>\n<meta property=\"og:type\" content=\"article\" \/>\n<meta property=\"og:title\" content=\"Resveratrolo Plus A 125 pastiglie dr.Giorgini - Dottor Giorgini\" \/>\n<meta property=\"og:description\" content=\"Il poligono (Poligonum cuspidatum) ha molteplici propriet\u00e0: favorisce le funzioni depurative, il drenaggio dei liquidi corporei\" \/>\n<meta property=\"og:url\" content=\"https:\/\/www.dottorgiorgini.it\/it\/prodotto\/resveratrolo-plus-a-125-pastiglie-dr-giorgini\/\" \/>\n<meta property=\"og:site_name\" content=\"Dottor Giorgini\" \/>\n<meta property=\"article:modified_time\" content=\"2026-01-30T11:26:42+00:00\" \/>\n<meta name=\"twitter:card\" content=\"summary_large_image\" \/>\n<meta name=\"twitter:label1\" content=\"Est. reading time\" \/>\n\t<meta name=\"twitter:data1\" content=\"1 minute\" \/>\n<script type=\"application\/ld+json\" class=\"yoast-schema-graph\">{\"@context\":\"https:\/\/schema.org\",\"@graph\":[{\"@type\":\"WebPage\",\"@id\":\"https:\/\/www.dottorgiorgini.it\/it\/prodotto\/resveratrolo-plus-a-125-pastiglie-dr-giorgini\/\",\"url\":\"https:\/\/www.dottorgiorgini.it\/it\/prodotto\/resveratrolo-plus-a-125-pastiglie-dr-giorgini\/\",\"name\":\"Resveratrolo Plus A 125 pastiglie dr.Giorgini - Dottor Giorgini\",\"isPartOf\":{\"@id\":\"https:\/\/www.dottorgiorgini.it\/en\/#website\"},\"primaryImageOfPage\":{\"@id\":\"https:\/\/www.dottorgiorgini.it\/it\/prodotto\/resveratrolo-plus-a-125-pastiglie-dr-giorgini\/#primaryimage\"},\"image\":{\"@id\":\"https:\/\/www.dottorgiorgini.it\/it\/prodotto\/resveratrolo-plus-a-125-pastiglie-dr-giorgini\/#primaryimage\"},\"thumbnailUrl\":\"https:\/\/www.dottorgiorgini.it\/wp-content\/uploads\/2023\/06\/00009941-resveratrolo-plus-a-pastiglie.jpg\",\"datePublished\":\"2023-06-03T14:52:21+00:00\",\"dateModified\":\"2026-01-30T11:26:42+00:00\",\"description\":\"Il poligono (Poligonum cuspidatum) ha molteplici propriet\u00e0: favorisce le funzioni depurative, il drenaggio dei liquidi corporei\",\"breadcrumb\":{\"@id\":\"https:\/\/www.dottorgiorgini.it\/it\/prodotto\/resveratrolo-plus-a-125-pastiglie-dr-giorgini\/#breadcrumb\"},\"inLanguage\":\"en-US\",\"potentialAction\":[{\"@type\":\"ReadAction\",\"target\":[\"https:\/\/www.dottorgiorgini.it\/it\/prodotto\/resveratrolo-plus-a-125-pastiglie-dr-giorgini\/\"]}]},{\"@type\":\"ImageObject\",\"inLanguage\":\"en-US\",\"@id\":\"https:\/\/www.dottorgiorgini.it\/it\/prodotto\/resveratrolo-plus-a-125-pastiglie-dr-giorgini\/#primaryimage\",\"url\":\"https:\/\/www.dottorgiorgini.it\/wp-content\/uploads\/2023\/06\/00009941-resveratrolo-plus-a-pastiglie.jpg\",\"contentUrl\":\"https:\/\/www.dottorgiorgini.it\/wp-content\/uploads\/2023\/06\/00009941-resveratrolo-plus-a-pastiglie.jpg\"},{\"@type\":\"BreadcrumbList\",\"@id\":\"https:\/\/www.dottorgiorgini.it\/it\/prodotto\/resveratrolo-plus-a-125-pastiglie-dr-giorgini\/#breadcrumb\",\"itemListElement\":[{\"@type\":\"ListItem\",\"position\":1,\"name\":\"Home\",\"item\":\"https:\/\/www.dottorgiorgini.it\/en\/\"},{\"@type\":\"ListItem\",\"position\":2,\"name\":\"Shop\",\"item\":\"https:\/\/www.dottorgiorgini.it\/it\/negozio\/\"},{\"@type\":\"ListItem\",\"position\":3,\"name\":\"Resveratrolo Plus A 125 pastiglie dr.Giorgini\"}]},{\"@type\":\"WebSite\",\"@id\":\"https:\/\/www.dottorgiorgini.it\/en\/#website\",\"url\":\"https:\/\/www.dottorgiorgini.it\/en\/\",\"name\":\"Dottor Giorgini\",\"description\":\"Herbs &amp; Natural Supplements\",\"potentialAction\":[{\"@type\":\"SearchAction\",\"target\":{\"@type\":\"EntryPoint\",\"urlTemplate\":\"https:\/\/www.dottorgiorgini.it\/en\/?s={search_term_string}\"},\"query-input\":{\"@type\":\"PropertyValueSpecification\",\"valueRequired\":true,\"valueName\":\"search_term_string\"}}],\"inLanguage\":\"en-US\"}]}<\/script>\n<!-- \/ Yoast SEO plugin. -->","yoast_head_json":{"title":"Resveratrolo Plus A 125 pastiglie dr.Giorgini - Dottor Giorgini","description":"Il poligono (Poligonum cuspidatum) ha molteplici propriet\u00e0: favorisce le funzioni depurative, il drenaggio dei liquidi corporei","robots":{"index":"index","follow":"follow","max-snippet":"max-snippet:-1","max-image-preview":"max-image-preview:large","max-video-preview":"max-video-preview:-1"},"canonical":"https:\/\/www.dottorgiorgini.it\/it\/prodotto\/resveratrolo-plus-a-125-pastiglie-dr-giorgini\/","og_locale":"en_US","og_type":"article","og_title":"Resveratrolo Plus A 125 pastiglie dr.Giorgini - Dottor Giorgini","og_description":"Il poligono (Poligonum cuspidatum) ha molteplici propriet\u00e0: favorisce le funzioni depurative, il drenaggio dei liquidi corporei","og_url":"https:\/\/www.dottorgiorgini.it\/it\/prodotto\/resveratrolo-plus-a-125-pastiglie-dr-giorgini\/","og_site_name":"Dottor Giorgini","article_modified_time":"2026-01-30T11:26:42+00:00","twitter_card":"summary_large_image","twitter_misc":{"Est. reading time":"1 minute"},"schema":{"@context":"https:\/\/schema.org","@graph":[{"@type":"WebPage","@id":"https:\/\/www.dottorgiorgini.it\/it\/prodotto\/resveratrolo-plus-a-125-pastiglie-dr-giorgini\/","url":"https:\/\/www.dottorgiorgini.it\/it\/prodotto\/resveratrolo-plus-a-125-pastiglie-dr-giorgini\/","name":"Resveratrolo Plus A 125 pastiglie dr.Giorgini - Dottor Giorgini","isPartOf":{"@id":"https:\/\/www.dottorgiorgini.it\/en\/#website"},"primaryImageOfPage":{"@id":"https:\/\/www.dottorgiorgini.it\/it\/prodotto\/resveratrolo-plus-a-125-pastiglie-dr-giorgini\/#primaryimage"},"image":{"@id":"https:\/\/www.dottorgiorgini.it\/it\/prodotto\/resveratrolo-plus-a-125-pastiglie-dr-giorgini\/#primaryimage"},"thumbnailUrl":"https:\/\/www.dottorgiorgini.it\/wp-content\/uploads\/2023\/06\/00009941-resveratrolo-plus-a-pastiglie.jpg","datePublished":"2023-06-03T14:52:21+00:00","dateModified":"2026-01-30T11:26:42+00:00","description":"Il poligono (Poligonum cuspidatum) ha molteplici propriet\u00e0: favorisce le funzioni depurative, il drenaggio dei liquidi corporei","breadcrumb":{"@id":"https:\/\/www.dottorgiorgini.it\/it\/prodotto\/resveratrolo-plus-a-125-pastiglie-dr-giorgini\/#breadcrumb"},"inLanguage":"en-US","potentialAction":[{"@type":"ReadAction","target":["https:\/\/www.dottorgiorgini.it\/it\/prodotto\/resveratrolo-plus-a-125-pastiglie-dr-giorgini\/"]}]},{"@type":"ImageObject","inLanguage":"en-US","@id":"https:\/\/www.dottorgiorgini.it\/it\/prodotto\/resveratrolo-plus-a-125-pastiglie-dr-giorgini\/#primaryimage","url":"https:\/\/www.dottorgiorgini.it\/wp-content\/uploads\/2023\/06\/00009941-resveratrolo-plus-a-pastiglie.jpg","contentUrl":"https:\/\/www.dottorgiorgini.it\/wp-content\/uploads\/2023\/06\/00009941-resveratrolo-plus-a-pastiglie.jpg"},{"@type":"BreadcrumbList","@id":"https:\/\/www.dottorgiorgini.it\/it\/prodotto\/resveratrolo-plus-a-125-pastiglie-dr-giorgini\/#breadcrumb","itemListElement":[{"@type":"ListItem","position":1,"name":"Home","item":"https:\/\/www.dottorgiorgini.it\/en\/"},{"@type":"ListItem","position":2,"name":"Shop","item":"https:\/\/www.dottorgiorgini.it\/it\/negozio\/"},{"@type":"ListItem","position":3,"name":"Resveratrolo Plus A 125 pastiglie dr.Giorgini"}]},{"@type":"WebSite","@id":"https:\/\/www.dottorgiorgini.it\/en\/#website","url":"https:\/\/www.dottorgiorgini.it\/en\/","name":"Dottor Giorgini","description":"Herbs &amp; Natural Supplements","potentialAction":[{"@type":"SearchAction","target":{"@type":"EntryPoint","urlTemplate":"https:\/\/www.dottorgiorgini.it\/en\/?s={search_term_string}"},"query-input":{"@type":"PropertyValueSpecification","valueRequired":true,"valueName":"search_term_string"}}],"inLanguage":"en-US"}]}},"_links":{"self":[{"href":"https:\/\/www.dottorgiorgini.it\/en\/wp-json\/wp\/v2\/product\/16357","targetHints":{"allow":["GET"]}}],"collection":[{"href":"https:\/\/www.dottorgiorgini.it\/en\/wp-json\/wp\/v2\/product"}],"about":[{"href":"https:\/\/www.dottorgiorgini.it\/en\/wp-json\/wp\/v2\/types\/product"}],"wp:featuredmedia":[{"embeddable":true,"href":"https:\/\/www.dottorgiorgini.it\/en\/wp-json\/"}],"wp:attachment":[{"href":"https:\/\/www.dottorgiorgini.it\/en\/wp-json\/wp\/v2\/media?parent=16357"}],"wp:term":[{"taxonomy":"product_brand","embeddable":true,"href":"https:\/\/www.dottorgiorgini.it\/en\/wp-json\/wp\/v2\/product_brand?post=16357"},{"taxonomy":"product_cat","embeddable":true,"href":"https:\/\/www.dottorgiorgini.it\/en\/wp-json\/wp\/v2\/product_cat?post=16357"},{"taxonomy":"product_tag","embeddable":true,"href":"https:\/\/www.dottorgiorgini.it\/en\/wp-json\/wp\/v2\/product_tag?post=16357"},{"taxonomy":"giftcard-category","embeddable":true,"href":"https:\/\/www.dottorgiorgini.it\/en\/wp-json\/wp\/v2\/giftcard-category?post=16357"}],"curies":[{"name":"wp","href":"https:\/\/api.w.org\/{rel}","templated":true}]}}