{"id":19644,"date":"2023-05-09T15:59:14","date_gmt":"2023-05-09T13:59:14","guid":{"rendered":"https:\/\/www.dottorgiorgini.it\/prodotto\/crema-viso-decollete-doposole-e-dopobagno-pappa-reale-250ml-dr-giorgini\/"},"modified":"2026-05-12T11:27:54","modified_gmt":"2026-05-12T09:27:54","slug":"crema-viso-decollete-doposole-e-dopobagno-pappa-reale-250ml-dr-giorgini","status":"publish","type":"product","link":"https:\/\/www.dottorgiorgini.it\/en\/prodotto\/crema-viso-decollete-doposole-e-dopobagno-pappa-reale-250ml-dr-giorgini\/","title":{"rendered":"Crema viso decollete&#8217; doposole e dopobagno Pappa Reale 250ml dr.Giorgini"},"content":{"rendered":"<p><strong>Crema viso decollete&#8217; doposole e dopobagno Pappa Reale 250ml &#8211; dr.Giorgini<\/strong><\/p>\n<p>Crema <strong>rigenerante, idratante<\/strong> e <strong>nutritiva<\/strong>, ricca di pappa reale, aiuta la pelle del viso e del d\u00e9collet\u00e9 a mantenere morbidezza, idratazione e a prolungare nel tempo l\u2019abbronzatura dopo l\u2019esposizione al sole e all\u2019acqua, del mare o della piscina.<\/p>\n<p>Dalla formula corposa e complessa, a base di burro di karit\u00e9 e oli vegetali emollienti (mandorle dolci, Argan, borragine, enotera, lino e rosa mosqueta); estratti vegetali restitutivi (altea, biancospino, centella, echinacea, mirtillo, olmaria, rosmarino e gemme di cedro, erica, platano, ribes nero); principi nutritivi quali bioflavonoidi (antocianidine oligomeriche, diosmina, esperidina, quercetina, rutina), resveratrolo, aminoacidi e vitamine (A, E, C, B6, pantenolo e biotina), \u00e8 adatta per <strong>tutti i tipi di pelle<\/strong>, sia per lui che per lei, per ripristinare il naturale equilibrio della pelle esposta a sole e stress.<\/p>\n<p><strong>Modo d&#8217;uso<\/strong><\/p>\n<p>Applicare in quantit\u00e0 sufficiente sulla pelle di viso, collo e d\u00e9collet\u00e9 fino ad assorbimento, dopo l\u2019esposizione al sole, dopo la doccia o al mattino e alla sera dopo il rientro in citt\u00e0.<\/p>\n<p><strong>Prodotto cosmetico naturale<\/strong><\/p>\n<p>Profumata solo con oli essenziali naturali Profumazione naturale<\/p>\n<p>Senza conservanti<\/p>\n<p>Non contiene parabeni n\u00e9 altri conservanti, coloranti e profumazioni sintetiche o artificiali.<\/p>\n<p><strong>Ingredienti INCI<\/strong><\/p>\n<p><em>Althaea officinalis root extract, Aqua, Alcohol, Caprylic\/Capric triglyceride, Hydrogenated lanolin, Sorbitan oleate, Sorbitan stearate, Prunus amygdalus dulcis oil, Royal jelly, Cetearyl alcohol, Glyceryl stearate, Tocopherol, Butyrospermum parkii butter, Ascorbyl tetraisopalmitate, Helianthus annuus seed oil, Glycerin, Argania spinosa kernel oil, Ascorbic acid, Borago officinalis seed oil, Linum usitatissimum seed oil, Oenothera biennis seed oil, Rosa moschata seed oil, Cananga odorata flower oil, Eucalyptus citriodora leaf oil, Lavandula angustifolia herb oil, Lavandula hybrida grosso herb oil, Pogostemon cablin leaf oil, Retinyl palmitate, Glycine, Oligomeric proanthocyanidin, Panthenol, Vaccinium myrtillus fruit extract, Centella asiatica leaf extract, Crataegus oxyacantha flower\/leaf extract, Echinacea angustifolia root extract, Rosmarinus officinalis leaf extract, Spiraea ulmaria leaf\/flower extract, Vaccinium myrtillus leaf\/fruit extract, Camellia sinensis leaf extract, Diosmine, Folic acid, Hesperidin, Pyridoxal 5-phosphate, Quercetin, Resveratrol, Rutin, Thioctic acid, Calluna vulgaris bud extract, Cedrus libani bud extract, Platanus orientalis bud extract, Ribes nigrum bud extract, Biotin, Alanine, Copper gluconate, Cysteine HCL, Magnesium chloride, Proline, Tyrosine, Ubiquinone, Zea mays oil, CI 75130 (beta carotene), Linalool*, Citronellol*, Benzyl benzoate*, Benzyl salicylate*, Geraniol*, Farnesol*, d-Limonene*, Eugenol*, Isoeugenol*, Coumarin*.<\/em><br \/>\n*Componenti degli oli essenziali naturali.<\/p>\n","protected":false},"excerpt":{"rendered":"<p>Crema viso decollete&#8217; doposole e dopobagno Pappa Reale 250ml &#8211; dr.Giorgini Crema rigenerante, idratante e nutritiva, ricca di pappa reale, aiuta la pelle del viso e del d\u00e9collet\u00e9 a mantenere morbidezza, idratazione e a prolungare nel tempo l\u2019abbronzatura dopo l\u2019esposizione al sole e all\u2019acqua, del&#8230;<\/p>\n","protected":false},"featured_media":1000000121260,"template":"","meta":{"_acf_changed":false},"product_brand":[],"product_cat":[2043,4245],"product_tag":[],"giftcard-category":[],"class_list":{"0":"post-19644","1":"product","2":"type-product","3":"status-publish","4":"has-post-thumbnail","6":"product_cat-solari","7":"product_cat-solari-4","8":"pa_formato-250ml","9":"pa_linea-cosmetici","10":"pa_marca-dr-giorgini","11":"pa_tipologia-crema","13":"first","14":"instock","15":"sale","16":"taxable","17":"shipping-taxable","18":"purchasable","19":"product-type-simple"},"acf":[],"yoast_head":"<!-- This site is optimized with the Yoast SEO plugin v24.9 - https:\/\/yoast.com\/wordpress\/plugins\/seo\/ -->\n<title>Crema viso decollete&#039; doposole e dopobagno Pappa Reale 250ml dr.Giorgini - Dottor Giorgini<\/title>\n<meta name=\"description\" content=\"Crema rigenerante, idratante e nutritiva, ricca di pappa reale, aiuta la pelle del viso e del d\u00e9collet\u00e9 a mantenere morbidezza e idratazione\" \/>\n<meta name=\"robots\" content=\"index, follow, max-snippet:-1, max-image-preview:large, max-video-preview:-1\" \/>\n<link rel=\"canonical\" href=\"https:\/\/www.dottorgiorgini.it\/it\/prodotto\/crema-viso-decollete-doposole-e-dopobagno-pappa-reale-250ml-dr-giorgini\/\" \/>\n<meta property=\"og:locale\" content=\"en_US\" \/>\n<meta property=\"og:type\" content=\"article\" \/>\n<meta property=\"og:title\" content=\"Crema viso decollete&#039; doposole e dopobagno Pappa Reale 250ml dr.Giorgini - Dottor Giorgini\" \/>\n<meta property=\"og:description\" content=\"Crema rigenerante, idratante e nutritiva, ricca di pappa reale, aiuta la pelle del viso e del d\u00e9collet\u00e9 a mantenere morbidezza e idratazione\" \/>\n<meta property=\"og:url\" content=\"https:\/\/www.dottorgiorgini.it\/it\/prodotto\/crema-viso-decollete-doposole-e-dopobagno-pappa-reale-250ml-dr-giorgini\/\" \/>\n<meta property=\"og:site_name\" content=\"Dottor Giorgini\" \/>\n<meta property=\"article:modified_time\" content=\"2026-05-12T09:27:54+00:00\" \/>\n<meta name=\"twitter:card\" content=\"summary_large_image\" \/>\n<meta name=\"twitter:label1\" content=\"Est. reading time\" \/>\n\t<meta name=\"twitter:data1\" content=\"3 minutes\" \/>\n<script type=\"application\/ld+json\" class=\"yoast-schema-graph\">{\"@context\":\"https:\/\/schema.org\",\"@graph\":[{\"@type\":\"WebPage\",\"@id\":\"https:\/\/www.dottorgiorgini.it\/it\/prodotto\/crema-viso-decollete-doposole-e-dopobagno-pappa-reale-250ml-dr-giorgini\/\",\"url\":\"https:\/\/www.dottorgiorgini.it\/it\/prodotto\/crema-viso-decollete-doposole-e-dopobagno-pappa-reale-250ml-dr-giorgini\/\",\"name\":\"Crema viso decollete' doposole e dopobagno Pappa Reale 250ml dr.Giorgini - Dottor Giorgini\",\"isPartOf\":{\"@id\":\"https:\/\/www.dottorgiorgini.it\/en\/#website\"},\"primaryImageOfPage\":{\"@id\":\"https:\/\/www.dottorgiorgini.it\/it\/prodotto\/crema-viso-decollete-doposole-e-dopobagno-pappa-reale-250ml-dr-giorgini\/#primaryimage\"},\"image\":{\"@id\":\"https:\/\/www.dottorgiorgini.it\/it\/prodotto\/crema-viso-decollete-doposole-e-dopobagno-pappa-reale-250ml-dr-giorgini\/#primaryimage\"},\"thumbnailUrl\":\"https:\/\/www.dottorgiorgini.it\/wp-content\/uploads\/2023\/05\/00010127-crema-viso-decollete-pappareale-doposole.jpg\",\"datePublished\":\"2023-05-09T13:59:14+00:00\",\"dateModified\":\"2026-05-12T09:27:54+00:00\",\"description\":\"Crema rigenerante, idratante e nutritiva, ricca di pappa reale, aiuta la pelle del viso e del d\u00e9collet\u00e9 a mantenere morbidezza e idratazione\",\"breadcrumb\":{\"@id\":\"https:\/\/www.dottorgiorgini.it\/it\/prodotto\/crema-viso-decollete-doposole-e-dopobagno-pappa-reale-250ml-dr-giorgini\/#breadcrumb\"},\"inLanguage\":\"en-US\",\"potentialAction\":[{\"@type\":\"ReadAction\",\"target\":[\"https:\/\/www.dottorgiorgini.it\/it\/prodotto\/crema-viso-decollete-doposole-e-dopobagno-pappa-reale-250ml-dr-giorgini\/\"]}]},{\"@type\":\"ImageObject\",\"inLanguage\":\"en-US\",\"@id\":\"https:\/\/www.dottorgiorgini.it\/it\/prodotto\/crema-viso-decollete-doposole-e-dopobagno-pappa-reale-250ml-dr-giorgini\/#primaryimage\",\"url\":\"https:\/\/www.dottorgiorgini.it\/wp-content\/uploads\/2023\/05\/00010127-crema-viso-decollete-pappareale-doposole.jpg\",\"contentUrl\":\"https:\/\/www.dottorgiorgini.it\/wp-content\/uploads\/2023\/05\/00010127-crema-viso-decollete-pappareale-doposole.jpg\"},{\"@type\":\"BreadcrumbList\",\"@id\":\"https:\/\/www.dottorgiorgini.it\/it\/prodotto\/crema-viso-decollete-doposole-e-dopobagno-pappa-reale-250ml-dr-giorgini\/#breadcrumb\",\"itemListElement\":[{\"@type\":\"ListItem\",\"position\":1,\"name\":\"Home\",\"item\":\"https:\/\/www.dottorgiorgini.it\/en\/\"},{\"@type\":\"ListItem\",\"position\":2,\"name\":\"Shop\",\"item\":\"https:\/\/www.dottorgiorgini.it\/it\/negozio\/\"},{\"@type\":\"ListItem\",\"position\":3,\"name\":\"Crema viso decollete&#8217; doposole e dopobagno Pappa Reale 250ml dr.Giorgini\"}]},{\"@type\":\"WebSite\",\"@id\":\"https:\/\/www.dottorgiorgini.it\/en\/#website\",\"url\":\"https:\/\/www.dottorgiorgini.it\/en\/\",\"name\":\"Dottor Giorgini\",\"description\":\"Herbs &amp; Natural Supplements\",\"potentialAction\":[{\"@type\":\"SearchAction\",\"target\":{\"@type\":\"EntryPoint\",\"urlTemplate\":\"https:\/\/www.dottorgiorgini.it\/en\/?s={search_term_string}\"},\"query-input\":{\"@type\":\"PropertyValueSpecification\",\"valueRequired\":true,\"valueName\":\"search_term_string\"}}],\"inLanguage\":\"en-US\"}]}<\/script>\n<!-- \/ Yoast SEO plugin. -->","yoast_head_json":{"title":"Crema viso decollete' doposole e dopobagno Pappa Reale 250ml dr.Giorgini - Dottor Giorgini","description":"Crema rigenerante, idratante e nutritiva, ricca di pappa reale, aiuta la pelle del viso e del d\u00e9collet\u00e9 a mantenere morbidezza e idratazione","robots":{"index":"index","follow":"follow","max-snippet":"max-snippet:-1","max-image-preview":"max-image-preview:large","max-video-preview":"max-video-preview:-1"},"canonical":"https:\/\/www.dottorgiorgini.it\/it\/prodotto\/crema-viso-decollete-doposole-e-dopobagno-pappa-reale-250ml-dr-giorgini\/","og_locale":"en_US","og_type":"article","og_title":"Crema viso decollete' doposole e dopobagno Pappa Reale 250ml dr.Giorgini - Dottor Giorgini","og_description":"Crema rigenerante, idratante e nutritiva, ricca di pappa reale, aiuta la pelle del viso e del d\u00e9collet\u00e9 a mantenere morbidezza e idratazione","og_url":"https:\/\/www.dottorgiorgini.it\/it\/prodotto\/crema-viso-decollete-doposole-e-dopobagno-pappa-reale-250ml-dr-giorgini\/","og_site_name":"Dottor Giorgini","article_modified_time":"2026-05-12T09:27:54+00:00","twitter_card":"summary_large_image","twitter_misc":{"Est. reading time":"3 minutes"},"schema":{"@context":"https:\/\/schema.org","@graph":[{"@type":"WebPage","@id":"https:\/\/www.dottorgiorgini.it\/it\/prodotto\/crema-viso-decollete-doposole-e-dopobagno-pappa-reale-250ml-dr-giorgini\/","url":"https:\/\/www.dottorgiorgini.it\/it\/prodotto\/crema-viso-decollete-doposole-e-dopobagno-pappa-reale-250ml-dr-giorgini\/","name":"Crema viso decollete' doposole e dopobagno Pappa Reale 250ml dr.Giorgini - Dottor Giorgini","isPartOf":{"@id":"https:\/\/www.dottorgiorgini.it\/en\/#website"},"primaryImageOfPage":{"@id":"https:\/\/www.dottorgiorgini.it\/it\/prodotto\/crema-viso-decollete-doposole-e-dopobagno-pappa-reale-250ml-dr-giorgini\/#primaryimage"},"image":{"@id":"https:\/\/www.dottorgiorgini.it\/it\/prodotto\/crema-viso-decollete-doposole-e-dopobagno-pappa-reale-250ml-dr-giorgini\/#primaryimage"},"thumbnailUrl":"https:\/\/www.dottorgiorgini.it\/wp-content\/uploads\/2023\/05\/00010127-crema-viso-decollete-pappareale-doposole.jpg","datePublished":"2023-05-09T13:59:14+00:00","dateModified":"2026-05-12T09:27:54+00:00","description":"Crema rigenerante, idratante e nutritiva, ricca di pappa reale, aiuta la pelle del viso e del d\u00e9collet\u00e9 a mantenere morbidezza e idratazione","breadcrumb":{"@id":"https:\/\/www.dottorgiorgini.it\/it\/prodotto\/crema-viso-decollete-doposole-e-dopobagno-pappa-reale-250ml-dr-giorgini\/#breadcrumb"},"inLanguage":"en-US","potentialAction":[{"@type":"ReadAction","target":["https:\/\/www.dottorgiorgini.it\/it\/prodotto\/crema-viso-decollete-doposole-e-dopobagno-pappa-reale-250ml-dr-giorgini\/"]}]},{"@type":"ImageObject","inLanguage":"en-US","@id":"https:\/\/www.dottorgiorgini.it\/it\/prodotto\/crema-viso-decollete-doposole-e-dopobagno-pappa-reale-250ml-dr-giorgini\/#primaryimage","url":"https:\/\/www.dottorgiorgini.it\/wp-content\/uploads\/2023\/05\/00010127-crema-viso-decollete-pappareale-doposole.jpg","contentUrl":"https:\/\/www.dottorgiorgini.it\/wp-content\/uploads\/2023\/05\/00010127-crema-viso-decollete-pappareale-doposole.jpg"},{"@type":"BreadcrumbList","@id":"https:\/\/www.dottorgiorgini.it\/it\/prodotto\/crema-viso-decollete-doposole-e-dopobagno-pappa-reale-250ml-dr-giorgini\/#breadcrumb","itemListElement":[{"@type":"ListItem","position":1,"name":"Home","item":"https:\/\/www.dottorgiorgini.it\/en\/"},{"@type":"ListItem","position":2,"name":"Shop","item":"https:\/\/www.dottorgiorgini.it\/it\/negozio\/"},{"@type":"ListItem","position":3,"name":"Crema viso decollete&#8217; doposole e dopobagno Pappa Reale 250ml dr.Giorgini"}]},{"@type":"WebSite","@id":"https:\/\/www.dottorgiorgini.it\/en\/#website","url":"https:\/\/www.dottorgiorgini.it\/en\/","name":"Dottor Giorgini","description":"Herbs &amp; Natural Supplements","potentialAction":[{"@type":"SearchAction","target":{"@type":"EntryPoint","urlTemplate":"https:\/\/www.dottorgiorgini.it\/en\/?s={search_term_string}"},"query-input":{"@type":"PropertyValueSpecification","valueRequired":true,"valueName":"search_term_string"}}],"inLanguage":"en-US"}]}},"_links":{"self":[{"href":"https:\/\/www.dottorgiorgini.it\/en\/wp-json\/wp\/v2\/product\/19644","targetHints":{"allow":["GET"]}}],"collection":[{"href":"https:\/\/www.dottorgiorgini.it\/en\/wp-json\/wp\/v2\/product"}],"about":[{"href":"https:\/\/www.dottorgiorgini.it\/en\/wp-json\/wp\/v2\/types\/product"}],"wp:featuredmedia":[{"embeddable":true,"href":"https:\/\/www.dottorgiorgini.it\/en\/wp-json\/"}],"wp:attachment":[{"href":"https:\/\/www.dottorgiorgini.it\/en\/wp-json\/wp\/v2\/media?parent=19644"}],"wp:term":[{"taxonomy":"product_brand","embeddable":true,"href":"https:\/\/www.dottorgiorgini.it\/en\/wp-json\/wp\/v2\/product_brand?post=19644"},{"taxonomy":"product_cat","embeddable":true,"href":"https:\/\/www.dottorgiorgini.it\/en\/wp-json\/wp\/v2\/product_cat?post=19644"},{"taxonomy":"product_tag","embeddable":true,"href":"https:\/\/www.dottorgiorgini.it\/en\/wp-json\/wp\/v2\/product_tag?post=19644"},{"taxonomy":"giftcard-category","embeddable":true,"href":"https:\/\/www.dottorgiorgini.it\/en\/wp-json\/wp\/v2\/giftcard-category?post=19644"}],"curies":[{"name":"wp","href":"https:\/\/api.w.org\/{rel}","templated":true}]}}