{"id":19962,"date":"2016-03-01T18:18:27","date_gmt":"2016-03-01T17:18:27","guid":{"rendered":"https:\/\/www.dottorgiorgini.it\/prodotto\/amamelide-estratto-integrale-analcoolico-200ml-dr-giorgini-2\/"},"modified":"2026-04-09T15:44:14","modified_gmt":"2026-04-09T13:44:14","slug":"amamelide-estratto-integrale-analcoolico-200ml-dr-giorgini-2","status":"publish","type":"product","link":"https:\/\/www.dottorgiorgini.it\/en\/prodotto\/amamelide-estratto-integrale-analcoolico-200ml-dr-giorgini-2\/","title":{"rendered":"Amamelide Estratto Integrale analcoolico 200ml dr.Giorgini"},"content":{"rendered":"<p><strong>Amamelide (Hamamelis virginiana) Estratto Integrale\u00a0Liquido analcoolico 200 ml &#8211; dr. Giorgini<\/strong><\/p>\n<p>L\u2019amamelide favorisce la circolazione venosa e la funzionalit\u00e0 del plesso emorroidario, promuove la regolarit\u00e0 del transito intestinale e possiede benefiche propriet\u00e0 antiossidanti.<\/p>\n<p><strong>Consigli d&#8217;uso<\/strong><\/p>\n<p>Si consiglia l\u2019assunzione di 10 ml diluiti in un bicchiere d\u2019acqua, da una a tre volte al giorno in qualunque momento (da 10 a 30 ml al giorno).<\/p>\n<p>Se desiderato, la dose giornaliera pu\u00f2 essere diluita in una bottiglia d\u2019acqua da consumare nell\u2019arco della giornata.<\/p>\n<p>Misurino graduato incluso nella confezione.<\/p>\n<p>Conservare il prodotto fuori dal frigorifero anche dopo l&#8217;apertura.<\/p>\n<p>Naturali caratteristiche distintive:\u00a0Sapore amaro<\/p>\n<p><strong>Ingredienti<\/strong><\/p>\n<p>Glicerina vegetale bidistillata, acqua pura, amamelide (Hamamelis virginiana) foglie E.I.L.<\/p>\n<p>E.I.L= Estratto integrale liquido.<\/p>\n<p><strong>Non contiene alcool, conservanti, coloranti, aromi ed edulcoranti di sintesi.<\/strong><\/p>\n<p><strong>Prodotto adatto ai vegani.<\/strong><\/p>\n","protected":false},"excerpt":{"rendered":"<p>Amamelide (Hamamelis virginiana) Estratto Integrale\u00a0Liquido analcoolico 200 ml &#8211; dr. Giorgini L\u2019amamelide favorisce la circolazione venosa e la funzionalit\u00e0 del plesso emorroidario, promuove la regolarit\u00e0 del transito intestinale e possiede benefiche propriet\u00e0 antiossidanti. Consigli d&#8217;uso Si consiglia l\u2019assunzione di 10 ml diluiti in un bicchiere&#8230;<\/p>\n","protected":false},"featured_media":1000000119874,"template":"","meta":{"_acf_changed":false},"product_brand":[],"product_cat":[2933,2150],"product_tag":[],"giftcard-category":[],"class_list":{"0":"post-19962","1":"product","2":"type-product","3":"status-publish","4":"has-post-thumbnail","6":"product_cat-dr-apparato-cardiovascolare","7":"product_cat-estratti-integrali","8":"pa_formato-200-ml","9":"pa_linea-estratti-integrali","10":"pa_marca-dr-giorgini","11":"pa_tipologia-liquido-analcolico","13":"first","14":"instock","15":"sale","16":"taxable","17":"shipping-taxable","18":"purchasable","19":"product-type-simple"},"acf":[],"yoast_head":"<!-- This site is optimized with the Yoast SEO plugin v24.9 - https:\/\/yoast.com\/wordpress\/plugins\/seo\/ -->\n<title>Amamelide Estratto Integrale analcoolico 200ml dr.Giorgini - Dottor Giorgini<\/title>\n<meta name=\"robots\" content=\"index, follow, max-snippet:-1, max-image-preview:large, max-video-preview:-1\" \/>\n<link rel=\"canonical\" href=\"https:\/\/www.dottorgiorgini.it\/it\/prodotto\/amamelide-estratto-integrale-analcoolico-200ml-dr-giorgini-2\/\" \/>\n<meta property=\"og:locale\" content=\"en_US\" \/>\n<meta property=\"og:type\" content=\"article\" \/>\n<meta property=\"og:title\" content=\"Amamelide Estratto Integrale analcoolico 200ml dr.Giorgini - Dottor Giorgini\" \/>\n<meta property=\"og:description\" content=\"Amamelide (Hamamelis virginiana) Estratto Integrale\u00a0Liquido analcoolico 200 ml &#8211; dr. Giorgini L\u2019amamelide favorisce la circolazione venosa e la funzionalit\u00e0 del plesso emorroidario, promuove la regolarit\u00e0 del transito intestinale e possiede benefiche propriet\u00e0 antiossidanti. Consigli d&#8217;uso Si consiglia l\u2019assunzione di 10 ml diluiti in un bicchiere...\" \/>\n<meta property=\"og:url\" content=\"https:\/\/www.dottorgiorgini.it\/it\/prodotto\/amamelide-estratto-integrale-analcoolico-200ml-dr-giorgini-2\/\" \/>\n<meta property=\"og:site_name\" content=\"Dottor Giorgini\" \/>\n<meta property=\"article:modified_time\" content=\"2026-04-09T13:44:14+00:00\" \/>\n<meta name=\"twitter:card\" content=\"summary_large_image\" \/>\n<meta name=\"twitter:label1\" content=\"Est. reading time\" \/>\n\t<meta name=\"twitter:data1\" content=\"1 minute\" \/>\n<script type=\"application\/ld+json\" class=\"yoast-schema-graph\">{\"@context\":\"https:\/\/schema.org\",\"@graph\":[{\"@type\":\"WebPage\",\"@id\":\"https:\/\/www.dottorgiorgini.it\/it\/prodotto\/amamelide-estratto-integrale-analcoolico-200ml-dr-giorgini-2\/\",\"url\":\"https:\/\/www.dottorgiorgini.it\/it\/prodotto\/amamelide-estratto-integrale-analcoolico-200ml-dr-giorgini-2\/\",\"name\":\"Amamelide Estratto Integrale analcoolico 200ml dr.Giorgini - Dottor Giorgini\",\"isPartOf\":{\"@id\":\"https:\/\/www.dottorgiorgini.it\/en\/#website\"},\"primaryImageOfPage\":{\"@id\":\"https:\/\/www.dottorgiorgini.it\/it\/prodotto\/amamelide-estratto-integrale-analcoolico-200ml-dr-giorgini-2\/#primaryimage\"},\"image\":{\"@id\":\"https:\/\/www.dottorgiorgini.it\/it\/prodotto\/amamelide-estratto-integrale-analcoolico-200ml-dr-giorgini-2\/#primaryimage\"},\"thumbnailUrl\":\"https:\/\/www.dottorgiorgini.it\/wp-content\/uploads\/2016\/03\/00004110-amamelide-integrale200.jpeg\",\"datePublished\":\"2016-03-01T17:18:27+00:00\",\"dateModified\":\"2026-04-09T13:44:14+00:00\",\"breadcrumb\":{\"@id\":\"https:\/\/www.dottorgiorgini.it\/it\/prodotto\/amamelide-estratto-integrale-analcoolico-200ml-dr-giorgini-2\/#breadcrumb\"},\"inLanguage\":\"en-US\",\"potentialAction\":[{\"@type\":\"ReadAction\",\"target\":[\"https:\/\/www.dottorgiorgini.it\/it\/prodotto\/amamelide-estratto-integrale-analcoolico-200ml-dr-giorgini-2\/\"]}]},{\"@type\":\"ImageObject\",\"inLanguage\":\"en-US\",\"@id\":\"https:\/\/www.dottorgiorgini.it\/it\/prodotto\/amamelide-estratto-integrale-analcoolico-200ml-dr-giorgini-2\/#primaryimage\",\"url\":\"https:\/\/www.dottorgiorgini.it\/wp-content\/uploads\/2016\/03\/00004110-amamelide-integrale200.jpeg\",\"contentUrl\":\"https:\/\/www.dottorgiorgini.it\/wp-content\/uploads\/2016\/03\/00004110-amamelide-integrale200.jpeg\"},{\"@type\":\"BreadcrumbList\",\"@id\":\"https:\/\/www.dottorgiorgini.it\/it\/prodotto\/amamelide-estratto-integrale-analcoolico-200ml-dr-giorgini-2\/#breadcrumb\",\"itemListElement\":[{\"@type\":\"ListItem\",\"position\":1,\"name\":\"Home\",\"item\":\"https:\/\/www.dottorgiorgini.it\/en\/\"},{\"@type\":\"ListItem\",\"position\":2,\"name\":\"Shop\",\"item\":\"https:\/\/www.dottorgiorgini.it\/it\/negozio\/\"},{\"@type\":\"ListItem\",\"position\":3,\"name\":\"Amamelide Estratto Integrale analcoolico 200ml dr.Giorgini\"}]},{\"@type\":\"WebSite\",\"@id\":\"https:\/\/www.dottorgiorgini.it\/en\/#website\",\"url\":\"https:\/\/www.dottorgiorgini.it\/en\/\",\"name\":\"Dottor Giorgini\",\"description\":\"Herbs &amp; Natural Supplements\",\"potentialAction\":[{\"@type\":\"SearchAction\",\"target\":{\"@type\":\"EntryPoint\",\"urlTemplate\":\"https:\/\/www.dottorgiorgini.it\/en\/?s={search_term_string}\"},\"query-input\":{\"@type\":\"PropertyValueSpecification\",\"valueRequired\":true,\"valueName\":\"search_term_string\"}}],\"inLanguage\":\"en-US\"}]}<\/script>\n<!-- \/ Yoast SEO plugin. -->","yoast_head_json":{"title":"Amamelide Estratto Integrale analcoolico 200ml dr.Giorgini - Dottor Giorgini","robots":{"index":"index","follow":"follow","max-snippet":"max-snippet:-1","max-image-preview":"max-image-preview:large","max-video-preview":"max-video-preview:-1"},"canonical":"https:\/\/www.dottorgiorgini.it\/it\/prodotto\/amamelide-estratto-integrale-analcoolico-200ml-dr-giorgini-2\/","og_locale":"en_US","og_type":"article","og_title":"Amamelide Estratto Integrale analcoolico 200ml dr.Giorgini - Dottor Giorgini","og_description":"Amamelide (Hamamelis virginiana) Estratto Integrale\u00a0Liquido analcoolico 200 ml &#8211; dr. Giorgini L\u2019amamelide favorisce la circolazione venosa e la funzionalit\u00e0 del plesso emorroidario, promuove la regolarit\u00e0 del transito intestinale e possiede benefiche propriet\u00e0 antiossidanti. Consigli d&#8217;uso Si consiglia l\u2019assunzione di 10 ml diluiti in un bicchiere...","og_url":"https:\/\/www.dottorgiorgini.it\/it\/prodotto\/amamelide-estratto-integrale-analcoolico-200ml-dr-giorgini-2\/","og_site_name":"Dottor Giorgini","article_modified_time":"2026-04-09T13:44:14+00:00","twitter_card":"summary_large_image","twitter_misc":{"Est. reading time":"1 minute"},"schema":{"@context":"https:\/\/schema.org","@graph":[{"@type":"WebPage","@id":"https:\/\/www.dottorgiorgini.it\/it\/prodotto\/amamelide-estratto-integrale-analcoolico-200ml-dr-giorgini-2\/","url":"https:\/\/www.dottorgiorgini.it\/it\/prodotto\/amamelide-estratto-integrale-analcoolico-200ml-dr-giorgini-2\/","name":"Amamelide Estratto Integrale analcoolico 200ml dr.Giorgini - Dottor Giorgini","isPartOf":{"@id":"https:\/\/www.dottorgiorgini.it\/en\/#website"},"primaryImageOfPage":{"@id":"https:\/\/www.dottorgiorgini.it\/it\/prodotto\/amamelide-estratto-integrale-analcoolico-200ml-dr-giorgini-2\/#primaryimage"},"image":{"@id":"https:\/\/www.dottorgiorgini.it\/it\/prodotto\/amamelide-estratto-integrale-analcoolico-200ml-dr-giorgini-2\/#primaryimage"},"thumbnailUrl":"https:\/\/www.dottorgiorgini.it\/wp-content\/uploads\/2016\/03\/00004110-amamelide-integrale200.jpeg","datePublished":"2016-03-01T17:18:27+00:00","dateModified":"2026-04-09T13:44:14+00:00","breadcrumb":{"@id":"https:\/\/www.dottorgiorgini.it\/it\/prodotto\/amamelide-estratto-integrale-analcoolico-200ml-dr-giorgini-2\/#breadcrumb"},"inLanguage":"en-US","potentialAction":[{"@type":"ReadAction","target":["https:\/\/www.dottorgiorgini.it\/it\/prodotto\/amamelide-estratto-integrale-analcoolico-200ml-dr-giorgini-2\/"]}]},{"@type":"ImageObject","inLanguage":"en-US","@id":"https:\/\/www.dottorgiorgini.it\/it\/prodotto\/amamelide-estratto-integrale-analcoolico-200ml-dr-giorgini-2\/#primaryimage","url":"https:\/\/www.dottorgiorgini.it\/wp-content\/uploads\/2016\/03\/00004110-amamelide-integrale200.jpeg","contentUrl":"https:\/\/www.dottorgiorgini.it\/wp-content\/uploads\/2016\/03\/00004110-amamelide-integrale200.jpeg"},{"@type":"BreadcrumbList","@id":"https:\/\/www.dottorgiorgini.it\/it\/prodotto\/amamelide-estratto-integrale-analcoolico-200ml-dr-giorgini-2\/#breadcrumb","itemListElement":[{"@type":"ListItem","position":1,"name":"Home","item":"https:\/\/www.dottorgiorgini.it\/en\/"},{"@type":"ListItem","position":2,"name":"Shop","item":"https:\/\/www.dottorgiorgini.it\/it\/negozio\/"},{"@type":"ListItem","position":3,"name":"Amamelide Estratto Integrale analcoolico 200ml dr.Giorgini"}]},{"@type":"WebSite","@id":"https:\/\/www.dottorgiorgini.it\/en\/#website","url":"https:\/\/www.dottorgiorgini.it\/en\/","name":"Dottor Giorgini","description":"Herbs &amp; Natural Supplements","potentialAction":[{"@type":"SearchAction","target":{"@type":"EntryPoint","urlTemplate":"https:\/\/www.dottorgiorgini.it\/en\/?s={search_term_string}"},"query-input":{"@type":"PropertyValueSpecification","valueRequired":true,"valueName":"search_term_string"}}],"inLanguage":"en-US"}]}},"_links":{"self":[{"href":"https:\/\/www.dottorgiorgini.it\/en\/wp-json\/wp\/v2\/product\/19962","targetHints":{"allow":["GET"]}}],"collection":[{"href":"https:\/\/www.dottorgiorgini.it\/en\/wp-json\/wp\/v2\/product"}],"about":[{"href":"https:\/\/www.dottorgiorgini.it\/en\/wp-json\/wp\/v2\/types\/product"}],"wp:featuredmedia":[{"embeddable":true,"href":"https:\/\/www.dottorgiorgini.it\/en\/wp-json\/"}],"wp:attachment":[{"href":"https:\/\/www.dottorgiorgini.it\/en\/wp-json\/wp\/v2\/media?parent=19962"}],"wp:term":[{"taxonomy":"product_brand","embeddable":true,"href":"https:\/\/www.dottorgiorgini.it\/en\/wp-json\/wp\/v2\/product_brand?post=19962"},{"taxonomy":"product_cat","embeddable":true,"href":"https:\/\/www.dottorgiorgini.it\/en\/wp-json\/wp\/v2\/product_cat?post=19962"},{"taxonomy":"product_tag","embeddable":true,"href":"https:\/\/www.dottorgiorgini.it\/en\/wp-json\/wp\/v2\/product_tag?post=19962"},{"taxonomy":"giftcard-category","embeddable":true,"href":"https:\/\/www.dottorgiorgini.it\/en\/wp-json\/wp\/v2\/giftcard-category?post=19962"}],"curies":[{"name":"wp","href":"https:\/\/api.w.org\/{rel}","templated":true}]}}