{"id":7142,"date":"2019-04-10T10:21:23","date_gmt":"2019-04-10T08:21:23","guid":{"rendered":"http:\/\/www.dottorgiorgini.it\/prodotto\/zolfo-gel-125ml-dr-giorgini\/"},"modified":"2026-01-30T12:26:23","modified_gmt":"2026-01-30T11:26:23","slug":"zolfo-gel-125ml-dr-giorgini","status":"publish","type":"product","link":"https:\/\/www.dottorgiorgini.it\/en\/prodotto\/zolfo-gel-125ml-dr-giorgini\/","title":{"rendered":"Zolfo gel 125ml Dr. Giorgini"},"content":{"rendered":"<p><strong>ZOLFO GEL 125 ML<\/strong> &#8211; DR. GIORGINI<br \/>\nGel depurativo ad azione batteriostatica ed antimicotica<br \/>\nGel ad azione depurativa a base di zolfo ed oli essenziali dalle propriet\u00e0 batteriostatiche ed antimicotiche. La sua regolare applicazione aiuta a preservare la cute pi\u00f9 fragile e sensibile dalle irritazioni e arrossamenti causati dall\u2019aggressione di agenti esterni, come batteri piogeni o funghi. Con olio di lino e vitamina E favorisce il ripristino della naturale integrit\u00e0 della pelle.<br \/>\n<strong>Consigli d&#8217;uso<\/strong><br \/>\nApplicare sulla pelle del viso, dei piedi o del corpo, nelle zone pi\u00f9 sensibili o esposte ad aggressioni. Massaggiare delicatamente fino a completo assorbimento. La dose specificata nella tabella (10 spruzzi= 4,8 ml) \u00e8 indicativa: il prodotto pu\u00f2 essere applicato in quantit\u00e0 maggiore o minore, in funzione della superficie di applicazione o della frequenza d\u2019impiego. Agitare prima dell\u2019uso. Evitare il contatto con gli occhi e con le mucose.<br \/>\n<strong>Ingredienti<\/strong><br \/>\nAqua, Alcohol, Sulfur, Linum usitatissimum seed oil, Sorbitan oleate, Glycerin, Lavandula angustifolia herb oil, Xanthan gum, Linalool*, Citrus limon peel oil, Melaleuca alternifolia leaf oil, Melaleuca leucadendron cajaputi leaf oil, Melaleuca viridiflora leaf oil, Salicylic acid, Tocopherol, Copper sulfate, Carum carvi seed oil, Undecylenic acid, Usnic acid, Cinnamomum camphora bark oil, Cinnamomum zeylanicum bark oil, Eugenia caryophyllus bud oil, Thymus vulgaris leaf oil, Zinc sulfate, d-Limonene*, Eugenol*, Cinnamal*, Citral*, Citronellol*, Geraniol*, Coumarin*, Benzyl benzoate*.<br \/>\n*Componenti degli oli essenziali naturali.<br \/>\n<strong>Informazioni aggiuntive<\/strong><br \/>\nNon contiene parabeni, coloranti e profumazioni sintetiche o artificiali.<br \/>\n<strong>Avvertenze<\/strong><br \/>\nContiene acido salicilico, da non usare nei bambini al di sotto dei tre anni.<\/p>\n","protected":false},"excerpt":{"rendered":"<p>ZOLFO GEL 125 ML &#8211; DR. GIORGINI Gel depurativo ad azione batteriostatica ed antimicotica Gel ad azione depurativa a base di zolfo ed oli essenziali dalle propriet\u00e0 batteriostatiche ed antimicotiche. La sua regolare applicazione aiuta a preservare la cute pi\u00f9 fragile e sensibile dalle irritazioni&#8230;<\/p>\n","protected":false},"featured_media":1000000109646,"template":"","meta":{"_acf_changed":false},"product_brand":[],"product_cat":[2164,2940,2925,4171],"product_tag":[],"giftcard-category":[],"class_list":{"0":"post-7142","1":"product","2":"type-product","3":"status-publish","4":"has-post-thumbnail","6":"product_cat-corpo","7":"product_cat-dr-apparato-tegumentario","8":"product_cat-dr-vitamine","9":"product_cat-linea-oro-classica","10":"pa_formato-125ml","11":"pa_linea-linea-oro","12":"pa_marca-dr-giorgini","13":"pa_sku-183","14":"pa_tipologia-gel","16":"first","17":"instock","18":"sale","19":"taxable","20":"shipping-taxable","21":"purchasable","22":"product-type-simple"},"acf":[],"yoast_head":"<!-- This site is optimized with the Yoast SEO plugin v24.9 - https:\/\/yoast.com\/wordpress\/plugins\/seo\/ -->\n<title>Zolfo gel 125ml Dr. Giorgini - Dottor Giorgini<\/title>\n<meta name=\"description\" content=\"Gel depurativo ad azione batteriostatica ed antimicotica\" \/>\n<meta name=\"robots\" content=\"index, follow, max-snippet:-1, max-image-preview:large, max-video-preview:-1\" \/>\n<link rel=\"canonical\" href=\"https:\/\/www.dottorgiorgini.it\/it\/prodotto\/zolfo-gel-125ml-dr-giorgini\/\" \/>\n<meta property=\"og:locale\" content=\"en_US\" \/>\n<meta property=\"og:type\" content=\"article\" \/>\n<meta property=\"og:title\" content=\"Zolfo gel 125ml Dr. Giorgini - Dottor Giorgini\" \/>\n<meta property=\"og:description\" content=\"Gel depurativo ad azione batteriostatica ed antimicotica\" \/>\n<meta property=\"og:url\" content=\"https:\/\/www.dottorgiorgini.it\/it\/prodotto\/zolfo-gel-125ml-dr-giorgini\/\" \/>\n<meta property=\"og:site_name\" content=\"Dottor Giorgini\" \/>\n<meta property=\"article:modified_time\" content=\"2026-01-30T11:26:23+00:00\" \/>\n<meta name=\"twitter:card\" content=\"summary_large_image\" \/>\n<meta name=\"twitter:label1\" content=\"Est. reading time\" \/>\n\t<meta name=\"twitter:data1\" content=\"2 minutes\" \/>\n<script type=\"application\/ld+json\" class=\"yoast-schema-graph\">{\"@context\":\"https:\/\/schema.org\",\"@graph\":[{\"@type\":\"WebPage\",\"@id\":\"https:\/\/www.dottorgiorgini.it\/it\/prodotto\/zolfo-gel-125ml-dr-giorgini\/\",\"url\":\"https:\/\/www.dottorgiorgini.it\/it\/prodotto\/zolfo-gel-125ml-dr-giorgini\/\",\"name\":\"Zolfo gel 125ml Dr. Giorgini - Dottor Giorgini\",\"isPartOf\":{\"@id\":\"https:\/\/www.dottorgiorgini.it\/en\/#website\"},\"primaryImageOfPage\":{\"@id\":\"https:\/\/www.dottorgiorgini.it\/it\/prodotto\/zolfo-gel-125ml-dr-giorgini\/#primaryimage\"},\"image\":{\"@id\":\"https:\/\/www.dottorgiorgini.it\/it\/prodotto\/zolfo-gel-125ml-dr-giorgini\/#primaryimage\"},\"thumbnailUrl\":\"https:\/\/www.dottorgiorgini.it\/wp-content\/uploads\/2019\/04\/00001630-2.jpg\",\"datePublished\":\"2019-04-10T08:21:23+00:00\",\"dateModified\":\"2026-01-30T11:26:23+00:00\",\"description\":\"Gel depurativo ad azione batteriostatica ed antimicotica\",\"breadcrumb\":{\"@id\":\"https:\/\/www.dottorgiorgini.it\/it\/prodotto\/zolfo-gel-125ml-dr-giorgini\/#breadcrumb\"},\"inLanguage\":\"en-US\",\"potentialAction\":[{\"@type\":\"ReadAction\",\"target\":[\"https:\/\/www.dottorgiorgini.it\/it\/prodotto\/zolfo-gel-125ml-dr-giorgini\/\"]}]},{\"@type\":\"ImageObject\",\"inLanguage\":\"en-US\",\"@id\":\"https:\/\/www.dottorgiorgini.it\/it\/prodotto\/zolfo-gel-125ml-dr-giorgini\/#primaryimage\",\"url\":\"https:\/\/www.dottorgiorgini.it\/wp-content\/uploads\/2019\/04\/00001630-2.jpg\",\"contentUrl\":\"https:\/\/www.dottorgiorgini.it\/wp-content\/uploads\/2019\/04\/00001630-2.jpg\"},{\"@type\":\"BreadcrumbList\",\"@id\":\"https:\/\/www.dottorgiorgini.it\/it\/prodotto\/zolfo-gel-125ml-dr-giorgini\/#breadcrumb\",\"itemListElement\":[{\"@type\":\"ListItem\",\"position\":1,\"name\":\"Home\",\"item\":\"https:\/\/www.dottorgiorgini.it\/en\/\"},{\"@type\":\"ListItem\",\"position\":2,\"name\":\"Shop\",\"item\":\"https:\/\/www.dottorgiorgini.it\/it\/negozio\/\"},{\"@type\":\"ListItem\",\"position\":3,\"name\":\"Zolfo gel 125ml Dr. Giorgini\"}]},{\"@type\":\"WebSite\",\"@id\":\"https:\/\/www.dottorgiorgini.it\/en\/#website\",\"url\":\"https:\/\/www.dottorgiorgini.it\/en\/\",\"name\":\"Dottor Giorgini\",\"description\":\"Herbs &amp; Natural Supplements\",\"potentialAction\":[{\"@type\":\"SearchAction\",\"target\":{\"@type\":\"EntryPoint\",\"urlTemplate\":\"https:\/\/www.dottorgiorgini.it\/en\/?s={search_term_string}\"},\"query-input\":{\"@type\":\"PropertyValueSpecification\",\"valueRequired\":true,\"valueName\":\"search_term_string\"}}],\"inLanguage\":\"en-US\"}]}<\/script>\n<!-- \/ Yoast SEO plugin. -->","yoast_head_json":{"title":"Zolfo gel 125ml Dr. Giorgini - Dottor Giorgini","description":"Gel depurativo ad azione batteriostatica ed antimicotica","robots":{"index":"index","follow":"follow","max-snippet":"max-snippet:-1","max-image-preview":"max-image-preview:large","max-video-preview":"max-video-preview:-1"},"canonical":"https:\/\/www.dottorgiorgini.it\/it\/prodotto\/zolfo-gel-125ml-dr-giorgini\/","og_locale":"en_US","og_type":"article","og_title":"Zolfo gel 125ml Dr. Giorgini - Dottor Giorgini","og_description":"Gel depurativo ad azione batteriostatica ed antimicotica","og_url":"https:\/\/www.dottorgiorgini.it\/it\/prodotto\/zolfo-gel-125ml-dr-giorgini\/","og_site_name":"Dottor Giorgini","article_modified_time":"2026-01-30T11:26:23+00:00","twitter_card":"summary_large_image","twitter_misc":{"Est. reading time":"2 minutes"},"schema":{"@context":"https:\/\/schema.org","@graph":[{"@type":"WebPage","@id":"https:\/\/www.dottorgiorgini.it\/it\/prodotto\/zolfo-gel-125ml-dr-giorgini\/","url":"https:\/\/www.dottorgiorgini.it\/it\/prodotto\/zolfo-gel-125ml-dr-giorgini\/","name":"Zolfo gel 125ml Dr. Giorgini - Dottor Giorgini","isPartOf":{"@id":"https:\/\/www.dottorgiorgini.it\/en\/#website"},"primaryImageOfPage":{"@id":"https:\/\/www.dottorgiorgini.it\/it\/prodotto\/zolfo-gel-125ml-dr-giorgini\/#primaryimage"},"image":{"@id":"https:\/\/www.dottorgiorgini.it\/it\/prodotto\/zolfo-gel-125ml-dr-giorgini\/#primaryimage"},"thumbnailUrl":"https:\/\/www.dottorgiorgini.it\/wp-content\/uploads\/2019\/04\/00001630-2.jpg","datePublished":"2019-04-10T08:21:23+00:00","dateModified":"2026-01-30T11:26:23+00:00","description":"Gel depurativo ad azione batteriostatica ed antimicotica","breadcrumb":{"@id":"https:\/\/www.dottorgiorgini.it\/it\/prodotto\/zolfo-gel-125ml-dr-giorgini\/#breadcrumb"},"inLanguage":"en-US","potentialAction":[{"@type":"ReadAction","target":["https:\/\/www.dottorgiorgini.it\/it\/prodotto\/zolfo-gel-125ml-dr-giorgini\/"]}]},{"@type":"ImageObject","inLanguage":"en-US","@id":"https:\/\/www.dottorgiorgini.it\/it\/prodotto\/zolfo-gel-125ml-dr-giorgini\/#primaryimage","url":"https:\/\/www.dottorgiorgini.it\/wp-content\/uploads\/2019\/04\/00001630-2.jpg","contentUrl":"https:\/\/www.dottorgiorgini.it\/wp-content\/uploads\/2019\/04\/00001630-2.jpg"},{"@type":"BreadcrumbList","@id":"https:\/\/www.dottorgiorgini.it\/it\/prodotto\/zolfo-gel-125ml-dr-giorgini\/#breadcrumb","itemListElement":[{"@type":"ListItem","position":1,"name":"Home","item":"https:\/\/www.dottorgiorgini.it\/en\/"},{"@type":"ListItem","position":2,"name":"Shop","item":"https:\/\/www.dottorgiorgini.it\/it\/negozio\/"},{"@type":"ListItem","position":3,"name":"Zolfo gel 125ml Dr. Giorgini"}]},{"@type":"WebSite","@id":"https:\/\/www.dottorgiorgini.it\/en\/#website","url":"https:\/\/www.dottorgiorgini.it\/en\/","name":"Dottor Giorgini","description":"Herbs &amp; Natural Supplements","potentialAction":[{"@type":"SearchAction","target":{"@type":"EntryPoint","urlTemplate":"https:\/\/www.dottorgiorgini.it\/en\/?s={search_term_string}"},"query-input":{"@type":"PropertyValueSpecification","valueRequired":true,"valueName":"search_term_string"}}],"inLanguage":"en-US"}]}},"_links":{"self":[{"href":"https:\/\/www.dottorgiorgini.it\/en\/wp-json\/wp\/v2\/product\/7142","targetHints":{"allow":["GET"]}}],"collection":[{"href":"https:\/\/www.dottorgiorgini.it\/en\/wp-json\/wp\/v2\/product"}],"about":[{"href":"https:\/\/www.dottorgiorgini.it\/en\/wp-json\/wp\/v2\/types\/product"}],"wp:featuredmedia":[{"embeddable":true,"href":"https:\/\/www.dottorgiorgini.it\/en\/wp-json\/"}],"wp:attachment":[{"href":"https:\/\/www.dottorgiorgini.it\/en\/wp-json\/wp\/v2\/media?parent=7142"}],"wp:term":[{"taxonomy":"product_brand","embeddable":true,"href":"https:\/\/www.dottorgiorgini.it\/en\/wp-json\/wp\/v2\/product_brand?post=7142"},{"taxonomy":"product_cat","embeddable":true,"href":"https:\/\/www.dottorgiorgini.it\/en\/wp-json\/wp\/v2\/product_cat?post=7142"},{"taxonomy":"product_tag","embeddable":true,"href":"https:\/\/www.dottorgiorgini.it\/en\/wp-json\/wp\/v2\/product_tag?post=7142"},{"taxonomy":"giftcard-category","embeddable":true,"href":"https:\/\/www.dottorgiorgini.it\/en\/wp-json\/wp\/v2\/giftcard-category?post=7142"}],"curies":[{"name":"wp","href":"https:\/\/api.w.org\/{rel}","templated":true}]}}