{"id":7188,"date":"2016-08-13T17:16:39","date_gmt":"2016-08-13T15:16:39","guid":{"rendered":"http:\/\/www.dottorgiorgini.it\/prodotto\/colon-regular-30grammi-50-grani\/"},"modified":"2026-01-30T12:44:29","modified_gmt":"2026-01-30T11:44:29","slug":"colon-regular-30gr-50-grani-per-favorire-il-transito-intestinale","status":"publish","type":"product","link":"https:\/\/www.dottorgiorgini.it\/en\/prodotto\/colon-regular-30gr-50-grani-per-favorire-il-transito-intestinale\/","title":{"rendered":"Colon Regular 30gr 50 grani per favorire il transito intestinale"},"content":{"rendered":"<p><strong>COLON REGULAR 30 grammi 50 grani &#8211; Dr.Giorgini<\/strong><\/p>\n<p>Frangula, cascara e rabarbaro favoriscono la regolarit\u00e0 del transito intestinale.<\/p>\n<p>Genziana, cannella e chiodi di garofano promuovono l\u2019eliminazione dei gas intestinali e, insieme alla liquirizia, sono utili per sostenere la funzione digestiva.<\/p>\n<p><strong>Consigli d&#8217;uso<\/strong><\/p>\n<p>Si consiglia l\u2019assunzione quotidiana della quantit\u00e0 utile per favorire la regolarit\u00e0 intestinale, a seconda della sensibilit\u00e0 individuale da 1 a 4 grani (0,6 &#8211; 2,4 g) una volta al giorno in qualunque momento; suggerito la sera prima di cena.<\/p>\n<p><strong>Ingredienti<\/strong><\/p>\n<p>Frangula (Rhamnus frangula) cortecce, cascara (Rhamnus purshiana) cortecce, liquirizia (Glycyrrhiza glabra) radici S.D. (titolato al 3-4% in glicirrizina), cannella (Cinnamomum zeylanicum) cortecce, chiodi di garofano (Eugenia caryophyllata) gemme floreali, genziana (Gentiana lutea) radici, rabarbaro cinese (Rheum palmatum) rizomi.<\/p>\n<p><strong>Tabella nutrizionale presente nelle immagini del prodotto.<\/strong><\/p>\n<p><strong>100% di prodotto: non contiene eccipienti.<\/strong><\/p>\n<p>Contiene Liquirizia: la quantit\u00e0 di glicirrizina mediamente presente nella dose massima giornaliera \u00e8 inferiore a 25 mg, tale da non causare ipertensione. *50 grani da circa 0,6 g (il peso dei grani \u00e8 leggermente variabile e di conseguenza anche il loro numero nella confezione).<\/p>\n","protected":false},"excerpt":{"rendered":"<p>COLON REGULAR 30 grammi 50 grani &#8211; Dr.Giorgini Frangula, cascara e rabarbaro favoriscono la regolarit\u00e0 del transito intestinale. Genziana, cannella e chiodi di garofano promuovono l\u2019eliminazione dei gas intestinali e, insieme alla liquirizia, sono utili per sostenere la funzione digestiva. Consigli d&#8217;uso Si consiglia l\u2019assunzione&#8230;<\/p>\n","protected":false},"featured_media":1000000118056,"template":"","meta":{"_acf_changed":false},"product_brand":[],"product_cat":[2934,4171,4174],"product_tag":[],"giftcard-category":[],"class_list":{"0":"post-7188","1":"product","2":"type-product","3":"status-publish","4":"has-post-thumbnail","6":"product_cat-dr-apparato-digerente","7":"product_cat-linea-oro-classica","8":"product_cat-benessere-gastro-intestinale","9":"pa_avvertenze-gli-integratori-non-vanno-intesi-come-sostituti-di-una-dieta-variata-non-superare-la-dose-giornaliera-raccomandata-tenere-fuori-dalla-portata-dei-bambini-sotto-i-3-anni","10":"pa_formato-50-pastiglie","11":"pa_linea-linea-oro","12":"pa_marca-dr-giorgini","13":"pa_tipologia-compresse","15":"first","16":"instock","17":"sale","18":"taxable","19":"shipping-taxable","20":"purchasable","21":"product-type-simple"},"acf":[],"yoast_head":"<!-- This site is optimized with the Yoast SEO plugin v24.9 - https:\/\/yoast.com\/wordpress\/plugins\/seo\/ -->\n<title>Colon Regular 30gr 50 grani per favorire il transito intestinale - Dottor Giorgini<\/title>\n<meta name=\"description\" content=\"Integratore in grani con Frangula, Cascara e Rabarbaro che favoriscono la regolarit\u00e0 del transito intestinale. Dr. Giorgini\" \/>\n<meta name=\"robots\" content=\"index, follow, max-snippet:-1, max-image-preview:large, max-video-preview:-1\" \/>\n<link rel=\"canonical\" href=\"https:\/\/www.dottorgiorgini.it\/it\/prodotto\/colon-regular-30gr-50-grani-per-favorire-il-transito-intestinale\/\" \/>\n<meta property=\"og:locale\" content=\"en_US\" \/>\n<meta property=\"og:type\" content=\"article\" \/>\n<meta property=\"og:title\" content=\"Colon Regular 30gr 50 grani per favorire il transito intestinale - Dottor Giorgini\" \/>\n<meta property=\"og:description\" content=\"Integratore in grani con Frangula, Cascara e Rabarbaro che favoriscono la regolarit\u00e0 del transito intestinale. Dr. Giorgini\" \/>\n<meta property=\"og:url\" content=\"https:\/\/www.dottorgiorgini.it\/it\/prodotto\/colon-regular-30gr-50-grani-per-favorire-il-transito-intestinale\/\" \/>\n<meta property=\"og:site_name\" content=\"Dottor Giorgini\" \/>\n<meta property=\"article:modified_time\" content=\"2026-01-30T11:44:29+00:00\" \/>\n<meta name=\"twitter:card\" content=\"summary_large_image\" \/>\n<meta name=\"twitter:label1\" content=\"Est. reading time\" \/>\n\t<meta name=\"twitter:data1\" content=\"1 minute\" \/>\n<script type=\"application\/ld+json\" class=\"yoast-schema-graph\">{\"@context\":\"https:\/\/schema.org\",\"@graph\":[{\"@type\":\"WebPage\",\"@id\":\"https:\/\/www.dottorgiorgini.it\/it\/prodotto\/colon-regular-30gr-50-grani-per-favorire-il-transito-intestinale\/\",\"url\":\"https:\/\/www.dottorgiorgini.it\/it\/prodotto\/colon-regular-30gr-50-grani-per-favorire-il-transito-intestinale\/\",\"name\":\"Colon Regular 30gr 50 grani per favorire il transito intestinale - Dottor Giorgini\",\"isPartOf\":{\"@id\":\"https:\/\/www.dottorgiorgini.it\/en\/#website\"},\"primaryImageOfPage\":{\"@id\":\"https:\/\/www.dottorgiorgini.it\/it\/prodotto\/colon-regular-30gr-50-grani-per-favorire-il-transito-intestinale\/#primaryimage\"},\"image\":{\"@id\":\"https:\/\/www.dottorgiorgini.it\/it\/prodotto\/colon-regular-30gr-50-grani-per-favorire-il-transito-intestinale\/#primaryimage\"},\"thumbnailUrl\":\"https:\/\/www.dottorgiorgini.it\/wp-content\/uploads\/2016\/08\/00004327.jpeg\",\"datePublished\":\"2016-08-13T15:16:39+00:00\",\"dateModified\":\"2026-01-30T11:44:29+00:00\",\"description\":\"Integratore in grani con Frangula, Cascara e Rabarbaro che favoriscono la regolarit\u00e0 del transito intestinale. Dr. Giorgini\",\"breadcrumb\":{\"@id\":\"https:\/\/www.dottorgiorgini.it\/it\/prodotto\/colon-regular-30gr-50-grani-per-favorire-il-transito-intestinale\/#breadcrumb\"},\"inLanguage\":\"en-US\",\"potentialAction\":[{\"@type\":\"ReadAction\",\"target\":[\"https:\/\/www.dottorgiorgini.it\/it\/prodotto\/colon-regular-30gr-50-grani-per-favorire-il-transito-intestinale\/\"]}]},{\"@type\":\"ImageObject\",\"inLanguage\":\"en-US\",\"@id\":\"https:\/\/www.dottorgiorgini.it\/it\/prodotto\/colon-regular-30gr-50-grani-per-favorire-il-transito-intestinale\/#primaryimage\",\"url\":\"https:\/\/www.dottorgiorgini.it\/wp-content\/uploads\/2016\/08\/00004327.jpeg\",\"contentUrl\":\"https:\/\/www.dottorgiorgini.it\/wp-content\/uploads\/2016\/08\/00004327.jpeg\"},{\"@type\":\"BreadcrumbList\",\"@id\":\"https:\/\/www.dottorgiorgini.it\/it\/prodotto\/colon-regular-30gr-50-grani-per-favorire-il-transito-intestinale\/#breadcrumb\",\"itemListElement\":[{\"@type\":\"ListItem\",\"position\":1,\"name\":\"Home\",\"item\":\"https:\/\/www.dottorgiorgini.it\/en\/\"},{\"@type\":\"ListItem\",\"position\":2,\"name\":\"Shop\",\"item\":\"https:\/\/www.dottorgiorgini.it\/it\/negozio\/\"},{\"@type\":\"ListItem\",\"position\":3,\"name\":\"Colon Regular 30gr 50 grani per favorire il transito intestinale\"}]},{\"@type\":\"WebSite\",\"@id\":\"https:\/\/www.dottorgiorgini.it\/en\/#website\",\"url\":\"https:\/\/www.dottorgiorgini.it\/en\/\",\"name\":\"Dottor Giorgini\",\"description\":\"Herbs &amp; Natural Supplements\",\"potentialAction\":[{\"@type\":\"SearchAction\",\"target\":{\"@type\":\"EntryPoint\",\"urlTemplate\":\"https:\/\/www.dottorgiorgini.it\/en\/?s={search_term_string}\"},\"query-input\":{\"@type\":\"PropertyValueSpecification\",\"valueRequired\":true,\"valueName\":\"search_term_string\"}}],\"inLanguage\":\"en-US\"}]}<\/script>\n<!-- \/ Yoast SEO plugin. -->","yoast_head_json":{"title":"Colon Regular 30gr 50 grani per favorire il transito intestinale - Dottor Giorgini","description":"Integratore in grani con Frangula, Cascara e Rabarbaro che favoriscono la regolarit\u00e0 del transito intestinale. Dr. Giorgini","robots":{"index":"index","follow":"follow","max-snippet":"max-snippet:-1","max-image-preview":"max-image-preview:large","max-video-preview":"max-video-preview:-1"},"canonical":"https:\/\/www.dottorgiorgini.it\/it\/prodotto\/colon-regular-30gr-50-grani-per-favorire-il-transito-intestinale\/","og_locale":"en_US","og_type":"article","og_title":"Colon Regular 30gr 50 grani per favorire il transito intestinale - Dottor Giorgini","og_description":"Integratore in grani con Frangula, Cascara e Rabarbaro che favoriscono la regolarit\u00e0 del transito intestinale. Dr. Giorgini","og_url":"https:\/\/www.dottorgiorgini.it\/it\/prodotto\/colon-regular-30gr-50-grani-per-favorire-il-transito-intestinale\/","og_site_name":"Dottor Giorgini","article_modified_time":"2026-01-30T11:44:29+00:00","twitter_card":"summary_large_image","twitter_misc":{"Est. reading time":"1 minute"},"schema":{"@context":"https:\/\/schema.org","@graph":[{"@type":"WebPage","@id":"https:\/\/www.dottorgiorgini.it\/it\/prodotto\/colon-regular-30gr-50-grani-per-favorire-il-transito-intestinale\/","url":"https:\/\/www.dottorgiorgini.it\/it\/prodotto\/colon-regular-30gr-50-grani-per-favorire-il-transito-intestinale\/","name":"Colon Regular 30gr 50 grani per favorire il transito intestinale - Dottor Giorgini","isPartOf":{"@id":"https:\/\/www.dottorgiorgini.it\/en\/#website"},"primaryImageOfPage":{"@id":"https:\/\/www.dottorgiorgini.it\/it\/prodotto\/colon-regular-30gr-50-grani-per-favorire-il-transito-intestinale\/#primaryimage"},"image":{"@id":"https:\/\/www.dottorgiorgini.it\/it\/prodotto\/colon-regular-30gr-50-grani-per-favorire-il-transito-intestinale\/#primaryimage"},"thumbnailUrl":"https:\/\/www.dottorgiorgini.it\/wp-content\/uploads\/2016\/08\/00004327.jpeg","datePublished":"2016-08-13T15:16:39+00:00","dateModified":"2026-01-30T11:44:29+00:00","description":"Integratore in grani con Frangula, Cascara e Rabarbaro che favoriscono la regolarit\u00e0 del transito intestinale. Dr. Giorgini","breadcrumb":{"@id":"https:\/\/www.dottorgiorgini.it\/it\/prodotto\/colon-regular-30gr-50-grani-per-favorire-il-transito-intestinale\/#breadcrumb"},"inLanguage":"en-US","potentialAction":[{"@type":"ReadAction","target":["https:\/\/www.dottorgiorgini.it\/it\/prodotto\/colon-regular-30gr-50-grani-per-favorire-il-transito-intestinale\/"]}]},{"@type":"ImageObject","inLanguage":"en-US","@id":"https:\/\/www.dottorgiorgini.it\/it\/prodotto\/colon-regular-30gr-50-grani-per-favorire-il-transito-intestinale\/#primaryimage","url":"https:\/\/www.dottorgiorgini.it\/wp-content\/uploads\/2016\/08\/00004327.jpeg","contentUrl":"https:\/\/www.dottorgiorgini.it\/wp-content\/uploads\/2016\/08\/00004327.jpeg"},{"@type":"BreadcrumbList","@id":"https:\/\/www.dottorgiorgini.it\/it\/prodotto\/colon-regular-30gr-50-grani-per-favorire-il-transito-intestinale\/#breadcrumb","itemListElement":[{"@type":"ListItem","position":1,"name":"Home","item":"https:\/\/www.dottorgiorgini.it\/en\/"},{"@type":"ListItem","position":2,"name":"Shop","item":"https:\/\/www.dottorgiorgini.it\/it\/negozio\/"},{"@type":"ListItem","position":3,"name":"Colon Regular 30gr 50 grani per favorire il transito intestinale"}]},{"@type":"WebSite","@id":"https:\/\/www.dottorgiorgini.it\/en\/#website","url":"https:\/\/www.dottorgiorgini.it\/en\/","name":"Dottor Giorgini","description":"Herbs &amp; Natural Supplements","potentialAction":[{"@type":"SearchAction","target":{"@type":"EntryPoint","urlTemplate":"https:\/\/www.dottorgiorgini.it\/en\/?s={search_term_string}"},"query-input":{"@type":"PropertyValueSpecification","valueRequired":true,"valueName":"search_term_string"}}],"inLanguage":"en-US"}]}},"_links":{"self":[{"href":"https:\/\/www.dottorgiorgini.it\/en\/wp-json\/wp\/v2\/product\/7188","targetHints":{"allow":["GET"]}}],"collection":[{"href":"https:\/\/www.dottorgiorgini.it\/en\/wp-json\/wp\/v2\/product"}],"about":[{"href":"https:\/\/www.dottorgiorgini.it\/en\/wp-json\/wp\/v2\/types\/product"}],"wp:featuredmedia":[{"embeddable":true,"href":"https:\/\/www.dottorgiorgini.it\/en\/wp-json\/"}],"wp:attachment":[{"href":"https:\/\/www.dottorgiorgini.it\/en\/wp-json\/wp\/v2\/media?parent=7188"}],"wp:term":[{"taxonomy":"product_brand","embeddable":true,"href":"https:\/\/www.dottorgiorgini.it\/en\/wp-json\/wp\/v2\/product_brand?post=7188"},{"taxonomy":"product_cat","embeddable":true,"href":"https:\/\/www.dottorgiorgini.it\/en\/wp-json\/wp\/v2\/product_cat?post=7188"},{"taxonomy":"product_tag","embeddable":true,"href":"https:\/\/www.dottorgiorgini.it\/en\/wp-json\/wp\/v2\/product_tag?post=7188"},{"taxonomy":"giftcard-category","embeddable":true,"href":"https:\/\/www.dottorgiorgini.it\/en\/wp-json\/wp\/v2\/giftcard-category?post=7188"}],"curies":[{"name":"wp","href":"https:\/\/api.w.org\/{rel}","templated":true}]}}