{"id":7263,"date":"2015-03-13T18:37:10","date_gmt":"2015-03-13T17:37:10","guid":{"rendered":"http:\/\/www.dottorgiorgini.it\/prodotto\/burro-di-karite-puro-50-ml\/"},"modified":"2026-02-27T17:18:13","modified_gmt":"2026-02-27T16:18:13","slug":"burro-di-karite-puro-50ml-rigenerante-elasticizzante-antiossidante-emolliente-e-nutriente-per-la-cute","status":"publish","type":"product","link":"https:\/\/www.dottorgiorgini.it\/en\/prodotto\/burro-di-karite-puro-50ml-rigenerante-elasticizzante-antiossidante-emolliente-e-nutriente-per-la-cute\/","title":{"rendered":"Burro di Karit\u00e8 puro 50ml. Rigenerante, elasticizzante antiossidante, emolliente e nutriente per la cute"},"content":{"rendered":"<p><strong>Burro di Karit\u00e8 puro 50ml &#8211; dr. Giorgini<\/strong><\/p>\n<p>Il burro di Karit\u00e8, ottenuto dalle noci della pianta del <strong>Karit\u00e8 (Butyrospermum parkii)<\/strong> , possiede benefiche propriet\u00e0 rigeneranti, elasticizzanti, antiossidanti, emollienti e nutrienti per la cute.<\/p>\n<p>Con vitamina E naturale (1%).<\/p>\n<p>Idrata la pelle di mani, viso e corpo aiutando a combattere gli inestetismi cutanei (pelle secca, rughe, piccole cicatrici e smagliature).<\/p>\n<p>Il burro di Karit\u00e8 viene assorbito rapidamente e assicura alla cute una piacevole sensazione di levigatezza e morbidezza.<\/p>\n<p><strong>Consigli d&#8217;uso<\/strong><\/p>\n<p>Applicare sulla pelle (mani, viso o corpo) e massaggiare fino a completo assorbimento.<\/p>\n<p><strong>Ingredienti<\/strong><\/p>\n<p>Butyrospermum parkii butter, Tocopherol.<\/p>\n<p><strong>Prodotto naturale al 100%<\/strong><\/p>\n<p><strong>Non contiene parabeni n\u00e9 altri conservanti, coloranti, profumazioni sintetiche o artificiali.<\/strong><\/p>\n","protected":false},"excerpt":{"rendered":"<p>Burro di Karit\u00e8 puro 50ml &#8211; dr. Giorgini Il burro di Karit\u00e8, ottenuto dalle noci della pianta del Karit\u00e8 (Butyrospermum parkii) , possiede benefiche propriet\u00e0 rigeneranti, elasticizzanti, antiossidanti, emollienti e nutrienti per la cute. Con vitamina E naturale (1%). Idrata la pelle di mani, viso&#8230;<\/p>\n","protected":false},"featured_media":100000069399,"template":"","meta":{"_acf_changed":false},"product_brand":[],"product_cat":[2164,2125,2126],"product_tag":[],"giftcard-category":[],"class_list":{"0":"post-7263","1":"product","2":"type-product","3":"status-publish","4":"has-post-thumbnail","6":"product_cat-corpo","7":"product_cat-massaggio","8":"product_cat-oli-per-viso-e-corpo","9":"pa_formato-50ml","10":"pa_ingredienti-termini-inci-butyrospermum-parkii-butter-100","11":"pa_linea-cosmetici","12":"pa_linea-linea-bianca","13":"pa_marca-dr-giorgini","14":"pa_note-del-produttore-burro-di-karite-puro-50-ml-per-viso-corpo-e-capelli-il-burro-di-karite-ottenuto-dalle-noci-della-pianta-possiede-benefiche-proprieta-rigeneranti-elasticizzanti-antiossidanti-emollienti-e-nutrienti-per","15":"pa_sku-70","16":"pa_tipologia-crema","17":"pa_tipologia-olio","19":"first","20":"instock","21":"sale","22":"taxable","23":"shipping-taxable","24":"purchasable","25":"product-type-simple"},"acf":[],"yoast_head":"<!-- This site is optimized with the Yoast SEO plugin v24.9 - https:\/\/yoast.com\/wordpress\/plugins\/seo\/ -->\n<title>Burro di Karit\u00e8 puro 50ml. Rigenerante, elasticizzante antiossidante, emolliente e nutriente per la cute - Dottor Giorgini<\/title>\n<meta name=\"description\" content=\"Il burro di Karit\u00e8 possiede benefiche propriet\u00e0 rigeneranti, elasticizzanti, antiossidanti, emollienti e nutrienti per la cute.\" \/>\n<meta name=\"robots\" content=\"index, follow, max-snippet:-1, max-image-preview:large, max-video-preview:-1\" \/>\n<link rel=\"canonical\" href=\"https:\/\/www.dottorgiorgini.it\/it\/prodotto\/burro-di-karite-puro-50ml-rigenerante-elasticizzante-antiossidante-emolliente-e-nutriente-per-la-cute\/\" \/>\n<meta property=\"og:locale\" content=\"en_US\" \/>\n<meta property=\"og:type\" content=\"article\" \/>\n<meta property=\"og:title\" content=\"Burro di Karit\u00e8 puro 50ml. Rigenerante, elasticizzante antiossidante, emolliente e nutriente per la cute - Dottor Giorgini\" \/>\n<meta property=\"og:description\" content=\"Il burro di Karit\u00e8 possiede benefiche propriet\u00e0 rigeneranti, elasticizzanti, antiossidanti, emollienti e nutrienti per la cute.\" \/>\n<meta property=\"og:url\" content=\"https:\/\/www.dottorgiorgini.it\/it\/prodotto\/burro-di-karite-puro-50ml-rigenerante-elasticizzante-antiossidante-emolliente-e-nutriente-per-la-cute\/\" \/>\n<meta property=\"og:site_name\" content=\"Dottor Giorgini\" \/>\n<meta property=\"article:modified_time\" content=\"2026-02-27T16:18:13+00:00\" \/>\n<meta name=\"twitter:card\" content=\"summary_large_image\" \/>\n<meta name=\"twitter:label1\" content=\"Est. reading time\" \/>\n\t<meta name=\"twitter:data1\" content=\"1 minute\" \/>\n<script type=\"application\/ld+json\" class=\"yoast-schema-graph\">{\"@context\":\"https:\/\/schema.org\",\"@graph\":[{\"@type\":\"WebPage\",\"@id\":\"https:\/\/www.dottorgiorgini.it\/it\/prodotto\/burro-di-karite-puro-50ml-rigenerante-elasticizzante-antiossidante-emolliente-e-nutriente-per-la-cute\/\",\"url\":\"https:\/\/www.dottorgiorgini.it\/it\/prodotto\/burro-di-karite-puro-50ml-rigenerante-elasticizzante-antiossidante-emolliente-e-nutriente-per-la-cute\/\",\"name\":\"Burro di Karit\u00e8 puro 50ml. Rigenerante, elasticizzante antiossidante, emolliente e nutriente per la cute - Dottor Giorgini\",\"isPartOf\":{\"@id\":\"https:\/\/www.dottorgiorgini.it\/en\/#website\"},\"primaryImageOfPage\":{\"@id\":\"https:\/\/www.dottorgiorgini.it\/it\/prodotto\/burro-di-karite-puro-50ml-rigenerante-elasticizzante-antiossidante-emolliente-e-nutriente-per-la-cute\/#primaryimage\"},\"image\":{\"@id\":\"https:\/\/www.dottorgiorgini.it\/it\/prodotto\/burro-di-karite-puro-50ml-rigenerante-elasticizzante-antiossidante-emolliente-e-nutriente-per-la-cute\/#primaryimage\"},\"thumbnailUrl\":\"https:\/\/www.dottorgiorgini.it\/wp-content\/uploads\/2019\/01\/products-00009257.jpg\",\"datePublished\":\"2015-03-13T17:37:10+00:00\",\"dateModified\":\"2026-02-27T16:18:13+00:00\",\"description\":\"Il burro di Karit\u00e8 possiede benefiche propriet\u00e0 rigeneranti, elasticizzanti, antiossidanti, emollienti e nutrienti per la cute.\",\"breadcrumb\":{\"@id\":\"https:\/\/www.dottorgiorgini.it\/it\/prodotto\/burro-di-karite-puro-50ml-rigenerante-elasticizzante-antiossidante-emolliente-e-nutriente-per-la-cute\/#breadcrumb\"},\"inLanguage\":\"en-US\",\"potentialAction\":[{\"@type\":\"ReadAction\",\"target\":[\"https:\/\/www.dottorgiorgini.it\/it\/prodotto\/burro-di-karite-puro-50ml-rigenerante-elasticizzante-antiossidante-emolliente-e-nutriente-per-la-cute\/\"]}]},{\"@type\":\"ImageObject\",\"inLanguage\":\"en-US\",\"@id\":\"https:\/\/www.dottorgiorgini.it\/it\/prodotto\/burro-di-karite-puro-50ml-rigenerante-elasticizzante-antiossidante-emolliente-e-nutriente-per-la-cute\/#primaryimage\",\"url\":\"https:\/\/www.dottorgiorgini.it\/wp-content\/uploads\/2019\/01\/products-00009257.jpg\",\"contentUrl\":\"https:\/\/www.dottorgiorgini.it\/wp-content\/uploads\/2019\/01\/products-00009257.jpg\"},{\"@type\":\"BreadcrumbList\",\"@id\":\"https:\/\/www.dottorgiorgini.it\/it\/prodotto\/burro-di-karite-puro-50ml-rigenerante-elasticizzante-antiossidante-emolliente-e-nutriente-per-la-cute\/#breadcrumb\",\"itemListElement\":[{\"@type\":\"ListItem\",\"position\":1,\"name\":\"Home\",\"item\":\"https:\/\/www.dottorgiorgini.it\/en\/\"},{\"@type\":\"ListItem\",\"position\":2,\"name\":\"Shop\",\"item\":\"https:\/\/www.dottorgiorgini.it\/it\/negozio\/\"},{\"@type\":\"ListItem\",\"position\":3,\"name\":\"Burro di Karit\u00e8 puro 50ml. Rigenerante, elasticizzante antiossidante, emolliente e nutriente per la cute\"}]},{\"@type\":\"WebSite\",\"@id\":\"https:\/\/www.dottorgiorgini.it\/en\/#website\",\"url\":\"https:\/\/www.dottorgiorgini.it\/en\/\",\"name\":\"Dottor Giorgini\",\"description\":\"Herbs &amp; Natural Supplements\",\"potentialAction\":[{\"@type\":\"SearchAction\",\"target\":{\"@type\":\"EntryPoint\",\"urlTemplate\":\"https:\/\/www.dottorgiorgini.it\/en\/?s={search_term_string}\"},\"query-input\":{\"@type\":\"PropertyValueSpecification\",\"valueRequired\":true,\"valueName\":\"search_term_string\"}}],\"inLanguage\":\"en-US\"}]}<\/script>\n<!-- \/ Yoast SEO plugin. -->","yoast_head_json":{"title":"Burro di Karit\u00e8 puro 50ml. Rigenerante, elasticizzante antiossidante, emolliente e nutriente per la cute - Dottor Giorgini","description":"Il burro di Karit\u00e8 possiede benefiche propriet\u00e0 rigeneranti, elasticizzanti, antiossidanti, emollienti e nutrienti per la cute.","robots":{"index":"index","follow":"follow","max-snippet":"max-snippet:-1","max-image-preview":"max-image-preview:large","max-video-preview":"max-video-preview:-1"},"canonical":"https:\/\/www.dottorgiorgini.it\/it\/prodotto\/burro-di-karite-puro-50ml-rigenerante-elasticizzante-antiossidante-emolliente-e-nutriente-per-la-cute\/","og_locale":"en_US","og_type":"article","og_title":"Burro di Karit\u00e8 puro 50ml. Rigenerante, elasticizzante antiossidante, emolliente e nutriente per la cute - Dottor Giorgini","og_description":"Il burro di Karit\u00e8 possiede benefiche propriet\u00e0 rigeneranti, elasticizzanti, antiossidanti, emollienti e nutrienti per la cute.","og_url":"https:\/\/www.dottorgiorgini.it\/it\/prodotto\/burro-di-karite-puro-50ml-rigenerante-elasticizzante-antiossidante-emolliente-e-nutriente-per-la-cute\/","og_site_name":"Dottor Giorgini","article_modified_time":"2026-02-27T16:18:13+00:00","twitter_card":"summary_large_image","twitter_misc":{"Est. reading time":"1 minute"},"schema":{"@context":"https:\/\/schema.org","@graph":[{"@type":"WebPage","@id":"https:\/\/www.dottorgiorgini.it\/it\/prodotto\/burro-di-karite-puro-50ml-rigenerante-elasticizzante-antiossidante-emolliente-e-nutriente-per-la-cute\/","url":"https:\/\/www.dottorgiorgini.it\/it\/prodotto\/burro-di-karite-puro-50ml-rigenerante-elasticizzante-antiossidante-emolliente-e-nutriente-per-la-cute\/","name":"Burro di Karit\u00e8 puro 50ml. Rigenerante, elasticizzante antiossidante, emolliente e nutriente per la cute - Dottor Giorgini","isPartOf":{"@id":"https:\/\/www.dottorgiorgini.it\/en\/#website"},"primaryImageOfPage":{"@id":"https:\/\/www.dottorgiorgini.it\/it\/prodotto\/burro-di-karite-puro-50ml-rigenerante-elasticizzante-antiossidante-emolliente-e-nutriente-per-la-cute\/#primaryimage"},"image":{"@id":"https:\/\/www.dottorgiorgini.it\/it\/prodotto\/burro-di-karite-puro-50ml-rigenerante-elasticizzante-antiossidante-emolliente-e-nutriente-per-la-cute\/#primaryimage"},"thumbnailUrl":"https:\/\/www.dottorgiorgini.it\/wp-content\/uploads\/2019\/01\/products-00009257.jpg","datePublished":"2015-03-13T17:37:10+00:00","dateModified":"2026-02-27T16:18:13+00:00","description":"Il burro di Karit\u00e8 possiede benefiche propriet\u00e0 rigeneranti, elasticizzanti, antiossidanti, emollienti e nutrienti per la cute.","breadcrumb":{"@id":"https:\/\/www.dottorgiorgini.it\/it\/prodotto\/burro-di-karite-puro-50ml-rigenerante-elasticizzante-antiossidante-emolliente-e-nutriente-per-la-cute\/#breadcrumb"},"inLanguage":"en-US","potentialAction":[{"@type":"ReadAction","target":["https:\/\/www.dottorgiorgini.it\/it\/prodotto\/burro-di-karite-puro-50ml-rigenerante-elasticizzante-antiossidante-emolliente-e-nutriente-per-la-cute\/"]}]},{"@type":"ImageObject","inLanguage":"en-US","@id":"https:\/\/www.dottorgiorgini.it\/it\/prodotto\/burro-di-karite-puro-50ml-rigenerante-elasticizzante-antiossidante-emolliente-e-nutriente-per-la-cute\/#primaryimage","url":"https:\/\/www.dottorgiorgini.it\/wp-content\/uploads\/2019\/01\/products-00009257.jpg","contentUrl":"https:\/\/www.dottorgiorgini.it\/wp-content\/uploads\/2019\/01\/products-00009257.jpg"},{"@type":"BreadcrumbList","@id":"https:\/\/www.dottorgiorgini.it\/it\/prodotto\/burro-di-karite-puro-50ml-rigenerante-elasticizzante-antiossidante-emolliente-e-nutriente-per-la-cute\/#breadcrumb","itemListElement":[{"@type":"ListItem","position":1,"name":"Home","item":"https:\/\/www.dottorgiorgini.it\/en\/"},{"@type":"ListItem","position":2,"name":"Shop","item":"https:\/\/www.dottorgiorgini.it\/it\/negozio\/"},{"@type":"ListItem","position":3,"name":"Burro di Karit\u00e8 puro 50ml. Rigenerante, elasticizzante antiossidante, emolliente e nutriente per la cute"}]},{"@type":"WebSite","@id":"https:\/\/www.dottorgiorgini.it\/en\/#website","url":"https:\/\/www.dottorgiorgini.it\/en\/","name":"Dottor Giorgini","description":"Herbs &amp; Natural Supplements","potentialAction":[{"@type":"SearchAction","target":{"@type":"EntryPoint","urlTemplate":"https:\/\/www.dottorgiorgini.it\/en\/?s={search_term_string}"},"query-input":{"@type":"PropertyValueSpecification","valueRequired":true,"valueName":"search_term_string"}}],"inLanguage":"en-US"}]}},"_links":{"self":[{"href":"https:\/\/www.dottorgiorgini.it\/en\/wp-json\/wp\/v2\/product\/7263","targetHints":{"allow":["GET"]}}],"collection":[{"href":"https:\/\/www.dottorgiorgini.it\/en\/wp-json\/wp\/v2\/product"}],"about":[{"href":"https:\/\/www.dottorgiorgini.it\/en\/wp-json\/wp\/v2\/types\/product"}],"wp:featuredmedia":[{"embeddable":true,"href":"https:\/\/www.dottorgiorgini.it\/en\/wp-json\/"}],"wp:attachment":[{"href":"https:\/\/www.dottorgiorgini.it\/en\/wp-json\/wp\/v2\/media?parent=7263"}],"wp:term":[{"taxonomy":"product_brand","embeddable":true,"href":"https:\/\/www.dottorgiorgini.it\/en\/wp-json\/wp\/v2\/product_brand?post=7263"},{"taxonomy":"product_cat","embeddable":true,"href":"https:\/\/www.dottorgiorgini.it\/en\/wp-json\/wp\/v2\/product_cat?post=7263"},{"taxonomy":"product_tag","embeddable":true,"href":"https:\/\/www.dottorgiorgini.it\/en\/wp-json\/wp\/v2\/product_tag?post=7263"},{"taxonomy":"giftcard-category","embeddable":true,"href":"https:\/\/www.dottorgiorgini.it\/en\/wp-json\/wp\/v2\/giftcard-category?post=7263"}],"curies":[{"name":"wp","href":"https:\/\/api.w.org\/{rel}","templated":true}]}}