{"id":7294,"date":"2013-05-11T02:00:00","date_gmt":"2013-05-11T00:00:00","guid":{"rendered":"http:\/\/www.dottorgiorgini.it\/prodotto\/dolce-natura-dolcificante-a-zero-calorie-con-stevia-rebaudiana\/"},"modified":"2026-01-30T12:35:37","modified_gmt":"2026-01-30T11:35:37","slug":"dolce-natura-polvere-dolcificante-di-origine-naturale-zero-calorie","status":"publish","type":"product","link":"https:\/\/www.dottorgiorgini.it\/en\/prodotto\/dolce-natura-polvere-dolcificante-di-origine-naturale-zero-calorie\/","title":{"rendered":"Dolce Natura\u00a0Polvere Dolcificante di origine naturale ZERO calorie!"},"content":{"rendered":"<p>Dolce Natura\u00a0Polvere 200 grammi &#8211; dr. Giorgini<\/p>\n<p>Dolcificante di origine naturale ZERO calorie!<\/p>\n<p><strong>Consigli d&#8217;uso<\/strong><\/p>\n<p>Adatto per dolcificare tisane, caff\u00e8, t\u00e8 o altre bevande calde o fredde, pu\u00f2 essere utile anche per preparare dolci ipocalorici. Dosare quanto basta a dolcificare: un misurino di Dolce NATURA\u00ae (0,25 g &#8211; 0 Kcal) dolcifica quanto un cucchiaino di zucchero comune (5 g \u2013 20 Kcal).<\/p>\n<p><strong>Ingredienti<\/strong><\/p>\n<p>Eritritolo (E968), glicosidi steviolici (960) estratti da foglie di stevia, taumatina (E957) estratta da frutti di katemfe.<\/p>\n<p><strong>Avvertenze<\/strong><\/p>\n<p>Un consumo eccessivo pu\u00f2 avere effetti lassativi.<\/p>\n<p><strong>Note sulla preparazione<\/strong><\/p>\n<p>Dolce NATURA\u00ae\u00a0\u00e8 un\u00a0edulcorante\u00a0100% di origine naturale\u00a0senza calorie\u00a0(0 Kcal) contenente Eritritolo, Stevia e Katemfe.<\/p>\n<p>L\u2019eritritolo\u00a0\u00e8 un dolcificante naturale appartenente alla famiglia dei polioli o polialcoli (come lo xilitolo e la glicerina o glicerolo), si trova in natura in molti frutti e alimenti.<\/p>\n<p>La\u00a0Stevia\u00a0\u00e8 il\u00a0Katemfe\u00a0crescono rispettivamente in Sud America e in Africa, in questi paesi vengono utilizzati da secoli come dolcificanti naturali.<\/p>\n<p>Gli estratti di queste piante hanno un elevato potere dolcificante, infatti l\u2019estratto di foglie di\u00a0Stevia dolcifica 400 volte di pi\u00f9 dello zucchero e quello di frutti di Katemfe 2500 volte!<\/p>\n<p>Inoltre, la speciale purificazione di questi estratti permette di ottenere un prodotto dal\u00a0gusto molto gradevole e dolce come lo zucchero.<\/p>\n<p>Dolce NATURA\u00ae, utilizzato come sostituto dello zucchero, pu\u00f2 essere utile\u00a0in tutti i programmi alimentari in cui si voglia ridurre l\u2019apporto calorico giornaliero, nonch\u00e8 nell\u2019alimentazione di coloro che devono\u00a0limitare l\u2019aumento del glucosio ematico.<\/p>\n<p>Pu\u00f2, inoltre, contribuire al mantenimento della mineralizzazione dei denti.<\/p>\n","protected":false},"excerpt":{"rendered":"<p>Dolce Natura\u00a0Polvere 200 grammi &#8211; dr. Giorgini Dolcificante di origine naturale ZERO calorie! Consigli d&#8217;uso Adatto per dolcificare tisane, caff\u00e8, t\u00e8 o altre bevande calde o fredde, pu\u00f2 essere utile anche per preparare dolci ipocalorici. Dosare quanto basta a dolcificare: un misurino di Dolce NATURA\u00ae&#8230;<\/p>\n","protected":false},"featured_media":1000000119045,"template":"","meta":{"_acf_changed":false},"product_brand":[],"product_cat":[4171],"product_tag":[3041,217,3042,3043,3044,3045,3046],"giftcard-category":[],"class_list":{"0":"post-7294","1":"product","2":"type-product","3":"status-publish","4":"has-post-thumbnail","6":"product_cat-linea-oro-classica","7":"product_tag-calorie-2","8":"product_tag-con","9":"product_tag-dolce-2","10":"product_tag-dolcificante-2","11":"product_tag-rebaudiana-2","12":"product_tag-stevia-2","13":"product_tag-zero-2","14":"pa_formato-200-grammi","15":"pa_linea-linea-oro","16":"pa_marca-dr-giorgini","17":"pa_sku-1318","18":"pa_tipologia-polvere","20":"first","21":"instock","22":"sale","23":"taxable","24":"shipping-taxable","25":"purchasable","26":"product-type-simple"},"acf":[],"yoast_head":"<!-- This site is optimized with the Yoast SEO plugin v24.9 - https:\/\/yoast.com\/wordpress\/plugins\/seo\/ -->\n<title>DOLCE NATURA DOLCIFICANTE A ZERO CALORIE CON STEVIA REBAUDIANA<\/title>\n<meta name=\"description\" content=\"Dolce NATURA\u00ae\u00a0\u00e8 un\u00a0edulcorante\u00a0100% di origine naturale\u00a0senza calorie\u00a0(0 Kcal) contenente Eritritolo, Stevia e Katemfe. Dr. Giorgini\" \/>\n<meta name=\"robots\" content=\"index, follow, max-snippet:-1, max-image-preview:large, max-video-preview:-1\" \/>\n<link rel=\"canonical\" href=\"https:\/\/www.dottorgiorgini.it\/it\/prodotto\/dolce-natura-polvere-dolcificante-di-origine-naturale-zero-calorie\/\" \/>\n<meta property=\"og:locale\" content=\"en_US\" \/>\n<meta property=\"og:type\" content=\"article\" \/>\n<meta property=\"og:title\" content=\"DOLCE NATURA DOLCIFICANTE A ZERO CALORIE CON STEVIA REBAUDIANA\" \/>\n<meta property=\"og:description\" content=\"Dolce NATURA\u00ae\u00a0\u00e8 un\u00a0edulcorante\u00a0100% di origine naturale\u00a0senza calorie\u00a0(0 Kcal) contenente Eritritolo, Stevia e Katemfe. Dr. Giorgini\" \/>\n<meta property=\"og:url\" content=\"https:\/\/www.dottorgiorgini.it\/it\/prodotto\/dolce-natura-polvere-dolcificante-di-origine-naturale-zero-calorie\/\" \/>\n<meta property=\"og:site_name\" content=\"Dottor Giorgini\" \/>\n<meta property=\"article:modified_time\" content=\"2026-01-30T11:35:37+00:00\" \/>\n<meta name=\"twitter:card\" content=\"summary_large_image\" \/>\n<meta name=\"twitter:label1\" content=\"Est. reading time\" \/>\n\t<meta name=\"twitter:data1\" content=\"1 minute\" \/>\n<script type=\"application\/ld+json\" class=\"yoast-schema-graph\">{\"@context\":\"https:\/\/schema.org\",\"@graph\":[{\"@type\":\"WebPage\",\"@id\":\"https:\/\/www.dottorgiorgini.it\/it\/prodotto\/dolce-natura-polvere-dolcificante-di-origine-naturale-zero-calorie\/\",\"url\":\"https:\/\/www.dottorgiorgini.it\/it\/prodotto\/dolce-natura-polvere-dolcificante-di-origine-naturale-zero-calorie\/\",\"name\":\"DOLCE NATURA DOLCIFICANTE A ZERO CALORIE CON STEVIA REBAUDIANA\",\"isPartOf\":{\"@id\":\"https:\/\/www.dottorgiorgini.it\/en\/#website\"},\"primaryImageOfPage\":{\"@id\":\"https:\/\/www.dottorgiorgini.it\/it\/prodotto\/dolce-natura-polvere-dolcificante-di-origine-naturale-zero-calorie\/#primaryimage\"},\"image\":{\"@id\":\"https:\/\/www.dottorgiorgini.it\/it\/prodotto\/dolce-natura-polvere-dolcificante-di-origine-naturale-zero-calorie\/#primaryimage\"},\"thumbnailUrl\":\"https:\/\/www.dottorgiorgini.it\/wp-content\/uploads\/2013\/05\/00009605-dolcenatura.jpeg\",\"datePublished\":\"2013-05-11T00:00:00+00:00\",\"dateModified\":\"2026-01-30T11:35:37+00:00\",\"description\":\"Dolce NATURA\u00ae\u00a0\u00e8 un\u00a0edulcorante\u00a0100% di origine naturale\u00a0senza calorie\u00a0(0 Kcal) contenente Eritritolo, Stevia e Katemfe. Dr. Giorgini\",\"breadcrumb\":{\"@id\":\"https:\/\/www.dottorgiorgini.it\/it\/prodotto\/dolce-natura-polvere-dolcificante-di-origine-naturale-zero-calorie\/#breadcrumb\"},\"inLanguage\":\"en-US\",\"potentialAction\":[{\"@type\":\"ReadAction\",\"target\":[\"https:\/\/www.dottorgiorgini.it\/it\/prodotto\/dolce-natura-polvere-dolcificante-di-origine-naturale-zero-calorie\/\"]}]},{\"@type\":\"ImageObject\",\"inLanguage\":\"en-US\",\"@id\":\"https:\/\/www.dottorgiorgini.it\/it\/prodotto\/dolce-natura-polvere-dolcificante-di-origine-naturale-zero-calorie\/#primaryimage\",\"url\":\"https:\/\/www.dottorgiorgini.it\/wp-content\/uploads\/2013\/05\/00009605-dolcenatura.jpeg\",\"contentUrl\":\"https:\/\/www.dottorgiorgini.it\/wp-content\/uploads\/2013\/05\/00009605-dolcenatura.jpeg\"},{\"@type\":\"BreadcrumbList\",\"@id\":\"https:\/\/www.dottorgiorgini.it\/it\/prodotto\/dolce-natura-polvere-dolcificante-di-origine-naturale-zero-calorie\/#breadcrumb\",\"itemListElement\":[{\"@type\":\"ListItem\",\"position\":1,\"name\":\"Home\",\"item\":\"https:\/\/www.dottorgiorgini.it\/en\/\"},{\"@type\":\"ListItem\",\"position\":2,\"name\":\"Shop\",\"item\":\"https:\/\/www.dottorgiorgini.it\/it\/negozio\/\"},{\"@type\":\"ListItem\",\"position\":3,\"name\":\"Dolce Natura\u00a0Polvere Dolcificante di origine naturale ZERO calorie!\"}]},{\"@type\":\"WebSite\",\"@id\":\"https:\/\/www.dottorgiorgini.it\/en\/#website\",\"url\":\"https:\/\/www.dottorgiorgini.it\/en\/\",\"name\":\"Dottor Giorgini\",\"description\":\"Herbs &amp; Natural Supplements\",\"potentialAction\":[{\"@type\":\"SearchAction\",\"target\":{\"@type\":\"EntryPoint\",\"urlTemplate\":\"https:\/\/www.dottorgiorgini.it\/en\/?s={search_term_string}\"},\"query-input\":{\"@type\":\"PropertyValueSpecification\",\"valueRequired\":true,\"valueName\":\"search_term_string\"}}],\"inLanguage\":\"en-US\"}]}<\/script>\n<!-- \/ Yoast SEO plugin. -->","yoast_head_json":{"title":"DOLCE NATURA DOLCIFICANTE A ZERO CALORIE CON STEVIA REBAUDIANA","description":"Dolce NATURA\u00ae\u00a0\u00e8 un\u00a0edulcorante\u00a0100% di origine naturale\u00a0senza calorie\u00a0(0 Kcal) contenente Eritritolo, Stevia e Katemfe. Dr. Giorgini","robots":{"index":"index","follow":"follow","max-snippet":"max-snippet:-1","max-image-preview":"max-image-preview:large","max-video-preview":"max-video-preview:-1"},"canonical":"https:\/\/www.dottorgiorgini.it\/it\/prodotto\/dolce-natura-polvere-dolcificante-di-origine-naturale-zero-calorie\/","og_locale":"en_US","og_type":"article","og_title":"DOLCE NATURA DOLCIFICANTE A ZERO CALORIE CON STEVIA REBAUDIANA","og_description":"Dolce NATURA\u00ae\u00a0\u00e8 un\u00a0edulcorante\u00a0100% di origine naturale\u00a0senza calorie\u00a0(0 Kcal) contenente Eritritolo, Stevia e Katemfe. Dr. Giorgini","og_url":"https:\/\/www.dottorgiorgini.it\/it\/prodotto\/dolce-natura-polvere-dolcificante-di-origine-naturale-zero-calorie\/","og_site_name":"Dottor Giorgini","article_modified_time":"2026-01-30T11:35:37+00:00","twitter_card":"summary_large_image","twitter_misc":{"Est. reading time":"1 minute"},"schema":{"@context":"https:\/\/schema.org","@graph":[{"@type":"WebPage","@id":"https:\/\/www.dottorgiorgini.it\/it\/prodotto\/dolce-natura-polvere-dolcificante-di-origine-naturale-zero-calorie\/","url":"https:\/\/www.dottorgiorgini.it\/it\/prodotto\/dolce-natura-polvere-dolcificante-di-origine-naturale-zero-calorie\/","name":"DOLCE NATURA DOLCIFICANTE A ZERO CALORIE CON STEVIA REBAUDIANA","isPartOf":{"@id":"https:\/\/www.dottorgiorgini.it\/en\/#website"},"primaryImageOfPage":{"@id":"https:\/\/www.dottorgiorgini.it\/it\/prodotto\/dolce-natura-polvere-dolcificante-di-origine-naturale-zero-calorie\/#primaryimage"},"image":{"@id":"https:\/\/www.dottorgiorgini.it\/it\/prodotto\/dolce-natura-polvere-dolcificante-di-origine-naturale-zero-calorie\/#primaryimage"},"thumbnailUrl":"https:\/\/www.dottorgiorgini.it\/wp-content\/uploads\/2013\/05\/00009605-dolcenatura.jpeg","datePublished":"2013-05-11T00:00:00+00:00","dateModified":"2026-01-30T11:35:37+00:00","description":"Dolce NATURA\u00ae\u00a0\u00e8 un\u00a0edulcorante\u00a0100% di origine naturale\u00a0senza calorie\u00a0(0 Kcal) contenente Eritritolo, Stevia e Katemfe. Dr. Giorgini","breadcrumb":{"@id":"https:\/\/www.dottorgiorgini.it\/it\/prodotto\/dolce-natura-polvere-dolcificante-di-origine-naturale-zero-calorie\/#breadcrumb"},"inLanguage":"en-US","potentialAction":[{"@type":"ReadAction","target":["https:\/\/www.dottorgiorgini.it\/it\/prodotto\/dolce-natura-polvere-dolcificante-di-origine-naturale-zero-calorie\/"]}]},{"@type":"ImageObject","inLanguage":"en-US","@id":"https:\/\/www.dottorgiorgini.it\/it\/prodotto\/dolce-natura-polvere-dolcificante-di-origine-naturale-zero-calorie\/#primaryimage","url":"https:\/\/www.dottorgiorgini.it\/wp-content\/uploads\/2013\/05\/00009605-dolcenatura.jpeg","contentUrl":"https:\/\/www.dottorgiorgini.it\/wp-content\/uploads\/2013\/05\/00009605-dolcenatura.jpeg"},{"@type":"BreadcrumbList","@id":"https:\/\/www.dottorgiorgini.it\/it\/prodotto\/dolce-natura-polvere-dolcificante-di-origine-naturale-zero-calorie\/#breadcrumb","itemListElement":[{"@type":"ListItem","position":1,"name":"Home","item":"https:\/\/www.dottorgiorgini.it\/en\/"},{"@type":"ListItem","position":2,"name":"Shop","item":"https:\/\/www.dottorgiorgini.it\/it\/negozio\/"},{"@type":"ListItem","position":3,"name":"Dolce Natura\u00a0Polvere Dolcificante di origine naturale ZERO calorie!"}]},{"@type":"WebSite","@id":"https:\/\/www.dottorgiorgini.it\/en\/#website","url":"https:\/\/www.dottorgiorgini.it\/en\/","name":"Dottor Giorgini","description":"Herbs &amp; Natural Supplements","potentialAction":[{"@type":"SearchAction","target":{"@type":"EntryPoint","urlTemplate":"https:\/\/www.dottorgiorgini.it\/en\/?s={search_term_string}"},"query-input":{"@type":"PropertyValueSpecification","valueRequired":true,"valueName":"search_term_string"}}],"inLanguage":"en-US"}]}},"_links":{"self":[{"href":"https:\/\/www.dottorgiorgini.it\/en\/wp-json\/wp\/v2\/product\/7294","targetHints":{"allow":["GET"]}}],"collection":[{"href":"https:\/\/www.dottorgiorgini.it\/en\/wp-json\/wp\/v2\/product"}],"about":[{"href":"https:\/\/www.dottorgiorgini.it\/en\/wp-json\/wp\/v2\/types\/product"}],"wp:featuredmedia":[{"embeddable":true,"href":"https:\/\/www.dottorgiorgini.it\/en\/wp-json\/"}],"wp:attachment":[{"href":"https:\/\/www.dottorgiorgini.it\/en\/wp-json\/wp\/v2\/media?parent=7294"}],"wp:term":[{"taxonomy":"product_brand","embeddable":true,"href":"https:\/\/www.dottorgiorgini.it\/en\/wp-json\/wp\/v2\/product_brand?post=7294"},{"taxonomy":"product_cat","embeddable":true,"href":"https:\/\/www.dottorgiorgini.it\/en\/wp-json\/wp\/v2\/product_cat?post=7294"},{"taxonomy":"product_tag","embeddable":true,"href":"https:\/\/www.dottorgiorgini.it\/en\/wp-json\/wp\/v2\/product_tag?post=7294"},{"taxonomy":"giftcard-category","embeddable":true,"href":"https:\/\/www.dottorgiorgini.it\/en\/wp-json\/wp\/v2\/giftcard-category?post=7294"}],"curies":[{"name":"wp","href":"https:\/\/api.w.org\/{rel}","templated":true}]}}