{"id":7393,"date":"2013-05-11T02:00:00","date_gmt":"2013-05-11T00:00:00","guid":{"rendered":"http:\/\/www.dottorgiorgini.it\/prodotto\/creatina-plus-vitaminsport-90gr-180-pastiglie\/"},"modified":"2026-01-30T12:11:36","modified_gmt":"2026-01-30T11:11:36","slug":"creatina-plus-180-pastiglie-con-laggiunta-di-minerali-vitamine-e-altri-nutritivi-ideale-per-sportivi","status":"publish","type":"product","link":"https:\/\/www.dottorgiorgini.it\/en\/prodotto\/creatina-plus-180-pastiglie-con-laggiunta-di-minerali-vitamine-e-altri-nutritivi-ideale-per-sportivi\/","title":{"rendered":"Creatina Plus 180 pastiglie con l\u2019aggiunta di minerali, vitamine e altri nutritivi. Ideale per sportivi"},"content":{"rendered":"<p><strong>Creatina Plus 180 pastiglie &#8211; dr. Giorgini<\/strong><\/p>\n<p>Integratore a base di creatina, indicato per la dieta degli sportivi, con l\u2019aggiunta di minerali, vitamine e altri nutritivi.<\/p>\n<p>La creatina \u00e8 utile per incrementare le prestazioni fisiche in caso di attivit\u00e0 ripetitive, di elevata intensit\u00e0 e di breve durata*.<\/p>\n<p>Inoltre, calcio, ferro, fosforo, magnesio, manganese, vitamine del gruppo B e vitamina C promuovono il metabolismo energetico aiutando a contrastare il senso di stanchezza ed affaticamento.<\/p>\n<p>*L\u2019effetto benefico si ottiene con l\u2019assunzione giornaliera di 3 g di creatina.<\/p>\n<p><strong>Consigli d&#8217;uso<\/strong><\/p>\n<p>Si consiglia l\u2019assunzione di 5 pastiglie da una a tre volte al giorno in qualunque momento (da 5 a 15 pastiglie al giorno).<\/p>\n<p>Suggerito prima e dopo un\u2019attivit\u00e0 fisica intensa.<\/p>\n<p><strong>Ingredienti<\/strong><\/p>\n<p>Creatina monoidrato, cellulosa microcristallina\u00b0, gomma arabica\u00b0, calcio fosfato bibasico, taurina, (L-)ornitina-\u03b1-ketoglutarato (OKG), GAKIC (glicina arginina-\u03b1-ketoisocaproato), creatina fosfato, acetil (L-)carnitina cloridrato, silicio biossido\u00b0\u00b0, calcio glicerofosfato, fruttosio 1,6 difosfato, creatina etilestere, SAMe (S-adenosil metionina disolfato tosilato), magnesio glicerofosfato, magnesio ossido, \u00df-alanina, (L-)istidina, ferro gluconato, potassio ascorbato, magnesio stearato di origine vegetale\u00b0\u00b0, zinco gluconato, vitamina E di origine vegetale (acetato di D-\u03b1-tocoferile), vitamina B3 (niacina), manganese gluconato, rame gluconato, vitamina B5 (pantotenato di calcio), vitamina A (acetato di retinile), lichene (Cladonia rangiferina) tallo E.S. (titolato in vitamina D3 colecalciferolo 100.000 UI\/g), vitamina B6 (piridossina cloridrato), vitamina B2 (riboflavina), vitamina B1 (tiamina cloridrato), cromo picolinato, acido folico, potassio ioduro, sodio molibdato, sodio selenito, vitamina K1 (fillochinone), biotina, vitamina B12 (cianocobalamina).<br \/>\n\u00b0Agente di carica. \u00b0\u00b0Antiagglomerante.<\/p>\n<p><strong>Non contiene conservanti, coloranti, aromi ed edulcoranti di sintesi.<\/strong><\/p>\n<p><strong>Naturale caratteristica distintiva: odore caratteristico<\/strong><\/p>\n","protected":false},"excerpt":{"rendered":"<p>Creatina Plus 180 pastiglie &#8211; dr. Giorgini Integratore a base di creatina, indicato per la dieta degli sportivi, con l\u2019aggiunta di minerali, vitamine e altri nutritivi. La creatina \u00e8 utile per incrementare le prestazioni fisiche in caso di attivit\u00e0 ripetitive, di elevata intensit\u00e0 e di&#8230;<\/p>\n","protected":false},"featured_media":15451,"template":"","meta":{"_acf_changed":false},"product_brand":[],"product_cat":[2022,2938,2925],"product_tag":[],"giftcard-category":[],"class_list":{"0":"post-7393","1":"product","2":"type-product","3":"status-publish","4":"has-post-thumbnail","6":"product_cat-linea-oro","7":"product_cat-dr-apparato-muscoloscheletrico","8":"product_cat-dr-vitamine","9":"pa_avvertenze-gli-integratori-non-vanno-intesi-come-sostituti-di-una-dieta-variata-utilizzare-il-prodotto-nell-ambito-di-una-dieta-equilibrata-ed-uno-stile-di-vita-sano-non-superare-la-dose-giornaliera-raccomandata","10":"pa_formato-180-pastiglie","11":"pa_ingredienti-creatina-monoidrato-cellulosa-microcristallina-gomma-arabica-calcio-fosfato-bibasico-taurina-l-ornitina-ketoglutarato-okg-gakic-glicina-arginina-ketoisocaproato-creatina-fosfato-acetil-l-carnitina-sil","12":"pa_linea-linea-oro","13":"pa_marca-dr-giorgini","14":"pa_note-del-produttore-per-la-dieta-degli-sportivi-si-puo-assumere-fino-a-un-massimo-di-30-pastiglie-corrispondenti-a-6-g-di-creatina-al-giorno-per-non-oltre-un-mese","15":"pa_sku-1227","16":"pa_tipologia-compresse","18":"first","19":"instock","20":"sale","21":"taxable","22":"shipping-taxable","23":"purchasable","24":"product-type-simple"},"acf":[],"yoast_head":"<!-- This site is optimized with the Yoast SEO plugin v24.9 - https:\/\/yoast.com\/wordpress\/plugins\/seo\/ -->\n<title>Creatina Plus 180 pastiglie con l\u2019aggiunta di minerali, vitamine e altri nutritivi. Ideale per sportivi - Dottor Giorgini<\/title>\n<meta name=\"description\" content=\"Integratore a base di creatina, indicato per la dieta degli sportivi, con l\u2019aggiunta di minerali, vitamine e altri nutritivi.\" \/>\n<meta name=\"robots\" content=\"index, follow, max-snippet:-1, max-image-preview:large, max-video-preview:-1\" \/>\n<link rel=\"canonical\" href=\"https:\/\/www.dottorgiorgini.it\/it\/prodotto\/creatina-plus-180-pastiglie-con-laggiunta-di-minerali-vitamine-e-altri-nutritivi-ideale-per-sportivi\/\" \/>\n<meta property=\"og:locale\" content=\"en_US\" \/>\n<meta property=\"og:type\" content=\"article\" \/>\n<meta property=\"og:title\" content=\"Creatina Plus 180 pastiglie con l\u2019aggiunta di minerali, vitamine e altri nutritivi. Ideale per sportivi - Dottor Giorgini\" \/>\n<meta property=\"og:description\" content=\"Integratore a base di creatina, indicato per la dieta degli sportivi, con l\u2019aggiunta di minerali, vitamine e altri nutritivi.\" \/>\n<meta property=\"og:url\" content=\"https:\/\/www.dottorgiorgini.it\/it\/prodotto\/creatina-plus-180-pastiglie-con-laggiunta-di-minerali-vitamine-e-altri-nutritivi-ideale-per-sportivi\/\" \/>\n<meta property=\"og:site_name\" content=\"Dottor Giorgini\" \/>\n<meta property=\"article:modified_time\" content=\"2026-01-30T11:11:36+00:00\" \/>\n<meta property=\"og:image\" content=\"https:\/\/www.dottorgiorgini.it\/wp-content\/uploads\/sites\/2\/2023\/02\/00009684-creatinaplus-180.jpeg\" \/>\n\t<meta property=\"og:image:width\" content=\"1200\" \/>\n\t<meta property=\"og:image:height\" content=\"1200\" \/>\n\t<meta property=\"og:image:type\" content=\"image\/jpeg\" \/>\n<meta name=\"twitter:card\" content=\"summary_large_image\" \/>\n<meta name=\"twitter:label1\" content=\"Est. reading time\" \/>\n\t<meta name=\"twitter:data1\" content=\"2 minutes\" \/>\n<script type=\"application\/ld+json\" class=\"yoast-schema-graph\">{\"@context\":\"https:\/\/schema.org\",\"@graph\":[{\"@type\":\"WebPage\",\"@id\":\"https:\/\/www.dottorgiorgini.it\/it\/prodotto\/creatina-plus-180-pastiglie-con-laggiunta-di-minerali-vitamine-e-altri-nutritivi-ideale-per-sportivi\/\",\"url\":\"https:\/\/www.dottorgiorgini.it\/it\/prodotto\/creatina-plus-180-pastiglie-con-laggiunta-di-minerali-vitamine-e-altri-nutritivi-ideale-per-sportivi\/\",\"name\":\"Creatina Plus 180 pastiglie con l\u2019aggiunta di minerali, vitamine e altri nutritivi. Ideale per sportivi - Dottor Giorgini\",\"isPartOf\":{\"@id\":\"https:\/\/www.dottorgiorgini.it\/en\/#website\"},\"primaryImageOfPage\":{\"@id\":\"https:\/\/www.dottorgiorgini.it\/it\/prodotto\/creatina-plus-180-pastiglie-con-laggiunta-di-minerali-vitamine-e-altri-nutritivi-ideale-per-sportivi\/#primaryimage\"},\"image\":{\"@id\":\"https:\/\/www.dottorgiorgini.it\/it\/prodotto\/creatina-plus-180-pastiglie-con-laggiunta-di-minerali-vitamine-e-altri-nutritivi-ideale-per-sportivi\/#primaryimage\"},\"thumbnailUrl\":\"https:\/\/www.dottorgiorgini.it\/wp-content\/uploads\/sites\/2\/2023\/02\/00009684-creatinaplus-180.jpeg\",\"datePublished\":\"2013-05-11T00:00:00+00:00\",\"dateModified\":\"2026-01-30T11:11:36+00:00\",\"description\":\"Integratore a base di creatina, indicato per la dieta degli sportivi, con l\u2019aggiunta di minerali, vitamine e altri nutritivi.\",\"breadcrumb\":{\"@id\":\"https:\/\/www.dottorgiorgini.it\/it\/prodotto\/creatina-plus-180-pastiglie-con-laggiunta-di-minerali-vitamine-e-altri-nutritivi-ideale-per-sportivi\/#breadcrumb\"},\"inLanguage\":\"en-US\",\"potentialAction\":[{\"@type\":\"ReadAction\",\"target\":[\"https:\/\/www.dottorgiorgini.it\/it\/prodotto\/creatina-plus-180-pastiglie-con-laggiunta-di-minerali-vitamine-e-altri-nutritivi-ideale-per-sportivi\/\"]}]},{\"@type\":\"ImageObject\",\"inLanguage\":\"en-US\",\"@id\":\"https:\/\/www.dottorgiorgini.it\/it\/prodotto\/creatina-plus-180-pastiglie-con-laggiunta-di-minerali-vitamine-e-altri-nutritivi-ideale-per-sportivi\/#primaryimage\",\"url\":\"https:\/\/www.dottorgiorgini.it\/wp-content\/uploads\/sites\/2\/2023\/02\/00009684-creatinaplus-180.jpeg\",\"contentUrl\":\"https:\/\/www.dottorgiorgini.it\/wp-content\/uploads\/sites\/2\/2023\/02\/00009684-creatinaplus-180.jpeg\",\"width\":1200,\"height\":1200},{\"@type\":\"BreadcrumbList\",\"@id\":\"https:\/\/www.dottorgiorgini.it\/it\/prodotto\/creatina-plus-180-pastiglie-con-laggiunta-di-minerali-vitamine-e-altri-nutritivi-ideale-per-sportivi\/#breadcrumb\",\"itemListElement\":[{\"@type\":\"ListItem\",\"position\":1,\"name\":\"Home\",\"item\":\"https:\/\/www.dottorgiorgini.it\/en\/\"},{\"@type\":\"ListItem\",\"position\":2,\"name\":\"Shop\",\"item\":\"https:\/\/www.dottorgiorgini.it\/it\/negozio\/\"},{\"@type\":\"ListItem\",\"position\":3,\"name\":\"Creatina Plus 180 pastiglie con l\u2019aggiunta di minerali, vitamine e altri nutritivi. Ideale per sportivi\"}]},{\"@type\":\"WebSite\",\"@id\":\"https:\/\/www.dottorgiorgini.it\/en\/#website\",\"url\":\"https:\/\/www.dottorgiorgini.it\/en\/\",\"name\":\"Dottor Giorgini\",\"description\":\"Herbs &amp; Natural Supplements\",\"potentialAction\":[{\"@type\":\"SearchAction\",\"target\":{\"@type\":\"EntryPoint\",\"urlTemplate\":\"https:\/\/www.dottorgiorgini.it\/en\/?s={search_term_string}\"},\"query-input\":{\"@type\":\"PropertyValueSpecification\",\"valueRequired\":true,\"valueName\":\"search_term_string\"}}],\"inLanguage\":\"en-US\"}]}<\/script>\n<!-- \/ Yoast SEO plugin. -->","yoast_head_json":{"title":"Creatina Plus 180 pastiglie con l\u2019aggiunta di minerali, vitamine e altri nutritivi. Ideale per sportivi - Dottor Giorgini","description":"Integratore a base di creatina, indicato per la dieta degli sportivi, con l\u2019aggiunta di minerali, vitamine e altri nutritivi.","robots":{"index":"index","follow":"follow","max-snippet":"max-snippet:-1","max-image-preview":"max-image-preview:large","max-video-preview":"max-video-preview:-1"},"canonical":"https:\/\/www.dottorgiorgini.it\/it\/prodotto\/creatina-plus-180-pastiglie-con-laggiunta-di-minerali-vitamine-e-altri-nutritivi-ideale-per-sportivi\/","og_locale":"en_US","og_type":"article","og_title":"Creatina Plus 180 pastiglie con l\u2019aggiunta di minerali, vitamine e altri nutritivi. Ideale per sportivi - Dottor Giorgini","og_description":"Integratore a base di creatina, indicato per la dieta degli sportivi, con l\u2019aggiunta di minerali, vitamine e altri nutritivi.","og_url":"https:\/\/www.dottorgiorgini.it\/it\/prodotto\/creatina-plus-180-pastiglie-con-laggiunta-di-minerali-vitamine-e-altri-nutritivi-ideale-per-sportivi\/","og_site_name":"Dottor Giorgini","article_modified_time":"2026-01-30T11:11:36+00:00","og_image":[{"width":1200,"height":1200,"url":"https:\/\/www.dottorgiorgini.it\/wp-content\/uploads\/sites\/2\/2023\/02\/00009684-creatinaplus-180.jpeg","type":"image\/jpeg"}],"twitter_card":"summary_large_image","twitter_misc":{"Est. reading time":"2 minutes"},"schema":{"@context":"https:\/\/schema.org","@graph":[{"@type":"WebPage","@id":"https:\/\/www.dottorgiorgini.it\/it\/prodotto\/creatina-plus-180-pastiglie-con-laggiunta-di-minerali-vitamine-e-altri-nutritivi-ideale-per-sportivi\/","url":"https:\/\/www.dottorgiorgini.it\/it\/prodotto\/creatina-plus-180-pastiglie-con-laggiunta-di-minerali-vitamine-e-altri-nutritivi-ideale-per-sportivi\/","name":"Creatina Plus 180 pastiglie con l\u2019aggiunta di minerali, vitamine e altri nutritivi. Ideale per sportivi - Dottor Giorgini","isPartOf":{"@id":"https:\/\/www.dottorgiorgini.it\/en\/#website"},"primaryImageOfPage":{"@id":"https:\/\/www.dottorgiorgini.it\/it\/prodotto\/creatina-plus-180-pastiglie-con-laggiunta-di-minerali-vitamine-e-altri-nutritivi-ideale-per-sportivi\/#primaryimage"},"image":{"@id":"https:\/\/www.dottorgiorgini.it\/it\/prodotto\/creatina-plus-180-pastiglie-con-laggiunta-di-minerali-vitamine-e-altri-nutritivi-ideale-per-sportivi\/#primaryimage"},"thumbnailUrl":"https:\/\/www.dottorgiorgini.it\/wp-content\/uploads\/sites\/2\/2023\/02\/00009684-creatinaplus-180.jpeg","datePublished":"2013-05-11T00:00:00+00:00","dateModified":"2026-01-30T11:11:36+00:00","description":"Integratore a base di creatina, indicato per la dieta degli sportivi, con l\u2019aggiunta di minerali, vitamine e altri nutritivi.","breadcrumb":{"@id":"https:\/\/www.dottorgiorgini.it\/it\/prodotto\/creatina-plus-180-pastiglie-con-laggiunta-di-minerali-vitamine-e-altri-nutritivi-ideale-per-sportivi\/#breadcrumb"},"inLanguage":"en-US","potentialAction":[{"@type":"ReadAction","target":["https:\/\/www.dottorgiorgini.it\/it\/prodotto\/creatina-plus-180-pastiglie-con-laggiunta-di-minerali-vitamine-e-altri-nutritivi-ideale-per-sportivi\/"]}]},{"@type":"ImageObject","inLanguage":"en-US","@id":"https:\/\/www.dottorgiorgini.it\/it\/prodotto\/creatina-plus-180-pastiglie-con-laggiunta-di-minerali-vitamine-e-altri-nutritivi-ideale-per-sportivi\/#primaryimage","url":"https:\/\/www.dottorgiorgini.it\/wp-content\/uploads\/sites\/2\/2023\/02\/00009684-creatinaplus-180.jpeg","contentUrl":"https:\/\/www.dottorgiorgini.it\/wp-content\/uploads\/sites\/2\/2023\/02\/00009684-creatinaplus-180.jpeg","width":1200,"height":1200},{"@type":"BreadcrumbList","@id":"https:\/\/www.dottorgiorgini.it\/it\/prodotto\/creatina-plus-180-pastiglie-con-laggiunta-di-minerali-vitamine-e-altri-nutritivi-ideale-per-sportivi\/#breadcrumb","itemListElement":[{"@type":"ListItem","position":1,"name":"Home","item":"https:\/\/www.dottorgiorgini.it\/en\/"},{"@type":"ListItem","position":2,"name":"Shop","item":"https:\/\/www.dottorgiorgini.it\/it\/negozio\/"},{"@type":"ListItem","position":3,"name":"Creatina Plus 180 pastiglie con l\u2019aggiunta di minerali, vitamine e altri nutritivi. Ideale per sportivi"}]},{"@type":"WebSite","@id":"https:\/\/www.dottorgiorgini.it\/en\/#website","url":"https:\/\/www.dottorgiorgini.it\/en\/","name":"Dottor Giorgini","description":"Herbs &amp; Natural Supplements","potentialAction":[{"@type":"SearchAction","target":{"@type":"EntryPoint","urlTemplate":"https:\/\/www.dottorgiorgini.it\/en\/?s={search_term_string}"},"query-input":{"@type":"PropertyValueSpecification","valueRequired":true,"valueName":"search_term_string"}}],"inLanguage":"en-US"}]}},"_links":{"self":[{"href":"https:\/\/www.dottorgiorgini.it\/en\/wp-json\/wp\/v2\/product\/7393","targetHints":{"allow":["GET"]}}],"collection":[{"href":"https:\/\/www.dottorgiorgini.it\/en\/wp-json\/wp\/v2\/product"}],"about":[{"href":"https:\/\/www.dottorgiorgini.it\/en\/wp-json\/wp\/v2\/types\/product"}],"wp:featuredmedia":[{"embeddable":true,"href":"https:\/\/www.dottorgiorgini.it\/en\/wp-json\/wp\/v2\/media\/15451"}],"wp:attachment":[{"href":"https:\/\/www.dottorgiorgini.it\/en\/wp-json\/wp\/v2\/media?parent=7393"}],"wp:term":[{"taxonomy":"product_brand","embeddable":true,"href":"https:\/\/www.dottorgiorgini.it\/en\/wp-json\/wp\/v2\/product_brand?post=7393"},{"taxonomy":"product_cat","embeddable":true,"href":"https:\/\/www.dottorgiorgini.it\/en\/wp-json\/wp\/v2\/product_cat?post=7393"},{"taxonomy":"product_tag","embeddable":true,"href":"https:\/\/www.dottorgiorgini.it\/en\/wp-json\/wp\/v2\/product_tag?post=7393"},{"taxonomy":"giftcard-category","embeddable":true,"href":"https:\/\/www.dottorgiorgini.it\/en\/wp-json\/wp\/v2\/giftcard-category?post=7393"}],"curies":[{"name":"wp","href":"https:\/\/api.w.org\/{rel}","templated":true}]}}