{"id":7553,"date":"2019-04-10T10:41:23","date_gmt":"2019-04-10T08:41:23","guid":{"rendered":"http:\/\/www.dottorgiorgini.it\/prodotto\/caffe-verde-gel-125ml\/"},"modified":"2025-09-03T22:13:29","modified_gmt":"2025-09-03T20:13:29","slug":"caffe-verde-gel-ad-azione-tonificante-e-lipolitica-125ml","status":"publish","type":"product","link":"https:\/\/www.dottorgiorgini.it\/en\/prodotto\/caffe-verde-gel-ad-azione-tonificante-e-lipolitica-125ml\/","title":{"rendered":"Caffe&#8217; Verde gel ad azione tonificante e lipolitica 125ml"},"content":{"rendered":"<p><b>Caffe&#8217; Verde gel 125 ml &#8211; dr. Giorgini<\/b><\/p>\n<p>Gel ad azione tonificante e lipolitica<\/p>\n<p>Gel a base di caff\u00e8 verde, carnitina, olio di mandorle, caffeina e vitamine.<\/p>\n<p>Grazie all\u2019azione tonificante e lipolitica dei semi di caff\u00e8 verde e della caffeina, contrasta gli inestetismi della cellulite migliorando il tono della cute e favorendo un effetto snellente.<\/p>\n<p>Inoltre, l\u2019olio di mandorle svolge un\u2019azione emolliente e, insieme alle vitamine, nutre la pelle aiutando a mantenerne la naturale idratazione.<\/p>\n<p><strong>Consigli d&#8217;uso<\/strong><\/p>\n<p>Applicare abbondantemente sulla pelle nelle zone da trattare e massaggiare delicatamente fino a completo assorbimento.<\/p>\n<p>La dose specificata nella tabella (20 spruzzi= 9,6 ml) \u00e8 indicativa: il prodotto pu\u00f2 essere applicato in quantit\u00e0 maggiore o minore, in funzione della superficie di applicazione o della frequenza d\u2019impiego.<\/p>\n<p><strong>Ingredients<\/strong><\/p>\n<p>Aqua, Alcohol, Coffea arabica bean extract, Carnitine, Prunus amygdalus dulcis oil, Sorbitan oleate, Citrus aurantium amara peel oil, d-Limonene*, Glycerin, Xanthan gum, Ascorbic acid, Tocopherol, Caffeine, Panthenol, Retinyl palmitate, Linalool*, Citral*.<br \/>\n* Componenti dell\u2019olio essenziale naturale.<\/p>\n<p>Non contiene parabeni n\u00e9 altri conservanti, coloranti e profumazioni sintetiche o artificiali.<\/p>\n","protected":false},"excerpt":{"rendered":"<p>Caffe&#8217; Verde gel 125 ml &#8211; dr. Giorgini Gel ad azione tonificante e lipolitica Gel a base di caff\u00e8 verde, carnitina, olio di mandorle, caffeina e vitamine. Grazie all\u2019azione tonificante e lipolitica dei semi di caff\u00e8 verde e della caffeina, contrasta gli inestetismi della cellulite&#8230;<\/p>\n","protected":false},"featured_media":12663,"template":"","meta":{"_acf_changed":false},"product_brand":[],"product_cat":[2142,2948,2018],"product_tag":[203],"giftcard-category":[],"class_list":{"0":"post-7553","1":"product","2":"type-product","3":"status-publish","4":"has-post-thumbnail","6":"product_cat-cellulite","7":"product_cat-dr-riduzione-peso-corporeo","8":"product_cat-cosmetici-corpo","9":"product_tag-cellulite","10":"pa_formato-125-ml","11":"pa_linea-cosmetici","12":"pa_marca-dr-giorgini","13":"pa_sku-206","14":"pa_tipologia-crema","16":"first","17":"instock","18":"sale","19":"taxable","20":"shipping-taxable","21":"purchasable","22":"product-type-simple"},"acf":[],"yoast_head":"<!-- This site is optimized with the Yoast SEO plugin v24.9 - https:\/\/yoast.com\/wordpress\/plugins\/seo\/ -->\n<title>Caffe&#039; Verde gel ad azione tonificante e lipolitica 125ml - Dottor Giorgini<\/title>\n<meta name=\"description\" content=\"Gel a base di caff\u00e8 verde, carnitina, olio di mandorle, caffeina e vitamine. Grazie all\u2019azione tonificante e lipolitica dei semi di caff\u00e8 verde e della caffeina, contrasta gli inestetismi della cellulite migliorando il tono della cute e favorendo un effetto snellente. Inoltre, l\u2019olio di mandorle svolge un\u2019azione emolliente e, insieme alle vitamine, nutre la pelle aiutando a mantenerne la naturale idratazione.\" \/>\n<meta name=\"robots\" content=\"index, follow, max-snippet:-1, max-image-preview:large, max-video-preview:-1\" \/>\n<link rel=\"canonical\" href=\"https:\/\/www.dottorgiorgini.it\/it\/prodotto\/caffe-verde-gel-ad-azione-tonificante-e-lipolitica-125ml\/\" \/>\n<meta property=\"og:locale\" content=\"en_US\" \/>\n<meta property=\"og:type\" content=\"article\" \/>\n<meta property=\"og:title\" content=\"Caffe&#039; Verde gel ad azione tonificante e lipolitica 125ml - Dottor Giorgini\" \/>\n<meta property=\"og:description\" content=\"Gel a base di caff\u00e8 verde, carnitina, olio di mandorle, caffeina e vitamine. Grazie all\u2019azione tonificante e lipolitica dei semi di caff\u00e8 verde e della caffeina, contrasta gli inestetismi della cellulite migliorando il tono della cute e favorendo un effetto snellente. Inoltre, l\u2019olio di mandorle svolge un\u2019azione emolliente e, insieme alle vitamine, nutre la pelle aiutando a mantenerne la naturale idratazione.\" \/>\n<meta property=\"og:url\" content=\"https:\/\/www.dottorgiorgini.it\/it\/prodotto\/caffe-verde-gel-ad-azione-tonificante-e-lipolitica-125ml\/\" \/>\n<meta property=\"og:site_name\" content=\"Dottor Giorgini\" \/>\n<meta property=\"article:modified_time\" content=\"2025-09-03T20:13:29+00:00\" \/>\n<meta property=\"og:image\" content=\"https:\/\/www.dottorgiorgini.it\/wp-content\/uploads\/sites\/2\/2021\/01\/00009061-2.jpg\" \/>\n\t<meta property=\"og:image:width\" content=\"568\" \/>\n\t<meta property=\"og:image:height\" content=\"583\" \/>\n\t<meta property=\"og:image:type\" content=\"image\/jpeg\" \/>\n<meta name=\"twitter:card\" content=\"summary_large_image\" \/>\n<meta name=\"twitter:label1\" content=\"Est. reading time\" \/>\n\t<meta name=\"twitter:data1\" content=\"1 minute\" \/>\n<script type=\"application\/ld+json\" class=\"yoast-schema-graph\">{\"@context\":\"https:\/\/schema.org\",\"@graph\":[{\"@type\":\"WebPage\",\"@id\":\"https:\/\/www.dottorgiorgini.it\/it\/prodotto\/caffe-verde-gel-ad-azione-tonificante-e-lipolitica-125ml\/\",\"url\":\"https:\/\/www.dottorgiorgini.it\/it\/prodotto\/caffe-verde-gel-ad-azione-tonificante-e-lipolitica-125ml\/\",\"name\":\"Caffe' Verde gel ad azione tonificante e lipolitica 125ml - Dottor Giorgini\",\"isPartOf\":{\"@id\":\"https:\/\/www.dottorgiorgini.it\/en\/#website\"},\"primaryImageOfPage\":{\"@id\":\"https:\/\/www.dottorgiorgini.it\/it\/prodotto\/caffe-verde-gel-ad-azione-tonificante-e-lipolitica-125ml\/#primaryimage\"},\"image\":{\"@id\":\"https:\/\/www.dottorgiorgini.it\/it\/prodotto\/caffe-verde-gel-ad-azione-tonificante-e-lipolitica-125ml\/#primaryimage\"},\"thumbnailUrl\":\"https:\/\/www.dottorgiorgini.it\/wp-content\/uploads\/sites\/2\/2021\/01\/00009061-2.jpg\",\"datePublished\":\"2019-04-10T08:41:23+00:00\",\"dateModified\":\"2025-09-03T20:13:29+00:00\",\"description\":\"Gel a base di caff\u00e8 verde, carnitina, olio di mandorle, caffeina e vitamine. Grazie all\u2019azione tonificante e lipolitica dei semi di caff\u00e8 verde e della caffeina, contrasta gli inestetismi della cellulite migliorando il tono della cute e favorendo un effetto snellente. Inoltre, l\u2019olio di mandorle svolge un\u2019azione emolliente e, insieme alle vitamine, nutre la pelle aiutando a mantenerne la naturale idratazione.\",\"breadcrumb\":{\"@id\":\"https:\/\/www.dottorgiorgini.it\/it\/prodotto\/caffe-verde-gel-ad-azione-tonificante-e-lipolitica-125ml\/#breadcrumb\"},\"inLanguage\":\"en-US\",\"potentialAction\":[{\"@type\":\"ReadAction\",\"target\":[\"https:\/\/www.dottorgiorgini.it\/it\/prodotto\/caffe-verde-gel-ad-azione-tonificante-e-lipolitica-125ml\/\"]}]},{\"@type\":\"ImageObject\",\"inLanguage\":\"en-US\",\"@id\":\"https:\/\/www.dottorgiorgini.it\/it\/prodotto\/caffe-verde-gel-ad-azione-tonificante-e-lipolitica-125ml\/#primaryimage\",\"url\":\"https:\/\/www.dottorgiorgini.it\/wp-content\/uploads\/sites\/2\/2021\/01\/00009061-2.jpg\",\"contentUrl\":\"https:\/\/www.dottorgiorgini.it\/wp-content\/uploads\/sites\/2\/2021\/01\/00009061-2.jpg\",\"width\":568,\"height\":583},{\"@type\":\"BreadcrumbList\",\"@id\":\"https:\/\/www.dottorgiorgini.it\/it\/prodotto\/caffe-verde-gel-ad-azione-tonificante-e-lipolitica-125ml\/#breadcrumb\",\"itemListElement\":[{\"@type\":\"ListItem\",\"position\":1,\"name\":\"Home\",\"item\":\"https:\/\/www.dottorgiorgini.it\/en\/\"},{\"@type\":\"ListItem\",\"position\":2,\"name\":\"Shop\",\"item\":\"https:\/\/www.dottorgiorgini.it\/it\/negozio\/\"},{\"@type\":\"ListItem\",\"position\":3,\"name\":\"Caffe&#8217; Verde gel ad azione tonificante e lipolitica 125ml\"}]},{\"@type\":\"WebSite\",\"@id\":\"https:\/\/www.dottorgiorgini.it\/en\/#website\",\"url\":\"https:\/\/www.dottorgiorgini.it\/en\/\",\"name\":\"Dottor Giorgini\",\"description\":\"Herbs &amp; Natural Supplements\",\"potentialAction\":[{\"@type\":\"SearchAction\",\"target\":{\"@type\":\"EntryPoint\",\"urlTemplate\":\"https:\/\/www.dottorgiorgini.it\/en\/?s={search_term_string}\"},\"query-input\":{\"@type\":\"PropertyValueSpecification\",\"valueRequired\":true,\"valueName\":\"search_term_string\"}}],\"inLanguage\":\"en-US\"}]}<\/script>\n<!-- \/ Yoast SEO plugin. -->","yoast_head_json":{"title":"Caffe' Verde gel ad azione tonificante e lipolitica 125ml - Dottor Giorgini","description":"Gel a base di caff\u00e8 verde, carnitina, olio di mandorle, caffeina e vitamine. Grazie all\u2019azione tonificante e lipolitica dei semi di caff\u00e8 verde e della caffeina, contrasta gli inestetismi della cellulite migliorando il tono della cute e favorendo un effetto snellente. Inoltre, l\u2019olio di mandorle svolge un\u2019azione emolliente e, insieme alle vitamine, nutre la pelle aiutando a mantenerne la naturale idratazione.","robots":{"index":"index","follow":"follow","max-snippet":"max-snippet:-1","max-image-preview":"max-image-preview:large","max-video-preview":"max-video-preview:-1"},"canonical":"https:\/\/www.dottorgiorgini.it\/it\/prodotto\/caffe-verde-gel-ad-azione-tonificante-e-lipolitica-125ml\/","og_locale":"en_US","og_type":"article","og_title":"Caffe' Verde gel ad azione tonificante e lipolitica 125ml - Dottor Giorgini","og_description":"Gel a base di caff\u00e8 verde, carnitina, olio di mandorle, caffeina e vitamine. Grazie all\u2019azione tonificante e lipolitica dei semi di caff\u00e8 verde e della caffeina, contrasta gli inestetismi della cellulite migliorando il tono della cute e favorendo un effetto snellente. Inoltre, l\u2019olio di mandorle svolge un\u2019azione emolliente e, insieme alle vitamine, nutre la pelle aiutando a mantenerne la naturale idratazione.","og_url":"https:\/\/www.dottorgiorgini.it\/it\/prodotto\/caffe-verde-gel-ad-azione-tonificante-e-lipolitica-125ml\/","og_site_name":"Dottor Giorgini","article_modified_time":"2025-09-03T20:13:29+00:00","og_image":[{"width":568,"height":583,"url":"https:\/\/www.dottorgiorgini.it\/wp-content\/uploads\/sites\/2\/2021\/01\/00009061-2.jpg","type":"image\/jpeg"}],"twitter_card":"summary_large_image","twitter_misc":{"Est. reading time":"1 minute"},"schema":{"@context":"https:\/\/schema.org","@graph":[{"@type":"WebPage","@id":"https:\/\/www.dottorgiorgini.it\/it\/prodotto\/caffe-verde-gel-ad-azione-tonificante-e-lipolitica-125ml\/","url":"https:\/\/www.dottorgiorgini.it\/it\/prodotto\/caffe-verde-gel-ad-azione-tonificante-e-lipolitica-125ml\/","name":"Caffe' Verde gel ad azione tonificante e lipolitica 125ml - Dottor Giorgini","isPartOf":{"@id":"https:\/\/www.dottorgiorgini.it\/en\/#website"},"primaryImageOfPage":{"@id":"https:\/\/www.dottorgiorgini.it\/it\/prodotto\/caffe-verde-gel-ad-azione-tonificante-e-lipolitica-125ml\/#primaryimage"},"image":{"@id":"https:\/\/www.dottorgiorgini.it\/it\/prodotto\/caffe-verde-gel-ad-azione-tonificante-e-lipolitica-125ml\/#primaryimage"},"thumbnailUrl":"https:\/\/www.dottorgiorgini.it\/wp-content\/uploads\/sites\/2\/2021\/01\/00009061-2.jpg","datePublished":"2019-04-10T08:41:23+00:00","dateModified":"2025-09-03T20:13:29+00:00","description":"Gel a base di caff\u00e8 verde, carnitina, olio di mandorle, caffeina e vitamine. Grazie all\u2019azione tonificante e lipolitica dei semi di caff\u00e8 verde e della caffeina, contrasta gli inestetismi della cellulite migliorando il tono della cute e favorendo un effetto snellente. Inoltre, l\u2019olio di mandorle svolge un\u2019azione emolliente e, insieme alle vitamine, nutre la pelle aiutando a mantenerne la naturale idratazione.","breadcrumb":{"@id":"https:\/\/www.dottorgiorgini.it\/it\/prodotto\/caffe-verde-gel-ad-azione-tonificante-e-lipolitica-125ml\/#breadcrumb"},"inLanguage":"en-US","potentialAction":[{"@type":"ReadAction","target":["https:\/\/www.dottorgiorgini.it\/it\/prodotto\/caffe-verde-gel-ad-azione-tonificante-e-lipolitica-125ml\/"]}]},{"@type":"ImageObject","inLanguage":"en-US","@id":"https:\/\/www.dottorgiorgini.it\/it\/prodotto\/caffe-verde-gel-ad-azione-tonificante-e-lipolitica-125ml\/#primaryimage","url":"https:\/\/www.dottorgiorgini.it\/wp-content\/uploads\/sites\/2\/2021\/01\/00009061-2.jpg","contentUrl":"https:\/\/www.dottorgiorgini.it\/wp-content\/uploads\/sites\/2\/2021\/01\/00009061-2.jpg","width":568,"height":583},{"@type":"BreadcrumbList","@id":"https:\/\/www.dottorgiorgini.it\/it\/prodotto\/caffe-verde-gel-ad-azione-tonificante-e-lipolitica-125ml\/#breadcrumb","itemListElement":[{"@type":"ListItem","position":1,"name":"Home","item":"https:\/\/www.dottorgiorgini.it\/en\/"},{"@type":"ListItem","position":2,"name":"Shop","item":"https:\/\/www.dottorgiorgini.it\/it\/negozio\/"},{"@type":"ListItem","position":3,"name":"Caffe&#8217; Verde gel ad azione tonificante e lipolitica 125ml"}]},{"@type":"WebSite","@id":"https:\/\/www.dottorgiorgini.it\/en\/#website","url":"https:\/\/www.dottorgiorgini.it\/en\/","name":"Dottor Giorgini","description":"Herbs &amp; Natural Supplements","potentialAction":[{"@type":"SearchAction","target":{"@type":"EntryPoint","urlTemplate":"https:\/\/www.dottorgiorgini.it\/en\/?s={search_term_string}"},"query-input":{"@type":"PropertyValueSpecification","valueRequired":true,"valueName":"search_term_string"}}],"inLanguage":"en-US"}]}},"_links":{"self":[{"href":"https:\/\/www.dottorgiorgini.it\/en\/wp-json\/wp\/v2\/product\/7553","targetHints":{"allow":["GET"]}}],"collection":[{"href":"https:\/\/www.dottorgiorgini.it\/en\/wp-json\/wp\/v2\/product"}],"about":[{"href":"https:\/\/www.dottorgiorgini.it\/en\/wp-json\/wp\/v2\/types\/product"}],"wp:featuredmedia":[{"embeddable":true,"href":"https:\/\/www.dottorgiorgini.it\/en\/wp-json\/wp\/v2\/media\/12663"}],"wp:attachment":[{"href":"https:\/\/www.dottorgiorgini.it\/en\/wp-json\/wp\/v2\/media?parent=7553"}],"wp:term":[{"taxonomy":"product_brand","embeddable":true,"href":"https:\/\/www.dottorgiorgini.it\/en\/wp-json\/wp\/v2\/product_brand?post=7553"},{"taxonomy":"product_cat","embeddable":true,"href":"https:\/\/www.dottorgiorgini.it\/en\/wp-json\/wp\/v2\/product_cat?post=7553"},{"taxonomy":"product_tag","embeddable":true,"href":"https:\/\/www.dottorgiorgini.it\/en\/wp-json\/wp\/v2\/product_tag?post=7553"},{"taxonomy":"giftcard-category","embeddable":true,"href":"https:\/\/www.dottorgiorgini.it\/en\/wp-json\/wp\/v2\/giftcard-category?post=7553"}],"curies":[{"name":"wp","href":"https:\/\/api.w.org\/{rel}","templated":true}]}}