{"id":7554,"date":"2015-10-31T16:21:09","date_gmt":"2015-10-31T15:21:09","guid":{"rendered":"http:\/\/www.dottorgiorgini.it\/prodotto\/contuvis-50-ml-dr-giorgini\/"},"modified":"2025-10-21T16:34:42","modified_gmt":"2025-10-21T14:34:42","slug":"contuvis-50-ml-gel-lenitivo-per-contusioni-e-lievi-traumi","status":"publish","type":"product","link":"https:\/\/www.dottorgiorgini.it\/en\/prodotto\/contuvis-50-ml-gel-lenitivo-per-contusioni-e-lievi-traumi\/","title":{"rendered":"Contuvis 50 ml Gel lenitivo per contusioni e lievi traumi"},"content":{"rendered":"<p><b>Contuvis 50 ml &#8211; dr. Giorgini<\/b><\/p>\n<p><strong>Gel lenitivo per contusioni e lievi traumi<\/strong><\/p>\n<p>Gel ad azione calmante e lenitiva, a base di arnica, achillea, aloe, amamelide, calendula, malva, salvia; oli essenziali di alloro, camomilla, cannella e salvia; olio di lino.<\/p>\n<p>Favorisce un\u2019azione riattivante a livello capillare e restitutiva sui tessuti superficiali del derma risultando indicata in caso di lievi traumi (ecchimosi, contusioni, ematomi, slogature, strappi muscolari, distorsioni, geloni), per donare sollievo e coadiuvare il naturale processo di riparazione degli inestetismi cutanei.<\/p>\n<p><strong>Ingredienti (TERMINI INCI)<\/strong><\/p>\n<p>Aqua, Arnica montana flower extract, Alcohol, Achillea millefolium flower\/leaf\/steam extract, Linum usitatissimum seed oil, Sorbitan oleate, Aloe barbadensis leaf juice, Hamamelis virginiana leaf extract, Xanthan gum, Calendula officinalis flower extract, Potassium chloride, Alchemilla vulgaris leaf extract, Malva sylvestris flower\/leaf extract, Salvia officinalis leaf extract, Laurus nobilis leaf oil, Chamomilla recutita flower oil, Potassium ascorbate, Tocopherol, Cinnamomum zeylanicum bark oil, Salvia officinalis leaf oil, Pyridoxine HCL, Retinyl palmitate, Hesperidin, Quercetin, Rutin, Troxerutin, Diosmine, Eugenol*, Linalool*, d-Limonene*, Benzyl benzoate*, Coumarin*.<br \/>\n*Componenti degli oli essenziali naturali.<\/p>\n<p><strong>Consigli d&#8217;uso<\/strong><\/p>\n<p>Applicare sulla pelle integra in corrispondenza delle parti interessate e massaggiare delicatamente fino a completo assorbimento. La dose specificata nella tabella (10 spruzzi = 4,8 ml) \u00e8 indicativa: il prodotto pu\u00f2 essere applicato in quantit\u00e0 maggiore o minore, in funzione della superficie di applicazione o della frequenza d\u2019impiego. Agitare prima dell\u2019uso.<\/p>\n<p><strong>Non contiene parabeni n\u00e9 altri conservanti, coloranti e profumazioni sintetiche o artificiali.<\/strong><\/p>\n","protected":false},"excerpt":{"rendered":"<p>Contuvis 50 ml &#8211; dr. Giorgini Gel lenitivo per contusioni e lievi traumi Gel ad azione calmante e lenitiva, a base di arnica, achillea, aloe, amamelide, calendula, malva, salvia; oli essenziali di alloro, camomilla, cannella e salvia; olio di lino. Favorisce un\u2019azione riattivante a livello&#8230;<\/p>\n","protected":false},"featured_media":2603,"template":"","meta":{"_acf_changed":false},"product_brand":[],"product_cat":[2141,2125,2018],"product_tag":[],"giftcard-category":[],"class_list":{"0":"post-7554","1":"product","2":"type-product","3":"status-publish","4":"has-post-thumbnail","6":"product_cat-articolazioni-e-reumatismi","7":"product_cat-massaggio","8":"product_cat-cosmetici-corpo","9":"pa_formato-50-ml","10":"pa_linea-cosmetici","11":"pa_marca-dr-giorgini","12":"pa_tipologia-gel","14":"first","15":"instock","16":"sale","17":"taxable","18":"shipping-taxable","19":"purchasable","20":"product-type-simple"},"acf":[],"yoast_head":"<!-- This site is optimized with the Yoast SEO plugin v24.9 - https:\/\/yoast.com\/wordpress\/plugins\/seo\/ -->\n<title>Contuvis 50 ml Gel lenitivo per contusioni e lievi traumi - Dottor Giorgini<\/title>\n<meta name=\"robots\" content=\"index, follow, max-snippet:-1, max-image-preview:large, max-video-preview:-1\" \/>\n<link rel=\"canonical\" href=\"https:\/\/www.dottorgiorgini.it\/it\/prodotto\/contuvis-50-ml-gel-lenitivo-per-contusioni-e-lievi-traumi\/\" \/>\n<meta property=\"og:locale\" content=\"en_US\" \/>\n<meta property=\"og:type\" content=\"article\" \/>\n<meta property=\"og:title\" content=\"Contuvis 50 ml Gel lenitivo per contusioni e lievi traumi - Dottor Giorgini\" \/>\n<meta property=\"og:description\" content=\"Contuvis 50 ml &#8211; dr. Giorgini Gel lenitivo per contusioni e lievi traumi Gel ad azione calmante e lenitiva, a base di arnica, achillea, aloe, amamelide, calendula, malva, salvia; oli essenziali di alloro, camomilla, cannella e salvia; olio di lino. Favorisce un\u2019azione riattivante a livello...\" \/>\n<meta property=\"og:url\" content=\"https:\/\/www.dottorgiorgini.it\/it\/prodotto\/contuvis-50-ml-gel-lenitivo-per-contusioni-e-lievi-traumi\/\" \/>\n<meta property=\"og:site_name\" content=\"Dottor Giorgini\" \/>\n<meta property=\"article:modified_time\" content=\"2025-10-21T14:34:42+00:00\" \/>\n<meta property=\"og:image\" content=\"https:\/\/www.dottorgiorgini.it\/wp-content\/uploads\/sites\/2\/2020\/01\/products-00010244.jpg\" \/>\n\t<meta property=\"og:image:width\" content=\"308\" \/>\n\t<meta property=\"og:image:height\" content=\"330\" \/>\n\t<meta property=\"og:image:type\" content=\"image\/jpeg\" \/>\n<meta name=\"twitter:card\" content=\"summary_large_image\" \/>\n<meta name=\"twitter:label1\" content=\"Est. reading time\" \/>\n\t<meta name=\"twitter:data1\" content=\"2 minutes\" \/>\n<script type=\"application\/ld+json\" class=\"yoast-schema-graph\">{\"@context\":\"https:\/\/schema.org\",\"@graph\":[{\"@type\":\"WebPage\",\"@id\":\"https:\/\/www.dottorgiorgini.it\/it\/prodotto\/contuvis-50-ml-gel-lenitivo-per-contusioni-e-lievi-traumi\/\",\"url\":\"https:\/\/www.dottorgiorgini.it\/it\/prodotto\/contuvis-50-ml-gel-lenitivo-per-contusioni-e-lievi-traumi\/\",\"name\":\"Contuvis 50 ml Gel lenitivo per contusioni e lievi traumi - Dottor Giorgini\",\"isPartOf\":{\"@id\":\"https:\/\/www.dottorgiorgini.it\/en\/#website\"},\"primaryImageOfPage\":{\"@id\":\"https:\/\/www.dottorgiorgini.it\/it\/prodotto\/contuvis-50-ml-gel-lenitivo-per-contusioni-e-lievi-traumi\/#primaryimage\"},\"image\":{\"@id\":\"https:\/\/www.dottorgiorgini.it\/it\/prodotto\/contuvis-50-ml-gel-lenitivo-per-contusioni-e-lievi-traumi\/#primaryimage\"},\"thumbnailUrl\":\"https:\/\/www.dottorgiorgini.it\/wp-content\/uploads\/sites\/2\/2020\/01\/products-00010244.jpg\",\"datePublished\":\"2015-10-31T15:21:09+00:00\",\"dateModified\":\"2025-10-21T14:34:42+00:00\",\"breadcrumb\":{\"@id\":\"https:\/\/www.dottorgiorgini.it\/it\/prodotto\/contuvis-50-ml-gel-lenitivo-per-contusioni-e-lievi-traumi\/#breadcrumb\"},\"inLanguage\":\"en-US\",\"potentialAction\":[{\"@type\":\"ReadAction\",\"target\":[\"https:\/\/www.dottorgiorgini.it\/it\/prodotto\/contuvis-50-ml-gel-lenitivo-per-contusioni-e-lievi-traumi\/\"]}]},{\"@type\":\"ImageObject\",\"inLanguage\":\"en-US\",\"@id\":\"https:\/\/www.dottorgiorgini.it\/it\/prodotto\/contuvis-50-ml-gel-lenitivo-per-contusioni-e-lievi-traumi\/#primaryimage\",\"url\":\"https:\/\/www.dottorgiorgini.it\/wp-content\/uploads\/sites\/2\/2020\/01\/products-00010244.jpg\",\"contentUrl\":\"https:\/\/www.dottorgiorgini.it\/wp-content\/uploads\/sites\/2\/2020\/01\/products-00010244.jpg\",\"width\":308,\"height\":330,\"caption\":\"CONTUVIS 50 ML DR. GIORGINI\"},{\"@type\":\"BreadcrumbList\",\"@id\":\"https:\/\/www.dottorgiorgini.it\/it\/prodotto\/contuvis-50-ml-gel-lenitivo-per-contusioni-e-lievi-traumi\/#breadcrumb\",\"itemListElement\":[{\"@type\":\"ListItem\",\"position\":1,\"name\":\"Home\",\"item\":\"https:\/\/www.dottorgiorgini.it\/en\/\"},{\"@type\":\"ListItem\",\"position\":2,\"name\":\"Shop\",\"item\":\"https:\/\/www.dottorgiorgini.it\/it\/negozio\/\"},{\"@type\":\"ListItem\",\"position\":3,\"name\":\"Contuvis 50 ml Gel lenitivo per contusioni e lievi traumi\"}]},{\"@type\":\"WebSite\",\"@id\":\"https:\/\/www.dottorgiorgini.it\/en\/#website\",\"url\":\"https:\/\/www.dottorgiorgini.it\/en\/\",\"name\":\"Dottor Giorgini\",\"description\":\"Herbs &amp; Natural Supplements\",\"potentialAction\":[{\"@type\":\"SearchAction\",\"target\":{\"@type\":\"EntryPoint\",\"urlTemplate\":\"https:\/\/www.dottorgiorgini.it\/en\/?s={search_term_string}\"},\"query-input\":{\"@type\":\"PropertyValueSpecification\",\"valueRequired\":true,\"valueName\":\"search_term_string\"}}],\"inLanguage\":\"en-US\"}]}<\/script>\n<!-- \/ Yoast SEO plugin. -->","yoast_head_json":{"title":"Contuvis 50 ml Gel lenitivo per contusioni e lievi traumi - Dottor Giorgini","robots":{"index":"index","follow":"follow","max-snippet":"max-snippet:-1","max-image-preview":"max-image-preview:large","max-video-preview":"max-video-preview:-1"},"canonical":"https:\/\/www.dottorgiorgini.it\/it\/prodotto\/contuvis-50-ml-gel-lenitivo-per-contusioni-e-lievi-traumi\/","og_locale":"en_US","og_type":"article","og_title":"Contuvis 50 ml Gel lenitivo per contusioni e lievi traumi - Dottor Giorgini","og_description":"Contuvis 50 ml &#8211; dr. Giorgini Gel lenitivo per contusioni e lievi traumi Gel ad azione calmante e lenitiva, a base di arnica, achillea, aloe, amamelide, calendula, malva, salvia; oli essenziali di alloro, camomilla, cannella e salvia; olio di lino. Favorisce un\u2019azione riattivante a livello...","og_url":"https:\/\/www.dottorgiorgini.it\/it\/prodotto\/contuvis-50-ml-gel-lenitivo-per-contusioni-e-lievi-traumi\/","og_site_name":"Dottor Giorgini","article_modified_time":"2025-10-21T14:34:42+00:00","og_image":[{"width":308,"height":330,"url":"https:\/\/www.dottorgiorgini.it\/wp-content\/uploads\/sites\/2\/2020\/01\/products-00010244.jpg","type":"image\/jpeg"}],"twitter_card":"summary_large_image","twitter_misc":{"Est. reading time":"2 minutes"},"schema":{"@context":"https:\/\/schema.org","@graph":[{"@type":"WebPage","@id":"https:\/\/www.dottorgiorgini.it\/it\/prodotto\/contuvis-50-ml-gel-lenitivo-per-contusioni-e-lievi-traumi\/","url":"https:\/\/www.dottorgiorgini.it\/it\/prodotto\/contuvis-50-ml-gel-lenitivo-per-contusioni-e-lievi-traumi\/","name":"Contuvis 50 ml Gel lenitivo per contusioni e lievi traumi - Dottor Giorgini","isPartOf":{"@id":"https:\/\/www.dottorgiorgini.it\/en\/#website"},"primaryImageOfPage":{"@id":"https:\/\/www.dottorgiorgini.it\/it\/prodotto\/contuvis-50-ml-gel-lenitivo-per-contusioni-e-lievi-traumi\/#primaryimage"},"image":{"@id":"https:\/\/www.dottorgiorgini.it\/it\/prodotto\/contuvis-50-ml-gel-lenitivo-per-contusioni-e-lievi-traumi\/#primaryimage"},"thumbnailUrl":"https:\/\/www.dottorgiorgini.it\/wp-content\/uploads\/sites\/2\/2020\/01\/products-00010244.jpg","datePublished":"2015-10-31T15:21:09+00:00","dateModified":"2025-10-21T14:34:42+00:00","breadcrumb":{"@id":"https:\/\/www.dottorgiorgini.it\/it\/prodotto\/contuvis-50-ml-gel-lenitivo-per-contusioni-e-lievi-traumi\/#breadcrumb"},"inLanguage":"en-US","potentialAction":[{"@type":"ReadAction","target":["https:\/\/www.dottorgiorgini.it\/it\/prodotto\/contuvis-50-ml-gel-lenitivo-per-contusioni-e-lievi-traumi\/"]}]},{"@type":"ImageObject","inLanguage":"en-US","@id":"https:\/\/www.dottorgiorgini.it\/it\/prodotto\/contuvis-50-ml-gel-lenitivo-per-contusioni-e-lievi-traumi\/#primaryimage","url":"https:\/\/www.dottorgiorgini.it\/wp-content\/uploads\/sites\/2\/2020\/01\/products-00010244.jpg","contentUrl":"https:\/\/www.dottorgiorgini.it\/wp-content\/uploads\/sites\/2\/2020\/01\/products-00010244.jpg","width":308,"height":330,"caption":"CONTUVIS 50 ML DR. GIORGINI"},{"@type":"BreadcrumbList","@id":"https:\/\/www.dottorgiorgini.it\/it\/prodotto\/contuvis-50-ml-gel-lenitivo-per-contusioni-e-lievi-traumi\/#breadcrumb","itemListElement":[{"@type":"ListItem","position":1,"name":"Home","item":"https:\/\/www.dottorgiorgini.it\/en\/"},{"@type":"ListItem","position":2,"name":"Shop","item":"https:\/\/www.dottorgiorgini.it\/it\/negozio\/"},{"@type":"ListItem","position":3,"name":"Contuvis 50 ml Gel lenitivo per contusioni e lievi traumi"}]},{"@type":"WebSite","@id":"https:\/\/www.dottorgiorgini.it\/en\/#website","url":"https:\/\/www.dottorgiorgini.it\/en\/","name":"Dottor Giorgini","description":"Herbs &amp; Natural Supplements","potentialAction":[{"@type":"SearchAction","target":{"@type":"EntryPoint","urlTemplate":"https:\/\/www.dottorgiorgini.it\/en\/?s={search_term_string}"},"query-input":{"@type":"PropertyValueSpecification","valueRequired":true,"valueName":"search_term_string"}}],"inLanguage":"en-US"}]}},"_links":{"self":[{"href":"https:\/\/www.dottorgiorgini.it\/en\/wp-json\/wp\/v2\/product\/7554","targetHints":{"allow":["GET"]}}],"collection":[{"href":"https:\/\/www.dottorgiorgini.it\/en\/wp-json\/wp\/v2\/product"}],"about":[{"href":"https:\/\/www.dottorgiorgini.it\/en\/wp-json\/wp\/v2\/types\/product"}],"wp:featuredmedia":[{"embeddable":true,"href":"https:\/\/www.dottorgiorgini.it\/en\/wp-json\/wp\/v2\/media\/2603"}],"wp:attachment":[{"href":"https:\/\/www.dottorgiorgini.it\/en\/wp-json\/wp\/v2\/media?parent=7554"}],"wp:term":[{"taxonomy":"product_brand","embeddable":true,"href":"https:\/\/www.dottorgiorgini.it\/en\/wp-json\/wp\/v2\/product_brand?post=7554"},{"taxonomy":"product_cat","embeddable":true,"href":"https:\/\/www.dottorgiorgini.it\/en\/wp-json\/wp\/v2\/product_cat?post=7554"},{"taxonomy":"product_tag","embeddable":true,"href":"https:\/\/www.dottorgiorgini.it\/en\/wp-json\/wp\/v2\/product_tag?post=7554"},{"taxonomy":"giftcard-category","embeddable":true,"href":"https:\/\/www.dottorgiorgini.it\/en\/wp-json\/wp\/v2\/giftcard-category?post=7554"}],"curies":[{"name":"wp","href":"https:\/\/api.w.org\/{rel}","templated":true}]}}