{"id":7617,"date":"2013-05-11T00:00:00","date_gmt":"2013-05-10T22:00:00","guid":{"rendered":"http:\/\/www.dottorgiorgini.it\/prodotto\/crema-al-ginseng-100-ml\/"},"modified":"2024-11-05T17:00:33","modified_gmt":"2024-11-05T16:00:33","slug":"crema-al-ginseng-viso-tonificante-antirughe-50ml-e-100ml","status":"publish","type":"product","link":"https:\/\/www.dottorgiorgini.it\/en\/prodotto\/crema-al-ginseng-viso-tonificante-antirughe-50ml-e-100ml\/","title":{"rendered":"Crema al Ginseng viso tonificante antirughe 50ml e 100ml"},"content":{"rendered":"<p><strong>Crema al Ginseng 50ml e 100ml &#8211; dr. Giorgini<\/strong><\/p>\n<p>Crema tonificante con principi attivi ad azione restitutiva quali collagene, elastina e vitamine A, B5, C ed E.<\/p>\n<p>Con oli nutrienti di mandorle e lino, estratto vegetale idratante di altea e tonificante di echinacea e ginseng, oli essenziali rivitalizzanti, aiuta a contrastare la formazione delle rughe donando elasticit\u00e0 e turgore alla pelle di viso e d\u00e9collet\u00e9.<\/p>\n<p><strong>Consigli uso<\/strong><\/p>\n<p>Applicare sulla pelle di viso, collo e decollet\u00e8 massaggiando delicatamente fino a completo assorbimento.<\/p>\n<p><strong>Ingredients<\/strong><\/p>\n<p>Althea officinalis root extract, Alcohol, Hydrogenated lanolin, Caprylic\/Capric triglyceride, Sorbitan oleate, Sorbitan stearate, Linum usitatissimum seed oil, Prunus amygdalus dulcis oil, Cetearyl alcohol, Glyceryl stearate, Artemisia pallens herb oil, Tocopherol, Pogostemon cablin leaf oil, Ascorbyl tetraisopalmitate, Aqua, Echinacea angustifolia root extract, Hydrolyzed collagen, Panax ginseng root extract, Sodium hyaluronate, Boswellia carterii oil, Hydrolyzed elastin, Lactic acid, Glycine, Histidine, Proline, Retinyl palmitate, Panthenol, Alanine, Ascorbic acid, d-Limonene*, Linalool*, Geraniol*, Eugenol*.<br \/>\n*Componenti degli oli essenziali naturali.<\/p>\n<p><strong>Non contiene parabeni n\u00e9 altri conservanti, coloranti e profumazioni sintetiche o artificiali.<\/strong><\/p>\n","protected":false},"excerpt":{"rendered":"<p>Crema al Ginseng 50ml e 100ml &#8211; dr. Giorgini Crema tonificante con principi attivi ad azione restitutiva quali collagene, elastina e vitamine A, B5, C ed E. Con oli nutrienti di mandorle e lino, estratto vegetale idratante di altea e tonificante di echinacea e ginseng,&#8230;<\/p>\n","protected":false},"featured_media":16710,"template":"","meta":{"_acf_changed":false},"product_brand":[],"product_cat":[2075],"product_tag":[],"giftcard-category":[],"class_list":{"0":"post-7617","1":"product","2":"type-product","3":"status-publish","4":"has-post-thumbnail","6":"product_cat-cosmetici-viso","7":"pa_formato-100ml","8":"pa_formato-50ml","9":"pa_sku-76","11":"first","12":"instock","13":"sale","14":"taxable","15":"shipping-taxable","16":"purchasable","17":"product-type-variable","18":"has-default-attributes"},"acf":[],"yoast_head":"<!-- This site is optimized with the Yoast SEO plugin v24.9 - https:\/\/yoast.com\/wordpress\/plugins\/seo\/ -->\n<title>Crema al Ginseng viso tonificante antirughe 50ml e 100ml - Dottor Giorgini<\/title>\n<meta name=\"robots\" content=\"index, follow, max-snippet:-1, max-image-preview:large, max-video-preview:-1\" \/>\n<link rel=\"canonical\" href=\"https:\/\/www.dottorgiorgini.it\/it\/prodotto\/crema-al-ginseng-viso-tonificante-antirughe-50ml-e-100ml\/\" \/>\n<meta property=\"og:locale\" content=\"en_US\" \/>\n<meta property=\"og:type\" content=\"article\" \/>\n<meta property=\"og:title\" content=\"Crema al Ginseng viso tonificante antirughe 50ml e 100ml - Dottor Giorgini\" \/>\n<meta property=\"og:description\" content=\"Crema al Ginseng 50ml e 100ml &#8211; dr. Giorgini Crema tonificante con principi attivi ad azione restitutiva quali collagene, elastina e vitamine A, B5, C ed E. Con oli nutrienti di mandorle e lino, estratto vegetale idratante di altea e tonificante di echinacea e ginseng,...\" \/>\n<meta property=\"og:url\" content=\"https:\/\/www.dottorgiorgini.it\/it\/prodotto\/crema-al-ginseng-viso-tonificante-antirughe-50ml-e-100ml\/\" \/>\n<meta property=\"og:site_name\" content=\"Dottor Giorgini\" \/>\n<meta property=\"article:modified_time\" content=\"2024-11-05T16:00:33+00:00\" \/>\n<meta property=\"og:image\" content=\"https:\/\/www.dottorgiorgini.it\/wp-content\/uploads\/sites\/2\/2020\/01\/products-00010161_crema-al-ginseng-100-ml.jpg\" \/>\n\t<meta property=\"og:image:width\" content=\"600\" \/>\n\t<meta property=\"og:image:height\" content=\"600\" \/>\n\t<meta property=\"og:image:type\" content=\"image\/jpeg\" \/>\n<meta name=\"twitter:card\" content=\"summary_large_image\" \/>\n<meta name=\"twitter:label1\" content=\"Est. reading time\" \/>\n\t<meta name=\"twitter:data1\" content=\"1 minute\" \/>\n<script type=\"application\/ld+json\" class=\"yoast-schema-graph\">{\"@context\":\"https:\/\/schema.org\",\"@graph\":[{\"@type\":\"WebPage\",\"@id\":\"https:\/\/www.dottorgiorgini.it\/it\/prodotto\/crema-al-ginseng-viso-tonificante-antirughe-50ml-e-100ml\/\",\"url\":\"https:\/\/www.dottorgiorgini.it\/it\/prodotto\/crema-al-ginseng-viso-tonificante-antirughe-50ml-e-100ml\/\",\"name\":\"Crema al Ginseng viso tonificante antirughe 50ml e 100ml - Dottor Giorgini\",\"isPartOf\":{\"@id\":\"https:\/\/www.dottorgiorgini.it\/en\/#website\"},\"primaryImageOfPage\":{\"@id\":\"https:\/\/www.dottorgiorgini.it\/it\/prodotto\/crema-al-ginseng-viso-tonificante-antirughe-50ml-e-100ml\/#primaryimage\"},\"image\":{\"@id\":\"https:\/\/www.dottorgiorgini.it\/it\/prodotto\/crema-al-ginseng-viso-tonificante-antirughe-50ml-e-100ml\/#primaryimage\"},\"thumbnailUrl\":\"https:\/\/www.dottorgiorgini.it\/wp-content\/uploads\/sites\/2\/2023\/07\/crema-al-ginseng-dr-giorgini.jpg\",\"datePublished\":\"2013-05-10T22:00:00+00:00\",\"dateModified\":\"2024-11-05T16:00:33+00:00\",\"breadcrumb\":{\"@id\":\"https:\/\/www.dottorgiorgini.it\/it\/prodotto\/crema-al-ginseng-viso-tonificante-antirughe-50ml-e-100ml\/#breadcrumb\"},\"inLanguage\":\"en-US\",\"potentialAction\":[{\"@type\":\"ReadAction\",\"target\":[\"https:\/\/www.dottorgiorgini.it\/it\/prodotto\/crema-al-ginseng-viso-tonificante-antirughe-50ml-e-100ml\/\"]}]},{\"@type\":\"ImageObject\",\"inLanguage\":\"en-US\",\"@id\":\"https:\/\/www.dottorgiorgini.it\/it\/prodotto\/crema-al-ginseng-viso-tonificante-antirughe-50ml-e-100ml\/#primaryimage\",\"url\":\"https:\/\/www.dottorgiorgini.it\/wp-content\/uploads\/sites\/2\/2023\/07\/crema-al-ginseng-dr-giorgini.jpg\",\"contentUrl\":\"https:\/\/www.dottorgiorgini.it\/wp-content\/uploads\/sites\/2\/2023\/07\/crema-al-ginseng-dr-giorgini.jpg\",\"width\":698,\"height\":575},{\"@type\":\"BreadcrumbList\",\"@id\":\"https:\/\/www.dottorgiorgini.it\/it\/prodotto\/crema-al-ginseng-viso-tonificante-antirughe-50ml-e-100ml\/#breadcrumb\",\"itemListElement\":[{\"@type\":\"ListItem\",\"position\":1,\"name\":\"Home\",\"item\":\"https:\/\/www.dottorgiorgini.it\/en\/\"},{\"@type\":\"ListItem\",\"position\":2,\"name\":\"Shop\",\"item\":\"https:\/\/www.dottorgiorgini.it\/it\/negozio\/\"},{\"@type\":\"ListItem\",\"position\":3,\"name\":\"Crema al Ginseng viso tonificante antirughe 50ml e 100ml\"}]},{\"@type\":\"WebSite\",\"@id\":\"https:\/\/www.dottorgiorgini.it\/en\/#website\",\"url\":\"https:\/\/www.dottorgiorgini.it\/en\/\",\"name\":\"Dottor Giorgini\",\"description\":\"Herbs &amp; Natural Supplements\",\"potentialAction\":[{\"@type\":\"SearchAction\",\"target\":{\"@type\":\"EntryPoint\",\"urlTemplate\":\"https:\/\/www.dottorgiorgini.it\/en\/?s={search_term_string}\"},\"query-input\":{\"@type\":\"PropertyValueSpecification\",\"valueRequired\":true,\"valueName\":\"search_term_string\"}}],\"inLanguage\":\"en-US\"}]}<\/script>\n<!-- \/ Yoast SEO plugin. -->","yoast_head_json":{"title":"Crema al Ginseng viso tonificante antirughe 50ml e 100ml - Dottor Giorgini","robots":{"index":"index","follow":"follow","max-snippet":"max-snippet:-1","max-image-preview":"max-image-preview:large","max-video-preview":"max-video-preview:-1"},"canonical":"https:\/\/www.dottorgiorgini.it\/it\/prodotto\/crema-al-ginseng-viso-tonificante-antirughe-50ml-e-100ml\/","og_locale":"en_US","og_type":"article","og_title":"Crema al Ginseng viso tonificante antirughe 50ml e 100ml - Dottor Giorgini","og_description":"Crema al Ginseng 50ml e 100ml &#8211; dr. Giorgini Crema tonificante con principi attivi ad azione restitutiva quali collagene, elastina e vitamine A, B5, C ed E. Con oli nutrienti di mandorle e lino, estratto vegetale idratante di altea e tonificante di echinacea e ginseng,...","og_url":"https:\/\/www.dottorgiorgini.it\/it\/prodotto\/crema-al-ginseng-viso-tonificante-antirughe-50ml-e-100ml\/","og_site_name":"Dottor Giorgini","article_modified_time":"2024-11-05T16:00:33+00:00","og_image":[{"width":600,"height":600,"url":"https:\/\/www.dottorgiorgini.it\/wp-content\/uploads\/sites\/2\/2020\/01\/products-00010161_crema-al-ginseng-100-ml.jpg","type":"image\/jpeg"}],"twitter_card":"summary_large_image","twitter_misc":{"Est. reading time":"1 minute"},"schema":{"@context":"https:\/\/schema.org","@graph":[{"@type":"WebPage","@id":"https:\/\/www.dottorgiorgini.it\/it\/prodotto\/crema-al-ginseng-viso-tonificante-antirughe-50ml-e-100ml\/","url":"https:\/\/www.dottorgiorgini.it\/it\/prodotto\/crema-al-ginseng-viso-tonificante-antirughe-50ml-e-100ml\/","name":"Crema al Ginseng viso tonificante antirughe 50ml e 100ml - Dottor Giorgini","isPartOf":{"@id":"https:\/\/www.dottorgiorgini.it\/en\/#website"},"primaryImageOfPage":{"@id":"https:\/\/www.dottorgiorgini.it\/it\/prodotto\/crema-al-ginseng-viso-tonificante-antirughe-50ml-e-100ml\/#primaryimage"},"image":{"@id":"https:\/\/www.dottorgiorgini.it\/it\/prodotto\/crema-al-ginseng-viso-tonificante-antirughe-50ml-e-100ml\/#primaryimage"},"thumbnailUrl":"https:\/\/www.dottorgiorgini.it\/wp-content\/uploads\/sites\/2\/2023\/07\/crema-al-ginseng-dr-giorgini.jpg","datePublished":"2013-05-10T22:00:00+00:00","dateModified":"2024-11-05T16:00:33+00:00","breadcrumb":{"@id":"https:\/\/www.dottorgiorgini.it\/it\/prodotto\/crema-al-ginseng-viso-tonificante-antirughe-50ml-e-100ml\/#breadcrumb"},"inLanguage":"en-US","potentialAction":[{"@type":"ReadAction","target":["https:\/\/www.dottorgiorgini.it\/it\/prodotto\/crema-al-ginseng-viso-tonificante-antirughe-50ml-e-100ml\/"]}]},{"@type":"ImageObject","inLanguage":"en-US","@id":"https:\/\/www.dottorgiorgini.it\/it\/prodotto\/crema-al-ginseng-viso-tonificante-antirughe-50ml-e-100ml\/#primaryimage","url":"https:\/\/www.dottorgiorgini.it\/wp-content\/uploads\/sites\/2\/2023\/07\/crema-al-ginseng-dr-giorgini.jpg","contentUrl":"https:\/\/www.dottorgiorgini.it\/wp-content\/uploads\/sites\/2\/2023\/07\/crema-al-ginseng-dr-giorgini.jpg","width":698,"height":575},{"@type":"BreadcrumbList","@id":"https:\/\/www.dottorgiorgini.it\/it\/prodotto\/crema-al-ginseng-viso-tonificante-antirughe-50ml-e-100ml\/#breadcrumb","itemListElement":[{"@type":"ListItem","position":1,"name":"Home","item":"https:\/\/www.dottorgiorgini.it\/en\/"},{"@type":"ListItem","position":2,"name":"Shop","item":"https:\/\/www.dottorgiorgini.it\/it\/negozio\/"},{"@type":"ListItem","position":3,"name":"Crema al Ginseng viso tonificante antirughe 50ml e 100ml"}]},{"@type":"WebSite","@id":"https:\/\/www.dottorgiorgini.it\/en\/#website","url":"https:\/\/www.dottorgiorgini.it\/en\/","name":"Dottor Giorgini","description":"Herbs &amp; Natural Supplements","potentialAction":[{"@type":"SearchAction","target":{"@type":"EntryPoint","urlTemplate":"https:\/\/www.dottorgiorgini.it\/en\/?s={search_term_string}"},"query-input":{"@type":"PropertyValueSpecification","valueRequired":true,"valueName":"search_term_string"}}],"inLanguage":"en-US"}]}},"_links":{"self":[{"href":"https:\/\/www.dottorgiorgini.it\/en\/wp-json\/wp\/v2\/product\/7617","targetHints":{"allow":["GET"]}}],"collection":[{"href":"https:\/\/www.dottorgiorgini.it\/en\/wp-json\/wp\/v2\/product"}],"about":[{"href":"https:\/\/www.dottorgiorgini.it\/en\/wp-json\/wp\/v2\/types\/product"}],"wp:featuredmedia":[{"embeddable":true,"href":"https:\/\/www.dottorgiorgini.it\/en\/wp-json\/wp\/v2\/media\/16710"}],"wp:attachment":[{"href":"https:\/\/www.dottorgiorgini.it\/en\/wp-json\/wp\/v2\/media?parent=7617"}],"wp:term":[{"taxonomy":"product_brand","embeddable":true,"href":"https:\/\/www.dottorgiorgini.it\/en\/wp-json\/wp\/v2\/product_brand?post=7617"},{"taxonomy":"product_cat","embeddable":true,"href":"https:\/\/www.dottorgiorgini.it\/en\/wp-json\/wp\/v2\/product_cat?post=7617"},{"taxonomy":"product_tag","embeddable":true,"href":"https:\/\/www.dottorgiorgini.it\/en\/wp-json\/wp\/v2\/product_tag?post=7617"},{"taxonomy":"giftcard-category","embeddable":true,"href":"https:\/\/www.dottorgiorgini.it\/en\/wp-json\/wp\/v2\/giftcard-category?post=7617"}],"curies":[{"name":"wp","href":"https:\/\/api.w.org\/{rel}","templated":true}]}}