{"id":7644,"date":"2016-08-04T12:01:01","date_gmt":"2016-08-04T10:01:01","guid":{"rendered":"http:\/\/www.dottorgiorgini.it\/prodotto\/liquirizia-estratto-integrale-200-ml\/"},"modified":"2025-08-30T10:04:20","modified_gmt":"2025-08-30T08:04:20","slug":"liquirizia-estratto-integrale-analcoolico-200ml-dr-giorgini","status":"publish","type":"product","link":"https:\/\/www.dottorgiorgini.it\/en\/prodotto\/liquirizia-estratto-integrale-analcoolico-200ml-dr-giorgini\/","title":{"rendered":"Liquirizia Estratto Integrale analcoolico 200ml Dr. Giorgini"},"content":{"rendered":"<div><strong>Liquirizia Estratto Integrale liquido analcoolico 200 ml &#8211; Dr. Giorgini <\/strong><\/div>\n<p>La liquirizia (Glycyrrhiza glabra) radici, favorisce la fluidit\u00e0 delle secrezioni bronchiali e il benessere di naso e gola, promuove la funzionalit\u00e0 del sistema digerente e aiuta a mantenere la normale funzionalit\u00e0 articolare.<\/p>\n<div>\n<p><strong>Consigli d&#8217;uso<\/strong><\/p>\n<p>Si consiglia l\u2019assunzione di 1 misurino (10 ml) diluito in acqua calda o fredda, da una a tre volte al giorno in qualunque momento (da 10 a 30 ml al giorno); mescolare e dolcificare a piacere.<\/p>\n<p>Se desiderato, la dose giornaliera pu\u00f2 essere diluita in una bottiglia d\u2019acqua da consumare nell\u2019arco della giornata.<\/p>\n<p>Misurino graduato incluso nella confezione.<\/p>\n<\/div>\n<p><strong>Ingredienti<\/strong><\/p>\n<p>Glicerina vegetale bidistillata, acqua pura, liquirizia (Glycyrrhiza glabra) radici\u00a0E.I.L.<\/p>\n<p>E.I.L.= Estratto liquido integrale<\/p>\n<p><strong>Non contiene alcool, conservanti, coloranti, aromi ed edulcoranti di sintesi.<\/strong><\/p>\n<p><strong>Prodotto adatto ai vegani.<\/strong><\/p>\n","protected":false},"excerpt":{"rendered":"<p>Liquirizia Estratto Integrale liquido analcoolico 200 ml &#8211; Dr. Giorgini La liquirizia (Glycyrrhiza glabra) radici, favorisce la fluidit\u00e0 delle secrezioni bronchiali e il benessere di naso e gola, promuove la funzionalit\u00e0 del sistema digerente e aiuta a mantenere la normale funzionalit\u00e0 articolare. Consigli d&#8217;uso Si&#8230;<\/p>\n","protected":false},"featured_media":1000000119677,"template":"","meta":{"_acf_changed":false},"product_brand":[],"product_cat":[2150],"product_tag":[4224,161,4225,95,4216,4229,411,412,4218,164],"giftcard-category":[],"class_list":{"0":"post-7644","1":"product","2":"type-product","3":"status-publish","4":"has-post-thumbnail","6":"product_cat-estratti-integrali","7":"product_tag-analcoolica-2","8":"product_tag-calendula","9":"product_tag-echinacea-2","10":"product_tag-estratto","11":"product_tag-integrale-2","12":"product_tag-lapacho-2","13":"product_tag-liquirizia","14":"product_tag-tiglio","15":"product_tag-tmg-2","16":"product_tag-totale","17":"pa_avvertenze-gli-integratori-non-vanno-intesi-come-sostituti-di-una-dieta-variata-non-superare-la-dose-giornaliera-raccomandata-tenere-fuori-dalla-portata-dei-bambini-sotto-i-3-anni","18":"pa_formato-200-ml","19":"pa_linea-estratti-integrali","20":"pa_marca-dr-giorgini","21":"pa_sku-165","22":"pa_tipologia-liquido-analcolico","24":"first","25":"instock","26":"sale","27":"taxable","28":"shipping-taxable","29":"purchasable","30":"product-type-simple"},"acf":[],"yoast_head":"<!-- This site is optimized with the Yoast SEO plugin v24.9 - https:\/\/yoast.com\/wordpress\/plugins\/seo\/ -->\n<title>Liquirizia Estratto Integrale analcoolico 200ml Dr. Giorgini - Dottor Giorgini<\/title>\n<meta name=\"description\" content=\"Favorisce la fluidit? delle secrezioni bronchiali e il benessere di naso e gola, la funzionalit? del sistema digerente e la normale funzionalit? articolare.\" \/>\n<meta name=\"robots\" content=\"index, follow, max-snippet:-1, max-image-preview:large, max-video-preview:-1\" \/>\n<link rel=\"canonical\" href=\"https:\/\/www.dottorgiorgini.it\/it\/prodotto\/liquirizia-estratto-integrale-analcoolico-200ml-dr-giorgini\/\" \/>\n<meta property=\"og:locale\" content=\"en_US\" \/>\n<meta property=\"og:type\" content=\"article\" \/>\n<meta property=\"og:title\" content=\"Liquirizia Estratto Integrale analcoolico 200ml Dr. Giorgini - Dottor Giorgini\" \/>\n<meta property=\"og:description\" content=\"Favorisce la fluidit? delle secrezioni bronchiali e il benessere di naso e gola, la funzionalit? del sistema digerente e la normale funzionalit? articolare.\" \/>\n<meta property=\"og:url\" content=\"https:\/\/www.dottorgiorgini.it\/it\/prodotto\/liquirizia-estratto-integrale-analcoolico-200ml-dr-giorgini\/\" \/>\n<meta property=\"og:site_name\" content=\"Dottor Giorgini\" \/>\n<meta property=\"article:modified_time\" content=\"2025-08-30T08:04:20+00:00\" \/>\n<meta name=\"twitter:card\" content=\"summary_large_image\" \/>\n<meta name=\"twitter:label1\" content=\"Est. reading time\" \/>\n\t<meta name=\"twitter:data1\" content=\"1 minute\" \/>\n<script type=\"application\/ld+json\" class=\"yoast-schema-graph\">{\"@context\":\"https:\/\/schema.org\",\"@graph\":[{\"@type\":\"WebPage\",\"@id\":\"https:\/\/www.dottorgiorgini.it\/it\/prodotto\/liquirizia-estratto-integrale-analcoolico-200ml-dr-giorgini\/\",\"url\":\"https:\/\/www.dottorgiorgini.it\/it\/prodotto\/liquirizia-estratto-integrale-analcoolico-200ml-dr-giorgini\/\",\"name\":\"Liquirizia Estratto Integrale analcoolico 200ml Dr. Giorgini - Dottor Giorgini\",\"isPartOf\":{\"@id\":\"https:\/\/www.dottorgiorgini.it\/en\/#website\"},\"primaryImageOfPage\":{\"@id\":\"https:\/\/www.dottorgiorgini.it\/it\/prodotto\/liquirizia-estratto-integrale-analcoolico-200ml-dr-giorgini\/#primaryimage\"},\"image\":{\"@id\":\"https:\/\/www.dottorgiorgini.it\/it\/prodotto\/liquirizia-estratto-integrale-analcoolico-200ml-dr-giorgini\/#primaryimage\"},\"thumbnailUrl\":\"https:\/\/www.dottorgiorgini.it\/wp-content\/uploads\/2016\/06\/00004016-liquirizia-integrale200.jpeg\",\"datePublished\":\"2016-08-04T10:01:01+00:00\",\"dateModified\":\"2025-08-30T08:04:20+00:00\",\"description\":\"Favorisce la fluidit? delle secrezioni bronchiali e il benessere di naso e gola, la funzionalit? del sistema digerente e la normale funzionalit? articolare.\",\"breadcrumb\":{\"@id\":\"https:\/\/www.dottorgiorgini.it\/it\/prodotto\/liquirizia-estratto-integrale-analcoolico-200ml-dr-giorgini\/#breadcrumb\"},\"inLanguage\":\"en-US\",\"potentialAction\":[{\"@type\":\"ReadAction\",\"target\":[\"https:\/\/www.dottorgiorgini.it\/it\/prodotto\/liquirizia-estratto-integrale-analcoolico-200ml-dr-giorgini\/\"]}]},{\"@type\":\"ImageObject\",\"inLanguage\":\"en-US\",\"@id\":\"https:\/\/www.dottorgiorgini.it\/it\/prodotto\/liquirizia-estratto-integrale-analcoolico-200ml-dr-giorgini\/#primaryimage\",\"url\":\"https:\/\/www.dottorgiorgini.it\/wp-content\/uploads\/2016\/06\/00004016-liquirizia-integrale200.jpeg\",\"contentUrl\":\"https:\/\/www.dottorgiorgini.it\/wp-content\/uploads\/2016\/06\/00004016-liquirizia-integrale200.jpeg\"},{\"@type\":\"BreadcrumbList\",\"@id\":\"https:\/\/www.dottorgiorgini.it\/it\/prodotto\/liquirizia-estratto-integrale-analcoolico-200ml-dr-giorgini\/#breadcrumb\",\"itemListElement\":[{\"@type\":\"ListItem\",\"position\":1,\"name\":\"Home\",\"item\":\"https:\/\/www.dottorgiorgini.it\/en\/\"},{\"@type\":\"ListItem\",\"position\":2,\"name\":\"Shop\",\"item\":\"https:\/\/www.dottorgiorgini.it\/it\/negozio\/\"},{\"@type\":\"ListItem\",\"position\":3,\"name\":\"Liquirizia Estratto Integrale analcoolico 200ml Dr. Giorgini\"}]},{\"@type\":\"WebSite\",\"@id\":\"https:\/\/www.dottorgiorgini.it\/en\/#website\",\"url\":\"https:\/\/www.dottorgiorgini.it\/en\/\",\"name\":\"Dottor Giorgini\",\"description\":\"Herbs &amp; Natural Supplements\",\"potentialAction\":[{\"@type\":\"SearchAction\",\"target\":{\"@type\":\"EntryPoint\",\"urlTemplate\":\"https:\/\/www.dottorgiorgini.it\/en\/?s={search_term_string}\"},\"query-input\":{\"@type\":\"PropertyValueSpecification\",\"valueRequired\":true,\"valueName\":\"search_term_string\"}}],\"inLanguage\":\"en-US\"}]}<\/script>\n<!-- \/ Yoast SEO plugin. -->","yoast_head_json":{"title":"Liquirizia Estratto Integrale analcoolico 200ml Dr. Giorgini - Dottor Giorgini","description":"Favorisce la fluidit? delle secrezioni bronchiali e il benessere di naso e gola, la funzionalit? del sistema digerente e la normale funzionalit? articolare.","robots":{"index":"index","follow":"follow","max-snippet":"max-snippet:-1","max-image-preview":"max-image-preview:large","max-video-preview":"max-video-preview:-1"},"canonical":"https:\/\/www.dottorgiorgini.it\/it\/prodotto\/liquirizia-estratto-integrale-analcoolico-200ml-dr-giorgini\/","og_locale":"en_US","og_type":"article","og_title":"Liquirizia Estratto Integrale analcoolico 200ml Dr. Giorgini - Dottor Giorgini","og_description":"Favorisce la fluidit? delle secrezioni bronchiali e il benessere di naso e gola, la funzionalit? del sistema digerente e la normale funzionalit? articolare.","og_url":"https:\/\/www.dottorgiorgini.it\/it\/prodotto\/liquirizia-estratto-integrale-analcoolico-200ml-dr-giorgini\/","og_site_name":"Dottor Giorgini","article_modified_time":"2025-08-30T08:04:20+00:00","twitter_card":"summary_large_image","twitter_misc":{"Est. reading time":"1 minute"},"schema":{"@context":"https:\/\/schema.org","@graph":[{"@type":"WebPage","@id":"https:\/\/www.dottorgiorgini.it\/it\/prodotto\/liquirizia-estratto-integrale-analcoolico-200ml-dr-giorgini\/","url":"https:\/\/www.dottorgiorgini.it\/it\/prodotto\/liquirizia-estratto-integrale-analcoolico-200ml-dr-giorgini\/","name":"Liquirizia Estratto Integrale analcoolico 200ml Dr. Giorgini - Dottor Giorgini","isPartOf":{"@id":"https:\/\/www.dottorgiorgini.it\/en\/#website"},"primaryImageOfPage":{"@id":"https:\/\/www.dottorgiorgini.it\/it\/prodotto\/liquirizia-estratto-integrale-analcoolico-200ml-dr-giorgini\/#primaryimage"},"image":{"@id":"https:\/\/www.dottorgiorgini.it\/it\/prodotto\/liquirizia-estratto-integrale-analcoolico-200ml-dr-giorgini\/#primaryimage"},"thumbnailUrl":"https:\/\/www.dottorgiorgini.it\/wp-content\/uploads\/2016\/06\/00004016-liquirizia-integrale200.jpeg","datePublished":"2016-08-04T10:01:01+00:00","dateModified":"2025-08-30T08:04:20+00:00","description":"Favorisce la fluidit? delle secrezioni bronchiali e il benessere di naso e gola, la funzionalit? del sistema digerente e la normale funzionalit? articolare.","breadcrumb":{"@id":"https:\/\/www.dottorgiorgini.it\/it\/prodotto\/liquirizia-estratto-integrale-analcoolico-200ml-dr-giorgini\/#breadcrumb"},"inLanguage":"en-US","potentialAction":[{"@type":"ReadAction","target":["https:\/\/www.dottorgiorgini.it\/it\/prodotto\/liquirizia-estratto-integrale-analcoolico-200ml-dr-giorgini\/"]}]},{"@type":"ImageObject","inLanguage":"en-US","@id":"https:\/\/www.dottorgiorgini.it\/it\/prodotto\/liquirizia-estratto-integrale-analcoolico-200ml-dr-giorgini\/#primaryimage","url":"https:\/\/www.dottorgiorgini.it\/wp-content\/uploads\/2016\/06\/00004016-liquirizia-integrale200.jpeg","contentUrl":"https:\/\/www.dottorgiorgini.it\/wp-content\/uploads\/2016\/06\/00004016-liquirizia-integrale200.jpeg"},{"@type":"BreadcrumbList","@id":"https:\/\/www.dottorgiorgini.it\/it\/prodotto\/liquirizia-estratto-integrale-analcoolico-200ml-dr-giorgini\/#breadcrumb","itemListElement":[{"@type":"ListItem","position":1,"name":"Home","item":"https:\/\/www.dottorgiorgini.it\/en\/"},{"@type":"ListItem","position":2,"name":"Shop","item":"https:\/\/www.dottorgiorgini.it\/it\/negozio\/"},{"@type":"ListItem","position":3,"name":"Liquirizia Estratto Integrale analcoolico 200ml Dr. Giorgini"}]},{"@type":"WebSite","@id":"https:\/\/www.dottorgiorgini.it\/en\/#website","url":"https:\/\/www.dottorgiorgini.it\/en\/","name":"Dottor Giorgini","description":"Herbs &amp; Natural Supplements","potentialAction":[{"@type":"SearchAction","target":{"@type":"EntryPoint","urlTemplate":"https:\/\/www.dottorgiorgini.it\/en\/?s={search_term_string}"},"query-input":{"@type":"PropertyValueSpecification","valueRequired":true,"valueName":"search_term_string"}}],"inLanguage":"en-US"}]}},"_links":{"self":[{"href":"https:\/\/www.dottorgiorgini.it\/en\/wp-json\/wp\/v2\/product\/7644","targetHints":{"allow":["GET"]}}],"collection":[{"href":"https:\/\/www.dottorgiorgini.it\/en\/wp-json\/wp\/v2\/product"}],"about":[{"href":"https:\/\/www.dottorgiorgini.it\/en\/wp-json\/wp\/v2\/types\/product"}],"wp:featuredmedia":[{"embeddable":true,"href":"https:\/\/www.dottorgiorgini.it\/en\/wp-json\/"}],"wp:attachment":[{"href":"https:\/\/www.dottorgiorgini.it\/en\/wp-json\/wp\/v2\/media?parent=7644"}],"wp:term":[{"taxonomy":"product_brand","embeddable":true,"href":"https:\/\/www.dottorgiorgini.it\/en\/wp-json\/wp\/v2\/product_brand?post=7644"},{"taxonomy":"product_cat","embeddable":true,"href":"https:\/\/www.dottorgiorgini.it\/en\/wp-json\/wp\/v2\/product_cat?post=7644"},{"taxonomy":"product_tag","embeddable":true,"href":"https:\/\/www.dottorgiorgini.it\/en\/wp-json\/wp\/v2\/product_tag?post=7644"},{"taxonomy":"giftcard-category","embeddable":true,"href":"https:\/\/www.dottorgiorgini.it\/en\/wp-json\/wp\/v2\/giftcard-category?post=7644"}],"curies":[{"name":"wp","href":"https:\/\/api.w.org\/{rel}","templated":true}]}}