{"id":7910,"date":"2015-11-14T18:33:07","date_gmt":"2015-11-14T17:33:07","guid":{"rendered":"http:\/\/www.dottorgiorgini.it\/prodotto\/uomomix-200-ml-analcolico\/"},"modified":"2025-09-24T15:32:38","modified_gmt":"2025-09-24T13:32:38","slug":"uomomix-200ml-favorisce-la-funzionalita-della-prostata-analcolico","status":"publish","type":"product","link":"https:\/\/www.dottorgiorgini.it\/en\/prodotto\/uomomix-200ml-favorisce-la-funzionalita-della-prostata-analcolico\/","title":{"rendered":"Uomomix 200ml favorisce la funzionalit\u00e0 della prostata. Analcolico"},"content":{"rendered":"<p><strong>Uomomix\u00a0200ml analcoolico &#8211; dr. Giorgini<\/strong><\/p>\n<p>Gemmoderivato + Tintura Madre<\/p>\n<p>Le radici di ortica favoriscono la funzionalit\u00e0 della prostata.<\/p>\n<p>Le foglie, invece, sostengono il drenaggio dei liquidi corporei e la funzionalit\u00e0 delle vie urinarie; promuovono, inoltre, le fisiologiche funzioni depurative dell\u2019organismo e contribuiscono al benessere dei capelli.<\/p>\n<p><strong>Consigli d&#8217;uso<\/strong><\/p>\n<p>Si consiglia l\u2019assunzione delle dosi riportate di seguito, da una a tre volte al giorno in qualunque momento:<\/p>\n<p>\u2022 1,4 ml per bambini da 1 a 3 anni;<\/p>\n<p>\u2022 2 ml per bambini da 4 a 6 anni;<\/p>\n<p>\u2022 3,5 ml per bambini da 7 a 10 anni;<\/p>\n<p>\u2022 5 ml per adulti.<\/p>\n<p>Diluire il prodotto in acqua.<\/p>\n<p>Se desiderato, le tre dosi possono essere assunte anche in un\u2019unica soluzione.<\/p>\n<p>Agitare prima dell&#8217;uso.<\/p>\n<p>Misurino graduato incluso nella confezione.<\/p>\n<p>Sapore gradevole.<\/p>\n<p><strong>Ingredienti<\/strong><\/p>\n<p>Glicerina vegetale bidistillata, acqua pura, ortica (Urtica dioica) radici e foglie (10%); tessuti meristematici freschi (10%): quercia (Quercus peduncolata, sinonimo Quercus robur) gemme, sequoia (Sequoia gigantea, sinonimo Sequoiadendron giganteum) gemme, erica o brugo (Calluna vulgaris) giovani getti, ribes nero (Ribes nigrum) gemme, rosmarino (Rosmarinus officinalis) giovani getti.<\/p>\n<p>Conservare il prodotto fuori dal frigorifero anche dopo l\u2019apertura.<\/p>\n<p>Prodotto adatto ai vegani.<\/p>\n<p><strong>Note sulla preparazione<\/strong><\/p>\n<p>I prodotti della Linea Mix contengono <strong>due prodotti in uno.<\/strong><\/p>\n<p>Infatti sono costituiti da una miscela concentrata di Gemmoderivati arricchiti con una Tintura Madre ad azione sinergica.<\/p>\n<p>I Gemmoderivati del Dr. Giorgini sono ottenuti utilizzando <strong>solo tessuti meristematici freschi<\/strong>, cio\u00e8 tessuti embrionali in via di accrescimento.<\/p>\n<p>Questi vengono raccolti in primavera e lavorati nella stessa giornata per mantenere inalterata la loro freschezza.<\/p>\n<p>Lo speciale metodo di<strong> lavorazione a freddo<\/strong> permette di estrarre e preservare integri tutti i principi attivi e nutritivi presenti nei tessuti embrionali delle piante.<\/p>\n<p>La Tintura Madre, preparata con il metodo inventato dal Dr. Giorgini, offre al Consumatore un estratto contenente l\u2019intero fitocomplesso della pianta.<\/p>\n<p>Tutti i prodotti della Linea Mix sono <strong>naturali al 100% e non contengono: zuccheri aggiunti, alcool, conservanti, aromi ed edulcoranti artificiali.<\/strong><\/p>\n<p>I prodotti della Linea Mix sono pi\u00f9 concentrati dei comuni Gemmoderivati o delle Tinture Madri, infatti hanno un rapporto di <strong>estrazione fi nale di 1:5, cio\u00e8 da 1 kg di piante si ottengono 5 litri di prodotto concentrato!<\/strong><\/p>\n<p>Inoltre, <strong>sono analcoolici<\/strong> (senza alcool) e dal sapore gradevole <strong>adatto anche ai bambini.<\/strong><\/p>\n","protected":false},"excerpt":{"rendered":"<p>Uomomix\u00a0200ml analcoolico &#8211; dr. Giorgini Gemmoderivato + Tintura Madre Le radici di ortica favoriscono la funzionalit\u00e0 della prostata. Le foglie, invece, sostengono il drenaggio dei liquidi corporei e la funzionalit\u00e0 delle vie urinarie; promuovono, inoltre, le fisiologiche funzioni depurative dell\u2019organismo e contribuiscono al benessere dei&#8230;<\/p>\n","protected":false},"featured_media":1000000121161,"template":"","meta":{"_acf_changed":false},"product_brand":[],"product_cat":[2945,2093,2177,4255],"product_tag":[3026,4172,4173,349],"giftcard-category":[],"class_list":{"0":"post-7910","1":"product","2":"type-product","3":"status-publish","4":"has-post-thumbnail","6":"product_cat-dr-benessere-delluomo","7":"product_cat-linea-mix","8":"product_cat-benessere-maschile","9":"product_cat-benessere-vie-urinarie","10":"product_tag-analcolico-3","11":"product_tag-dr-2","12":"product_tag-giorgini-2","13":"product_tag-tavolette","14":"pa_formato-200-ml","15":"pa_linea-linea-mix","16":"pa_marca-dr-giorgini","17":"pa_sku-534","18":"pa_tipologia-liquido-analcolico","20":"first","21":"instock","22":"sale","23":"taxable","24":"shipping-taxable","25":"purchasable","26":"product-type-simple"},"acf":[],"yoast_head":"<!-- This site is optimized with the Yoast SEO plugin v24.9 - https:\/\/yoast.com\/wordpress\/plugins\/seo\/ -->\n<title>Uomomix 200ml favorisce la funzionalit\u00e0 della prostata. Analcolico - Dottor Giorgini<\/title>\n<meta name=\"description\" content=\"L&#039;estratto integrale di ortica favorisce la funzionalit\u00e0 della prostata, il drenaggio dei liquidi corporei e la funzionalit\u00e0 delle vie urinarie.\" \/>\n<meta name=\"robots\" content=\"index, follow, max-snippet:-1, max-image-preview:large, max-video-preview:-1\" \/>\n<link rel=\"canonical\" href=\"https:\/\/www.dottorgiorgini.it\/it\/prodotto\/uomomix-200ml-favorisce-la-funzionalita-della-prostata-analcolico\/\" \/>\n<meta property=\"og:locale\" content=\"en_US\" \/>\n<meta property=\"og:type\" content=\"article\" \/>\n<meta property=\"og:title\" content=\"Uomomix 200ml favorisce la funzionalit\u00e0 della prostata. Analcolico - Dottor Giorgini\" \/>\n<meta property=\"og:description\" content=\"L&#039;estratto integrale di ortica favorisce la funzionalit\u00e0 della prostata, il drenaggio dei liquidi corporei e la funzionalit\u00e0 delle vie urinarie.\" \/>\n<meta property=\"og:url\" content=\"https:\/\/www.dottorgiorgini.it\/it\/prodotto\/uomomix-200ml-favorisce-la-funzionalita-della-prostata-analcolico\/\" \/>\n<meta property=\"og:site_name\" content=\"Dottor Giorgini\" \/>\n<meta property=\"article:modified_time\" content=\"2025-09-24T13:32:38+00:00\" \/>\n<meta property=\"og:image\" content=\"https:\/\/www.dottorgiorgini.it\/wp-content\/uploads\/sites\/2\/2023\/05\/00003912-uomomix200.jpeg\" \/>\n\t<meta property=\"og:image:width\" content=\"1200\" \/>\n\t<meta property=\"og:image:height\" content=\"1200\" \/>\n\t<meta property=\"og:image:type\" content=\"image\/jpeg\" \/>\n<meta name=\"twitter:card\" content=\"summary_large_image\" \/>\n<meta name=\"twitter:label1\" content=\"Est. reading time\" \/>\n\t<meta name=\"twitter:data1\" content=\"2 minutes\" \/>\n<script type=\"application\/ld+json\" class=\"yoast-schema-graph\">{\"@context\":\"https:\/\/schema.org\",\"@graph\":[{\"@type\":\"WebPage\",\"@id\":\"https:\/\/www.dottorgiorgini.it\/it\/prodotto\/uomomix-200ml-favorisce-la-funzionalita-della-prostata-analcolico\/\",\"url\":\"https:\/\/www.dottorgiorgini.it\/it\/prodotto\/uomomix-200ml-favorisce-la-funzionalita-della-prostata-analcolico\/\",\"name\":\"Uomomix 200ml favorisce la funzionalit\u00e0 della prostata. Analcolico - Dottor Giorgini\",\"isPartOf\":{\"@id\":\"https:\/\/www.dottorgiorgini.it\/en\/#website\"},\"primaryImageOfPage\":{\"@id\":\"https:\/\/www.dottorgiorgini.it\/it\/prodotto\/uomomix-200ml-favorisce-la-funzionalita-della-prostata-analcolico\/#primaryimage\"},\"image\":{\"@id\":\"https:\/\/www.dottorgiorgini.it\/it\/prodotto\/uomomix-200ml-favorisce-la-funzionalita-della-prostata-analcolico\/#primaryimage\"},\"thumbnailUrl\":\"https:\/\/www.dottorgiorgini.it\/wp-content\/uploads\/2015\/11\/00003912-uomomix200.jpeg\",\"datePublished\":\"2015-11-14T17:33:07+00:00\",\"dateModified\":\"2025-09-24T13:32:38+00:00\",\"description\":\"L'estratto integrale di ortica favorisce la funzionalit\u00e0 della prostata, il drenaggio dei liquidi corporei e la funzionalit\u00e0 delle vie urinarie.\",\"breadcrumb\":{\"@id\":\"https:\/\/www.dottorgiorgini.it\/it\/prodotto\/uomomix-200ml-favorisce-la-funzionalita-della-prostata-analcolico\/#breadcrumb\"},\"inLanguage\":\"en-US\",\"potentialAction\":[{\"@type\":\"ReadAction\",\"target\":[\"https:\/\/www.dottorgiorgini.it\/it\/prodotto\/uomomix-200ml-favorisce-la-funzionalita-della-prostata-analcolico\/\"]}]},{\"@type\":\"ImageObject\",\"inLanguage\":\"en-US\",\"@id\":\"https:\/\/www.dottorgiorgini.it\/it\/prodotto\/uomomix-200ml-favorisce-la-funzionalita-della-prostata-analcolico\/#primaryimage\",\"url\":\"https:\/\/www.dottorgiorgini.it\/wp-content\/uploads\/2015\/11\/00003912-uomomix200.jpeg\",\"contentUrl\":\"https:\/\/www.dottorgiorgini.it\/wp-content\/uploads\/2015\/11\/00003912-uomomix200.jpeg\"},{\"@type\":\"BreadcrumbList\",\"@id\":\"https:\/\/www.dottorgiorgini.it\/it\/prodotto\/uomomix-200ml-favorisce-la-funzionalita-della-prostata-analcolico\/#breadcrumb\",\"itemListElement\":[{\"@type\":\"ListItem\",\"position\":1,\"name\":\"Home\",\"item\":\"https:\/\/www.dottorgiorgini.it\/en\/\"},{\"@type\":\"ListItem\",\"position\":2,\"name\":\"Shop\",\"item\":\"https:\/\/www.dottorgiorgini.it\/it\/negozio\/\"},{\"@type\":\"ListItem\",\"position\":3,\"name\":\"Uomomix 200ml favorisce la funzionalit\u00e0 della prostata. Analcolico\"}]},{\"@type\":\"WebSite\",\"@id\":\"https:\/\/www.dottorgiorgini.it\/en\/#website\",\"url\":\"https:\/\/www.dottorgiorgini.it\/en\/\",\"name\":\"Dottor Giorgini\",\"description\":\"Herbs &amp; Natural Supplements\",\"potentialAction\":[{\"@type\":\"SearchAction\",\"target\":{\"@type\":\"EntryPoint\",\"urlTemplate\":\"https:\/\/www.dottorgiorgini.it\/en\/?s={search_term_string}\"},\"query-input\":{\"@type\":\"PropertyValueSpecification\",\"valueRequired\":true,\"valueName\":\"search_term_string\"}}],\"inLanguage\":\"en-US\"}]}<\/script>\n<!-- \/ Yoast SEO plugin. -->","yoast_head_json":{"title":"Uomomix 200ml favorisce la funzionalit\u00e0 della prostata. Analcolico - Dottor Giorgini","description":"L'estratto integrale di ortica favorisce la funzionalit\u00e0 della prostata, il drenaggio dei liquidi corporei e la funzionalit\u00e0 delle vie urinarie.","robots":{"index":"index","follow":"follow","max-snippet":"max-snippet:-1","max-image-preview":"max-image-preview:large","max-video-preview":"max-video-preview:-1"},"canonical":"https:\/\/www.dottorgiorgini.it\/it\/prodotto\/uomomix-200ml-favorisce-la-funzionalita-della-prostata-analcolico\/","og_locale":"en_US","og_type":"article","og_title":"Uomomix 200ml favorisce la funzionalit\u00e0 della prostata. Analcolico - Dottor Giorgini","og_description":"L'estratto integrale di ortica favorisce la funzionalit\u00e0 della prostata, il drenaggio dei liquidi corporei e la funzionalit\u00e0 delle vie urinarie.","og_url":"https:\/\/www.dottorgiorgini.it\/it\/prodotto\/uomomix-200ml-favorisce-la-funzionalita-della-prostata-analcolico\/","og_site_name":"Dottor Giorgini","article_modified_time":"2025-09-24T13:32:38+00:00","og_image":[{"width":1200,"height":1200,"url":"https:\/\/www.dottorgiorgini.it\/wp-content\/uploads\/sites\/2\/2023\/05\/00003912-uomomix200.jpeg","type":"image\/jpeg"}],"twitter_card":"summary_large_image","twitter_misc":{"Est. reading time":"2 minutes"},"schema":{"@context":"https:\/\/schema.org","@graph":[{"@type":"WebPage","@id":"https:\/\/www.dottorgiorgini.it\/it\/prodotto\/uomomix-200ml-favorisce-la-funzionalita-della-prostata-analcolico\/","url":"https:\/\/www.dottorgiorgini.it\/it\/prodotto\/uomomix-200ml-favorisce-la-funzionalita-della-prostata-analcolico\/","name":"Uomomix 200ml favorisce la funzionalit\u00e0 della prostata. Analcolico - Dottor Giorgini","isPartOf":{"@id":"https:\/\/www.dottorgiorgini.it\/en\/#website"},"primaryImageOfPage":{"@id":"https:\/\/www.dottorgiorgini.it\/it\/prodotto\/uomomix-200ml-favorisce-la-funzionalita-della-prostata-analcolico\/#primaryimage"},"image":{"@id":"https:\/\/www.dottorgiorgini.it\/it\/prodotto\/uomomix-200ml-favorisce-la-funzionalita-della-prostata-analcolico\/#primaryimage"},"thumbnailUrl":"https:\/\/www.dottorgiorgini.it\/wp-content\/uploads\/2015\/11\/00003912-uomomix200.jpeg","datePublished":"2015-11-14T17:33:07+00:00","dateModified":"2025-09-24T13:32:38+00:00","description":"L'estratto integrale di ortica favorisce la funzionalit\u00e0 della prostata, il drenaggio dei liquidi corporei e la funzionalit\u00e0 delle vie urinarie.","breadcrumb":{"@id":"https:\/\/www.dottorgiorgini.it\/it\/prodotto\/uomomix-200ml-favorisce-la-funzionalita-della-prostata-analcolico\/#breadcrumb"},"inLanguage":"en-US","potentialAction":[{"@type":"ReadAction","target":["https:\/\/www.dottorgiorgini.it\/it\/prodotto\/uomomix-200ml-favorisce-la-funzionalita-della-prostata-analcolico\/"]}]},{"@type":"ImageObject","inLanguage":"en-US","@id":"https:\/\/www.dottorgiorgini.it\/it\/prodotto\/uomomix-200ml-favorisce-la-funzionalita-della-prostata-analcolico\/#primaryimage","url":"https:\/\/www.dottorgiorgini.it\/wp-content\/uploads\/2015\/11\/00003912-uomomix200.jpeg","contentUrl":"https:\/\/www.dottorgiorgini.it\/wp-content\/uploads\/2015\/11\/00003912-uomomix200.jpeg"},{"@type":"BreadcrumbList","@id":"https:\/\/www.dottorgiorgini.it\/it\/prodotto\/uomomix-200ml-favorisce-la-funzionalita-della-prostata-analcolico\/#breadcrumb","itemListElement":[{"@type":"ListItem","position":1,"name":"Home","item":"https:\/\/www.dottorgiorgini.it\/en\/"},{"@type":"ListItem","position":2,"name":"Shop","item":"https:\/\/www.dottorgiorgini.it\/it\/negozio\/"},{"@type":"ListItem","position":3,"name":"Uomomix 200ml favorisce la funzionalit\u00e0 della prostata. Analcolico"}]},{"@type":"WebSite","@id":"https:\/\/www.dottorgiorgini.it\/en\/#website","url":"https:\/\/www.dottorgiorgini.it\/en\/","name":"Dottor Giorgini","description":"Herbs &amp; Natural Supplements","potentialAction":[{"@type":"SearchAction","target":{"@type":"EntryPoint","urlTemplate":"https:\/\/www.dottorgiorgini.it\/en\/?s={search_term_string}"},"query-input":{"@type":"PropertyValueSpecification","valueRequired":true,"valueName":"search_term_string"}}],"inLanguage":"en-US"}]}},"_links":{"self":[{"href":"https:\/\/www.dottorgiorgini.it\/en\/wp-json\/wp\/v2\/product\/7910","targetHints":{"allow":["GET"]}}],"collection":[{"href":"https:\/\/www.dottorgiorgini.it\/en\/wp-json\/wp\/v2\/product"}],"about":[{"href":"https:\/\/www.dottorgiorgini.it\/en\/wp-json\/wp\/v2\/types\/product"}],"wp:featuredmedia":[{"embeddable":true,"href":"https:\/\/www.dottorgiorgini.it\/en\/wp-json\/"}],"wp:attachment":[{"href":"https:\/\/www.dottorgiorgini.it\/en\/wp-json\/wp\/v2\/media?parent=7910"}],"wp:term":[{"taxonomy":"product_brand","embeddable":true,"href":"https:\/\/www.dottorgiorgini.it\/en\/wp-json\/wp\/v2\/product_brand?post=7910"},{"taxonomy":"product_cat","embeddable":true,"href":"https:\/\/www.dottorgiorgini.it\/en\/wp-json\/wp\/v2\/product_cat?post=7910"},{"taxonomy":"product_tag","embeddable":true,"href":"https:\/\/www.dottorgiorgini.it\/en\/wp-json\/wp\/v2\/product_tag?post=7910"},{"taxonomy":"giftcard-category","embeddable":true,"href":"https:\/\/www.dottorgiorgini.it\/en\/wp-json\/wp\/v2\/giftcard-category?post=7910"}],"curies":[{"name":"wp","href":"https:\/\/api.w.org\/{rel}","templated":true}]}}