{"id":506,"date":"2020-01-10T16:06:41","date_gmt":"2020-01-10T15:06:41","guid":{"rendered":"http:\/\/www.dottorgiorgini.it\/?page_id=506"},"modified":"2025-02-09T22:26:52","modified_gmt":"2025-02-09T21:26:52","slug":"perche-noi","status":"publish","type":"page","link":"https:\/\/www.dottorgiorgini.it\/it\/perche-noi\/","title":{"rendered":"Perch\u00e8 noi"},"content":{"rendered":"<div class=\"wpb-content-wrapper\"><p>[vc_row css_animation=&#8221;&#8221; row_type=&#8221;row&#8221; use_row_as_full_screen_section=&#8221;no&#8221; type=&#8221;full_width&#8221; angled_section=&#8221;no&#8221; text_align=&#8221;left&#8221; background_image_as_pattern=&#8221;without_pattern&#8221;][vc_column][vc_empty_space height=&#8221;52px&#8221;][\/vc_column][\/vc_row][vc_row css_animation=&#8221;&#8221; row_type=&#8221;row&#8221; use_row_as_full_screen_section=&#8221;no&#8221; type=&#8221;grid&#8221; angled_section=&#8221;no&#8221; text_align=&#8221;left&#8221; background_image_as_pattern=&#8221;without_pattern&#8221; z_index=&#8221;&#8221;][vc_column width=&#8221;2\/3&#8243; offset=&#8221;vc_col-lg-offset-0 vc_col-lg-8 vc_col-xs-offset-1 vc_col-xs-10&#8243;][vc_column_text]<\/p>\n<h2>Le attivit\u00e0<\/h2>\n<p>[\/vc_column_text][vc_empty_space height=&#8221;20px&#8221;][vc_column_text]<\/p>\n<p class=\"p1\"><span class=\"s1\">La Demetra svolge la propria attivit\u00e0 tramite:<\/span><\/p>\n<p>&nbsp;<\/p>\n<ul>\n<li class=\"li1\"><span class=\"s2\">Le preparazioni del laboratorio, il quale gode della <strong>triplice autorizzazione legale<\/strong> di laboratorio <strong>erboristico<\/strong>, <strong>alimentare<\/strong> e <strong>liquorificio<\/strong>;<\/span><\/li>\n<li class=\"li1\"><span class=\"s2\">L&#8217;attivit\u00e0 nell&#8217;annesso esercizio nel centro storico in Calle del Toresin a Oderzo (TV), la distribuzione di prodotti erboristici grazie all\u2019esperienza maturata in oltre trent&#8217;anni di attivit\u00e0 di erboristeria;<\/span><\/li>\n<li class=\"li1\"><span class=\"s2\">La <strong>divulgazione dell&#8217;erboristeria<\/strong> e delle tematiche annesse, quali <strong>l&#8217;alimentazione<\/strong> e le <strong>medicine naturali<\/strong>;\u00a0<\/span><\/li>\n<li class=\"li1\"><span class=\"s2\">Le consulenze per l\u2019utilizzo delle erbe officinali e dei loro preparati;\u00a0<\/span><\/li>\n<li class=\"li1\"><span class=\"s2\">Le consulenze olistiche e naturopatiche tramite il Dr. Fabio Ambrosii; <\/span><\/li>\n<li class=\"li1\"><span class=\"s2\">L\u2019attivit\u00e0 di divulgazione e vendita attraverso il sito web\u00a0<strong><a href=\"https:\/\/www.erboristerie.com\/\"><span class=\"s3\">www.erboristerie.com<\/span><\/a><\/strong>\u00a0e <strong><a href=\"https:\/\/www.dottorgiorgini.it\">www.dottorgiorgini.it<\/a><\/strong> visitato da migliaia di persone ogni settimana.\u00a0 <\/span><\/li>\n<li class=\"li2\"><span class=\"s2\">La preparazione e vendita dopo <strong>consiglio personalizzato dei fiori di Bach<\/strong>. <\/span><\/li>\n<\/ul>\n<p>[\/vc_column_text][vc_empty_space][\/vc_column][vc_column width=&#8221;1\/3&#8243; offset=&#8221;vc_col-lg-offset-0 vc_col-xs-offset-1 vc_col-xs-11&#8243;][vc_single_image image=&#8221;48888&#8243; img_size=&#8221;600&#215;600&#8243; alignment=&#8221;center&#8221; qode_css_animation=&#8221;&#8221;][\/vc_column][\/vc_row][vc_row css_animation=&#8221;&#8221; row_type=&#8221;row&#8221; use_row_as_full_screen_section=&#8221;no&#8221; type=&#8221;full_width&#8221; angled_section=&#8221;no&#8221; text_align=&#8221;left&#8221; background_image_as_pattern=&#8221;without_pattern&#8221;][vc_column][vc_empty_space][\/vc_column][\/vc_row][vc_row css_animation=&#8221;&#8221; row_type=&#8221;row&#8221; use_row_as_full_screen_section=&#8221;no&#8221; type=&#8221;grid&#8221; angled_section=&#8221;no&#8221; text_align=&#8221;center&#8221; background_image_as_pattern=&#8221;without_pattern&#8221; z_index=&#8221;&#8221; css=&#8221;.vc_custom_1574763998060{background-color: #ffffff !important;}&#8221; padding_top=&#8221;20&#8243;][vc_column][vc_row_inner row_type=&#8221;row&#8221; type=&#8221;full_width&#8221; text_align=&#8221;left&#8221; css_animation=&#8221;&#8221; padding_top=&#8221;70&#8243; padding_bottom=&#8221;50&#8243; el_class=&#8221;perch\u00e8-section&#8221;][vc_column_inner width=&#8221;1\/6&#8243;][vc_single_image image=&#8221;250&#8243; img_size=&#8221;large&#8221; alignment=&#8221;center&#8221; qode_css_animation=&#8221;&#8221;][vc_empty_space height=&#8221;10px&#8221;][vc_column_text]<\/p>\n<p style=\"text-align: center;\">Qualit\u00e0 certificata<\/p>\n<p>[\/vc_column_text][vc_empty_space height=&#8221;30px&#8221;][\/vc_column_inner][vc_column_inner width=&#8221;1\/6&#8243;][vc_single_image image=&#8221;246&#8243; img_size=&#8221;large&#8221; alignment=&#8221;center&#8221; qode_css_animation=&#8221;&#8221;][vc_empty_space height=&#8221;10px&#8221;][vc_column_text]<\/p>\n<p style=\"text-align: center;\">Personale attestato<br \/>\na tua disposizione<\/p>\n<p>[\/vc_column_text][vc_empty_space height=&#8221;30px&#8221;][\/vc_column_inner][vc_column_inner width=&#8221;1\/6&#8243;][vc_single_image image=&#8221;242&#8243; img_size=&#8221;large&#8221; alignment=&#8221;center&#8221; qode_css_animation=&#8221;&#8221;][vc_empty_space height=&#8221;10px&#8221;][vc_column_text]<\/p>\n<p style=\"text-align: center;\">Laboratorio erboristico,<br \/>\nalimentare e liquorificio<\/p>\n<p>[\/vc_column_text][vc_empty_space height=&#8221;30px&#8221;][\/vc_column_inner][vc_column_inner width=&#8221;1\/6&#8243;][vc_single_image image=&#8221;238&#8243; img_size=&#8221;large&#8221; alignment=&#8221;center&#8221; qode_css_animation=&#8221;&#8221;][vc_empty_space height=&#8221;10px&#8221;][vc_column_text]<\/p>\n<p style=\"text-align: center;\">Bellezza<br \/>\nNaturale<\/p>\n<p>[\/vc_column_text][vc_empty_space height=&#8221;30px&#8221;][\/vc_column_inner][vc_column_inner width=&#8221;1\/6&#8243;][vc_single_image image=&#8221;234&#8243; img_size=&#8221;large&#8221; alignment=&#8221;center&#8221; qode_css_animation=&#8221;&#8221;][vc_empty_space height=&#8221;10px&#8221;][vc_column_text]<\/p>\n<p style=\"text-align: center;\">Erboristeria Demetra<br \/>\ndal 1985<\/p>\n<p>[\/vc_column_text][vc_empty_space height=&#8221;30px&#8221;][\/vc_column_inner][vc_column_inner width=&#8221;1\/6&#8243;][vc_single_image image=&#8221;230&#8243; img_size=&#8221;large&#8221; alignment=&#8221;center&#8221; qode_css_animation=&#8221;&#8221;][vc_empty_space height=&#8221;10px&#8221;][vc_column_text]<\/p>\n<p style=\"text-align: center;\">Consulenza<br \/>\ndiretta<\/p>\n<p>[\/vc_column_text][vc_empty_space height=&#8221;30px&#8221;][\/vc_column_inner][\/vc_row_inner][\/vc_column][\/vc_row][vc_row css_animation=&#8221;&#8221; row_type=&#8221;row&#8221; use_row_as_full_screen_section=&#8221;no&#8221; type=&#8221;full_width&#8221; angled_section=&#8221;no&#8221; text_align=&#8221;left&#8221; background_image_as_pattern=&#8221;without_pattern&#8221;][vc_column][vc_empty_space height=&#8221;52px&#8221;][\/vc_column][\/vc_row]<\/p>\n<\/div>","protected":false},"excerpt":{"rendered":"<p>[vc_row css_animation=&#8221;&#8221; row_type=&#8221;row&#8221; use_row_as_full_screen_section=&#8221;no&#8221; type=&#8221;full_width&#8221; angled_section=&#8221;no&#8221; text_align=&#8221;left&#8221; background_image_as_pattern=&#8221;without_pattern&#8221;][vc_column][vc_empty_space height=&#8221;52px&#8221;][\/vc_column][\/vc_row][vc_row css_animation=&#8221;&#8221; row_type=&#8221;row&#8221; use_row_as_full_screen_section=&#8221;no&#8221; type=&#8221;grid&#8221; angled_section=&#8221;no&#8221; text_align=&#8221;left&#8221; background_image_as_pattern=&#8221;without_pattern&#8221; z_index=&#8221;&#8221;][vc_column width=&#8221;2\/3&#8243; offset=&#8221;vc_col-lg-offset-0 vc_col-lg-8 vc_col-xs-offset-1 vc_col-xs-10&#8243;][vc_column_text] Le attivit\u00e0 [\/vc_column_text][vc_empty_space height=&#8221;20px&#8221;][vc_column_text] La Demetra svolge la propria attivit\u00e0 tramite: &nbsp; Le preparazioni del laboratorio, il quale gode della triplice autorizzazione legale&#8230;<\/p>\n","protected":false},"author":1,"featured_media":0,"parent":0,"menu_order":0,"comment_status":"closed","ping_status":"closed","template":"","meta":{"_acf_changed":false,"footnotes":""},"class_list":["post-506","page","type-page","status-publish","hentry"],"acf":[],"yoast_head":"<!-- This site is optimized with the Yoast SEO plugin v24.9 - https:\/\/yoast.com\/wordpress\/plugins\/seo\/ -->\n<title>Perch\u00e8 noi - dottorgiorgini.it - Erbe e Integratori Naturali<\/title>\n<meta name=\"description\" content=\"Il nostro impegno \u00e8 preparare, divulgare, consigliare fin dal 1985. Con la qualit\u00e0 certificata e il personale preparato a tua disposizione da sempre.\" \/>\n<meta name=\"robots\" content=\"index, follow, max-snippet:-1, max-image-preview:large, max-video-preview:-1\" \/>\n<link rel=\"canonical\" href=\"https:\/\/www.dottorgiorgini.it\/it\/perche-noi\/\" \/>\n<meta property=\"og:locale\" content=\"it_IT\" \/>\n<meta property=\"og:type\" content=\"article\" \/>\n<meta property=\"og:title\" content=\"Perch\u00e8 noi - dottorgiorgini.it - Erbe e Integratori Naturali\" \/>\n<meta property=\"og:description\" content=\"Il nostro impegno \u00e8 preparare, divulgare, consigliare fin dal 1985. Con la qualit\u00e0 certificata e il personale preparato a tua disposizione da sempre.\" \/>\n<meta property=\"og:url\" content=\"https:\/\/www.dottorgiorgini.it\/it\/perche-noi\/\" \/>\n<meta property=\"og:site_name\" content=\"dottorgiorgini.it\" \/>\n<meta property=\"article:modified_time\" content=\"2025-02-09T21:26:52+00:00\" \/>\n<meta name=\"twitter:card\" content=\"summary_large_image\" \/>\n<meta name=\"twitter:label1\" content=\"Tempo di lettura stimato\" \/>\n\t<meta name=\"twitter:data1\" content=\"2 minuti\" \/>\n<script type=\"application\/ld+json\" class=\"yoast-schema-graph\">{\"@context\":\"https:\/\/schema.org\",\"@graph\":[{\"@type\":\"WebPage\",\"@id\":\"https:\/\/www.dottorgiorgini.it\/it\/perche-noi\/\",\"url\":\"https:\/\/www.dottorgiorgini.it\/it\/perche-noi\/\",\"name\":\"Perch\u00e8 noi - dottorgiorgini.it - Erbe e Integratori Naturali\",\"isPartOf\":{\"@id\":\"https:\/\/www.dottorgiorgini.it\/en\/#website\"},\"datePublished\":\"2020-01-10T15:06:41+00:00\",\"dateModified\":\"2025-02-09T21:26:52+00:00\",\"description\":\"Il nostro impegno \u00e8 preparare, divulgare, consigliare fin dal 1985. Con la qualit\u00e0 certificata e il personale preparato a tua disposizione da sempre.\",\"breadcrumb\":{\"@id\":\"https:\/\/www.dottorgiorgini.it\/it\/perche-noi\/#breadcrumb\"},\"inLanguage\":\"it-IT\",\"potentialAction\":[{\"@type\":\"ReadAction\",\"target\":[\"https:\/\/www.dottorgiorgini.it\/it\/perche-noi\/\"]}]},{\"@type\":\"BreadcrumbList\",\"@id\":\"https:\/\/www.dottorgiorgini.it\/it\/perche-noi\/#breadcrumb\",\"itemListElement\":[{\"@type\":\"ListItem\",\"position\":1,\"name\":\"Home\",\"item\":\"https:\/\/www.dottorgiorgini.it\/it\/\"},{\"@type\":\"ListItem\",\"position\":2,\"name\":\"Perch\u00e8 noi\"}]},{\"@type\":\"WebSite\",\"@id\":\"https:\/\/www.dottorgiorgini.it\/en\/#website\",\"url\":\"https:\/\/www.dottorgiorgini.it\/en\/\",\"name\":\"dottorgiorgini.it\",\"description\":\"Erbe e Integratori Naturali\",\"potentialAction\":[{\"@type\":\"SearchAction\",\"target\":{\"@type\":\"EntryPoint\",\"urlTemplate\":\"https:\/\/www.dottorgiorgini.it\/en\/?s={search_term_string}\"},\"query-input\":{\"@type\":\"PropertyValueSpecification\",\"valueRequired\":true,\"valueName\":\"search_term_string\"}}],\"inLanguage\":\"it-IT\"}]}<\/script>\n<!-- \/ Yoast SEO plugin. -->","yoast_head_json":{"title":"Perch\u00e8 noi - dottorgiorgini.it - Erbe e Integratori Naturali","description":"Il nostro impegno \u00e8 preparare, divulgare, consigliare fin dal 1985. Con la qualit\u00e0 certificata e il personale preparato a tua disposizione da sempre.","robots":{"index":"index","follow":"follow","max-snippet":"max-snippet:-1","max-image-preview":"max-image-preview:large","max-video-preview":"max-video-preview:-1"},"canonical":"https:\/\/www.dottorgiorgini.it\/it\/perche-noi\/","og_locale":"it_IT","og_type":"article","og_title":"Perch\u00e8 noi - dottorgiorgini.it - Erbe e Integratori Naturali","og_description":"Il nostro impegno \u00e8 preparare, divulgare, consigliare fin dal 1985. Con la qualit\u00e0 certificata e il personale preparato a tua disposizione da sempre.","og_url":"https:\/\/www.dottorgiorgini.it\/it\/perche-noi\/","og_site_name":"dottorgiorgini.it","article_modified_time":"2025-02-09T21:26:52+00:00","twitter_card":"summary_large_image","twitter_misc":{"Tempo di lettura stimato":"2 minuti"},"schema":{"@context":"https:\/\/schema.org","@graph":[{"@type":"WebPage","@id":"https:\/\/www.dottorgiorgini.it\/it\/perche-noi\/","url":"https:\/\/www.dottorgiorgini.it\/it\/perche-noi\/","name":"Perch\u00e8 noi - dottorgiorgini.it - Erbe e Integratori Naturali","isPartOf":{"@id":"https:\/\/www.dottorgiorgini.it\/en\/#website"},"datePublished":"2020-01-10T15:06:41+00:00","dateModified":"2025-02-09T21:26:52+00:00","description":"Il nostro impegno \u00e8 preparare, divulgare, consigliare fin dal 1985. Con la qualit\u00e0 certificata e il personale preparato a tua disposizione da sempre.","breadcrumb":{"@id":"https:\/\/www.dottorgiorgini.it\/it\/perche-noi\/#breadcrumb"},"inLanguage":"it-IT","potentialAction":[{"@type":"ReadAction","target":["https:\/\/www.dottorgiorgini.it\/it\/perche-noi\/"]}]},{"@type":"BreadcrumbList","@id":"https:\/\/www.dottorgiorgini.it\/it\/perche-noi\/#breadcrumb","itemListElement":[{"@type":"ListItem","position":1,"name":"Home","item":"https:\/\/www.dottorgiorgini.it\/it\/"},{"@type":"ListItem","position":2,"name":"Perch\u00e8 noi"}]},{"@type":"WebSite","@id":"https:\/\/www.dottorgiorgini.it\/en\/#website","url":"https:\/\/www.dottorgiorgini.it\/en\/","name":"dottorgiorgini.it","description":"Erbe e Integratori Naturali","potentialAction":[{"@type":"SearchAction","target":{"@type":"EntryPoint","urlTemplate":"https:\/\/www.dottorgiorgini.it\/en\/?s={search_term_string}"},"query-input":{"@type":"PropertyValueSpecification","valueRequired":true,"valueName":"search_term_string"}}],"inLanguage":"it-IT"}]}},"_links":{"self":[{"href":"https:\/\/www.dottorgiorgini.it\/it\/wp-json\/wp\/v2\/pages\/506","targetHints":{"allow":["GET"]}}],"collection":[{"href":"https:\/\/www.dottorgiorgini.it\/it\/wp-json\/wp\/v2\/pages"}],"about":[{"href":"https:\/\/www.dottorgiorgini.it\/it\/wp-json\/wp\/v2\/types\/page"}],"author":[{"embeddable":true,"href":"https:\/\/www.dottorgiorgini.it\/it\/wp-json\/wp\/v2\/users\/1"}],"replies":[{"embeddable":true,"href":"https:\/\/www.dottorgiorgini.it\/it\/wp-json\/wp\/v2\/comments?post=506"}],"version-history":[{"count":12,"href":"https:\/\/www.dottorgiorgini.it\/it\/wp-json\/wp\/v2\/pages\/506\/revisions"}],"predecessor-version":[{"id":19105,"href":"https:\/\/www.dottorgiorgini.it\/it\/wp-json\/wp\/v2\/pages\/506\/revisions\/19105"}],"wp:attachment":[{"href":"https:\/\/www.dottorgiorgini.it\/it\/wp-json\/wp\/v2\/media?parent=506"}],"curies":[{"name":"wp","href":"https:\/\/api.w.org\/{rel}","templated":true}]}}