{"id":8622,"date":"2020-02-04T11:18:58","date_gmt":"2020-02-04T10:18:58","guid":{"rendered":"https:\/\/www.dottorgiorgini.it\/?page_id=8622"},"modified":"2020-02-04T15:45:44","modified_gmt":"2020-02-04T14:45:44","slug":"il-dr-giorgini","status":"publish","type":"page","link":"https:\/\/www.dottorgiorgini.it\/it\/il-dr-giorgini\/","title":{"rendered":"Il Dr. Giorgini"},"content":{"rendered":"<div class=\"wpb-content-wrapper\"><p>[vc_row css_animation=&#8221;&#8221; row_type=&#8221;row&#8221; use_row_as_full_screen_section=&#8221;no&#8221; type=&#8221;full_width&#8221; angled_section=&#8221;no&#8221; text_align=&#8221;left&#8221; background_image_as_pattern=&#8221;without_pattern&#8221;][vc_column][vc_row_inner row_type=&#8221;row&#8221; type=&#8221;full_width&#8221; text_align=&#8221;left&#8221; css_animation=&#8221;&#8221;][vc_column_inner offset=&#8221;vc_hidden-xs&#8221;][vc_empty_space height=&#8221;10px&#8221;][\/vc_column_inner][\/vc_row_inner][vc_row_inner row_type=&#8221;row&#8221; type=&#8221;full_width&#8221; text_align=&#8221;left&#8221; css_animation=&#8221;&#8221;][vc_column_inner width=&#8221;1\/2&#8243; offset=&#8221;vc_col-xs-12&#8243;][vc_column_text]<\/p>\n<h2 class=\"p1\"><span class=\"s1\"><b>Chi \u00e8 il Dr. Giorgini<\/b><\/span><\/h2>\n<p>[\/vc_column_text][vc_empty_space height=&#8221;20px&#8221;][vc_column_text]Nel 1977 il Dr. Martino Giorgini, dopo aver conseguito la <strong>laurea in Biologia all\u2019Universit\u00e0 di Bologna,<\/strong> apre un\u2019Erboristeria alla quale conferisce il nome di \u201c<strong>Vis Medicatrix Naturae<\/strong>\u201d (la Forza Guaritrice della Natura).<\/p>\n<p>La formazione accademica del Dott. Martino Giorgini, unita agli <strong>studi di fitoterapia<\/strong> e alla costante ricerca sulle sostanze nutritive, \u00e8 la base di tutte le sue attivit\u00e0 che in breve tempo ha trasformato la iniziale piccola Erboristeria in una solida realt\u00e0 aziendale italiana. Oggi, infatti, la \u201cVis Medicatrix Naturae\u201d \u00e8 <strong>azienda leader nel settore salutistico<\/strong> naturale.<\/p>\n<p>L&#8217;unicit\u00e0 dei prodotti Giorgini Dr. Martino<\/p>\n<ul>\n<li>RACCOLTA Molte delle erbe utilizzate provengono dalle <strong>nostre coltivazioni e da raccolta spontanea.<\/strong><\/li>\n<li>LAVORAZIONE\u00a0Il metodo estrattivo unico sviluppato dal Dott. Martino Giorgini garantisce la presenza dell&#8217;<strong>intero fitocomplesso<\/strong>.<\/li>\n<li>PRODUZIONE\u00a0La nostra filiera produttiva garantisce la realizzazione di prodotti di eccellenza <strong>100% naturali<\/strong><\/li>\n<li>EFFICACIA\u00a0La qualit\u00e0 e concentrazione degli ingredienti permette la realizzazione di <strong>integratori dai grandi risultati<\/strong><\/li>\n<\/ul>\n<p>[\/vc_column_text][vc_empty_space][\/vc_column_inner][vc_column_inner width=&#8221;1\/2&#8243;][vc_gallery interval=&#8221;3&#8243; images=&#8221;8630,8628&#8243; img_size=&#8221;full&#8221; onclick=&#8221;&#8221;][\/vc_column_inner][\/vc_row_inner][vc_row_inner row_type=&#8221;row&#8221; type=&#8221;full_width&#8221; text_align=&#8221;left&#8221; css_animation=&#8221;&#8221;][vc_column_inner offset=&#8221;vc_hidden-xs&#8221;][vc_empty_space][\/vc_column_inner][\/vc_row_inner][vc_row_inner row_type=&#8221;row&#8221; type=&#8221;full_width&#8221; text_align=&#8221;left&#8221; css_animation=&#8221;&#8221;][vc_column_inner width=&#8221;2\/3&#8243;][vc_column_text]In un momento di crescente attenzione verso il mondo erboristico e fitoterapico Il Dott. Martino Giorgini continua a realizzare con <strong>metodi artigianali<\/strong> integratori alimentari e cosmetici naturali di eccellenza.<\/p>\n<p>Nell\u2019Officina di produzione dell\u2019Azienda a Marradi (FI), <strong>vicino a sorgenti d\u2019acqua pura e lontano da industrie<\/strong> e smog, sono stati sviluppati, ad oggi, pi\u00f9 di 1000 prodotti mediante una filiera completa, che va dalla raccolta delle erbe, all\u2019essiccazione ed estrazione, fino al confezionamento e alla distribuzione.<\/p>\n<p>L\u2019ampio catalogo, suddiviso in varie linee specifiche, consente di soddisfare al meglio tutte le attuali richieste salutistiche, coprendo ogni ambito d\u2019azione, <strong>dal sostegno della salute all\u2019estetica.<\/strong><\/p>\n<p>Ancora oggi, come nel 1977, lo studio, la passione e l\u2019innovazione che caratterizzano la realt\u00e0 aziendale mantengono immutato l\u2019obiettivo, ovvero quello di \u201cfar star bene le persone\u201d attraverso la <strong>Forza Guaritrice della Natura<\/strong>.[\/vc_column_text][\/vc_column_inner][vc_column_inner width=&#8221;1\/3&#8243;][\/vc_column_inner][\/vc_row_inner][vc_row_inner row_type=&#8221;row&#8221; type=&#8221;full_width&#8221; text_align=&#8221;left&#8221; css_animation=&#8221;&#8221;][vc_column_inner][vc_empty_space][\/vc_column_inner][\/vc_row_inner][vc_row_inner row_type=&#8221;row&#8221; type=&#8221;full_width&#8221; text_align=&#8221;left&#8221; css_animation=&#8221;&#8221;][vc_column_inner width=&#8221;1\/2&#8243;][vc_single_image image=&#8221;8635&#8243; img_size=&#8221;full&#8221; qode_css_animation=&#8221;&#8221;][vc_column_text]<\/p>\n<h6>La sede a Marradi (FI)<\/h6>\n<p>[\/vc_column_text][vc_empty_space][\/vc_column_inner][vc_column_inner width=&#8221;1\/2&#8243;][vc_single_image image=&#8221;8637&#8243; img_size=&#8221;full&#8221; qode_css_animation=&#8221;&#8221;][vc_column_text]<\/p>\n<h6>Particolare della sede<\/h6>\n<p>[\/vc_column_text][vc_empty_space][\/vc_column_inner][\/vc_row_inner][vc_row_inner row_type=&#8221;row&#8221; type=&#8221;full_width&#8221; text_align=&#8221;left&#8221; css_animation=&#8221;&#8221;][vc_column_inner offset=&#8221;vc_hidden-xs&#8221;][vc_empty_space][\/vc_column_inner][\/vc_row_inner][vc_row_inner row_type=&#8221;row&#8221; type=&#8221;full_width&#8221; text_align=&#8221;left&#8221; css_animation=&#8221;&#8221;][vc_column_inner width=&#8221;2\/3&#8243;][vc_column_text]<\/p>\n<h3>Estratti con l&#8217;intero fitocomplesso della pianta<\/h3>\n<p>[\/vc_column_text][vc_empty_space height=&#8221;20px&#8221;][vc_column_text]<\/p>\n<p class=\"p1\"><strong>Unici produttori di estratti integrali<\/strong> di piante. La Vis Medicatrix Naturae \u00e8 l\u2019unica a produrre estratti integrali in forma liquida e secca, senza principi attivi di sintesi, che rendono disponibile l\u2019intero fitocomplesso delle piante. Grazie a un\u2019accurata selezione delle materie prime e a uno speciale metodo di lavorazione sottovuoto e a bassa temperatura, che lascia inalterati tutti i principi attivi e nutritivi, \u00e8 possibile sfruttare in maniera completa il potere salutistico di ogni pianta.<\/p>\n<p>[\/vc_column_text][\/vc_column_inner][vc_column_inner width=&#8221;1\/3&#8243;][\/vc_column_inner][\/vc_row_inner][vc_row_inner row_type=&#8221;row&#8221; type=&#8221;full_width&#8221; text_align=&#8221;left&#8221; css_animation=&#8221;&#8221;][vc_column_inner][vc_empty_space height=&#8221;52px&#8221;][\/vc_column_inner][\/vc_row_inner][\/vc_column][\/vc_row]<\/p>\n<\/div>","protected":false},"excerpt":{"rendered":"<p>[vc_row css_animation=&#8221;&#8221; row_type=&#8221;row&#8221; use_row_as_full_screen_section=&#8221;no&#8221; type=&#8221;full_width&#8221; angled_section=&#8221;no&#8221; text_align=&#8221;left&#8221; background_image_as_pattern=&#8221;without_pattern&#8221;][vc_column][vc_row_inner row_type=&#8221;row&#8221; type=&#8221;full_width&#8221; text_align=&#8221;left&#8221; css_animation=&#8221;&#8221;][vc_column_inner offset=&#8221;vc_hidden-xs&#8221;][vc_empty_space height=&#8221;10px&#8221;][\/vc_column_inner][\/vc_row_inner][vc_row_inner row_type=&#8221;row&#8221; type=&#8221;full_width&#8221; text_align=&#8221;left&#8221; css_animation=&#8221;&#8221;][vc_column_inner width=&#8221;1\/2&#8243; offset=&#8221;vc_col-xs-12&#8243;][vc_column_text] Chi \u00e8 il Dr. Giorgini [\/vc_column_text][vc_empty_space height=&#8221;20px&#8221;][vc_column_text]Nel 1977 il Dr. Martino Giorgini, dopo aver conseguito la laurea in Biologia all\u2019Universit\u00e0 di Bologna, apre un\u2019Erboristeria alla&#8230;<\/p>\n","protected":false},"author":32533,"featured_media":0,"parent":0,"menu_order":0,"comment_status":"closed","ping_status":"closed","template":"","meta":{"_acf_changed":false,"footnotes":""},"class_list":["post-8622","page","type-page","status-publish","hentry"],"acf":[],"yoast_head":"<!-- This site is optimized with the Yoast SEO plugin v24.9 - https:\/\/yoast.com\/wordpress\/plugins\/seo\/ -->\n<title>Il Dr. Giorgini - dottorgiorgini.it<\/title>\n<meta name=\"robots\" content=\"index, follow, max-snippet:-1, max-image-preview:large, max-video-preview:-1\" \/>\n<link rel=\"canonical\" href=\"https:\/\/www.dottorgiorgini.it\/it\/il-dr-giorgini\/\" \/>\n<meta property=\"og:locale\" content=\"it_IT\" \/>\n<meta property=\"og:type\" content=\"article\" \/>\n<meta property=\"og:title\" content=\"Il Dr. Giorgini - dottorgiorgini.it\" \/>\n<meta property=\"og:description\" content=\"[vc_row css_animation=&#8221;&#8221; row_type=&#8221;row&#8221; use_row_as_full_screen_section=&#8221;no&#8221; type=&#8221;full_width&#8221; angled_section=&#8221;no&#8221; text_align=&#8221;left&#8221; background_image_as_pattern=&#8221;without_pattern&#8221;][vc_column][vc_row_inner row_type=&#8221;row&#8221; type=&#8221;full_width&#8221; text_align=&#8221;left&#8221; css_animation=&#8221;&#8221;][vc_column_inner offset=&#8221;vc_hidden-xs&#8221;][vc_empty_space height=&#8221;10px&#8221;][\/vc_column_inner][\/vc_row_inner][vc_row_inner row_type=&#8221;row&#8221; type=&#8221;full_width&#8221; text_align=&#8221;left&#8221; css_animation=&#8221;&#8221;][vc_column_inner width=&#8221;1\/2&#8243; offset=&#8221;vc_col-xs-12&#8243;][vc_column_text] Chi \u00e8 il Dr. Giorgini [\/vc_column_text][vc_empty_space height=&#8221;20px&#8221;][vc_column_text]Nel 1977 il Dr. Martino Giorgini, dopo aver conseguito la laurea in Biologia all\u2019Universit\u00e0 di Bologna, apre un\u2019Erboristeria alla...\" \/>\n<meta property=\"og:url\" content=\"https:\/\/www.dottorgiorgini.it\/it\/il-dr-giorgini\/\" \/>\n<meta property=\"og:site_name\" content=\"dottorgiorgini.it\" \/>\n<meta property=\"article:modified_time\" content=\"2020-02-04T14:45:44+00:00\" \/>\n<meta name=\"twitter:card\" content=\"summary_large_image\" \/>\n<meta name=\"twitter:label1\" content=\"Tempo di lettura stimato\" \/>\n\t<meta name=\"twitter:data1\" content=\"4 minuti\" \/>\n<script type=\"application\/ld+json\" class=\"yoast-schema-graph\">{\"@context\":\"https:\/\/schema.org\",\"@graph\":[{\"@type\":\"WebPage\",\"@id\":\"https:\/\/www.dottorgiorgini.it\/it\/il-dr-giorgini\/\",\"url\":\"https:\/\/www.dottorgiorgini.it\/it\/il-dr-giorgini\/\",\"name\":\"Il Dr. Giorgini - dottorgiorgini.it\",\"isPartOf\":{\"@id\":\"https:\/\/www.dottorgiorgini.it\/en\/#website\"},\"datePublished\":\"2020-02-04T10:18:58+00:00\",\"dateModified\":\"2020-02-04T14:45:44+00:00\",\"breadcrumb\":{\"@id\":\"https:\/\/www.dottorgiorgini.it\/it\/il-dr-giorgini\/#breadcrumb\"},\"inLanguage\":\"it-IT\",\"potentialAction\":[{\"@type\":\"ReadAction\",\"target\":[\"https:\/\/www.dottorgiorgini.it\/it\/il-dr-giorgini\/\"]}]},{\"@type\":\"BreadcrumbList\",\"@id\":\"https:\/\/www.dottorgiorgini.it\/it\/il-dr-giorgini\/#breadcrumb\",\"itemListElement\":[{\"@type\":\"ListItem\",\"position\":1,\"name\":\"Home\",\"item\":\"https:\/\/www.dottorgiorgini.it\/it\/\"},{\"@type\":\"ListItem\",\"position\":2,\"name\":\"Il Dr. Giorgini\"}]},{\"@type\":\"WebSite\",\"@id\":\"https:\/\/www.dottorgiorgini.it\/en\/#website\",\"url\":\"https:\/\/www.dottorgiorgini.it\/en\/\",\"name\":\"dottorgiorgini.it\",\"description\":\"Erbe e Integratori Naturali\",\"potentialAction\":[{\"@type\":\"SearchAction\",\"target\":{\"@type\":\"EntryPoint\",\"urlTemplate\":\"https:\/\/www.dottorgiorgini.it\/en\/?s={search_term_string}\"},\"query-input\":{\"@type\":\"PropertyValueSpecification\",\"valueRequired\":true,\"valueName\":\"search_term_string\"}}],\"inLanguage\":\"it-IT\"}]}<\/script>\n<!-- \/ Yoast SEO plugin. -->","yoast_head_json":{"title":"Il Dr. Giorgini - dottorgiorgini.it","robots":{"index":"index","follow":"follow","max-snippet":"max-snippet:-1","max-image-preview":"max-image-preview:large","max-video-preview":"max-video-preview:-1"},"canonical":"https:\/\/www.dottorgiorgini.it\/it\/il-dr-giorgini\/","og_locale":"it_IT","og_type":"article","og_title":"Il Dr. Giorgini - dottorgiorgini.it","og_description":"[vc_row css_animation=&#8221;&#8221; row_type=&#8221;row&#8221; use_row_as_full_screen_section=&#8221;no&#8221; type=&#8221;full_width&#8221; angled_section=&#8221;no&#8221; text_align=&#8221;left&#8221; background_image_as_pattern=&#8221;without_pattern&#8221;][vc_column][vc_row_inner row_type=&#8221;row&#8221; type=&#8221;full_width&#8221; text_align=&#8221;left&#8221; css_animation=&#8221;&#8221;][vc_column_inner offset=&#8221;vc_hidden-xs&#8221;][vc_empty_space height=&#8221;10px&#8221;][\/vc_column_inner][\/vc_row_inner][vc_row_inner row_type=&#8221;row&#8221; type=&#8221;full_width&#8221; text_align=&#8221;left&#8221; css_animation=&#8221;&#8221;][vc_column_inner width=&#8221;1\/2&#8243; offset=&#8221;vc_col-xs-12&#8243;][vc_column_text] Chi \u00e8 il Dr. Giorgini [\/vc_column_text][vc_empty_space height=&#8221;20px&#8221;][vc_column_text]Nel 1977 il Dr. Martino Giorgini, dopo aver conseguito la laurea in Biologia all\u2019Universit\u00e0 di Bologna, apre un\u2019Erboristeria alla...","og_url":"https:\/\/www.dottorgiorgini.it\/it\/il-dr-giorgini\/","og_site_name":"dottorgiorgini.it","article_modified_time":"2020-02-04T14:45:44+00:00","twitter_card":"summary_large_image","twitter_misc":{"Tempo di lettura stimato":"4 minuti"},"schema":{"@context":"https:\/\/schema.org","@graph":[{"@type":"WebPage","@id":"https:\/\/www.dottorgiorgini.it\/it\/il-dr-giorgini\/","url":"https:\/\/www.dottorgiorgini.it\/it\/il-dr-giorgini\/","name":"Il Dr. Giorgini - dottorgiorgini.it","isPartOf":{"@id":"https:\/\/www.dottorgiorgini.it\/en\/#website"},"datePublished":"2020-02-04T10:18:58+00:00","dateModified":"2020-02-04T14:45:44+00:00","breadcrumb":{"@id":"https:\/\/www.dottorgiorgini.it\/it\/il-dr-giorgini\/#breadcrumb"},"inLanguage":"it-IT","potentialAction":[{"@type":"ReadAction","target":["https:\/\/www.dottorgiorgini.it\/it\/il-dr-giorgini\/"]}]},{"@type":"BreadcrumbList","@id":"https:\/\/www.dottorgiorgini.it\/it\/il-dr-giorgini\/#breadcrumb","itemListElement":[{"@type":"ListItem","position":1,"name":"Home","item":"https:\/\/www.dottorgiorgini.it\/it\/"},{"@type":"ListItem","position":2,"name":"Il Dr. Giorgini"}]},{"@type":"WebSite","@id":"https:\/\/www.dottorgiorgini.it\/en\/#website","url":"https:\/\/www.dottorgiorgini.it\/en\/","name":"dottorgiorgini.it","description":"Erbe e Integratori Naturali","potentialAction":[{"@type":"SearchAction","target":{"@type":"EntryPoint","urlTemplate":"https:\/\/www.dottorgiorgini.it\/en\/?s={search_term_string}"},"query-input":{"@type":"PropertyValueSpecification","valueRequired":true,"valueName":"search_term_string"}}],"inLanguage":"it-IT"}]}},"_links":{"self":[{"href":"https:\/\/www.dottorgiorgini.it\/it\/wp-json\/wp\/v2\/pages\/8622","targetHints":{"allow":["GET"]}}],"collection":[{"href":"https:\/\/www.dottorgiorgini.it\/it\/wp-json\/wp\/v2\/pages"}],"about":[{"href":"https:\/\/www.dottorgiorgini.it\/it\/wp-json\/wp\/v2\/types\/page"}],"author":[{"embeddable":true,"href":"https:\/\/www.dottorgiorgini.it\/it\/wp-json\/wp\/v2\/users\/32533"}],"replies":[{"embeddable":true,"href":"https:\/\/www.dottorgiorgini.it\/it\/wp-json\/wp\/v2\/comments?post=8622"}],"version-history":[{"count":3,"href":"https:\/\/www.dottorgiorgini.it\/it\/wp-json\/wp\/v2\/pages\/8622\/revisions"}],"predecessor-version":[{"id":8641,"href":"https:\/\/www.dottorgiorgini.it\/it\/wp-json\/wp\/v2\/pages\/8622\/revisions\/8641"}],"wp:attachment":[{"href":"https:\/\/www.dottorgiorgini.it\/it\/wp-json\/wp\/v2\/media?parent=8622"}],"curies":[{"name":"wp","href":"https:\/\/api.w.org\/{rel}","templated":true}]}}