{"id":12477,"date":"2020-11-10T19:19:40","date_gmt":"2020-11-10T18:19:40","guid":{"rendered":"https:\/\/www.dottorgiorgini.it\/prodotto\/cremor-tartaro-supremo-polvere-150grammi-dr-giorgini\/"},"modified":"2026-01-30T12:20:49","modified_gmt":"2026-01-30T11:20:49","slug":"cremor-tartaro-supremo-polvere-150grammi-dr-giorgini","status":"publish","type":"product","link":"https:\/\/www.dottorgiorgini.it\/it\/prodotto\/cremor-tartaro-supremo-polvere-150grammi-dr-giorgini\/","title":{"rendered":"Cremor Tartaro Supremo polvere 150grammi Dr.Giorgini"},"content":{"rendered":"<p><strong>Cremor Tartaro Supremo polvere &#8211; Dr.Giorgini<\/strong><br \/>\nBarattolo da 150 grammi (37 misurini da 4 g)<\/p>\n<p>Il cremor tartaro \u00e8 un agente lievitante naturale, utilizzato come sostituto del lievito chimico per preparazioni leggere e digeribili.<\/p>\n<p>Adatto soprattutto in caso di <strong>intolleranze al lievito<\/strong> o per la <strong>preparazione di dolci vegani e vegetariani<\/strong>.<\/p>\n<p>Pu\u00f2 essere anche usato sciolto in acqua per ottenere una bevanda dissetante.<\/p>\n<p><strong>Consigli d&#8217;uso<\/strong><br \/>\nCome lievito baster\u00e0 sostituire il quantitativo di lievito previsto per la preparazione con met\u00e0 cremor tartaro e met\u00e0 bicarbonato di sodio o di potassio.<br \/>\nCome bevanda, sciogliere un misurino in una tazza di acqua bollente, lasciando intiepidire prima di bere.<br \/>\nMisurino incluso nella confezione. Richiudere accuratamente dopo l\u2019utilizzo.<\/p>\n<p><strong>Ingredienti<\/strong><br \/>\nCremor tartaro di vino purificato, maltodestrine da mais o riso.<\/p>\n<p>Non contiene conservanti, coloranti, aromi ed edulcoranti di sintesi.<\/p>\n","protected":false},"excerpt":{"rendered":"<p>Cremor Tartaro Supremo polvere &#8211; Dr.Giorgini Barattolo da 150 grammi (37 misurini da 4 g) Il cremor tartaro \u00e8 un agente lievitante naturale, utilizzato come sostituto del lievito chimico per preparazioni leggere e digeribili. Adatto soprattutto in caso di intolleranze al lievito o per la&#8230;<\/p>\n","protected":false},"featured_media":1000000107852,"template":"","meta":{"_acf_changed":false},"product_brand":[],"product_cat":[2934,4171],"product_tag":[],"giftcard-category":[],"class_list":{"0":"post-12477","1":"product","2":"type-product","3":"status-publish","4":"has-post-thumbnail","6":"product_cat-dr-apparato-digerente","7":"product_cat-linea-oro-classica","8":"pa_formato-100-grammi","9":"pa_linea-linea-oro","10":"pa_marca-dr-giorgini","11":"pa_tipologia-polvere","13":"first","14":"instock","15":"sale","16":"taxable","17":"shipping-taxable","18":"purchasable","19":"product-type-simple"},"acf":[],"yoast_head":"<!-- This site is optimized with the Yoast SEO plugin v24.9 - https:\/\/yoast.com\/wordpress\/plugins\/seo\/ -->\n<title>Cremor Tartaro Supremo polvere 150grammi Dr.Giorgini - dottorgiorgini.it<\/title>\n<meta name=\"description\" content=\"Il cremor tartaro \u00e8 un agente lievitante naturale, utilizzato come sostituto del lievito chimico per preparazioni leggere e digeribili\" \/>\n<meta name=\"robots\" content=\"index, follow, max-snippet:-1, max-image-preview:large, max-video-preview:-1\" \/>\n<link rel=\"canonical\" href=\"https:\/\/www.dottorgiorgini.it\/it\/prodotto\/cremor-tartaro-supremo-polvere-150grammi-dr-giorgini\/\" \/>\n<meta property=\"og:locale\" content=\"it_IT\" \/>\n<meta property=\"og:type\" content=\"article\" \/>\n<meta property=\"og:title\" content=\"Cremor Tartaro Supremo polvere 150grammi Dr.Giorgini - dottorgiorgini.it\" \/>\n<meta property=\"og:description\" content=\"Il cremor tartaro \u00e8 un agente lievitante naturale, utilizzato come sostituto del lievito chimico per preparazioni leggere e digeribili\" \/>\n<meta property=\"og:url\" content=\"https:\/\/www.dottorgiorgini.it\/it\/prodotto\/cremor-tartaro-supremo-polvere-150grammi-dr-giorgini\/\" \/>\n<meta property=\"og:site_name\" content=\"dottorgiorgini.it\" \/>\n<meta property=\"article:modified_time\" content=\"2026-01-30T11:20:49+00:00\" \/>\n<meta name=\"twitter:card\" content=\"summary_large_image\" \/>\n<meta name=\"twitter:label1\" content=\"Tempo di lettura stimato\" \/>\n\t<meta name=\"twitter:data1\" content=\"1 minuto\" \/>\n<script type=\"application\/ld+json\" class=\"yoast-schema-graph\">{\"@context\":\"https:\/\/schema.org\",\"@graph\":[{\"@type\":\"WebPage\",\"@id\":\"https:\/\/www.dottorgiorgini.it\/it\/prodotto\/cremor-tartaro-supremo-polvere-150grammi-dr-giorgini\/\",\"url\":\"https:\/\/www.dottorgiorgini.it\/it\/prodotto\/cremor-tartaro-supremo-polvere-150grammi-dr-giorgini\/\",\"name\":\"Cremor Tartaro Supremo polvere 150grammi Dr.Giorgini - dottorgiorgini.it\",\"isPartOf\":{\"@id\":\"https:\/\/www.dottorgiorgini.it\/en\/#website\"},\"primaryImageOfPage\":{\"@id\":\"https:\/\/www.dottorgiorgini.it\/it\/prodotto\/cremor-tartaro-supremo-polvere-150grammi-dr-giorgini\/#primaryimage\"},\"image\":{\"@id\":\"https:\/\/www.dottorgiorgini.it\/it\/prodotto\/cremor-tartaro-supremo-polvere-150grammi-dr-giorgini\/#primaryimage\"},\"thumbnailUrl\":\"https:\/\/www.dottorgiorgini.it\/wp-content\/uploads\/2020\/11\/00009772.jpg?v=1611516081\",\"datePublished\":\"2020-11-10T18:19:40+00:00\",\"dateModified\":\"2026-01-30T11:20:49+00:00\",\"description\":\"Il cremor tartaro \u00e8 un agente lievitante naturale, utilizzato come sostituto del lievito chimico per preparazioni leggere e digeribili\",\"breadcrumb\":{\"@id\":\"https:\/\/www.dottorgiorgini.it\/it\/prodotto\/cremor-tartaro-supremo-polvere-150grammi-dr-giorgini\/#breadcrumb\"},\"inLanguage\":\"it-IT\",\"potentialAction\":[{\"@type\":\"ReadAction\",\"target\":[\"https:\/\/www.dottorgiorgini.it\/it\/prodotto\/cremor-tartaro-supremo-polvere-150grammi-dr-giorgini\/\"]}]},{\"@type\":\"ImageObject\",\"inLanguage\":\"it-IT\",\"@id\":\"https:\/\/www.dottorgiorgini.it\/it\/prodotto\/cremor-tartaro-supremo-polvere-150grammi-dr-giorgini\/#primaryimage\",\"url\":\"https:\/\/www.dottorgiorgini.it\/wp-content\/uploads\/2020\/11\/00009772.jpg?v=1611516081\",\"contentUrl\":\"https:\/\/www.dottorgiorgini.it\/wp-content\/uploads\/2020\/11\/00009772.jpg?v=1611516081\"},{\"@type\":\"BreadcrumbList\",\"@id\":\"https:\/\/www.dottorgiorgini.it\/it\/prodotto\/cremor-tartaro-supremo-polvere-150grammi-dr-giorgini\/#breadcrumb\",\"itemListElement\":[{\"@type\":\"ListItem\",\"position\":1,\"name\":\"Home\",\"item\":\"https:\/\/www.dottorgiorgini.it\/it\/\"},{\"@type\":\"ListItem\",\"position\":2,\"name\":\"Shop\",\"item\":\"https:\/\/www.dottorgiorgini.it\/it\/negozio\/\"},{\"@type\":\"ListItem\",\"position\":3,\"name\":\"Cremor Tartaro Supremo polvere 150grammi Dr.Giorgini\"}]},{\"@type\":\"WebSite\",\"@id\":\"https:\/\/www.dottorgiorgini.it\/en\/#website\",\"url\":\"https:\/\/www.dottorgiorgini.it\/en\/\",\"name\":\"dottorgiorgini.it\",\"description\":\"Erbe e Integratori Naturali\",\"potentialAction\":[{\"@type\":\"SearchAction\",\"target\":{\"@type\":\"EntryPoint\",\"urlTemplate\":\"https:\/\/www.dottorgiorgini.it\/en\/?s={search_term_string}\"},\"query-input\":{\"@type\":\"PropertyValueSpecification\",\"valueRequired\":true,\"valueName\":\"search_term_string\"}}],\"inLanguage\":\"it-IT\"}]}<\/script>\n<!-- \/ Yoast SEO plugin. -->","yoast_head_json":{"title":"Cremor Tartaro Supremo polvere 150grammi Dr.Giorgini - dottorgiorgini.it","description":"Il cremor tartaro \u00e8 un agente lievitante naturale, utilizzato come sostituto del lievito chimico per preparazioni leggere e digeribili","robots":{"index":"index","follow":"follow","max-snippet":"max-snippet:-1","max-image-preview":"max-image-preview:large","max-video-preview":"max-video-preview:-1"},"canonical":"https:\/\/www.dottorgiorgini.it\/it\/prodotto\/cremor-tartaro-supremo-polvere-150grammi-dr-giorgini\/","og_locale":"it_IT","og_type":"article","og_title":"Cremor Tartaro Supremo polvere 150grammi Dr.Giorgini - dottorgiorgini.it","og_description":"Il cremor tartaro \u00e8 un agente lievitante naturale, utilizzato come sostituto del lievito chimico per preparazioni leggere e digeribili","og_url":"https:\/\/www.dottorgiorgini.it\/it\/prodotto\/cremor-tartaro-supremo-polvere-150grammi-dr-giorgini\/","og_site_name":"dottorgiorgini.it","article_modified_time":"2026-01-30T11:20:49+00:00","twitter_card":"summary_large_image","twitter_misc":{"Tempo di lettura stimato":"1 minuto"},"schema":{"@context":"https:\/\/schema.org","@graph":[{"@type":"WebPage","@id":"https:\/\/www.dottorgiorgini.it\/it\/prodotto\/cremor-tartaro-supremo-polvere-150grammi-dr-giorgini\/","url":"https:\/\/www.dottorgiorgini.it\/it\/prodotto\/cremor-tartaro-supremo-polvere-150grammi-dr-giorgini\/","name":"Cremor Tartaro Supremo polvere 150grammi Dr.Giorgini - dottorgiorgini.it","isPartOf":{"@id":"https:\/\/www.dottorgiorgini.it\/en\/#website"},"primaryImageOfPage":{"@id":"https:\/\/www.dottorgiorgini.it\/it\/prodotto\/cremor-tartaro-supremo-polvere-150grammi-dr-giorgini\/#primaryimage"},"image":{"@id":"https:\/\/www.dottorgiorgini.it\/it\/prodotto\/cremor-tartaro-supremo-polvere-150grammi-dr-giorgini\/#primaryimage"},"thumbnailUrl":"https:\/\/www.dottorgiorgini.it\/wp-content\/uploads\/2020\/11\/00009772.jpg?v=1611516081","datePublished":"2020-11-10T18:19:40+00:00","dateModified":"2026-01-30T11:20:49+00:00","description":"Il cremor tartaro \u00e8 un agente lievitante naturale, utilizzato come sostituto del lievito chimico per preparazioni leggere e digeribili","breadcrumb":{"@id":"https:\/\/www.dottorgiorgini.it\/it\/prodotto\/cremor-tartaro-supremo-polvere-150grammi-dr-giorgini\/#breadcrumb"},"inLanguage":"it-IT","potentialAction":[{"@type":"ReadAction","target":["https:\/\/www.dottorgiorgini.it\/it\/prodotto\/cremor-tartaro-supremo-polvere-150grammi-dr-giorgini\/"]}]},{"@type":"ImageObject","inLanguage":"it-IT","@id":"https:\/\/www.dottorgiorgini.it\/it\/prodotto\/cremor-tartaro-supremo-polvere-150grammi-dr-giorgini\/#primaryimage","url":"https:\/\/www.dottorgiorgini.it\/wp-content\/uploads\/2020\/11\/00009772.jpg?v=1611516081","contentUrl":"https:\/\/www.dottorgiorgini.it\/wp-content\/uploads\/2020\/11\/00009772.jpg?v=1611516081"},{"@type":"BreadcrumbList","@id":"https:\/\/www.dottorgiorgini.it\/it\/prodotto\/cremor-tartaro-supremo-polvere-150grammi-dr-giorgini\/#breadcrumb","itemListElement":[{"@type":"ListItem","position":1,"name":"Home","item":"https:\/\/www.dottorgiorgini.it\/it\/"},{"@type":"ListItem","position":2,"name":"Shop","item":"https:\/\/www.dottorgiorgini.it\/it\/negozio\/"},{"@type":"ListItem","position":3,"name":"Cremor Tartaro Supremo polvere 150grammi Dr.Giorgini"}]},{"@type":"WebSite","@id":"https:\/\/www.dottorgiorgini.it\/en\/#website","url":"https:\/\/www.dottorgiorgini.it\/en\/","name":"dottorgiorgini.it","description":"Erbe e Integratori Naturali","potentialAction":[{"@type":"SearchAction","target":{"@type":"EntryPoint","urlTemplate":"https:\/\/www.dottorgiorgini.it\/en\/?s={search_term_string}"},"query-input":{"@type":"PropertyValueSpecification","valueRequired":true,"valueName":"search_term_string"}}],"inLanguage":"it-IT"}]}},"_links":{"self":[{"href":"https:\/\/www.dottorgiorgini.it\/it\/wp-json\/wp\/v2\/product\/12477","targetHints":{"allow":["GET"]}}],"collection":[{"href":"https:\/\/www.dottorgiorgini.it\/it\/wp-json\/wp\/v2\/product"}],"about":[{"href":"https:\/\/www.dottorgiorgini.it\/it\/wp-json\/wp\/v2\/types\/product"}],"wp:featuredmedia":[{"embeddable":true,"href":"https:\/\/www.dottorgiorgini.it\/it\/wp-json\/"}],"wp:attachment":[{"href":"https:\/\/www.dottorgiorgini.it\/it\/wp-json\/wp\/v2\/media?parent=12477"}],"wp:term":[{"taxonomy":"product_brand","embeddable":true,"href":"https:\/\/www.dottorgiorgini.it\/it\/wp-json\/wp\/v2\/product_brand?post=12477"},{"taxonomy":"product_cat","embeddable":true,"href":"https:\/\/www.dottorgiorgini.it\/it\/wp-json\/wp\/v2\/product_cat?post=12477"},{"taxonomy":"product_tag","embeddable":true,"href":"https:\/\/www.dottorgiorgini.it\/it\/wp-json\/wp\/v2\/product_tag?post=12477"},{"taxonomy":"giftcard-category","embeddable":true,"href":"https:\/\/www.dottorgiorgini.it\/it\/wp-json\/wp\/v2\/giftcard-category?post=12477"}],"curies":[{"name":"wp","href":"https:\/\/api.w.org\/{rel}","templated":true}]}}