{"id":18778,"date":"2024-12-09T21:36:43","date_gmt":"2024-12-09T20:36:43","guid":{"rendered":"https:\/\/www.dottorgiorgini.it\/prodotto\/china-cola-dry-tonic-100-pastiglie-estratto-integrale-secco-dr-giorgini\/"},"modified":"2025-08-30T10:03:25","modified_gmt":"2025-08-30T08:03:25","slug":"china-cola-dry-tonic-100-pastiglie-estratto-integrale-secco-dr-giorgini","status":"publish","type":"product","link":"https:\/\/www.dottorgiorgini.it\/it\/prodotto\/china-cola-dry-tonic-100-pastiglie-estratto-integrale-secco-dr-giorgini\/","title":{"rendered":"China Cola Dry Tonic 100 pastiglie estratto integrale secco dr. Giorgini"},"content":{"rendered":"<p><strong>China Cola Dry Tonic 100 pastiglie estratto integrale secco &#8211; dr. Giorgini<\/strong><\/p>\n<p>Integratore a base di estratto di <strong>china e cola ad azione sinergica<\/strong>.<\/p>\n<p>La cola agisce come tonico contrastando la stanchezza fisica e mentale ed esercitando un\u2019azione di stimolo sul metabolismo.<\/p>\n<p>La china favorisce la funzione digestiva, la regolarit\u00e0 del transito intestinale, l\u2019eliminazione dei gas intestinali e la regolarit\u00e0 del processo di sudorazione.<\/p>\n<p><strong>Consigli d&#8217;uso<\/strong><\/p>\n<p>Si consiglia l\u2019assunzione di 3 pastiglie una o due volte al giorno in qualunque momento (da 3 a 6 pastiglie al giorno); si possono assumere 6 pastiglie anche tutte in una volta.<\/p>\n<p><strong>Ingredienti<\/strong><\/p>\n<p>China rossa (Cinchona succirubra o pubescens) cortecce polvere, china (Cinchona calisaya) cortecce E.I.S., cola (Cola nitida) semi E.I.S., cellulosa microcristallina\u00b0, gomma arabica\u00b0, silicio biossido\u00b0\u00b0, magnesio stearato di origine vegetale\u00b0\u00b0. \u00b0Agente di carica. \u00b0\u00b0Antiagglomerante.<\/p>\n<p>Legenda<br \/>\nE.I.S.= Estratto integrale secco.<\/p>\n<p><strong> Informazioni in evidenza<\/strong><\/p>\n<p>6 pastiglie contengono meno caffeina (30 mg) di una tazzina di caff\u00e8, ma molta pi\u00f9 vitalit\u00e0!<\/p>\n<p><strong>Senza ingredienti derivati da animali.<\/strong><\/p>\n<p>&nbsp;<\/p>\n","protected":false},"excerpt":{"rendered":"<p>China Cola Dry Tonic 100 pastiglie estratto integrale secco &#8211; dr. Giorgini Integratore a base di estratto di china e cola ad azione sinergica. La cola agisce come tonico contrastando la stanchezza fisica e mentale ed esercitando un\u2019azione di stimolo sul metabolismo. La china favorisce&#8230;<\/p>\n","protected":false},"featured_media":1000000128067,"template":"","meta":{"_acf_changed":false},"product_brand":[],"product_cat":[2952,2150],"product_tag":[],"giftcard-category":[],"class_list":{"0":"post-18778","1":"product","2":"type-product","3":"status-publish","4":"has-post-thumbnail","6":"product_cat-dr-energia-e-vitalita","7":"product_cat-estratti-integrali","8":"pa_formato-100-pastiglie","9":"pa_linea-estratti-integrali","10":"pa_marca-dr-giorgini","11":"pa_tipologia-compresse","13":"first","14":"instock","15":"sale","16":"taxable","17":"shipping-taxable","18":"purchasable","19":"product-type-simple"},"acf":[],"yoast_head":"<!-- This site is optimized with the Yoast SEO plugin v24.9 - https:\/\/yoast.com\/wordpress\/plugins\/seo\/ -->\n<title>China Cola Dry Tonic 100 pastiglie estratto integrale secco dr. Giorgini - dottorgiorgini.it<\/title>\n<meta name=\"description\" content=\"Integratore a base di estratto di china e cola ad azione sinergica. Tonico, contrasta la stanchezza fisica e mentale. Azione di stimolo sul metabolismo.\" \/>\n<meta name=\"robots\" content=\"index, follow, max-snippet:-1, max-image-preview:large, max-video-preview:-1\" \/>\n<link rel=\"canonical\" href=\"https:\/\/www.dottorgiorgini.it\/it\/prodotto\/china-cola-dry-tonic-100-pastiglie-estratto-integrale-secco-dr-giorgini\/\" \/>\n<meta property=\"og:locale\" content=\"it_IT\" \/>\n<meta property=\"og:type\" content=\"article\" \/>\n<meta property=\"og:title\" content=\"China Cola Dry Tonic 100 pastiglie estratto integrale secco dr. Giorgini - dottorgiorgini.it\" \/>\n<meta property=\"og:description\" content=\"Integratore a base di estratto di china e cola ad azione sinergica. Tonico, contrasta la stanchezza fisica e mentale. Azione di stimolo sul metabolismo.\" \/>\n<meta property=\"og:url\" content=\"https:\/\/www.dottorgiorgini.it\/it\/prodotto\/china-cola-dry-tonic-100-pastiglie-estratto-integrale-secco-dr-giorgini\/\" \/>\n<meta property=\"og:site_name\" content=\"dottorgiorgini.it\" \/>\n<meta property=\"article:modified_time\" content=\"2025-08-30T08:03:25+00:00\" \/>\n<meta name=\"twitter:card\" content=\"summary_large_image\" \/>\n<meta name=\"twitter:label1\" content=\"Tempo di lettura stimato\" \/>\n\t<meta name=\"twitter:data1\" content=\"2 minuti\" \/>\n<script type=\"application\/ld+json\" class=\"yoast-schema-graph\">{\"@context\":\"https:\/\/schema.org\",\"@graph\":[{\"@type\":\"WebPage\",\"@id\":\"https:\/\/www.dottorgiorgini.it\/it\/prodotto\/china-cola-dry-tonic-100-pastiglie-estratto-integrale-secco-dr-giorgini\/\",\"url\":\"https:\/\/www.dottorgiorgini.it\/it\/prodotto\/china-cola-dry-tonic-100-pastiglie-estratto-integrale-secco-dr-giorgini\/\",\"name\":\"China Cola Dry Tonic 100 pastiglie estratto integrale secco dr. Giorgini - dottorgiorgini.it\",\"isPartOf\":{\"@id\":\"https:\/\/www.dottorgiorgini.it\/en\/#website\"},\"primaryImageOfPage\":{\"@id\":\"https:\/\/www.dottorgiorgini.it\/it\/prodotto\/china-cola-dry-tonic-100-pastiglie-estratto-integrale-secco-dr-giorgini\/#primaryimage\"},\"image\":{\"@id\":\"https:\/\/www.dottorgiorgini.it\/it\/prodotto\/china-cola-dry-tonic-100-pastiglie-estratto-integrale-secco-dr-giorgini\/#primaryimage\"},\"thumbnailUrl\":\"https:\/\/www.dottorgiorgini.it\/wp-content\/uploads\/2024\/12\/china_cola_dry-tonic-dottorgiorgini-erboristerie-com.jpg\",\"datePublished\":\"2024-12-09T20:36:43+00:00\",\"dateModified\":\"2025-08-30T08:03:25+00:00\",\"description\":\"Integratore a base di estratto di china e cola ad azione sinergica. Tonico, contrasta la stanchezza fisica e mentale. Azione di stimolo sul metabolismo.\",\"breadcrumb\":{\"@id\":\"https:\/\/www.dottorgiorgini.it\/it\/prodotto\/china-cola-dry-tonic-100-pastiglie-estratto-integrale-secco-dr-giorgini\/#breadcrumb\"},\"inLanguage\":\"it-IT\",\"potentialAction\":[{\"@type\":\"ReadAction\",\"target\":[\"https:\/\/www.dottorgiorgini.it\/it\/prodotto\/china-cola-dry-tonic-100-pastiglie-estratto-integrale-secco-dr-giorgini\/\"]}]},{\"@type\":\"ImageObject\",\"inLanguage\":\"it-IT\",\"@id\":\"https:\/\/www.dottorgiorgini.it\/it\/prodotto\/china-cola-dry-tonic-100-pastiglie-estratto-integrale-secco-dr-giorgini\/#primaryimage\",\"url\":\"https:\/\/www.dottorgiorgini.it\/wp-content\/uploads\/2024\/12\/china_cola_dry-tonic-dottorgiorgini-erboristerie-com.jpg\",\"contentUrl\":\"https:\/\/www.dottorgiorgini.it\/wp-content\/uploads\/2024\/12\/china_cola_dry-tonic-dottorgiorgini-erboristerie-com.jpg\"},{\"@type\":\"BreadcrumbList\",\"@id\":\"https:\/\/www.dottorgiorgini.it\/it\/prodotto\/china-cola-dry-tonic-100-pastiglie-estratto-integrale-secco-dr-giorgini\/#breadcrumb\",\"itemListElement\":[{\"@type\":\"ListItem\",\"position\":1,\"name\":\"Home\",\"item\":\"https:\/\/www.dottorgiorgini.it\/it\/\"},{\"@type\":\"ListItem\",\"position\":2,\"name\":\"Shop\",\"item\":\"https:\/\/www.dottorgiorgini.it\/it\/negozio\/\"},{\"@type\":\"ListItem\",\"position\":3,\"name\":\"China Cola Dry Tonic 100 pastiglie estratto integrale secco dr. Giorgini\"}]},{\"@type\":\"WebSite\",\"@id\":\"https:\/\/www.dottorgiorgini.it\/en\/#website\",\"url\":\"https:\/\/www.dottorgiorgini.it\/en\/\",\"name\":\"dottorgiorgini.it\",\"description\":\"Erbe e Integratori Naturali\",\"potentialAction\":[{\"@type\":\"SearchAction\",\"target\":{\"@type\":\"EntryPoint\",\"urlTemplate\":\"https:\/\/www.dottorgiorgini.it\/en\/?s={search_term_string}\"},\"query-input\":{\"@type\":\"PropertyValueSpecification\",\"valueRequired\":true,\"valueName\":\"search_term_string\"}}],\"inLanguage\":\"it-IT\"}]}<\/script>\n<!-- \/ Yoast SEO plugin. -->","yoast_head_json":{"title":"China Cola Dry Tonic 100 pastiglie estratto integrale secco dr. Giorgini - dottorgiorgini.it","description":"Integratore a base di estratto di china e cola ad azione sinergica. Tonico, contrasta la stanchezza fisica e mentale. Azione di stimolo sul metabolismo.","robots":{"index":"index","follow":"follow","max-snippet":"max-snippet:-1","max-image-preview":"max-image-preview:large","max-video-preview":"max-video-preview:-1"},"canonical":"https:\/\/www.dottorgiorgini.it\/it\/prodotto\/china-cola-dry-tonic-100-pastiglie-estratto-integrale-secco-dr-giorgini\/","og_locale":"it_IT","og_type":"article","og_title":"China Cola Dry Tonic 100 pastiglie estratto integrale secco dr. Giorgini - dottorgiorgini.it","og_description":"Integratore a base di estratto di china e cola ad azione sinergica. Tonico, contrasta la stanchezza fisica e mentale. Azione di stimolo sul metabolismo.","og_url":"https:\/\/www.dottorgiorgini.it\/it\/prodotto\/china-cola-dry-tonic-100-pastiglie-estratto-integrale-secco-dr-giorgini\/","og_site_name":"dottorgiorgini.it","article_modified_time":"2025-08-30T08:03:25+00:00","twitter_card":"summary_large_image","twitter_misc":{"Tempo di lettura stimato":"2 minuti"},"schema":{"@context":"https:\/\/schema.org","@graph":[{"@type":"WebPage","@id":"https:\/\/www.dottorgiorgini.it\/it\/prodotto\/china-cola-dry-tonic-100-pastiglie-estratto-integrale-secco-dr-giorgini\/","url":"https:\/\/www.dottorgiorgini.it\/it\/prodotto\/china-cola-dry-tonic-100-pastiglie-estratto-integrale-secco-dr-giorgini\/","name":"China Cola Dry Tonic 100 pastiglie estratto integrale secco dr. Giorgini - dottorgiorgini.it","isPartOf":{"@id":"https:\/\/www.dottorgiorgini.it\/en\/#website"},"primaryImageOfPage":{"@id":"https:\/\/www.dottorgiorgini.it\/it\/prodotto\/china-cola-dry-tonic-100-pastiglie-estratto-integrale-secco-dr-giorgini\/#primaryimage"},"image":{"@id":"https:\/\/www.dottorgiorgini.it\/it\/prodotto\/china-cola-dry-tonic-100-pastiglie-estratto-integrale-secco-dr-giorgini\/#primaryimage"},"thumbnailUrl":"https:\/\/www.dottorgiorgini.it\/wp-content\/uploads\/2024\/12\/china_cola_dry-tonic-dottorgiorgini-erboristerie-com.jpg","datePublished":"2024-12-09T20:36:43+00:00","dateModified":"2025-08-30T08:03:25+00:00","description":"Integratore a base di estratto di china e cola ad azione sinergica. Tonico, contrasta la stanchezza fisica e mentale. Azione di stimolo sul metabolismo.","breadcrumb":{"@id":"https:\/\/www.dottorgiorgini.it\/it\/prodotto\/china-cola-dry-tonic-100-pastiglie-estratto-integrale-secco-dr-giorgini\/#breadcrumb"},"inLanguage":"it-IT","potentialAction":[{"@type":"ReadAction","target":["https:\/\/www.dottorgiorgini.it\/it\/prodotto\/china-cola-dry-tonic-100-pastiglie-estratto-integrale-secco-dr-giorgini\/"]}]},{"@type":"ImageObject","inLanguage":"it-IT","@id":"https:\/\/www.dottorgiorgini.it\/it\/prodotto\/china-cola-dry-tonic-100-pastiglie-estratto-integrale-secco-dr-giorgini\/#primaryimage","url":"https:\/\/www.dottorgiorgini.it\/wp-content\/uploads\/2024\/12\/china_cola_dry-tonic-dottorgiorgini-erboristerie-com.jpg","contentUrl":"https:\/\/www.dottorgiorgini.it\/wp-content\/uploads\/2024\/12\/china_cola_dry-tonic-dottorgiorgini-erboristerie-com.jpg"},{"@type":"BreadcrumbList","@id":"https:\/\/www.dottorgiorgini.it\/it\/prodotto\/china-cola-dry-tonic-100-pastiglie-estratto-integrale-secco-dr-giorgini\/#breadcrumb","itemListElement":[{"@type":"ListItem","position":1,"name":"Home","item":"https:\/\/www.dottorgiorgini.it\/it\/"},{"@type":"ListItem","position":2,"name":"Shop","item":"https:\/\/www.dottorgiorgini.it\/it\/negozio\/"},{"@type":"ListItem","position":3,"name":"China Cola Dry Tonic 100 pastiglie estratto integrale secco dr. Giorgini"}]},{"@type":"WebSite","@id":"https:\/\/www.dottorgiorgini.it\/en\/#website","url":"https:\/\/www.dottorgiorgini.it\/en\/","name":"dottorgiorgini.it","description":"Erbe e Integratori Naturali","potentialAction":[{"@type":"SearchAction","target":{"@type":"EntryPoint","urlTemplate":"https:\/\/www.dottorgiorgini.it\/en\/?s={search_term_string}"},"query-input":{"@type":"PropertyValueSpecification","valueRequired":true,"valueName":"search_term_string"}}],"inLanguage":"it-IT"}]}},"_links":{"self":[{"href":"https:\/\/www.dottorgiorgini.it\/it\/wp-json\/wp\/v2\/product\/18778","targetHints":{"allow":["GET"]}}],"collection":[{"href":"https:\/\/www.dottorgiorgini.it\/it\/wp-json\/wp\/v2\/product"}],"about":[{"href":"https:\/\/www.dottorgiorgini.it\/it\/wp-json\/wp\/v2\/types\/product"}],"wp:featuredmedia":[{"embeddable":true,"href":"https:\/\/www.dottorgiorgini.it\/it\/wp-json\/"}],"wp:attachment":[{"href":"https:\/\/www.dottorgiorgini.it\/it\/wp-json\/wp\/v2\/media?parent=18778"}],"wp:term":[{"taxonomy":"product_brand","embeddable":true,"href":"https:\/\/www.dottorgiorgini.it\/it\/wp-json\/wp\/v2\/product_brand?post=18778"},{"taxonomy":"product_cat","embeddable":true,"href":"https:\/\/www.dottorgiorgini.it\/it\/wp-json\/wp\/v2\/product_cat?post=18778"},{"taxonomy":"product_tag","embeddable":true,"href":"https:\/\/www.dottorgiorgini.it\/it\/wp-json\/wp\/v2\/product_tag?post=18778"},{"taxonomy":"giftcard-category","embeddable":true,"href":"https:\/\/www.dottorgiorgini.it\/it\/wp-json\/wp\/v2\/giftcard-category?post=18778"}],"curies":[{"name":"wp","href":"https:\/\/api.w.org\/{rel}","templated":true}]}}