{"id":19645,"date":"2023-05-09T16:28:14","date_gmt":"2023-05-09T14:28:14","guid":{"rendered":"https:\/\/www.dottorgiorgini.it\/prodotto\/latte-solare-spf20-viso-e-corpo-e-decollete-dr-giorgini\/"},"modified":"2026-03-24T17:25:34","modified_gmt":"2026-03-24T16:25:34","slug":"latte-solare-spf20-viso-e-corpo-e-decollete-dr-giorgini","status":"publish","type":"product","link":"https:\/\/www.dottorgiorgini.it\/it\/prodotto\/latte-solare-spf20-viso-e-corpo-e-decollete-dr-giorgini\/","title":{"rendered":"Latte Solare SPF20 Viso e Corpo e decollete&#8217; 125ml dr.Giorgini"},"content":{"rendered":"<p><strong>Latte Solare SPF20 Viso e Corpo e decollet\u00e8 125 ml &#8211; dr.Giorgini<\/strong><\/p>\n<p>Latte solare adatto a <strong>tutti i tipi di pelle, viso, corpo e d\u00e9collet\u00e9<\/strong>.<\/p>\n<p>Fornisce una <strong>protezione media contro le radiazioni UVB e UVA<\/strong> aiutando a contrastare gli effetti nocivi ed il <strong>precoce invecchiamento<\/strong> dei tessuti dovuti all\u2019esposizione solare.<\/p>\n<p>Emulsione <strong>altamente nutriente<\/strong>, con olio di lino emolliente, <strong>estratti vegetali lenitivi<\/strong> di altea, aloe, calendula, amamelide, pungitopo e olmo campestre; arricchito con <strong>principi antiossidanti<\/strong> come carotene, coenzima Q10, nutritivi e vitamine A, C ed E. Favorisce la <strong>protezione<\/strong> e l\u2019<strong>idratazione<\/strong> dei tessuti, promuovendo una sana <strong>abbronzatura<\/strong>.<\/p>\n<p><strong>Modo d&#8217;uso<\/strong><\/p>\n<div class=\"mb-10\">\n<div class=\"data w-full inline-block\" data-th=\"Modo d'uso\">\n<div class=\"mb-10\">\n<div class=\"data w-full inline-block\" data-th=\"Modo d'uso\">Applicare in quantit\u00e0 sufficiente prima dell\u2019esposizione al sole su corpo e viso.<\/div>\n<div class=\"data w-full inline-block\" data-th=\"Modo d'uso\">Ripetere l\u2019applicazione ogni una o due ore dopo aver nuotato, sudato o essersi asciugati.<\/div>\n<\/div>\n<\/div>\n<\/div>\n<p><strong>Prodotto cosmetico naturale<\/strong><\/p>\n<p>Profumato solo con oli essenziali naturali Profumazione naturale<\/p>\n<p>Senza conservanti<\/p>\n<p>Non contiene parabeni n\u00e9 altri conservanti, coloranti e profumazioni sintetiche o artificiali.<\/p>\n<p><strong>Ingredienti INCI<\/strong><\/p>\n<p><em>Althaea officinalis root extract, Aqua, Alcohol, Ethylhexyl methoxycinnamate, Caprylic\/Capric triglyceride, Sorbitan oleate, Sorbitan stearate, Butyl methoxydibenzoylmethane, Linun usitatissimum seed oil, Ascorbyl tetraisopalmitate, Cetearyl alcohol, Glyceryl stearate, Tocopherol, Butyrospermum parkii butter, Citrus bergamia peel oil, Hydrogenated lanolin, d-Limonene*, Rutin, Helianthus annuus seed oil, Glycerin, Ascorbic acid, Citrus aurantium dulcis peel oil expressed, Histidine, Magnesium chloride, Cedrus libani bark oil, Aloe barbadensis leaf juice, Calendula officinalis flower extract, Hamamelis virginiana leaf extract, Ruscus aculeatus root extract, Pogostemon cablin leaf oil, Retinyl palmitate, Ricinus communis seed oil, Ulmus campestris bud extract, Thioctic acid, Cymbopogon flexuosus herb oil, Ubiquinone, Methionine, Tyrosine, Zea mays oil, CI 75130 (beta carotene), Linalool*, Citral*, Geraniol*.<\/em><br \/>\n*Componenti degli oli essenziali naturali.<\/p>\n","protected":false},"excerpt":{"rendered":"<p>Latte Solare SPF20 Viso e Corpo e decollet\u00e8 125 ml &#8211; dr.Giorgini Latte solare adatto a tutti i tipi di pelle, viso, corpo e d\u00e9collet\u00e9. Fornisce una protezione media contro le radiazioni UVB e UVA aiutando a contrastare gli effetti nocivi ed il precoce invecchiamento&#8230;<\/p>\n","protected":false},"featured_media":1000000121272,"template":"","meta":{"_acf_changed":false},"product_brand":[],"product_cat":[2043,4245],"product_tag":[],"giftcard-category":[],"class_list":{"0":"post-19645","1":"product","2":"type-product","3":"status-publish","4":"has-post-thumbnail","6":"product_cat-solari","7":"product_cat-solari-4","8":"pa_formato-125ml","9":"pa_linea-cosmetici","10":"pa_marca-dr-giorgini","11":"pa_tipologia-latte","13":"first","14":"instock","15":"sale","16":"taxable","17":"shipping-taxable","18":"purchasable","19":"product-type-simple"},"acf":[],"yoast_head":"<!-- This site is optimized with the Yoast SEO plugin v24.9 - https:\/\/yoast.com\/wordpress\/plugins\/seo\/ -->\n<title>Latte Solare SPF20 Viso e Corpo e decollete&#039; 125ml dr.Giorgini - dottorgiorgini.it<\/title>\n<meta name=\"description\" content=\"Protezione media contro le radiazioni UVB e UVA aiutando a contrastare gli effetti nocivi e l&#039;invecchiamento dei tessuti dovuti all\u2019esposizione solare.\" \/>\n<meta name=\"robots\" content=\"index, follow, max-snippet:-1, max-image-preview:large, max-video-preview:-1\" \/>\n<link rel=\"canonical\" href=\"https:\/\/www.dottorgiorgini.it\/it\/prodotto\/latte-solare-spf20-viso-e-corpo-e-decollete-dr-giorgini\/\" \/>\n<meta property=\"og:locale\" content=\"it_IT\" \/>\n<meta property=\"og:type\" content=\"article\" \/>\n<meta property=\"og:title\" content=\"Latte Solare SPF20 Viso e Corpo e decollete&#039; 125ml dr.Giorgini - dottorgiorgini.it\" \/>\n<meta property=\"og:description\" content=\"Protezione media contro le radiazioni UVB e UVA aiutando a contrastare gli effetti nocivi e l&#039;invecchiamento dei tessuti dovuti all\u2019esposizione solare.\" \/>\n<meta property=\"og:url\" content=\"https:\/\/www.dottorgiorgini.it\/it\/prodotto\/latte-solare-spf20-viso-e-corpo-e-decollete-dr-giorgini\/\" \/>\n<meta property=\"og:site_name\" content=\"dottorgiorgini.it\" \/>\n<meta property=\"article:modified_time\" content=\"2026-03-24T16:25:34+00:00\" \/>\n<meta name=\"twitter:card\" content=\"summary_large_image\" \/>\n<meta name=\"twitter:label1\" content=\"Tempo di lettura stimato\" \/>\n\t<meta name=\"twitter:data1\" content=\"2 minuti\" \/>\n<script type=\"application\/ld+json\" class=\"yoast-schema-graph\">{\"@context\":\"https:\/\/schema.org\",\"@graph\":[{\"@type\":\"WebPage\",\"@id\":\"https:\/\/www.dottorgiorgini.it\/it\/prodotto\/latte-solare-spf20-viso-e-corpo-e-decollete-dr-giorgini\/\",\"url\":\"https:\/\/www.dottorgiorgini.it\/it\/prodotto\/latte-solare-spf20-viso-e-corpo-e-decollete-dr-giorgini\/\",\"name\":\"Latte Solare SPF20 Viso e Corpo e decollete' 125ml dr.Giorgini - dottorgiorgini.it\",\"isPartOf\":{\"@id\":\"https:\/\/www.dottorgiorgini.it\/en\/#website\"},\"primaryImageOfPage\":{\"@id\":\"https:\/\/www.dottorgiorgini.it\/it\/prodotto\/latte-solare-spf20-viso-e-corpo-e-decollete-dr-giorgini\/#primaryimage\"},\"image\":{\"@id\":\"https:\/\/www.dottorgiorgini.it\/it\/prodotto\/latte-solare-spf20-viso-e-corpo-e-decollete-dr-giorgini\/#primaryimage\"},\"thumbnailUrl\":\"https:\/\/www.dottorgiorgini.it\/wp-content\/uploads\/2023\/05\/00010130-00010131-latte-solare-spf20-giorgini.jpg\",\"datePublished\":\"2023-05-09T14:28:14+00:00\",\"dateModified\":\"2026-03-24T16:25:34+00:00\",\"description\":\"Protezione media contro le radiazioni UVB e UVA aiutando a contrastare gli effetti nocivi e l'invecchiamento dei tessuti dovuti all\u2019esposizione solare.\",\"breadcrumb\":{\"@id\":\"https:\/\/www.dottorgiorgini.it\/it\/prodotto\/latte-solare-spf20-viso-e-corpo-e-decollete-dr-giorgini\/#breadcrumb\"},\"inLanguage\":\"it-IT\",\"potentialAction\":[{\"@type\":\"ReadAction\",\"target\":[\"https:\/\/www.dottorgiorgini.it\/it\/prodotto\/latte-solare-spf20-viso-e-corpo-e-decollete-dr-giorgini\/\"]}]},{\"@type\":\"ImageObject\",\"inLanguage\":\"it-IT\",\"@id\":\"https:\/\/www.dottorgiorgini.it\/it\/prodotto\/latte-solare-spf20-viso-e-corpo-e-decollete-dr-giorgini\/#primaryimage\",\"url\":\"https:\/\/www.dottorgiorgini.it\/wp-content\/uploads\/2023\/05\/00010130-00010131-latte-solare-spf20-giorgini.jpg\",\"contentUrl\":\"https:\/\/www.dottorgiorgini.it\/wp-content\/uploads\/2023\/05\/00010130-00010131-latte-solare-spf20-giorgini.jpg\"},{\"@type\":\"BreadcrumbList\",\"@id\":\"https:\/\/www.dottorgiorgini.it\/it\/prodotto\/latte-solare-spf20-viso-e-corpo-e-decollete-dr-giorgini\/#breadcrumb\",\"itemListElement\":[{\"@type\":\"ListItem\",\"position\":1,\"name\":\"Home\",\"item\":\"https:\/\/www.dottorgiorgini.it\/it\/\"},{\"@type\":\"ListItem\",\"position\":2,\"name\":\"Shop\",\"item\":\"https:\/\/www.dottorgiorgini.it\/it\/negozio\/\"},{\"@type\":\"ListItem\",\"position\":3,\"name\":\"Latte Solare SPF20 Viso e Corpo e decollete&#8217; 125ml dr.Giorgini\"}]},{\"@type\":\"WebSite\",\"@id\":\"https:\/\/www.dottorgiorgini.it\/en\/#website\",\"url\":\"https:\/\/www.dottorgiorgini.it\/en\/\",\"name\":\"dottorgiorgini.it\",\"description\":\"Erbe e Integratori Naturali\",\"potentialAction\":[{\"@type\":\"SearchAction\",\"target\":{\"@type\":\"EntryPoint\",\"urlTemplate\":\"https:\/\/www.dottorgiorgini.it\/en\/?s={search_term_string}\"},\"query-input\":{\"@type\":\"PropertyValueSpecification\",\"valueRequired\":true,\"valueName\":\"search_term_string\"}}],\"inLanguage\":\"it-IT\"}]}<\/script>\n<!-- \/ Yoast SEO plugin. -->","yoast_head_json":{"title":"Latte Solare SPF20 Viso e Corpo e decollete' 125ml dr.Giorgini - dottorgiorgini.it","description":"Protezione media contro le radiazioni UVB e UVA aiutando a contrastare gli effetti nocivi e l'invecchiamento dei tessuti dovuti all\u2019esposizione solare.","robots":{"index":"index","follow":"follow","max-snippet":"max-snippet:-1","max-image-preview":"max-image-preview:large","max-video-preview":"max-video-preview:-1"},"canonical":"https:\/\/www.dottorgiorgini.it\/it\/prodotto\/latte-solare-spf20-viso-e-corpo-e-decollete-dr-giorgini\/","og_locale":"it_IT","og_type":"article","og_title":"Latte Solare SPF20 Viso e Corpo e decollete' 125ml dr.Giorgini - dottorgiorgini.it","og_description":"Protezione media contro le radiazioni UVB e UVA aiutando a contrastare gli effetti nocivi e l'invecchiamento dei tessuti dovuti all\u2019esposizione solare.","og_url":"https:\/\/www.dottorgiorgini.it\/it\/prodotto\/latte-solare-spf20-viso-e-corpo-e-decollete-dr-giorgini\/","og_site_name":"dottorgiorgini.it","article_modified_time":"2026-03-24T16:25:34+00:00","twitter_card":"summary_large_image","twitter_misc":{"Tempo di lettura stimato":"2 minuti"},"schema":{"@context":"https:\/\/schema.org","@graph":[{"@type":"WebPage","@id":"https:\/\/www.dottorgiorgini.it\/it\/prodotto\/latte-solare-spf20-viso-e-corpo-e-decollete-dr-giorgini\/","url":"https:\/\/www.dottorgiorgini.it\/it\/prodotto\/latte-solare-spf20-viso-e-corpo-e-decollete-dr-giorgini\/","name":"Latte Solare SPF20 Viso e Corpo e decollete' 125ml dr.Giorgini - dottorgiorgini.it","isPartOf":{"@id":"https:\/\/www.dottorgiorgini.it\/en\/#website"},"primaryImageOfPage":{"@id":"https:\/\/www.dottorgiorgini.it\/it\/prodotto\/latte-solare-spf20-viso-e-corpo-e-decollete-dr-giorgini\/#primaryimage"},"image":{"@id":"https:\/\/www.dottorgiorgini.it\/it\/prodotto\/latte-solare-spf20-viso-e-corpo-e-decollete-dr-giorgini\/#primaryimage"},"thumbnailUrl":"https:\/\/www.dottorgiorgini.it\/wp-content\/uploads\/2023\/05\/00010130-00010131-latte-solare-spf20-giorgini.jpg","datePublished":"2023-05-09T14:28:14+00:00","dateModified":"2026-03-24T16:25:34+00:00","description":"Protezione media contro le radiazioni UVB e UVA aiutando a contrastare gli effetti nocivi e l'invecchiamento dei tessuti dovuti all\u2019esposizione solare.","breadcrumb":{"@id":"https:\/\/www.dottorgiorgini.it\/it\/prodotto\/latte-solare-spf20-viso-e-corpo-e-decollete-dr-giorgini\/#breadcrumb"},"inLanguage":"it-IT","potentialAction":[{"@type":"ReadAction","target":["https:\/\/www.dottorgiorgini.it\/it\/prodotto\/latte-solare-spf20-viso-e-corpo-e-decollete-dr-giorgini\/"]}]},{"@type":"ImageObject","inLanguage":"it-IT","@id":"https:\/\/www.dottorgiorgini.it\/it\/prodotto\/latte-solare-spf20-viso-e-corpo-e-decollete-dr-giorgini\/#primaryimage","url":"https:\/\/www.dottorgiorgini.it\/wp-content\/uploads\/2023\/05\/00010130-00010131-latte-solare-spf20-giorgini.jpg","contentUrl":"https:\/\/www.dottorgiorgini.it\/wp-content\/uploads\/2023\/05\/00010130-00010131-latte-solare-spf20-giorgini.jpg"},{"@type":"BreadcrumbList","@id":"https:\/\/www.dottorgiorgini.it\/it\/prodotto\/latte-solare-spf20-viso-e-corpo-e-decollete-dr-giorgini\/#breadcrumb","itemListElement":[{"@type":"ListItem","position":1,"name":"Home","item":"https:\/\/www.dottorgiorgini.it\/it\/"},{"@type":"ListItem","position":2,"name":"Shop","item":"https:\/\/www.dottorgiorgini.it\/it\/negozio\/"},{"@type":"ListItem","position":3,"name":"Latte Solare SPF20 Viso e Corpo e decollete&#8217; 125ml dr.Giorgini"}]},{"@type":"WebSite","@id":"https:\/\/www.dottorgiorgini.it\/en\/#website","url":"https:\/\/www.dottorgiorgini.it\/en\/","name":"dottorgiorgini.it","description":"Erbe e Integratori Naturali","potentialAction":[{"@type":"SearchAction","target":{"@type":"EntryPoint","urlTemplate":"https:\/\/www.dottorgiorgini.it\/en\/?s={search_term_string}"},"query-input":{"@type":"PropertyValueSpecification","valueRequired":true,"valueName":"search_term_string"}}],"inLanguage":"it-IT"}]}},"_links":{"self":[{"href":"https:\/\/www.dottorgiorgini.it\/it\/wp-json\/wp\/v2\/product\/19645","targetHints":{"allow":["GET"]}}],"collection":[{"href":"https:\/\/www.dottorgiorgini.it\/it\/wp-json\/wp\/v2\/product"}],"about":[{"href":"https:\/\/www.dottorgiorgini.it\/it\/wp-json\/wp\/v2\/types\/product"}],"wp:featuredmedia":[{"embeddable":true,"href":"https:\/\/www.dottorgiorgini.it\/it\/wp-json\/"}],"wp:attachment":[{"href":"https:\/\/www.dottorgiorgini.it\/it\/wp-json\/wp\/v2\/media?parent=19645"}],"wp:term":[{"taxonomy":"product_brand","embeddable":true,"href":"https:\/\/www.dottorgiorgini.it\/it\/wp-json\/wp\/v2\/product_brand?post=19645"},{"taxonomy":"product_cat","embeddable":true,"href":"https:\/\/www.dottorgiorgini.it\/it\/wp-json\/wp\/v2\/product_cat?post=19645"},{"taxonomy":"product_tag","embeddable":true,"href":"https:\/\/www.dottorgiorgini.it\/it\/wp-json\/wp\/v2\/product_tag?post=19645"},{"taxonomy":"giftcard-category","embeddable":true,"href":"https:\/\/www.dottorgiorgini.it\/it\/wp-json\/wp\/v2\/giftcard-category?post=19645"}],"curies":[{"name":"wp","href":"https:\/\/api.w.org\/{rel}","templated":true}]}}