{"id":20567,"date":"2024-12-28T18:27:01","date_gmt":"2024-12-28T17:27:01","guid":{"rendered":"https:\/\/www.dottorgiorgini.it\/prodotto\/popovis-supremo-180-pastiglie-quello-di-una-volta-con-aloe-dr-giorgini-2\/"},"modified":"2026-01-30T12:34:02","modified_gmt":"2026-01-30T11:34:02","slug":"popovis-supremo-180-pastiglie-quello-di-una-volta-con-aloe-dr-giorgini","status":"publish","type":"product","link":"https:\/\/www.dottorgiorgini.it\/it\/prodotto\/popovis-supremo-180-pastiglie-quello-di-una-volta-con-aloe-dr-giorgini\/","title":{"rendered":"Popovis 180 pastiglie quello di una volta, con Aloe dr. Giorgini"},"content":{"rendered":"<p><strong>Popovis 180 pastiglie con Aloe &#8211; dr. Giorgini<\/strong><\/p>\n<p>Disponibile anche nel formato da 60 pastiglie<\/p>\n<p>Senna, aloe, frangula, rabarbaro e cascara favoriscono il transito intestinale<\/p>\n<p>Anice verde, camomilla e finocchio coadiuvano la regolare motilit\u00e0 gastrointestinale e, insieme alla genziana, promuovono la funzione digestiva e l\u2019eliminazione dei gas intestinali.<\/p>\n<p><strong>Consigli d&#8217;uso<\/strong><\/p>\n<p>Si consiglia l\u2019assunzione quotidiana della quantit\u00e0 utile per favorire la regolarit\u00e0 intestinale, a seconda della sensibilit\u00e0 individuale da 1 a 5 pastiglie una volta al giorno in qualunque momento.<\/p>\n<p>Suggerito la sera prima di cena o prima di coricarsi.<\/p>\n<p><strong>Ingredienti<\/strong><\/p>\n<p>Senna (Cassia angustifolia) foglie polvere, aloe (Aloe vera) linfa o succo delle foglie E.I.S., frangula (Rhamnus frangula) cortecce E.I.S.,\u00a0 rabarbaro cinese (Rheum palmatum) rizomi E.I.S., cellulosa microcristallina\u00b0, gomma arabica\u00b0, anice verde (Pimpinella anisum) frutti E.I.S., camomilla volgare (Matricaria chamomilla) capolini (fiori) E.I.S., cascara (Rhamnus purshiana) cortecce E.I.S., genziana (Gentiana lutea) radici E.I.S., finocchio (Foeniculum vulgare) frutti O.E., silicio biossido\u00b0\u00b0, magnesio stearato di origine vegetale\u00b0\u00b0. \u00b0Agente di carica. \u00b0\u00b0Antiagglomerante.<\/p>\n<p><strong>Tabella nutrizionale presente nelle immagini del prodotto<\/strong>.<\/p>\n<p><strong>Non contiene conservanti, coloranti, aromi ed edulcoranti di sintesi.<\/strong><br \/>\n<strong>Prodotto adatto ai vegani.<\/strong><\/p>\n","protected":false},"excerpt":{"rendered":"<p>Popovis 180 pastiglie con Aloe &#8211; dr. Giorgini Disponibile anche nel formato da 60 pastiglie Senna, aloe, frangula, rabarbaro e cascara favoriscono il transito intestinale Anice verde, camomilla e finocchio coadiuvano la regolare motilit\u00e0 gastrointestinale e, insieme alla genziana, promuovono la funzione digestiva e l\u2019eliminazione&#8230;<\/p>\n","protected":false},"featured_media":1000000128197,"template":"","meta":{"_acf_changed":false},"product_brand":[],"product_cat":[4171,4174],"product_tag":[],"giftcard-category":[],"class_list":{"0":"post-20567","1":"product","2":"type-product","3":"status-publish","4":"has-post-thumbnail","6":"product_cat-linea-oro-classica","7":"product_cat-benessere-gastro-intestinale","8":"pa_formato-180-pastiglie","9":"pa_linea-linea-oro","10":"pa_marca-dr-giorgini","11":"pa_tipologia-compresse","13":"first","14":"instock","15":"sale","16":"taxable","17":"shipping-taxable","18":"purchasable","19":"product-type-simple"},"acf":[],"yoast_head":"<!-- This site is optimized with the Yoast SEO plugin v24.9 - https:\/\/yoast.com\/wordpress\/plugins\/seo\/ -->\n<title>Popovis 180 pastiglie quello di una volta, con Aloe dr. Giorgini - dottorgiorgini.it<\/title>\n<meta name=\"description\" content=\"Senna, aloe, frangula, rabarbaro e cascara favoriscono il transito intestinale. Anice verde, camomilla e finocchio la regolare motilit\u00e0 gastrointestinale\" \/>\n<meta name=\"robots\" content=\"index, follow, max-snippet:-1, max-image-preview:large, max-video-preview:-1\" \/>\n<link rel=\"canonical\" href=\"https:\/\/www.dottorgiorgini.it\/it\/prodotto\/popovis-supremo-180-pastiglie-quello-di-una-volta-con-aloe-dr-giorgini\/\" \/>\n<meta property=\"og:locale\" content=\"it_IT\" \/>\n<meta property=\"og:type\" content=\"article\" \/>\n<meta property=\"og:title\" content=\"Popovis 180 pastiglie quello di una volta, con Aloe dr. Giorgini - dottorgiorgini.it\" \/>\n<meta property=\"og:description\" content=\"Senna, aloe, frangula, rabarbaro e cascara favoriscono il transito intestinale. Anice verde, camomilla e finocchio la regolare motilit\u00e0 gastrointestinale\" \/>\n<meta property=\"og:url\" content=\"https:\/\/www.dottorgiorgini.it\/it\/prodotto\/popovis-supremo-180-pastiglie-quello-di-una-volta-con-aloe-dr-giorgini\/\" \/>\n<meta property=\"og:site_name\" content=\"dottorgiorgini.it\" \/>\n<meta property=\"article:modified_time\" content=\"2026-01-30T11:34:02+00:00\" \/>\n<meta name=\"twitter:card\" content=\"summary_large_image\" \/>\n<meta name=\"twitter:label1\" content=\"Tempo di lettura stimato\" \/>\n\t<meta name=\"twitter:data1\" content=\"2 minuti\" \/>\n<script type=\"application\/ld+json\" class=\"yoast-schema-graph\">{\"@context\":\"https:\/\/schema.org\",\"@graph\":[{\"@type\":\"WebPage\",\"@id\":\"https:\/\/www.dottorgiorgini.it\/it\/prodotto\/popovis-supremo-180-pastiglie-quello-di-una-volta-con-aloe-dr-giorgini\/\",\"url\":\"https:\/\/www.dottorgiorgini.it\/it\/prodotto\/popovis-supremo-180-pastiglie-quello-di-una-volta-con-aloe-dr-giorgini\/\",\"name\":\"Popovis 180 pastiglie quello di una volta, con Aloe dr. Giorgini - dottorgiorgini.it\",\"isPartOf\":{\"@id\":\"https:\/\/www.dottorgiorgini.it\/en\/#website\"},\"primaryImageOfPage\":{\"@id\":\"https:\/\/www.dottorgiorgini.it\/it\/prodotto\/popovis-supremo-180-pastiglie-quello-di-una-volta-con-aloe-dr-giorgini\/#primaryimage\"},\"image\":{\"@id\":\"https:\/\/www.dottorgiorgini.it\/it\/prodotto\/popovis-supremo-180-pastiglie-quello-di-una-volta-con-aloe-dr-giorgini\/#primaryimage\"},\"thumbnailUrl\":\"https:\/\/www.dottorgiorgini.it\/wp-content\/uploads\/2024\/12\/00006185-30g-popovis-con-aloe-dottor-giorgini-erboristerie-com.jpg\",\"datePublished\":\"2024-12-28T17:27:01+00:00\",\"dateModified\":\"2026-01-30T11:34:02+00:00\",\"description\":\"Senna, aloe, frangula, rabarbaro e cascara favoriscono il transito intestinale. Anice verde, camomilla e finocchio la regolare motilit\u00e0 gastrointestinale\",\"breadcrumb\":{\"@id\":\"https:\/\/www.dottorgiorgini.it\/it\/prodotto\/popovis-supremo-180-pastiglie-quello-di-una-volta-con-aloe-dr-giorgini\/#breadcrumb\"},\"inLanguage\":\"it-IT\",\"potentialAction\":[{\"@type\":\"ReadAction\",\"target\":[\"https:\/\/www.dottorgiorgini.it\/it\/prodotto\/popovis-supremo-180-pastiglie-quello-di-una-volta-con-aloe-dr-giorgini\/\"]}]},{\"@type\":\"ImageObject\",\"inLanguage\":\"it-IT\",\"@id\":\"https:\/\/www.dottorgiorgini.it\/it\/prodotto\/popovis-supremo-180-pastiglie-quello-di-una-volta-con-aloe-dr-giorgini\/#primaryimage\",\"url\":\"https:\/\/www.dottorgiorgini.it\/wp-content\/uploads\/2024\/12\/00006185-30g-popovis-con-aloe-dottor-giorgini-erboristerie-com.jpg\",\"contentUrl\":\"https:\/\/www.dottorgiorgini.it\/wp-content\/uploads\/2024\/12\/00006185-30g-popovis-con-aloe-dottor-giorgini-erboristerie-com.jpg\"},{\"@type\":\"BreadcrumbList\",\"@id\":\"https:\/\/www.dottorgiorgini.it\/it\/prodotto\/popovis-supremo-180-pastiglie-quello-di-una-volta-con-aloe-dr-giorgini\/#breadcrumb\",\"itemListElement\":[{\"@type\":\"ListItem\",\"position\":1,\"name\":\"Home\",\"item\":\"https:\/\/www.dottorgiorgini.it\/it\/\"},{\"@type\":\"ListItem\",\"position\":2,\"name\":\"Shop\",\"item\":\"https:\/\/www.dottorgiorgini.it\/it\/negozio\/\"},{\"@type\":\"ListItem\",\"position\":3,\"name\":\"Popovis 180 pastiglie quello di una volta, con Aloe dr. Giorgini\"}]},{\"@type\":\"WebSite\",\"@id\":\"https:\/\/www.dottorgiorgini.it\/en\/#website\",\"url\":\"https:\/\/www.dottorgiorgini.it\/en\/\",\"name\":\"dottorgiorgini.it\",\"description\":\"Erbe e Integratori Naturali\",\"potentialAction\":[{\"@type\":\"SearchAction\",\"target\":{\"@type\":\"EntryPoint\",\"urlTemplate\":\"https:\/\/www.dottorgiorgini.it\/en\/?s={search_term_string}\"},\"query-input\":{\"@type\":\"PropertyValueSpecification\",\"valueRequired\":true,\"valueName\":\"search_term_string\"}}],\"inLanguage\":\"it-IT\"}]}<\/script>\n<!-- \/ Yoast SEO plugin. -->","yoast_head_json":{"title":"Popovis 180 pastiglie quello di una volta, con Aloe dr. Giorgini - dottorgiorgini.it","description":"Senna, aloe, frangula, rabarbaro e cascara favoriscono il transito intestinale. Anice verde, camomilla e finocchio la regolare motilit\u00e0 gastrointestinale","robots":{"index":"index","follow":"follow","max-snippet":"max-snippet:-1","max-image-preview":"max-image-preview:large","max-video-preview":"max-video-preview:-1"},"canonical":"https:\/\/www.dottorgiorgini.it\/it\/prodotto\/popovis-supremo-180-pastiglie-quello-di-una-volta-con-aloe-dr-giorgini\/","og_locale":"it_IT","og_type":"article","og_title":"Popovis 180 pastiglie quello di una volta, con Aloe dr. Giorgini - dottorgiorgini.it","og_description":"Senna, aloe, frangula, rabarbaro e cascara favoriscono il transito intestinale. Anice verde, camomilla e finocchio la regolare motilit\u00e0 gastrointestinale","og_url":"https:\/\/www.dottorgiorgini.it\/it\/prodotto\/popovis-supremo-180-pastiglie-quello-di-una-volta-con-aloe-dr-giorgini\/","og_site_name":"dottorgiorgini.it","article_modified_time":"2026-01-30T11:34:02+00:00","twitter_card":"summary_large_image","twitter_misc":{"Tempo di lettura stimato":"2 minuti"},"schema":{"@context":"https:\/\/schema.org","@graph":[{"@type":"WebPage","@id":"https:\/\/www.dottorgiorgini.it\/it\/prodotto\/popovis-supremo-180-pastiglie-quello-di-una-volta-con-aloe-dr-giorgini\/","url":"https:\/\/www.dottorgiorgini.it\/it\/prodotto\/popovis-supremo-180-pastiglie-quello-di-una-volta-con-aloe-dr-giorgini\/","name":"Popovis 180 pastiglie quello di una volta, con Aloe dr. Giorgini - dottorgiorgini.it","isPartOf":{"@id":"https:\/\/www.dottorgiorgini.it\/en\/#website"},"primaryImageOfPage":{"@id":"https:\/\/www.dottorgiorgini.it\/it\/prodotto\/popovis-supremo-180-pastiglie-quello-di-una-volta-con-aloe-dr-giorgini\/#primaryimage"},"image":{"@id":"https:\/\/www.dottorgiorgini.it\/it\/prodotto\/popovis-supremo-180-pastiglie-quello-di-una-volta-con-aloe-dr-giorgini\/#primaryimage"},"thumbnailUrl":"https:\/\/www.dottorgiorgini.it\/wp-content\/uploads\/2024\/12\/00006185-30g-popovis-con-aloe-dottor-giorgini-erboristerie-com.jpg","datePublished":"2024-12-28T17:27:01+00:00","dateModified":"2026-01-30T11:34:02+00:00","description":"Senna, aloe, frangula, rabarbaro e cascara favoriscono il transito intestinale. Anice verde, camomilla e finocchio la regolare motilit\u00e0 gastrointestinale","breadcrumb":{"@id":"https:\/\/www.dottorgiorgini.it\/it\/prodotto\/popovis-supremo-180-pastiglie-quello-di-una-volta-con-aloe-dr-giorgini\/#breadcrumb"},"inLanguage":"it-IT","potentialAction":[{"@type":"ReadAction","target":["https:\/\/www.dottorgiorgini.it\/it\/prodotto\/popovis-supremo-180-pastiglie-quello-di-una-volta-con-aloe-dr-giorgini\/"]}]},{"@type":"ImageObject","inLanguage":"it-IT","@id":"https:\/\/www.dottorgiorgini.it\/it\/prodotto\/popovis-supremo-180-pastiglie-quello-di-una-volta-con-aloe-dr-giorgini\/#primaryimage","url":"https:\/\/www.dottorgiorgini.it\/wp-content\/uploads\/2024\/12\/00006185-30g-popovis-con-aloe-dottor-giorgini-erboristerie-com.jpg","contentUrl":"https:\/\/www.dottorgiorgini.it\/wp-content\/uploads\/2024\/12\/00006185-30g-popovis-con-aloe-dottor-giorgini-erboristerie-com.jpg"},{"@type":"BreadcrumbList","@id":"https:\/\/www.dottorgiorgini.it\/it\/prodotto\/popovis-supremo-180-pastiglie-quello-di-una-volta-con-aloe-dr-giorgini\/#breadcrumb","itemListElement":[{"@type":"ListItem","position":1,"name":"Home","item":"https:\/\/www.dottorgiorgini.it\/it\/"},{"@type":"ListItem","position":2,"name":"Shop","item":"https:\/\/www.dottorgiorgini.it\/it\/negozio\/"},{"@type":"ListItem","position":3,"name":"Popovis 180 pastiglie quello di una volta, con Aloe dr. Giorgini"}]},{"@type":"WebSite","@id":"https:\/\/www.dottorgiorgini.it\/en\/#website","url":"https:\/\/www.dottorgiorgini.it\/en\/","name":"dottorgiorgini.it","description":"Erbe e Integratori Naturali","potentialAction":[{"@type":"SearchAction","target":{"@type":"EntryPoint","urlTemplate":"https:\/\/www.dottorgiorgini.it\/en\/?s={search_term_string}"},"query-input":{"@type":"PropertyValueSpecification","valueRequired":true,"valueName":"search_term_string"}}],"inLanguage":"it-IT"}]}},"_links":{"self":[{"href":"https:\/\/www.dottorgiorgini.it\/it\/wp-json\/wp\/v2\/product\/20567","targetHints":{"allow":["GET"]}}],"collection":[{"href":"https:\/\/www.dottorgiorgini.it\/it\/wp-json\/wp\/v2\/product"}],"about":[{"href":"https:\/\/www.dottorgiorgini.it\/it\/wp-json\/wp\/v2\/types\/product"}],"wp:featuredmedia":[{"embeddable":true,"href":"https:\/\/www.dottorgiorgini.it\/it\/wp-json\/"}],"wp:attachment":[{"href":"https:\/\/www.dottorgiorgini.it\/it\/wp-json\/wp\/v2\/media?parent=20567"}],"wp:term":[{"taxonomy":"product_brand","embeddable":true,"href":"https:\/\/www.dottorgiorgini.it\/it\/wp-json\/wp\/v2\/product_brand?post=20567"},{"taxonomy":"product_cat","embeddable":true,"href":"https:\/\/www.dottorgiorgini.it\/it\/wp-json\/wp\/v2\/product_cat?post=20567"},{"taxonomy":"product_tag","embeddable":true,"href":"https:\/\/www.dottorgiorgini.it\/it\/wp-json\/wp\/v2\/product_tag?post=20567"},{"taxonomy":"giftcard-category","embeddable":true,"href":"https:\/\/www.dottorgiorgini.it\/it\/wp-json\/wp\/v2\/giftcard-category?post=20567"}],"curies":[{"name":"wp","href":"https:\/\/api.w.org\/{rel}","templated":true}]}}