{"id":7461,"date":"2013-05-11T02:00:00","date_gmt":"2013-05-11T00:00:00","guid":{"rendered":"http:\/\/www.dottorgiorgini.it\/prodotto\/potenvis-concentrated-energy-drink-200ml\/"},"modified":"2026-01-30T12:36:30","modified_gmt":"2026-01-30T11:36:30","slug":"potenvis-concentrated-energy-drink-liquido-analcoolico-200-ml-dr-giorgini","status":"publish","type":"product","link":"https:\/\/www.dottorgiorgini.it\/it\/prodotto\/potenvis-concentrated-energy-drink-liquido-analcoolico-200-ml-dr-giorgini\/","title":{"rendered":"Potenvis Concentrated Energy Drink Liquido analcoolico 200ml Dr. Giorgini"},"content":{"rendered":"<p><strong>Potenvis Concentrated Energy Drink Liquido analcoolico 200 ml Dr Giorgini<\/strong><\/p>\n<p>Integratore alimentare a base di erbe toniche.<\/p>\n<p>In particolare, <strong>astragalo, caff\u00e8 verde, cola, damiana, eleuterococco, ginseng, guaran\u00e0, muira puama e t\u00e8 verde<\/strong> svolgono un\u2019azione tonica a livello generale, mentre <strong>china, noce moscata, pepe nero e chiodi garofano<\/strong> favoriscono la funzione digestiva.<\/p>\n<p><strong>Consigli d&#8217;uso<\/strong><\/p>\n<p>Si consiglia l\u2019assunzione di 10 ml diluiti in un bicchiere d\u2019acqua, una o due volte al giorno in qualunque momento (da 10 a 20 ml al giorno).<\/p>\n<p>Se desiderato, la dose giornaliera pu\u00f2 essere diluita in una bottiglia d\u2019acqua da consumare nell\u2019arco della giornata.<\/p>\n<p>Agitare prima dell\u2019uso. Misurino graduato incluso nella confezione.<\/p>\n<p>Conservare il prodotto fuori dal frigorifero anche dopo l\u2019apertura.<\/p>\n<p><strong>Ingredienti<\/strong><\/p>\n<p>Glicerina vegetale bidistillata, acqua pura, astragalo (Astragalus membranaceus) radici E.I.L., caff\u00e8 (Coffea arabica) semi verdi (non torrefatti) E.I.L., cannella (Cinnamomum zeylanicum) cortecce E.I.L., china (Cinchona calisaya) cortecce E.I.L., cola (Cola nitida) semi E.I.L., damiana (Turnera diffusa) foglie E.I.L., eleuterococco o ginseng siberiano (Eleutherococcus senticosus) radici E.I.L., ginseng (Panax ginseng) radici E.I.L., guaran\u00e0 (Paullinia cupana) semi E.I.L., muira puama (Ptychopetalum olacoides) legno E.I.L, noce moscata (Myristica fragrans) semi E.I.L., pepe nero (Piper nigrum) frutti E.I.L., t\u00e8 verde (Camellia sinensis) foglie E.I.L., chiodi di garofano (Eugenia caryophyllata) gemme floreali E.I.L.<\/p>\n<p><strong>Informazioni aggiuntive<\/strong><\/p>\n<p>E.I.L.= Estratto integrale liquido. L\u2019estrazione delle piante eseguita da noi in azienda viene effettuata sottovuoto e a bassa temperatura per preservare integri tutti i principi attivi e nutritivi, cio\u00e8 il fitocomplesso. L\u2019eventuale presenza di resine e oli essenziali in superficie e\/o di sedimento sul fondo sono indice di qualit\u00e0 del prodotto, infatti essi costituiscono la frazione insolubile in acqua del fitocomplesso.<\/p>\n<p>Senza ingredienti derivati da animali.<\/p>\n<p>100% ESTRATTO INTEGRALE DI ERBE&#8221;<\/p>\n<p><strong>Tabella nutrizionale presente nelle immagini del prodotto.<\/strong><\/p>\n<p><strong>Non contiene alcool, conservanti, coloranti, aromi ed edulcoranti di sintesi.<\/strong><\/p>\n<p><strong>Contiene caffeina.<\/strong><\/p>\n<p><strong>Prodotto adatto ai vegani.<\/strong><\/p>\n","protected":false},"excerpt":{"rendered":"<p>Potenvis Concentrated Energy Drink Liquido analcoolico 200 ml Dr Giorgini Integratore alimentare a base di erbe toniche. In particolare, astragalo, caff\u00e8 verde, cola, damiana, eleuterococco, ginseng, guaran\u00e0, muira puama e t\u00e8 verde svolgono un\u2019azione tonica a livello generale, mentre china, noce moscata, pepe nero e&#8230;<\/p>\n","protected":false},"featured_media":1000000132703,"template":"","meta":{"_acf_changed":false},"product_brand":[],"product_cat":[2952,4171,2153],"product_tag":[113,1851,4172,1852,1853,4173,1854],"giftcard-category":[],"class_list":{"0":"post-7461","1":"product","2":"type-product","3":"status-publish","4":"has-post-thumbnail","6":"product_cat-dr-energia-e-vitalita","7":"product_cat-linea-oro-classica","8":"product_cat-energia-e-vitalita","9":"product_tag-200ml","10":"product_tag-concentrated","11":"product_tag-dr-2","12":"product_tag-drink","13":"product_tag-energy","14":"product_tag-giorgini-2","15":"product_tag-potenvis","16":"pa_avvertenze-gli-integratori-non-vanno-intesi-come-sostituti-di-una-dieta-variata-non-superare-la-dose-giornaliera-raccomandata-tenere-fuori-dalla-portata-dei-bambini-sotto-i-3-anni","17":"pa_formato-200-ml","18":"pa_linea-linea-oro","19":"pa_marca-dr-giorgini","20":"pa_note-del-produttore-l-estrazione-delle-piante-eseguita-da-noi-in-azienda-viene-effettuata-senza-superare-i-24-c-e-sottovuoto-per-preservarne-integri-i-principi-attivi-e-nutritivi","21":"pa_sku-1855","22":"pa_tipologia-liquido-analcolico","24":"first","25":"instock","26":"sale","27":"taxable","28":"shipping-taxable","29":"purchasable","30":"product-type-simple"},"acf":[],"yoast_head":"<!-- This site is optimized with the Yoast SEO plugin v24.9 - https:\/\/yoast.com\/wordpress\/plugins\/seo\/ -->\n<title>Potenvis Concentrated Energy Drink Liquido analcoolico 200ml Dr. Giorgini - dottorgiorgini.it<\/title>\n<meta name=\"description\" content=\"Integratore alimentare a base di erbe, sali minerali e vitamine con azione tonica a livello generale, per la riduzione di stanchezza ed affaticamento.\" \/>\n<meta name=\"robots\" content=\"index, follow, max-snippet:-1, max-image-preview:large, max-video-preview:-1\" \/>\n<link rel=\"canonical\" href=\"https:\/\/www.dottorgiorgini.it\/it\/prodotto\/potenvis-concentrated-energy-drink-liquido-analcoolico-200-ml-dr-giorgini\/\" \/>\n<meta property=\"og:locale\" content=\"it_IT\" \/>\n<meta property=\"og:type\" content=\"article\" \/>\n<meta property=\"og:title\" content=\"Potenvis Concentrated Energy Drink Liquido analcoolico 200ml Dr. Giorgini - dottorgiorgini.it\" \/>\n<meta property=\"og:description\" content=\"Integratore alimentare a base di erbe, sali minerali e vitamine con azione tonica a livello generale, per la riduzione di stanchezza ed affaticamento.\" \/>\n<meta property=\"og:url\" content=\"https:\/\/www.dottorgiorgini.it\/it\/prodotto\/potenvis-concentrated-energy-drink-liquido-analcoolico-200-ml-dr-giorgini\/\" \/>\n<meta property=\"og:site_name\" content=\"dottorgiorgini.it\" \/>\n<meta property=\"article:modified_time\" content=\"2026-01-30T11:36:30+00:00\" \/>\n<meta name=\"twitter:card\" content=\"summary_large_image\" \/>\n<meta name=\"twitter:label1\" content=\"Tempo di lettura stimato\" \/>\n\t<meta name=\"twitter:data1\" content=\"2 minuti\" \/>\n<script type=\"application\/ld+json\" class=\"yoast-schema-graph\">{\"@context\":\"https:\/\/schema.org\",\"@graph\":[{\"@type\":\"WebPage\",\"@id\":\"https:\/\/www.dottorgiorgini.it\/it\/prodotto\/potenvis-concentrated-energy-drink-liquido-analcoolico-200-ml-dr-giorgini\/\",\"url\":\"https:\/\/www.dottorgiorgini.it\/it\/prodotto\/potenvis-concentrated-energy-drink-liquido-analcoolico-200-ml-dr-giorgini\/\",\"name\":\"Potenvis Concentrated Energy Drink Liquido analcoolico 200ml Dr. Giorgini - dottorgiorgini.it\",\"isPartOf\":{\"@id\":\"https:\/\/www.dottorgiorgini.it\/en\/#website\"},\"primaryImageOfPage\":{\"@id\":\"https:\/\/www.dottorgiorgini.it\/it\/prodotto\/potenvis-concentrated-energy-drink-liquido-analcoolico-200-ml-dr-giorgini\/#primaryimage\"},\"image\":{\"@id\":\"https:\/\/www.dottorgiorgini.it\/it\/prodotto\/potenvis-concentrated-energy-drink-liquido-analcoolico-200-ml-dr-giorgini\/#primaryimage\"},\"thumbnailUrl\":\"https:\/\/www.dottorgiorgini.it\/wp-content\/uploads\/2013\/05\/00007108-potenvis-concentrated-energy-drink-liquido-analcoolico-200-ml-dr-giorgini-erboristerie-com.jpg\",\"datePublished\":\"2013-05-11T00:00:00+00:00\",\"dateModified\":\"2026-01-30T11:36:30+00:00\",\"description\":\"Integratore alimentare a base di erbe, sali minerali e vitamine con azione tonica a livello generale, per la riduzione di stanchezza ed affaticamento.\",\"breadcrumb\":{\"@id\":\"https:\/\/www.dottorgiorgini.it\/it\/prodotto\/potenvis-concentrated-energy-drink-liquido-analcoolico-200-ml-dr-giorgini\/#breadcrumb\"},\"inLanguage\":\"it-IT\",\"potentialAction\":[{\"@type\":\"ReadAction\",\"target\":[\"https:\/\/www.dottorgiorgini.it\/it\/prodotto\/potenvis-concentrated-energy-drink-liquido-analcoolico-200-ml-dr-giorgini\/\"]}]},{\"@type\":\"ImageObject\",\"inLanguage\":\"it-IT\",\"@id\":\"https:\/\/www.dottorgiorgini.it\/it\/prodotto\/potenvis-concentrated-energy-drink-liquido-analcoolico-200-ml-dr-giorgini\/#primaryimage\",\"url\":\"https:\/\/www.dottorgiorgini.it\/wp-content\/uploads\/2013\/05\/00007108-potenvis-concentrated-energy-drink-liquido-analcoolico-200-ml-dr-giorgini-erboristerie-com.jpg\",\"contentUrl\":\"https:\/\/www.dottorgiorgini.it\/wp-content\/uploads\/2013\/05\/00007108-potenvis-concentrated-energy-drink-liquido-analcoolico-200-ml-dr-giorgini-erboristerie-com.jpg\"},{\"@type\":\"BreadcrumbList\",\"@id\":\"https:\/\/www.dottorgiorgini.it\/it\/prodotto\/potenvis-concentrated-energy-drink-liquido-analcoolico-200-ml-dr-giorgini\/#breadcrumb\",\"itemListElement\":[{\"@type\":\"ListItem\",\"position\":1,\"name\":\"Home\",\"item\":\"https:\/\/www.dottorgiorgini.it\/it\/\"},{\"@type\":\"ListItem\",\"position\":2,\"name\":\"Shop\",\"item\":\"https:\/\/www.dottorgiorgini.it\/it\/negozio\/\"},{\"@type\":\"ListItem\",\"position\":3,\"name\":\"Potenvis Concentrated Energy Drink Liquido analcoolico 200ml Dr. Giorgini\"}]},{\"@type\":\"WebSite\",\"@id\":\"https:\/\/www.dottorgiorgini.it\/en\/#website\",\"url\":\"https:\/\/www.dottorgiorgini.it\/en\/\",\"name\":\"dottorgiorgini.it\",\"description\":\"Erbe e Integratori Naturali\",\"potentialAction\":[{\"@type\":\"SearchAction\",\"target\":{\"@type\":\"EntryPoint\",\"urlTemplate\":\"https:\/\/www.dottorgiorgini.it\/en\/?s={search_term_string}\"},\"query-input\":{\"@type\":\"PropertyValueSpecification\",\"valueRequired\":true,\"valueName\":\"search_term_string\"}}],\"inLanguage\":\"it-IT\"}]}<\/script>\n<!-- \/ Yoast SEO plugin. -->","yoast_head_json":{"title":"Potenvis Concentrated Energy Drink Liquido analcoolico 200ml Dr. Giorgini - dottorgiorgini.it","description":"Integratore alimentare a base di erbe, sali minerali e vitamine con azione tonica a livello generale, per la riduzione di stanchezza ed affaticamento.","robots":{"index":"index","follow":"follow","max-snippet":"max-snippet:-1","max-image-preview":"max-image-preview:large","max-video-preview":"max-video-preview:-1"},"canonical":"https:\/\/www.dottorgiorgini.it\/it\/prodotto\/potenvis-concentrated-energy-drink-liquido-analcoolico-200-ml-dr-giorgini\/","og_locale":"it_IT","og_type":"article","og_title":"Potenvis Concentrated Energy Drink Liquido analcoolico 200ml Dr. Giorgini - dottorgiorgini.it","og_description":"Integratore alimentare a base di erbe, sali minerali e vitamine con azione tonica a livello generale, per la riduzione di stanchezza ed affaticamento.","og_url":"https:\/\/www.dottorgiorgini.it\/it\/prodotto\/potenvis-concentrated-energy-drink-liquido-analcoolico-200-ml-dr-giorgini\/","og_site_name":"dottorgiorgini.it","article_modified_time":"2026-01-30T11:36:30+00:00","twitter_card":"summary_large_image","twitter_misc":{"Tempo di lettura stimato":"2 minuti"},"schema":{"@context":"https:\/\/schema.org","@graph":[{"@type":"WebPage","@id":"https:\/\/www.dottorgiorgini.it\/it\/prodotto\/potenvis-concentrated-energy-drink-liquido-analcoolico-200-ml-dr-giorgini\/","url":"https:\/\/www.dottorgiorgini.it\/it\/prodotto\/potenvis-concentrated-energy-drink-liquido-analcoolico-200-ml-dr-giorgini\/","name":"Potenvis Concentrated Energy Drink Liquido analcoolico 200ml Dr. Giorgini - dottorgiorgini.it","isPartOf":{"@id":"https:\/\/www.dottorgiorgini.it\/en\/#website"},"primaryImageOfPage":{"@id":"https:\/\/www.dottorgiorgini.it\/it\/prodotto\/potenvis-concentrated-energy-drink-liquido-analcoolico-200-ml-dr-giorgini\/#primaryimage"},"image":{"@id":"https:\/\/www.dottorgiorgini.it\/it\/prodotto\/potenvis-concentrated-energy-drink-liquido-analcoolico-200-ml-dr-giorgini\/#primaryimage"},"thumbnailUrl":"https:\/\/www.dottorgiorgini.it\/wp-content\/uploads\/2013\/05\/00007108-potenvis-concentrated-energy-drink-liquido-analcoolico-200-ml-dr-giorgini-erboristerie-com.jpg","datePublished":"2013-05-11T00:00:00+00:00","dateModified":"2026-01-30T11:36:30+00:00","description":"Integratore alimentare a base di erbe, sali minerali e vitamine con azione tonica a livello generale, per la riduzione di stanchezza ed affaticamento.","breadcrumb":{"@id":"https:\/\/www.dottorgiorgini.it\/it\/prodotto\/potenvis-concentrated-energy-drink-liquido-analcoolico-200-ml-dr-giorgini\/#breadcrumb"},"inLanguage":"it-IT","potentialAction":[{"@type":"ReadAction","target":["https:\/\/www.dottorgiorgini.it\/it\/prodotto\/potenvis-concentrated-energy-drink-liquido-analcoolico-200-ml-dr-giorgini\/"]}]},{"@type":"ImageObject","inLanguage":"it-IT","@id":"https:\/\/www.dottorgiorgini.it\/it\/prodotto\/potenvis-concentrated-energy-drink-liquido-analcoolico-200-ml-dr-giorgini\/#primaryimage","url":"https:\/\/www.dottorgiorgini.it\/wp-content\/uploads\/2013\/05\/00007108-potenvis-concentrated-energy-drink-liquido-analcoolico-200-ml-dr-giorgini-erboristerie-com.jpg","contentUrl":"https:\/\/www.dottorgiorgini.it\/wp-content\/uploads\/2013\/05\/00007108-potenvis-concentrated-energy-drink-liquido-analcoolico-200-ml-dr-giorgini-erboristerie-com.jpg"},{"@type":"BreadcrumbList","@id":"https:\/\/www.dottorgiorgini.it\/it\/prodotto\/potenvis-concentrated-energy-drink-liquido-analcoolico-200-ml-dr-giorgini\/#breadcrumb","itemListElement":[{"@type":"ListItem","position":1,"name":"Home","item":"https:\/\/www.dottorgiorgini.it\/it\/"},{"@type":"ListItem","position":2,"name":"Shop","item":"https:\/\/www.dottorgiorgini.it\/it\/negozio\/"},{"@type":"ListItem","position":3,"name":"Potenvis Concentrated Energy Drink Liquido analcoolico 200ml Dr. Giorgini"}]},{"@type":"WebSite","@id":"https:\/\/www.dottorgiorgini.it\/en\/#website","url":"https:\/\/www.dottorgiorgini.it\/en\/","name":"dottorgiorgini.it","description":"Erbe e Integratori Naturali","potentialAction":[{"@type":"SearchAction","target":{"@type":"EntryPoint","urlTemplate":"https:\/\/www.dottorgiorgini.it\/en\/?s={search_term_string}"},"query-input":{"@type":"PropertyValueSpecification","valueRequired":true,"valueName":"search_term_string"}}],"inLanguage":"it-IT"}]}},"_links":{"self":[{"href":"https:\/\/www.dottorgiorgini.it\/it\/wp-json\/wp\/v2\/product\/7461","targetHints":{"allow":["GET"]}}],"collection":[{"href":"https:\/\/www.dottorgiorgini.it\/it\/wp-json\/wp\/v2\/product"}],"about":[{"href":"https:\/\/www.dottorgiorgini.it\/it\/wp-json\/wp\/v2\/types\/product"}],"wp:featuredmedia":[{"embeddable":true,"href":"https:\/\/www.dottorgiorgini.it\/it\/wp-json\/"}],"wp:attachment":[{"href":"https:\/\/www.dottorgiorgini.it\/it\/wp-json\/wp\/v2\/media?parent=7461"}],"wp:term":[{"taxonomy":"product_brand","embeddable":true,"href":"https:\/\/www.dottorgiorgini.it\/it\/wp-json\/wp\/v2\/product_brand?post=7461"},{"taxonomy":"product_cat","embeddable":true,"href":"https:\/\/www.dottorgiorgini.it\/it\/wp-json\/wp\/v2\/product_cat?post=7461"},{"taxonomy":"product_tag","embeddable":true,"href":"https:\/\/www.dottorgiorgini.it\/it\/wp-json\/wp\/v2\/product_tag?post=7461"},{"taxonomy":"giftcard-category","embeddable":true,"href":"https:\/\/www.dottorgiorgini.it\/it\/wp-json\/wp\/v2\/giftcard-category?post=7461"}],"curies":[{"name":"wp","href":"https:\/\/api.w.org\/{rel}","templated":true}]}}