{"id":7527,"date":"2013-05-11T00:00:00","date_gmt":"2013-05-10T22:00:00","guid":{"rendered":"http:\/\/www.dottorgiorgini.it\/prodotto\/liquirvis-100-g-polvere-dr-giorgini\/"},"modified":"2026-01-30T12:11:20","modified_gmt":"2026-01-30T11:11:20","slug":"liquirvis-polvere-barattolo-100g-per-la-regolarita-del-transito-intestinale","status":"publish","type":"product","link":"https:\/\/www.dottorgiorgini.it\/it\/prodotto\/liquirvis-polvere-barattolo-100g-per-la-regolarita-del-transito-intestinale\/","title":{"rendered":"Liquirvis polvere barattolo 100g per la regolarit\u00e0 del transito intestinale"},"content":{"rendered":"<p><strong>Funzionalit\u00e0 degli ingredienti<\/strong><\/p>\n<p>Integratore alimentare a base di erbe e nutritivi.<\/p>\n<p>La liquirizia sostiene la <strong>funzionalit\u00e0 del sistema digerente<\/strong>, la senna promuove la <strong>regolarit\u00e0 del transito intestinale<\/strong> ed i fermenti favoriscono l\u2019<strong>equilibrio della flora batterica intestinale.<\/strong><\/p>\n<p><strong>Consigli d&#8217;uso<\/strong><\/p>\n<p>Si consiglia l\u2019assunzione di 1 misurino raso (2,5 g) stemperato in acqua, una o due volte al giorno in qualunque momento (da 2,5 g a 5 g al giorno); mescolare e dolcificare a piacere.<\/p>\n<p>Misurino incluso nella confezione.<\/p>\n<p><strong>Ingredienti<\/strong><\/p>\n<p>Fruttosio, liquirizia (Glycyrrhiza glabra) radici, senna (Cassia angustifolia) foglie, (L-)cistina, (L-)cisteina HCL o cloridrato, (L-)metionina, NAC (N-acetilcisteina), SAMe (S-adenosil metionina), glicina, taurina, (L-)lisina HCL o cloridrato, finocchio (Foeniculum vulgare) semi O.E, glutatione, miscela di fermenti lattici (titolata al 10% in ognuno dei seguenti ceppi ATCC: Bifidobacterium bifidum SD5215, Bifidobacterium breve SD5206, Bifidobacterium lactis SD5219; Lactobacillus acidophilus SD5212, Lactobacillus brevis SD5214, Lactobacillus bulgaricus SD5589, Lactobacillus casei SD5213, Lactobacillus paracasei SD5275, Lactobacillus plantarum SD5209, Lactobacillus rhamnosus SD5217).<br \/>\nO.E.= Olio essenziale (Aetheroleum).<\/p>\n<p><strong>Informazioni aggiuntive<\/strong><\/p>\n<p>Non contiene conservanti, coloranti, aromi ed edulcoranti di sintesi.<br \/>\nNaturale caratteristica distintiva: sapore gradevole.<br \/>\nNaturalmente privo di lattosio.<\/p>\n","protected":false},"excerpt":{"rendered":"<p>Funzionalit\u00e0 degli ingredienti Integratore alimentare a base di erbe e nutritivi. La liquirizia sostiene la funzionalit\u00e0 del sistema digerente, la senna promuove la regolarit\u00e0 del transito intestinale ed i fermenti favoriscono l\u2019equilibrio della flora batterica intestinale. Consigli d&#8217;uso Si consiglia l\u2019assunzione di 1 misurino raso&#8230;<\/p>\n","protected":false},"featured_media":14692,"template":"","meta":{"_acf_changed":false},"product_brand":[],"product_cat":[2140,2022,2934],"product_tag":[41,42,557,199],"giftcard-category":[],"class_list":{"0":"post-7527","1":"product","2":"type-product","3":"status-publish","4":"has-post-thumbnail","6":"product_cat-intestino-pigro","7":"product_cat-linea-oro","8":"product_cat-dr-apparato-digerente","9":"product_tag-dr","10":"product_tag-giorgini","11":"product_tag-liquirvis-2","12":"product_tag-polvere","13":"pa_formato-100-grammi","14":"pa_linea-linea-oro","15":"pa_marca-dr-giorgini","16":"pa_sku-558","17":"pa_tipologia-polvere","19":"first","20":"instock","21":"sale","22":"taxable","23":"shipping-taxable","24":"purchasable","25":"product-type-simple"},"acf":[],"yoast_head":"<!-- This site is optimized with the Yoast SEO plugin v24.9 - https:\/\/yoast.com\/wordpress\/plugins\/seo\/ -->\n<title>Liquirvis polvere barattolo 100g per la regolarit\u00e0 del transito intestinale - Dottor Giorgini<\/title>\n<meta name=\"description\" content=\"Liquirizia per funzionalit\u00e0 del sistema digerente, senna per la regolarit\u00e0 del transito intestinale ed i fermenti per la flora batterica intestinale.\" \/>\n<meta name=\"robots\" content=\"index, follow, max-snippet:-1, max-image-preview:large, max-video-preview:-1\" \/>\n<link rel=\"canonical\" href=\"https:\/\/www.dottorgiorgini.it\/it\/prodotto\/liquirvis-polvere-barattolo-100g-per-la-regolarita-del-transito-intestinale\/\" \/>\n<meta property=\"og:locale\" content=\"it_IT\" \/>\n<meta property=\"og:type\" content=\"article\" \/>\n<meta property=\"og:title\" content=\"Liquirvis polvere barattolo 100g per la regolarit\u00e0 del transito intestinale - Dottor Giorgini\" \/>\n<meta property=\"og:description\" content=\"Liquirizia per funzionalit\u00e0 del sistema digerente, senna per la regolarit\u00e0 del transito intestinale ed i fermenti per la flora batterica intestinale.\" \/>\n<meta property=\"og:url\" content=\"https:\/\/www.dottorgiorgini.it\/it\/prodotto\/liquirvis-polvere-barattolo-100g-per-la-regolarita-del-transito-intestinale\/\" \/>\n<meta property=\"og:site_name\" content=\"Dottor Giorgini\" \/>\n<meta property=\"article:modified_time\" content=\"2026-01-30T11:11:20+00:00\" \/>\n<meta property=\"og:image\" content=\"https:\/\/www.dottorgiorgini.it\/wp-content\/uploads\/sites\/2\/2023\/01\/00008432.jpg\" \/>\n\t<meta property=\"og:image:width\" content=\"1200\" \/>\n\t<meta property=\"og:image:height\" content=\"1200\" \/>\n\t<meta property=\"og:image:type\" content=\"image\/jpeg\" \/>\n<meta name=\"twitter:card\" content=\"summary_large_image\" \/>\n<meta name=\"twitter:label1\" content=\"Tempo di lettura stimato\" \/>\n\t<meta name=\"twitter:data1\" content=\"1 minuto\" \/>\n<script type=\"application\/ld+json\" class=\"yoast-schema-graph\">{\"@context\":\"https:\/\/schema.org\",\"@graph\":[{\"@type\":\"WebPage\",\"@id\":\"https:\/\/www.dottorgiorgini.it\/it\/prodotto\/liquirvis-polvere-barattolo-100g-per-la-regolarita-del-transito-intestinale\/\",\"url\":\"https:\/\/www.dottorgiorgini.it\/it\/prodotto\/liquirvis-polvere-barattolo-100g-per-la-regolarita-del-transito-intestinale\/\",\"name\":\"Liquirvis polvere barattolo 100g per la regolarit\u00e0 del transito intestinale - Dottor Giorgini\",\"isPartOf\":{\"@id\":\"https:\/\/www.dottorgiorgini.it\/en\/#website\"},\"primaryImageOfPage\":{\"@id\":\"https:\/\/www.dottorgiorgini.it\/it\/prodotto\/liquirvis-polvere-barattolo-100g-per-la-regolarita-del-transito-intestinale\/#primaryimage\"},\"image\":{\"@id\":\"https:\/\/www.dottorgiorgini.it\/it\/prodotto\/liquirvis-polvere-barattolo-100g-per-la-regolarita-del-transito-intestinale\/#primaryimage\"},\"thumbnailUrl\":\"https:\/\/www.dottorgiorgini.it\/wp-content\/uploads\/sites\/2\/2023\/01\/00008432.jpg\",\"datePublished\":\"2013-05-10T22:00:00+00:00\",\"dateModified\":\"2026-01-30T11:11:20+00:00\",\"description\":\"Liquirizia per funzionalit\u00e0 del sistema digerente, senna per la regolarit\u00e0 del transito intestinale ed i fermenti per la flora batterica intestinale.\",\"breadcrumb\":{\"@id\":\"https:\/\/www.dottorgiorgini.it\/it\/prodotto\/liquirvis-polvere-barattolo-100g-per-la-regolarita-del-transito-intestinale\/#breadcrumb\"},\"inLanguage\":\"it-IT\",\"potentialAction\":[{\"@type\":\"ReadAction\",\"target\":[\"https:\/\/www.dottorgiorgini.it\/it\/prodotto\/liquirvis-polvere-barattolo-100g-per-la-regolarita-del-transito-intestinale\/\"]}]},{\"@type\":\"ImageObject\",\"inLanguage\":\"it-IT\",\"@id\":\"https:\/\/www.dottorgiorgini.it\/it\/prodotto\/liquirvis-polvere-barattolo-100g-per-la-regolarita-del-transito-intestinale\/#primaryimage\",\"url\":\"https:\/\/www.dottorgiorgini.it\/wp-content\/uploads\/sites\/2\/2023\/01\/00008432.jpg\",\"contentUrl\":\"https:\/\/www.dottorgiorgini.it\/wp-content\/uploads\/sites\/2\/2023\/01\/00008432.jpg\",\"width\":1200,\"height\":1200},{\"@type\":\"BreadcrumbList\",\"@id\":\"https:\/\/www.dottorgiorgini.it\/it\/prodotto\/liquirvis-polvere-barattolo-100g-per-la-regolarita-del-transito-intestinale\/#breadcrumb\",\"itemListElement\":[{\"@type\":\"ListItem\",\"position\":1,\"name\":\"Home\",\"item\":\"https:\/\/www.dottorgiorgini.it\/it\/\"},{\"@type\":\"ListItem\",\"position\":2,\"name\":\"Shop\",\"item\":\"https:\/\/www.dottorgiorgini.it\/it\/negozio\/\"},{\"@type\":\"ListItem\",\"position\":3,\"name\":\"Liquirvis polvere barattolo 100g per la regolarit\u00e0 del transito intestinale\"}]},{\"@type\":\"WebSite\",\"@id\":\"https:\/\/www.dottorgiorgini.it\/en\/#website\",\"url\":\"https:\/\/www.dottorgiorgini.it\/en\/\",\"name\":\"Dottor Giorgini\",\"description\":\"Erbe e Integratori Naturali\",\"potentialAction\":[{\"@type\":\"SearchAction\",\"target\":{\"@type\":\"EntryPoint\",\"urlTemplate\":\"https:\/\/www.dottorgiorgini.it\/en\/?s={search_term_string}\"},\"query-input\":{\"@type\":\"PropertyValueSpecification\",\"valueRequired\":true,\"valueName\":\"search_term_string\"}}],\"inLanguage\":\"it-IT\"}]}<\/script>\n<!-- \/ Yoast SEO plugin. -->","yoast_head_json":{"title":"Liquirvis polvere barattolo 100g per la regolarit\u00e0 del transito intestinale - Dottor Giorgini","description":"Liquirizia per funzionalit\u00e0 del sistema digerente, senna per la regolarit\u00e0 del transito intestinale ed i fermenti per la flora batterica intestinale.","robots":{"index":"index","follow":"follow","max-snippet":"max-snippet:-1","max-image-preview":"max-image-preview:large","max-video-preview":"max-video-preview:-1"},"canonical":"https:\/\/www.dottorgiorgini.it\/it\/prodotto\/liquirvis-polvere-barattolo-100g-per-la-regolarita-del-transito-intestinale\/","og_locale":"it_IT","og_type":"article","og_title":"Liquirvis polvere barattolo 100g per la regolarit\u00e0 del transito intestinale - Dottor Giorgini","og_description":"Liquirizia per funzionalit\u00e0 del sistema digerente, senna per la regolarit\u00e0 del transito intestinale ed i fermenti per la flora batterica intestinale.","og_url":"https:\/\/www.dottorgiorgini.it\/it\/prodotto\/liquirvis-polvere-barattolo-100g-per-la-regolarita-del-transito-intestinale\/","og_site_name":"Dottor Giorgini","article_modified_time":"2026-01-30T11:11:20+00:00","og_image":[{"width":1200,"height":1200,"url":"https:\/\/www.dottorgiorgini.it\/wp-content\/uploads\/sites\/2\/2023\/01\/00008432.jpg","type":"image\/jpeg"}],"twitter_card":"summary_large_image","twitter_misc":{"Tempo di lettura stimato":"1 minuto"},"schema":{"@context":"https:\/\/schema.org","@graph":[{"@type":"WebPage","@id":"https:\/\/www.dottorgiorgini.it\/it\/prodotto\/liquirvis-polvere-barattolo-100g-per-la-regolarita-del-transito-intestinale\/","url":"https:\/\/www.dottorgiorgini.it\/it\/prodotto\/liquirvis-polvere-barattolo-100g-per-la-regolarita-del-transito-intestinale\/","name":"Liquirvis polvere barattolo 100g per la regolarit\u00e0 del transito intestinale - Dottor Giorgini","isPartOf":{"@id":"https:\/\/www.dottorgiorgini.it\/en\/#website"},"primaryImageOfPage":{"@id":"https:\/\/www.dottorgiorgini.it\/it\/prodotto\/liquirvis-polvere-barattolo-100g-per-la-regolarita-del-transito-intestinale\/#primaryimage"},"image":{"@id":"https:\/\/www.dottorgiorgini.it\/it\/prodotto\/liquirvis-polvere-barattolo-100g-per-la-regolarita-del-transito-intestinale\/#primaryimage"},"thumbnailUrl":"https:\/\/www.dottorgiorgini.it\/wp-content\/uploads\/sites\/2\/2023\/01\/00008432.jpg","datePublished":"2013-05-10T22:00:00+00:00","dateModified":"2026-01-30T11:11:20+00:00","description":"Liquirizia per funzionalit\u00e0 del sistema digerente, senna per la regolarit\u00e0 del transito intestinale ed i fermenti per la flora batterica intestinale.","breadcrumb":{"@id":"https:\/\/www.dottorgiorgini.it\/it\/prodotto\/liquirvis-polvere-barattolo-100g-per-la-regolarita-del-transito-intestinale\/#breadcrumb"},"inLanguage":"it-IT","potentialAction":[{"@type":"ReadAction","target":["https:\/\/www.dottorgiorgini.it\/it\/prodotto\/liquirvis-polvere-barattolo-100g-per-la-regolarita-del-transito-intestinale\/"]}]},{"@type":"ImageObject","inLanguage":"it-IT","@id":"https:\/\/www.dottorgiorgini.it\/it\/prodotto\/liquirvis-polvere-barattolo-100g-per-la-regolarita-del-transito-intestinale\/#primaryimage","url":"https:\/\/www.dottorgiorgini.it\/wp-content\/uploads\/sites\/2\/2023\/01\/00008432.jpg","contentUrl":"https:\/\/www.dottorgiorgini.it\/wp-content\/uploads\/sites\/2\/2023\/01\/00008432.jpg","width":1200,"height":1200},{"@type":"BreadcrumbList","@id":"https:\/\/www.dottorgiorgini.it\/it\/prodotto\/liquirvis-polvere-barattolo-100g-per-la-regolarita-del-transito-intestinale\/#breadcrumb","itemListElement":[{"@type":"ListItem","position":1,"name":"Home","item":"https:\/\/www.dottorgiorgini.it\/it\/"},{"@type":"ListItem","position":2,"name":"Shop","item":"https:\/\/www.dottorgiorgini.it\/it\/negozio\/"},{"@type":"ListItem","position":3,"name":"Liquirvis polvere barattolo 100g per la regolarit\u00e0 del transito intestinale"}]},{"@type":"WebSite","@id":"https:\/\/www.dottorgiorgini.it\/en\/#website","url":"https:\/\/www.dottorgiorgini.it\/en\/","name":"Dottor Giorgini","description":"Erbe e Integratori Naturali","potentialAction":[{"@type":"SearchAction","target":{"@type":"EntryPoint","urlTemplate":"https:\/\/www.dottorgiorgini.it\/en\/?s={search_term_string}"},"query-input":{"@type":"PropertyValueSpecification","valueRequired":true,"valueName":"search_term_string"}}],"inLanguage":"it-IT"}]}},"_links":{"self":[{"href":"https:\/\/www.dottorgiorgini.it\/it\/wp-json\/wp\/v2\/product\/7527","targetHints":{"allow":["GET"]}}],"collection":[{"href":"https:\/\/www.dottorgiorgini.it\/it\/wp-json\/wp\/v2\/product"}],"about":[{"href":"https:\/\/www.dottorgiorgini.it\/it\/wp-json\/wp\/v2\/types\/product"}],"wp:featuredmedia":[{"embeddable":true,"href":"https:\/\/www.dottorgiorgini.it\/it\/wp-json\/wp\/v2\/media\/14692"}],"wp:attachment":[{"href":"https:\/\/www.dottorgiorgini.it\/it\/wp-json\/wp\/v2\/media?parent=7527"}],"wp:term":[{"taxonomy":"product_brand","embeddable":true,"href":"https:\/\/www.dottorgiorgini.it\/it\/wp-json\/wp\/v2\/product_brand?post=7527"},{"taxonomy":"product_cat","embeddable":true,"href":"https:\/\/www.dottorgiorgini.it\/it\/wp-json\/wp\/v2\/product_cat?post=7527"},{"taxonomy":"product_tag","embeddable":true,"href":"https:\/\/www.dottorgiorgini.it\/it\/wp-json\/wp\/v2\/product_tag?post=7527"},{"taxonomy":"giftcard-category","embeddable":true,"href":"https:\/\/www.dottorgiorgini.it\/it\/wp-json\/wp\/v2\/giftcard-category?post=7527"}],"curies":[{"name":"wp","href":"https:\/\/api.w.org\/{rel}","templated":true}]}}