{"id":7544,"date":"2013-05-11T02:00:00","date_gmt":"2013-05-11T00:00:00","guid":{"rendered":"http:\/\/www.dottorgiorgini.it\/prodotto\/dr-giorgini-zolfo-dantimonio-ml-10\/"},"modified":"2026-01-30T12:11:18","modified_gmt":"2026-01-30T11:11:18","slug":"zolfo-dantimonio-10ml-antica-e-speciale-preparazione-con-alcol-purificato-metodo-dr-giorgini","status":"publish","type":"product","link":"https:\/\/www.dottorgiorgini.it\/it\/prodotto\/zolfo-dantimonio-10ml-antica-e-speciale-preparazione-con-alcol-purificato-metodo-dr-giorgini\/","title":{"rendered":"Zolfo d&#8217;antimonio\u00a010ml antica e speciale preparazione con alcol purificato metodo dr. Giorgini"},"content":{"rendered":"<p><strong>Zolfo D&#8217;Antimonio 10ml &#8211; dr. Giorgini<\/strong><\/p>\n<p><strong>Consigli d&#8217;uso<\/strong><\/p>\n<p>Si consiglia l\u2019assunzione di 5-7 gocce diluite in acqua o in un bicchierino di vino liquoroso (passito, malvasia, marsala, porto&#8230;), una o due volte al giorno in qualunque momento.<\/p>\n<p><strong>Caratteristiche<\/strong><\/p>\n<p><span class=\"Standard&quot;\">Si tratta di una antica preparazione che richiede molto cura e impiega molto tempo.<\/span><\/p>\n<p><span class=\"Standard&quot;\">Va preparato, prima di tutto l\u2019aceto radicale, che richiede lunghe lavorazioni.<\/span><\/p>\n<p><span class=\"Standard&quot;\">Sulla polvere finissima di stibina purificata (trisolfuro di antimonio), si versa l\u2019aceto radicale e si lascia finch\u00e8 si tinge di rosso intenso.<\/span><\/p>\n<p><span class=\"Standard&quot;\">Si ripete con altro aceto finch\u00e8 non si tinge pi\u00f9.<\/span><\/p>\n<p><span class=\"Standard&quot;\">Dalle tinture riunite viene ritirato l\u2019aceto e il residuo lavato pi\u00f9 volte con acqua distillata per togliere tutto l\u2019acre dell\u2019aceto.<\/span><\/p>\n<p><span class=\"Standard&quot;\">Finalmente questo estratto, di colore rosso sangue, viene sciolto in alcool concentrato per essere proposto al consumo.<\/span><\/p>\n<p><span class=\"Standard&quot;\">Con la parola \u201czolfo\u201d gli Antichi non intendevono quello comune, ma un \u201cprincipio\u201d della Natura.<\/span><\/p>\n<p><span class=\"Standard&quot;\">Come da una pianta aromatica si estrae una piccola quantit\u00e0 di olio essenziale, cos\u00ec da un minerale \u00e8 possibile estrarre una piccola quantit\u00e0 di olio rosso.<\/span><\/p>\n<p><span class=\"Standard&quot;\">Non si tratta, quindi, di una dissoluzione, ma di una estrazione minerale.<\/span>&#8221;<\/p>\n<p><strong>Ingredienti<\/strong><\/p>\n<p>Alcool etilico (Alcoolvis\u00ae= alcool purificato col metodo inventato dal Dr. Giorgini), estratto acetico lavato di stibina (Trisolfuro di antimonio).<\/p>\n<p>Grado alcolico\u00a095%<\/p>\n<p>Contagocce incluso nella confezione.<\/p>\n<p><strong>Avvertenze<\/strong><\/p>\n<p>Attenzione, infiammabile.: conservare al riparo da fonti di calore, fiamme o sigarette ed evitare il contatto con gli occhi.<\/p>\n","protected":false},"excerpt":{"rendered":"<p>Zolfo D&#8217;Antimonio 10ml &#8211; dr. Giorgini Consigli d&#8217;uso Si consiglia l\u2019assunzione di 5-7 gocce diluite in acqua o in un bicchierino di vino liquoroso (passito, malvasia, marsala, porto&#8230;), una o due volte al giorno in qualunque momento. Caratteristiche Si tratta di una antica preparazione che&#8230;<\/p>\n","protected":false},"featured_media":17739,"template":"","meta":{"_acf_changed":false},"product_brand":[],"product_cat":[2022],"product_tag":[1405,41,42,3033],"giftcard-category":[],"class_list":{"0":"post-7544","1":"product","2":"type-product","3":"status-publish","4":"has-post-thumbnail","6":"product_cat-linea-oro","7":"product_tag-dantimonio","8":"product_tag-dr","9":"product_tag-giorgini","10":"product_tag-zolfo-2","11":"pa_avvertenze-attenzione-infiammabile-conservare-al-riparo-da-fonti-di-calore-fiamme-o-sigarette-ed-evitare-il-contatto-con-gli-occhi","12":"pa_formato-10-ml","13":"pa_ingredienti-alcool-etilico-di-vino-alcoolvis-reg-estratto-acetico-lavato-di-stibina-trisolfuro-di-antimonio-alcoolvis-reg-alcool-purificato-col-metodo-inventato-dal-dr-giorgini-anidro-vol-95-lic-utif-it00fix00031","14":"pa_linea-linea-oro","15":"pa_marca-dr-giorgini","16":"pa_note-del-produttore-si-tratta-di-una-antica-preparazione-che-richiede-molto-tempo-va-preparato-prima-di-tutto-l-aceto-radicale-che-richiede-lunghe-lavorazioni-sulla-polvere-finissima-di-stibina-purificata-trisolfuro-di-a","17":"pa_sku-1406","18":"pa_tipologia-liquido-alcolico","20":"first","21":"instock","22":"sale","23":"taxable","24":"shipping-taxable","25":"purchasable","26":"product-type-simple"},"acf":[],"yoast_head":"<!-- This site is optimized with the Yoast SEO plugin v24.9 - https:\/\/yoast.com\/wordpress\/plugins\/seo\/ -->\n<title>Zolfo d&#039;antimonio\u00a010ml antica e speciale preparazione con alcol purificato metodo dr. Giorgini - Dottor Giorgini<\/title>\n<meta name=\"description\" content=\"Si tratta di una antica preparazione che richiede molto cura e impiega molto tempo ora nuovamente riproposta dal dr. Giorgini Martino\" \/>\n<meta name=\"robots\" content=\"index, follow, max-snippet:-1, max-image-preview:large, max-video-preview:-1\" \/>\n<link rel=\"canonical\" href=\"https:\/\/www.dottorgiorgini.it\/it\/prodotto\/zolfo-dantimonio-10ml-antica-e-speciale-preparazione-con-alcol-purificato-metodo-dr-giorgini\/\" \/>\n<meta property=\"og:locale\" content=\"it_IT\" \/>\n<meta property=\"og:type\" content=\"article\" \/>\n<meta property=\"og:title\" content=\"Zolfo d&#039;antimonio\u00a010ml antica e speciale preparazione con alcol purificato metodo dr. Giorgini - Dottor Giorgini\" \/>\n<meta property=\"og:description\" content=\"Si tratta di una antica preparazione che richiede molto cura e impiega molto tempo ora nuovamente riproposta dal dr. Giorgini Martino\" \/>\n<meta property=\"og:url\" content=\"https:\/\/www.dottorgiorgini.it\/it\/prodotto\/zolfo-dantimonio-10ml-antica-e-speciale-preparazione-con-alcol-purificato-metodo-dr-giorgini\/\" \/>\n<meta property=\"og:site_name\" content=\"Dottor Giorgini\" \/>\n<meta property=\"article:modified_time\" content=\"2026-01-30T11:11:18+00:00\" \/>\n<meta property=\"og:image\" content=\"https:\/\/www.dottorgiorgini.it\/wp-content\/uploads\/sites\/2\/2013\/05\/00007122-zoldo-d-antimonio-erboristerie-com-dottorgiorgini-it.jpg\" \/>\n\t<meta property=\"og:image:width\" content=\"900\" \/>\n\t<meta property=\"og:image:height\" content=\"900\" \/>\n\t<meta property=\"og:image:type\" content=\"image\/jpeg\" \/>\n<meta name=\"twitter:card\" content=\"summary_large_image\" \/>\n<meta name=\"twitter:label1\" content=\"Tempo di lettura stimato\" \/>\n\t<meta name=\"twitter:data1\" content=\"2 minuti\" \/>\n<script type=\"application\/ld+json\" class=\"yoast-schema-graph\">{\"@context\":\"https:\/\/schema.org\",\"@graph\":[{\"@type\":\"WebPage\",\"@id\":\"https:\/\/www.dottorgiorgini.it\/it\/prodotto\/zolfo-dantimonio-10ml-antica-e-speciale-preparazione-con-alcol-purificato-metodo-dr-giorgini\/\",\"url\":\"https:\/\/www.dottorgiorgini.it\/it\/prodotto\/zolfo-dantimonio-10ml-antica-e-speciale-preparazione-con-alcol-purificato-metodo-dr-giorgini\/\",\"name\":\"Zolfo d'antimonio\u00a010ml antica e speciale preparazione con alcol purificato metodo dr. Giorgini - Dottor Giorgini\",\"isPartOf\":{\"@id\":\"https:\/\/www.dottorgiorgini.it\/en\/#website\"},\"primaryImageOfPage\":{\"@id\":\"https:\/\/www.dottorgiorgini.it\/it\/prodotto\/zolfo-dantimonio-10ml-antica-e-speciale-preparazione-con-alcol-purificato-metodo-dr-giorgini\/#primaryimage\"},\"image\":{\"@id\":\"https:\/\/www.dottorgiorgini.it\/it\/prodotto\/zolfo-dantimonio-10ml-antica-e-speciale-preparazione-con-alcol-purificato-metodo-dr-giorgini\/#primaryimage\"},\"thumbnailUrl\":\"https:\/\/www.dottorgiorgini.it\/wp-content\/uploads\/sites\/2\/2024\/05\/00007122-zoldo-d-antimonio-erboristerie-com-dottorgiorgini-it.jpg\",\"datePublished\":\"2013-05-11T00:00:00+00:00\",\"dateModified\":\"2026-01-30T11:11:18+00:00\",\"description\":\"Si tratta di una antica preparazione che richiede molto cura e impiega molto tempo ora nuovamente riproposta dal dr. Giorgini Martino\",\"breadcrumb\":{\"@id\":\"https:\/\/www.dottorgiorgini.it\/it\/prodotto\/zolfo-dantimonio-10ml-antica-e-speciale-preparazione-con-alcol-purificato-metodo-dr-giorgini\/#breadcrumb\"},\"inLanguage\":\"it-IT\",\"potentialAction\":[{\"@type\":\"ReadAction\",\"target\":[\"https:\/\/www.dottorgiorgini.it\/it\/prodotto\/zolfo-dantimonio-10ml-antica-e-speciale-preparazione-con-alcol-purificato-metodo-dr-giorgini\/\"]}]},{\"@type\":\"ImageObject\",\"inLanguage\":\"it-IT\",\"@id\":\"https:\/\/www.dottorgiorgini.it\/it\/prodotto\/zolfo-dantimonio-10ml-antica-e-speciale-preparazione-con-alcol-purificato-metodo-dr-giorgini\/#primaryimage\",\"url\":\"https:\/\/www.dottorgiorgini.it\/wp-content\/uploads\/sites\/2\/2024\/05\/00007122-zoldo-d-antimonio-erboristerie-com-dottorgiorgini-it.jpg\",\"contentUrl\":\"https:\/\/www.dottorgiorgini.it\/wp-content\/uploads\/sites\/2\/2024\/05\/00007122-zoldo-d-antimonio-erboristerie-com-dottorgiorgini-it.jpg\",\"width\":900,\"height\":900},{\"@type\":\"BreadcrumbList\",\"@id\":\"https:\/\/www.dottorgiorgini.it\/it\/prodotto\/zolfo-dantimonio-10ml-antica-e-speciale-preparazione-con-alcol-purificato-metodo-dr-giorgini\/#breadcrumb\",\"itemListElement\":[{\"@type\":\"ListItem\",\"position\":1,\"name\":\"Home\",\"item\":\"https:\/\/www.dottorgiorgini.it\/it\/\"},{\"@type\":\"ListItem\",\"position\":2,\"name\":\"Shop\",\"item\":\"https:\/\/www.dottorgiorgini.it\/it\/negozio\/\"},{\"@type\":\"ListItem\",\"position\":3,\"name\":\"Zolfo d&#8217;antimonio\u00a010ml antica e speciale preparazione con alcol purificato metodo dr. Giorgini\"}]},{\"@type\":\"WebSite\",\"@id\":\"https:\/\/www.dottorgiorgini.it\/en\/#website\",\"url\":\"https:\/\/www.dottorgiorgini.it\/en\/\",\"name\":\"Dottor Giorgini\",\"description\":\"Erbe e Integratori Naturali\",\"potentialAction\":[{\"@type\":\"SearchAction\",\"target\":{\"@type\":\"EntryPoint\",\"urlTemplate\":\"https:\/\/www.dottorgiorgini.it\/en\/?s={search_term_string}\"},\"query-input\":{\"@type\":\"PropertyValueSpecification\",\"valueRequired\":true,\"valueName\":\"search_term_string\"}}],\"inLanguage\":\"it-IT\"}]}<\/script>\n<!-- \/ Yoast SEO plugin. -->","yoast_head_json":{"title":"Zolfo d'antimonio\u00a010ml antica e speciale preparazione con alcol purificato metodo dr. Giorgini - Dottor Giorgini","description":"Si tratta di una antica preparazione che richiede molto cura e impiega molto tempo ora nuovamente riproposta dal dr. Giorgini Martino","robots":{"index":"index","follow":"follow","max-snippet":"max-snippet:-1","max-image-preview":"max-image-preview:large","max-video-preview":"max-video-preview:-1"},"canonical":"https:\/\/www.dottorgiorgini.it\/it\/prodotto\/zolfo-dantimonio-10ml-antica-e-speciale-preparazione-con-alcol-purificato-metodo-dr-giorgini\/","og_locale":"it_IT","og_type":"article","og_title":"Zolfo d'antimonio\u00a010ml antica e speciale preparazione con alcol purificato metodo dr. Giorgini - Dottor Giorgini","og_description":"Si tratta di una antica preparazione che richiede molto cura e impiega molto tempo ora nuovamente riproposta dal dr. Giorgini Martino","og_url":"https:\/\/www.dottorgiorgini.it\/it\/prodotto\/zolfo-dantimonio-10ml-antica-e-speciale-preparazione-con-alcol-purificato-metodo-dr-giorgini\/","og_site_name":"Dottor Giorgini","article_modified_time":"2026-01-30T11:11:18+00:00","og_image":[{"width":900,"height":900,"url":"https:\/\/www.dottorgiorgini.it\/wp-content\/uploads\/sites\/2\/2013\/05\/00007122-zoldo-d-antimonio-erboristerie-com-dottorgiorgini-it.jpg","type":"image\/jpeg"}],"twitter_card":"summary_large_image","twitter_misc":{"Tempo di lettura stimato":"2 minuti"},"schema":{"@context":"https:\/\/schema.org","@graph":[{"@type":"WebPage","@id":"https:\/\/www.dottorgiorgini.it\/it\/prodotto\/zolfo-dantimonio-10ml-antica-e-speciale-preparazione-con-alcol-purificato-metodo-dr-giorgini\/","url":"https:\/\/www.dottorgiorgini.it\/it\/prodotto\/zolfo-dantimonio-10ml-antica-e-speciale-preparazione-con-alcol-purificato-metodo-dr-giorgini\/","name":"Zolfo d'antimonio\u00a010ml antica e speciale preparazione con alcol purificato metodo dr. Giorgini - Dottor Giorgini","isPartOf":{"@id":"https:\/\/www.dottorgiorgini.it\/en\/#website"},"primaryImageOfPage":{"@id":"https:\/\/www.dottorgiorgini.it\/it\/prodotto\/zolfo-dantimonio-10ml-antica-e-speciale-preparazione-con-alcol-purificato-metodo-dr-giorgini\/#primaryimage"},"image":{"@id":"https:\/\/www.dottorgiorgini.it\/it\/prodotto\/zolfo-dantimonio-10ml-antica-e-speciale-preparazione-con-alcol-purificato-metodo-dr-giorgini\/#primaryimage"},"thumbnailUrl":"https:\/\/www.dottorgiorgini.it\/wp-content\/uploads\/sites\/2\/2024\/05\/00007122-zoldo-d-antimonio-erboristerie-com-dottorgiorgini-it.jpg","datePublished":"2013-05-11T00:00:00+00:00","dateModified":"2026-01-30T11:11:18+00:00","description":"Si tratta di una antica preparazione che richiede molto cura e impiega molto tempo ora nuovamente riproposta dal dr. Giorgini Martino","breadcrumb":{"@id":"https:\/\/www.dottorgiorgini.it\/it\/prodotto\/zolfo-dantimonio-10ml-antica-e-speciale-preparazione-con-alcol-purificato-metodo-dr-giorgini\/#breadcrumb"},"inLanguage":"it-IT","potentialAction":[{"@type":"ReadAction","target":["https:\/\/www.dottorgiorgini.it\/it\/prodotto\/zolfo-dantimonio-10ml-antica-e-speciale-preparazione-con-alcol-purificato-metodo-dr-giorgini\/"]}]},{"@type":"ImageObject","inLanguage":"it-IT","@id":"https:\/\/www.dottorgiorgini.it\/it\/prodotto\/zolfo-dantimonio-10ml-antica-e-speciale-preparazione-con-alcol-purificato-metodo-dr-giorgini\/#primaryimage","url":"https:\/\/www.dottorgiorgini.it\/wp-content\/uploads\/sites\/2\/2024\/05\/00007122-zoldo-d-antimonio-erboristerie-com-dottorgiorgini-it.jpg","contentUrl":"https:\/\/www.dottorgiorgini.it\/wp-content\/uploads\/sites\/2\/2024\/05\/00007122-zoldo-d-antimonio-erboristerie-com-dottorgiorgini-it.jpg","width":900,"height":900},{"@type":"BreadcrumbList","@id":"https:\/\/www.dottorgiorgini.it\/it\/prodotto\/zolfo-dantimonio-10ml-antica-e-speciale-preparazione-con-alcol-purificato-metodo-dr-giorgini\/#breadcrumb","itemListElement":[{"@type":"ListItem","position":1,"name":"Home","item":"https:\/\/www.dottorgiorgini.it\/it\/"},{"@type":"ListItem","position":2,"name":"Shop","item":"https:\/\/www.dottorgiorgini.it\/it\/negozio\/"},{"@type":"ListItem","position":3,"name":"Zolfo d&#8217;antimonio\u00a010ml antica e speciale preparazione con alcol purificato metodo dr. Giorgini"}]},{"@type":"WebSite","@id":"https:\/\/www.dottorgiorgini.it\/en\/#website","url":"https:\/\/www.dottorgiorgini.it\/en\/","name":"Dottor Giorgini","description":"Erbe e Integratori Naturali","potentialAction":[{"@type":"SearchAction","target":{"@type":"EntryPoint","urlTemplate":"https:\/\/www.dottorgiorgini.it\/en\/?s={search_term_string}"},"query-input":{"@type":"PropertyValueSpecification","valueRequired":true,"valueName":"search_term_string"}}],"inLanguage":"it-IT"}]}},"_links":{"self":[{"href":"https:\/\/www.dottorgiorgini.it\/it\/wp-json\/wp\/v2\/product\/7544","targetHints":{"allow":["GET"]}}],"collection":[{"href":"https:\/\/www.dottorgiorgini.it\/it\/wp-json\/wp\/v2\/product"}],"about":[{"href":"https:\/\/www.dottorgiorgini.it\/it\/wp-json\/wp\/v2\/types\/product"}],"wp:featuredmedia":[{"embeddable":true,"href":"https:\/\/www.dottorgiorgini.it\/it\/wp-json\/wp\/v2\/media\/17739"}],"wp:attachment":[{"href":"https:\/\/www.dottorgiorgini.it\/it\/wp-json\/wp\/v2\/media?parent=7544"}],"wp:term":[{"taxonomy":"product_brand","embeddable":true,"href":"https:\/\/www.dottorgiorgini.it\/it\/wp-json\/wp\/v2\/product_brand?post=7544"},{"taxonomy":"product_cat","embeddable":true,"href":"https:\/\/www.dottorgiorgini.it\/it\/wp-json\/wp\/v2\/product_cat?post=7544"},{"taxonomy":"product_tag","embeddable":true,"href":"https:\/\/www.dottorgiorgini.it\/it\/wp-json\/wp\/v2\/product_tag?post=7544"},{"taxonomy":"giftcard-category","embeddable":true,"href":"https:\/\/www.dottorgiorgini.it\/it\/wp-json\/wp\/v2\/giftcard-category?post=7544"}],"curies":[{"name":"wp","href":"https:\/\/api.w.org\/{rel}","templated":true}]}}