{"id":7636,"date":"2019-04-10T15:10:21","date_gmt":"2019-04-10T13:10:21","guid":{"rendered":"http:\/\/www.dottorgiorgini.it\/prodotto\/olmaria-estratto-integrale-200ml\/"},"modified":"2025-08-30T09:58:39","modified_gmt":"2025-08-30T07:58:39","slug":"olmaria-estratto-integrale-analcoolico-200ml-dr-giorgini","status":"publish","type":"product","link":"https:\/\/www.dottorgiorgini.it\/it\/prodotto\/olmaria-estratto-integrale-analcoolico-200ml-dr-giorgini\/","title":{"rendered":"Olmaria Estratto Integrale analcoolico 200ml dr. Giorgini"},"content":{"rendered":"<p><strong>Olmaria Estratto Integrale analcoolico 200ml dr. Giorgini<\/strong><\/p>\n<p>L\u2019<strong>Olmaria o Spirea ulmaria (Filipendula ulmaria, sommit\u00e0 fiorite)<\/strong> favorisce il drenaggio dei liquidi corporei e la funzionalit\u00e0 delle vie urinarie, promuove la regolarit\u00e0 del processo di sudorazione, coadiuva la funzionalit\u00e0 articolare e aiuta a sostenere la funzione digestiva.<\/p>\n<p><strong>Consigli d&#8217;uso<\/strong><\/p>\n<p>Si consiglia l\u2019assunzione di 1 misurino (10 ml) diluito in acqua calda o fredda, una o due volte al giorno in qualunque momento (da 10 a 20 ml al giorno); mescolare e dolcificare a piacere.<\/p>\n<p>Se desiderato, la dose giornaliera pu\u00f2 essere diluita in una bottiglia d\u2019acqua da consumare nell\u2019arco della giornata.<\/p>\n<p>Agitare prima dell\u2019uso.<\/p>\n<p>Misurino graduato incluso nella confezione.<\/p>\n<p><strong>Ingredienti<\/strong><\/p>\n<p>Glicerina vegetale bidistillata, acqua pura, olmaria o regina dei prati (Filipendula ulmaria) sommit\u00e0 fiorite.<\/p>\n","protected":false},"excerpt":{"rendered":"<p>Olmaria Estratto Integrale analcoolico 200ml dr. Giorgini L\u2019Olmaria o Spirea ulmaria (Filipendula ulmaria, sommit\u00e0 fiorite) favorisce il drenaggio dei liquidi corporei e la funzionalit\u00e0 delle vie urinarie, promuove la regolarit\u00e0 del processo di sudorazione, coadiuva la funzionalit\u00e0 articolare e aiuta a sostenere la funzione digestiva&#8230;.<\/p>\n","protected":false},"featured_media":12647,"template":"","meta":{"_acf_changed":false},"product_brand":[],"product_cat":[2148,2942,2150],"product_tag":[139],"giftcard-category":[],"class_list":{"0":"post-7636","1":"product","2":"type-product","3":"status-publish","4":"has-post-thumbnail","6":"product_cat-drenanti-e-diuretici","7":"product_cat-dr-apparato-urinario","8":"product_cat-estratti-integrali","9":"product_tag-aloe-4","10":"pa_formato-200-ml","11":"pa_linea-estratti-integrali","12":"pa_marca-dr-giorgini","13":"pa_sku-146","14":"pa_tipologia-liquido-analcolico","16":"first","17":"instock","18":"sale","19":"taxable","20":"shipping-taxable","21":"purchasable","22":"product-type-simple"},"acf":[],"yoast_head":"<!-- This site is optimized with the Yoast SEO plugin v24.9 - https:\/\/yoast.com\/wordpress\/plugins\/seo\/ -->\n<title>Olmaria Estratto Integrale analcoolico 200ml dr. Giorgini - Dottor Giorgini<\/title>\n<meta name=\"description\" content=\"L&#039;olmaria favorisce il drenaggio dei liquidi corporei e la funzionalit? delle vie urinarie, promuove la regolarit? del processo di sudorazione,\" \/>\n<meta name=\"robots\" content=\"index, follow, max-snippet:-1, max-image-preview:large, max-video-preview:-1\" \/>\n<link rel=\"canonical\" href=\"https:\/\/www.dottorgiorgini.it\/it\/prodotto\/olmaria-estratto-integrale-analcoolico-200ml-dr-giorgini\/\" \/>\n<meta property=\"og:locale\" content=\"it_IT\" \/>\n<meta property=\"og:type\" content=\"article\" \/>\n<meta property=\"og:title\" content=\"Olmaria Estratto Integrale analcoolico 200ml dr. Giorgini - Dottor Giorgini\" \/>\n<meta property=\"og:description\" content=\"L&#039;olmaria favorisce il drenaggio dei liquidi corporei e la funzionalit? delle vie urinarie, promuove la regolarit? del processo di sudorazione,\" \/>\n<meta property=\"og:url\" content=\"https:\/\/www.dottorgiorgini.it\/it\/prodotto\/olmaria-estratto-integrale-analcoolico-200ml-dr-giorgini\/\" \/>\n<meta property=\"og:site_name\" content=\"Dottor Giorgini\" \/>\n<meta property=\"article:modified_time\" content=\"2025-08-30T07:58:39+00:00\" \/>\n<meta property=\"og:image\" content=\"https:\/\/www.dottorgiorgini.it\/wp-content\/uploads\/sites\/2\/2021\/01\/00009309-2.jpg\" \/>\n\t<meta property=\"og:image:width\" content=\"543\" \/>\n\t<meta property=\"og:image:height\" content=\"581\" \/>\n\t<meta property=\"og:image:type\" content=\"image\/jpeg\" \/>\n<meta name=\"twitter:card\" content=\"summary_large_image\" \/>\n<meta name=\"twitter:label1\" content=\"Tempo di lettura stimato\" \/>\n\t<meta name=\"twitter:data1\" content=\"1 minuto\" \/>\n<script type=\"application\/ld+json\" class=\"yoast-schema-graph\">{\"@context\":\"https:\/\/schema.org\",\"@graph\":[{\"@type\":\"WebPage\",\"@id\":\"https:\/\/www.dottorgiorgini.it\/it\/prodotto\/olmaria-estratto-integrale-analcoolico-200ml-dr-giorgini\/\",\"url\":\"https:\/\/www.dottorgiorgini.it\/it\/prodotto\/olmaria-estratto-integrale-analcoolico-200ml-dr-giorgini\/\",\"name\":\"Olmaria Estratto Integrale analcoolico 200ml dr. Giorgini - Dottor Giorgini\",\"isPartOf\":{\"@id\":\"https:\/\/www.dottorgiorgini.it\/en\/#website\"},\"primaryImageOfPage\":{\"@id\":\"https:\/\/www.dottorgiorgini.it\/it\/prodotto\/olmaria-estratto-integrale-analcoolico-200ml-dr-giorgini\/#primaryimage\"},\"image\":{\"@id\":\"https:\/\/www.dottorgiorgini.it\/it\/prodotto\/olmaria-estratto-integrale-analcoolico-200ml-dr-giorgini\/#primaryimage\"},\"thumbnailUrl\":\"https:\/\/www.dottorgiorgini.it\/wp-content\/uploads\/sites\/2\/2021\/01\/00009309-2.jpg\",\"datePublished\":\"2019-04-10T13:10:21+00:00\",\"dateModified\":\"2025-08-30T07:58:39+00:00\",\"description\":\"L'olmaria favorisce il drenaggio dei liquidi corporei e la funzionalit? delle vie urinarie, promuove la regolarit? del processo di sudorazione,\",\"breadcrumb\":{\"@id\":\"https:\/\/www.dottorgiorgini.it\/it\/prodotto\/olmaria-estratto-integrale-analcoolico-200ml-dr-giorgini\/#breadcrumb\"},\"inLanguage\":\"it-IT\",\"potentialAction\":[{\"@type\":\"ReadAction\",\"target\":[\"https:\/\/www.dottorgiorgini.it\/it\/prodotto\/olmaria-estratto-integrale-analcoolico-200ml-dr-giorgini\/\"]}]},{\"@type\":\"ImageObject\",\"inLanguage\":\"it-IT\",\"@id\":\"https:\/\/www.dottorgiorgini.it\/it\/prodotto\/olmaria-estratto-integrale-analcoolico-200ml-dr-giorgini\/#primaryimage\",\"url\":\"https:\/\/www.dottorgiorgini.it\/wp-content\/uploads\/sites\/2\/2021\/01\/00009309-2.jpg\",\"contentUrl\":\"https:\/\/www.dottorgiorgini.it\/wp-content\/uploads\/sites\/2\/2021\/01\/00009309-2.jpg\",\"width\":543,\"height\":581},{\"@type\":\"BreadcrumbList\",\"@id\":\"https:\/\/www.dottorgiorgini.it\/it\/prodotto\/olmaria-estratto-integrale-analcoolico-200ml-dr-giorgini\/#breadcrumb\",\"itemListElement\":[{\"@type\":\"ListItem\",\"position\":1,\"name\":\"Home\",\"item\":\"https:\/\/www.dottorgiorgini.it\/it\/\"},{\"@type\":\"ListItem\",\"position\":2,\"name\":\"Shop\",\"item\":\"https:\/\/www.dottorgiorgini.it\/it\/negozio\/\"},{\"@type\":\"ListItem\",\"position\":3,\"name\":\"Olmaria Estratto Integrale analcoolico 200ml dr. Giorgini\"}]},{\"@type\":\"WebSite\",\"@id\":\"https:\/\/www.dottorgiorgini.it\/en\/#website\",\"url\":\"https:\/\/www.dottorgiorgini.it\/en\/\",\"name\":\"Dottor Giorgini\",\"description\":\"Erbe e Integratori Naturali\",\"potentialAction\":[{\"@type\":\"SearchAction\",\"target\":{\"@type\":\"EntryPoint\",\"urlTemplate\":\"https:\/\/www.dottorgiorgini.it\/en\/?s={search_term_string}\"},\"query-input\":{\"@type\":\"PropertyValueSpecification\",\"valueRequired\":true,\"valueName\":\"search_term_string\"}}],\"inLanguage\":\"it-IT\"}]}<\/script>\n<!-- \/ Yoast SEO plugin. -->","yoast_head_json":{"title":"Olmaria Estratto Integrale analcoolico 200ml dr. Giorgini - Dottor Giorgini","description":"L'olmaria favorisce il drenaggio dei liquidi corporei e la funzionalit? delle vie urinarie, promuove la regolarit? del processo di sudorazione,","robots":{"index":"index","follow":"follow","max-snippet":"max-snippet:-1","max-image-preview":"max-image-preview:large","max-video-preview":"max-video-preview:-1"},"canonical":"https:\/\/www.dottorgiorgini.it\/it\/prodotto\/olmaria-estratto-integrale-analcoolico-200ml-dr-giorgini\/","og_locale":"it_IT","og_type":"article","og_title":"Olmaria Estratto Integrale analcoolico 200ml dr. Giorgini - Dottor Giorgini","og_description":"L'olmaria favorisce il drenaggio dei liquidi corporei e la funzionalit? delle vie urinarie, promuove la regolarit? del processo di sudorazione,","og_url":"https:\/\/www.dottorgiorgini.it\/it\/prodotto\/olmaria-estratto-integrale-analcoolico-200ml-dr-giorgini\/","og_site_name":"Dottor Giorgini","article_modified_time":"2025-08-30T07:58:39+00:00","og_image":[{"width":543,"height":581,"url":"https:\/\/www.dottorgiorgini.it\/wp-content\/uploads\/sites\/2\/2021\/01\/00009309-2.jpg","type":"image\/jpeg"}],"twitter_card":"summary_large_image","twitter_misc":{"Tempo di lettura stimato":"1 minuto"},"schema":{"@context":"https:\/\/schema.org","@graph":[{"@type":"WebPage","@id":"https:\/\/www.dottorgiorgini.it\/it\/prodotto\/olmaria-estratto-integrale-analcoolico-200ml-dr-giorgini\/","url":"https:\/\/www.dottorgiorgini.it\/it\/prodotto\/olmaria-estratto-integrale-analcoolico-200ml-dr-giorgini\/","name":"Olmaria Estratto Integrale analcoolico 200ml dr. Giorgini - Dottor Giorgini","isPartOf":{"@id":"https:\/\/www.dottorgiorgini.it\/en\/#website"},"primaryImageOfPage":{"@id":"https:\/\/www.dottorgiorgini.it\/it\/prodotto\/olmaria-estratto-integrale-analcoolico-200ml-dr-giorgini\/#primaryimage"},"image":{"@id":"https:\/\/www.dottorgiorgini.it\/it\/prodotto\/olmaria-estratto-integrale-analcoolico-200ml-dr-giorgini\/#primaryimage"},"thumbnailUrl":"https:\/\/www.dottorgiorgini.it\/wp-content\/uploads\/sites\/2\/2021\/01\/00009309-2.jpg","datePublished":"2019-04-10T13:10:21+00:00","dateModified":"2025-08-30T07:58:39+00:00","description":"L'olmaria favorisce il drenaggio dei liquidi corporei e la funzionalit? delle vie urinarie, promuove la regolarit? del processo di sudorazione,","breadcrumb":{"@id":"https:\/\/www.dottorgiorgini.it\/it\/prodotto\/olmaria-estratto-integrale-analcoolico-200ml-dr-giorgini\/#breadcrumb"},"inLanguage":"it-IT","potentialAction":[{"@type":"ReadAction","target":["https:\/\/www.dottorgiorgini.it\/it\/prodotto\/olmaria-estratto-integrale-analcoolico-200ml-dr-giorgini\/"]}]},{"@type":"ImageObject","inLanguage":"it-IT","@id":"https:\/\/www.dottorgiorgini.it\/it\/prodotto\/olmaria-estratto-integrale-analcoolico-200ml-dr-giorgini\/#primaryimage","url":"https:\/\/www.dottorgiorgini.it\/wp-content\/uploads\/sites\/2\/2021\/01\/00009309-2.jpg","contentUrl":"https:\/\/www.dottorgiorgini.it\/wp-content\/uploads\/sites\/2\/2021\/01\/00009309-2.jpg","width":543,"height":581},{"@type":"BreadcrumbList","@id":"https:\/\/www.dottorgiorgini.it\/it\/prodotto\/olmaria-estratto-integrale-analcoolico-200ml-dr-giorgini\/#breadcrumb","itemListElement":[{"@type":"ListItem","position":1,"name":"Home","item":"https:\/\/www.dottorgiorgini.it\/it\/"},{"@type":"ListItem","position":2,"name":"Shop","item":"https:\/\/www.dottorgiorgini.it\/it\/negozio\/"},{"@type":"ListItem","position":3,"name":"Olmaria Estratto Integrale analcoolico 200ml dr. Giorgini"}]},{"@type":"WebSite","@id":"https:\/\/www.dottorgiorgini.it\/en\/#website","url":"https:\/\/www.dottorgiorgini.it\/en\/","name":"Dottor Giorgini","description":"Erbe e Integratori Naturali","potentialAction":[{"@type":"SearchAction","target":{"@type":"EntryPoint","urlTemplate":"https:\/\/www.dottorgiorgini.it\/en\/?s={search_term_string}"},"query-input":{"@type":"PropertyValueSpecification","valueRequired":true,"valueName":"search_term_string"}}],"inLanguage":"it-IT"}]}},"_links":{"self":[{"href":"https:\/\/www.dottorgiorgini.it\/it\/wp-json\/wp\/v2\/product\/7636","targetHints":{"allow":["GET"]}}],"collection":[{"href":"https:\/\/www.dottorgiorgini.it\/it\/wp-json\/wp\/v2\/product"}],"about":[{"href":"https:\/\/www.dottorgiorgini.it\/it\/wp-json\/wp\/v2\/types\/product"}],"wp:featuredmedia":[{"embeddable":true,"href":"https:\/\/www.dottorgiorgini.it\/it\/wp-json\/wp\/v2\/media\/12647"}],"wp:attachment":[{"href":"https:\/\/www.dottorgiorgini.it\/it\/wp-json\/wp\/v2\/media?parent=7636"}],"wp:term":[{"taxonomy":"product_brand","embeddable":true,"href":"https:\/\/www.dottorgiorgini.it\/it\/wp-json\/wp\/v2\/product_brand?post=7636"},{"taxonomy":"product_cat","embeddable":true,"href":"https:\/\/www.dottorgiorgini.it\/it\/wp-json\/wp\/v2\/product_cat?post=7636"},{"taxonomy":"product_tag","embeddable":true,"href":"https:\/\/www.dottorgiorgini.it\/it\/wp-json\/wp\/v2\/product_tag?post=7636"},{"taxonomy":"giftcard-category","embeddable":true,"href":"https:\/\/www.dottorgiorgini.it\/it\/wp-json\/wp\/v2\/giftcard-category?post=7636"}],"curies":[{"name":"wp","href":"https:\/\/api.w.org\/{rel}","templated":true}]}}